{"id":10519,"date":"2022-10-11T14:51:42","date_gmt":"2022-10-11T14:51:42","guid":{"rendered":"https:\/\/www.quipux.com\/web\/?page_id=10519"},"modified":"2022-12-14T08:24:47","modified_gmt":"2022-12-14T13:24:47","slug":"our-origin","status":"publish","type":"page","link":"https:\/\/www.quipux.com\/web\/our-origin\/?lang=en","title":{"rendered":"Our Origin"},"content":{"rendered":"<section class=\"wpb-content-wrapper\"><p>[vc_row full_width=&#8221;stretch_row_content_no_spaces&#8221; type=&#8221;full_width_background&#8221; bg_image=&#8221;15316&#8243; parallax_bg=&#8221;true&#8221; bg_color=&#8221;rgba(0,0,0,0.58)&#8221; text_color=&#8221;light&#8221; top_padding=&#8221;250&#8243; bottom_padding=&#8221;250&#8243;][vc_column][\/vc_column][\/vc_row][vc_row top_padding=&#8221;70&#8243;][vc_column width=&#8221;2\/3&#8243;][vc_custom_heading text=&#8221;The Quipu&#8230;&#8221; font_container=&#8221;tag:div|font_size:60px|text_align:left|color:%23262236|line_height:60px&#8221; use_theme_fonts=&#8221;yes&#8221; el_class=&#8221;bold-custom-headings&#8221;][vc_empty_space height=&#8221;20px&#8221;][vc_column_text css=&#8221;.vc_custom_1667582726686{padding-top: 20px !important;}&#8221;]<\/p>\n<h1 style=\"font-weight: normal; text-align: left;\">Is an instrument used by the Incas.<\/h1>\n<p>[\/vc_column_text][vc_custom_heading text=&#8221;If we go further, we will find that the quipu can be considered as a three-dimensional notation system in which a set of ordered marks or traces, allows preserving and transferring a knowledge or fact throughout several generations; in this way, each knot, color and twist served in parallel to enrich the culture of more than 12 million inhabitants.&#8221; font_container=&#8221;tag:p|text_align:left&#8221; use_theme_fonts=&#8221;yes&#8221;][\/vc_column][vc_column width=&#8221;1\/3&#8243;][\/vc_column][\/vc_row][vc_row type=&#8221;full_width_content&#8221; text_color=&#8221;light&#8221; top_padding=&#8221;60&#8243; bottom_padding=&#8221;0&#8243;][vc_column width=&#8221;1\/2&#8243; css=&#8221;.vc_custom_1667503244388{padding-top: 70px !important;padding-bottom: 70px !important;}&#8221;][media image=&#8221;15317&#8243;][\/vc_column][vc_column width=&#8221;1\/2&#8243; column_padding=&#8221;15%&#8221; css=&#8221;.vc_custom_1665614793405{background-color: #262236 !important;}&#8221;][block_title style=&#8221;column_title&#8221; title=&#8221;Andean culture matrix element&#8221; second_title=&#8221;OUR ORIGIN&#8221;][\/block_title][vc_column_text]As a company whose operation is based on the collection of information and data, Quipux incorporates in its DNA the purpose of ancient Quipus \u2013 storing and transferring through elaborate instruments \u2013 to give its name to the organization.[\/vc_column_text][vc_column_text]It should be noted that the quipus were present throughout the Inca empire and in each city there was a person in charge,\u00a0<em>quipucamayoc<\/em>, of manufacturing them with a specific message so that in the destination city another person could interpret it and disseminate the information.[\/vc_column_text][vc_empty_space height=&#8221;30px&#8221;][\/vc_column][\/vc_row][vc_row class=&#8221;display-none-cel&#8221;][vc_column][\/vc_column][\/vc_row][vc_row top_padding=&#8221;70&#8243;][vc_column][vc_custom_heading text=&#8221;Trajectory&#8221; font_container=&#8221;tag:div|font_size:60px|text_align:left|color:%23262236|line_height:60px&#8221; use_theme_fonts=&#8221;yes&#8221; el_class=&#8221;bold-custom-headings&#8221;][vc_empty_space height=&#8221;20px&#8221;][vc_column_text]<\/p>\n<h1 style=\"font-weight: normal;\">Our history redefines simplicity and sustainability in cities<\/h1>\n<p>[\/vc_column_text][vc_row_inner css=&#8221;.vc_custom_1665161964085{padding-top: 20px !important;}&#8221;][vc_column_inner width=&#8221;1\/6&#8243;][\/vc_column_inner][vc_column_inner width=&#8221;5\/6&#8243;][vc_custom_heading text=&#8221;In more than 20 years, we have managed to be protagonists of change in cities through intelligent solutions that improve people\u2019s quality of life and enable a more sustainable and pleasant mobility. The north towards digital transformation continues to be visible throughout the years, due to our sense of adaptability, a committed team and the fact that we believe in challenging ourselves every day to continue doing what we love.&#8221; font_container=&#8221;tag:p|text_align:left&#8221; use_theme_fonts=&#8221;yes&#8221;][\/vc_column_inner][\/vc_row_inner][\/vc_column][\/vc_row][vc_row][vc_column]<!-- ========= Cool Timeline PRO 3.5 ========= --><div class=\"clt_preloader\"><img decoding=\"async\" alt=\"Preloader\" src=\"https:\/\/www.quipux.com\/web\/wp-content\/plugins\/cool-timeline-pro\/assets\/images\/preloader.gif\"><\/div><div  style=\"opacity:0\"\r\nclass=\"cool-timeline-horizontal white-timeline trayectory ht-design-3\"  \r\nid=\"ctl-horizontal-slider-6a04960650817\" \r\ndata-rtl=\"false\"\r\ndate-slider=\"ctl-h-slider-6a04960650817\" \r\ndata-nav=\"nav-slider-6a04960650817\" \r\ndata-items=\"4\" \r\ndata-start-on=\"0\" \r\ndata-autoplay=\"false\"\r\ndata-autoplay-speed=\"3000\">\r\n\r\n<div   class=\"timeline-wrapper white-timeline-wrapper hori-items-4\" ><div class=\"clt_carousel_slider\"  dir=\"\"><ul class=\"ctl_h_nav\" id=\"nav-slider-6a04960650817\"> <li class=\"ht-dates-design-3\" id=\"story-id-14362\" data-date=\"story-id-14362\"><span class=\"ctl-story-time selected\"  data-date=\"story-id-14362\" ><div class=\"ctl-tooltips\"><span>1998<\/span><\/div><\/span><\/li> <li class=\"ht-dates-design-3\" id=\"story-id-14361\" data-date=\"story-id-14361\"><span class=\"ctl-story-time \"  data-date=\"story-id-14361\" ><div class=\"ctl-tooltips\"><span>1999<\/span><\/div><\/span><\/li> <li class=\"ht-dates-design-3\" id=\"story-id-14360\" data-date=\"story-id-14360\"><span class=\"ctl-story-time \"  data-date=\"story-id-14360\" ><div class=\"ctl-tooltips\"><span>2003<\/span><\/div><\/span><\/li> <li class=\"ht-dates-design-3\" id=\"story-id-14359\" data-date=\"story-id-14359\"><span class=\"ctl-story-time \"  data-date=\"story-id-14359\" ><div class=\"ctl-tooltips\"><span>2004<\/span><\/div><\/span><\/li> <li class=\"ht-dates-design-3\" id=\"story-id-14358\" data-date=\"story-id-14358\"><span class=\"ctl-story-time \"  data-date=\"story-id-14358\" ><div class=\"ctl-tooltips\"><span>2008<\/span><\/div><\/span><\/li> <li class=\"ht-dates-design-3\" id=\"story-id-14357\" data-date=\"story-id-14357\"><span class=\"ctl-story-time \"  data-date=\"story-id-14357\" ><div class=\"ctl-tooltips\"><span>2010<\/span><\/div><\/span><\/li> <li class=\"ht-dates-design-3\" id=\"story-id-14356\" data-date=\"story-id-14356\"><span class=\"ctl-story-time \"  data-date=\"story-id-14356\" ><div class=\"ctl-tooltips\"><span>2012<\/span><\/div><\/span><\/li> <li class=\"ht-dates-design-3\" id=\"story-id-14355\" data-date=\"story-id-14355\"><span class=\"ctl-story-time \"  data-date=\"story-id-14355\" ><div class=\"ctl-tooltips\"><span>2016<\/span><\/div><\/span><\/li> <li class=\"ht-dates-design-3\" id=\"story-id-14353\" data-date=\"story-id-14353\"><span class=\"ctl-story-time \"  data-date=\"story-id-14353\" ><div class=\"ctl-tooltips\"><span>2018<\/span><\/div><\/span><\/li><\/ul><\/div><div  class=\"clt_caru_slider\"  dir=\"\"><ul class=\"ctl_h_slides\"  id=\"ctl-h-slider-6a04960650817\"><li id=\"story-id-14362-content\"  class=\"ht-design-3\"><div class=\"timeline-post light-grey-post ht-content-design-3\"><div class=\"ctl_info event-description full\"><div class=\"full-width\"><a title=\"Bogot\u00e1\"  href=\"https:\/\/www.quipux.com\/web\/wp-content\/uploads\/2021\/12\/timeline-BGTA-1.jpg\" class=\"ctl_prettyPhoto\"><img loading=\"lazy\" decoding=\"async\" width=\"500\" height=\"300\" src=\"https:\/\/www.quipux.com\/web\/wp-content\/uploads\/2021\/12\/timeline-BGTA-1.jpg\" class=\"story-img wp-post-image\" alt=\"Ciudad de Bogot\u00e1\" srcset=\"https:\/\/www.quipux.com\/web\/wp-content\/uploads\/2021\/12\/timeline-BGTA-1.jpg 500w, https:\/\/www.quipux.com\/web\/wp-content\/uploads\/2021\/12\/timeline-BGTA-1-300x180.jpg 300w\" sizes=\"auto, (max-width: 500px) 100vw, 500px\" \/><\/a><\/div><h2 class=\"content-title-simple\"><a target=\"_blank\" title=\"Bogot\u00e1\" href=\"https:\/\/www.quipux.com\/\">Bogot\u00e1<\/a><\/h2><div class=\"content-details\"><p style=\"text-align: left;\">We took on the challenge of responding to the systematization of processes in Bogota, the largest transit authority in Colombia.<\/p>\n<\/div><\/div><\/div><\/li><li id=\"story-id-14361-content\"  class=\"ht-design-3\"><div class=\"timeline-post light-grey-post ht-content-design-3\"><div class=\"ctl_info event-description full\"><div class=\"full-width\"><a title=\"Cali\"  href=\"https:\/\/www.quipux.com\/web\/wp-content\/uploads\/2021\/12\/timeline-Cali-1.jpg\" class=\"ctl_prettyPhoto\"><img loading=\"lazy\" decoding=\"async\" width=\"500\" height=\"300\" src=\"https:\/\/www.quipux.com\/web\/wp-content\/uploads\/2021\/12\/timeline-Cali-1.jpg\" class=\"story-img wp-post-image\" alt=\"Ciudad de Cali\" srcset=\"https:\/\/www.quipux.com\/web\/wp-content\/uploads\/2021\/12\/timeline-Cali-1.jpg 500w, https:\/\/www.quipux.com\/web\/wp-content\/uploads\/2021\/12\/timeline-Cali-1-300x180.jpg 300w\" sizes=\"auto, (max-width: 500px) 100vw, 500px\" \/><\/a><\/div><h2 class=\"content-title-simple\"><a target=\"_blank\" title=\"Cali\" href=\"https:\/\/www.quipux.com\/\">Cali<\/a><\/h2><div class=\"content-details\"><p style=\"text-align: left;\">We continue to create solutions that impact citizen service and improve efficiency in the provision of services by transit and transportation entities. We start our operation in the Cali transit authority.<\/p>\n<\/div><\/div><\/div><\/li><li id=\"story-id-14360-content\"  class=\"ht-design-3\"><div class=\"timeline-post light-grey-post ht-content-design-3\"><div class=\"ctl_info event-description full\"><div class=\"full-width\"><a title=\"Modernization\"  href=\"https:\/\/www.quipux.com\/web\/wp-content\/uploads\/2021\/12\/timeline-ImpA-1.jpg\" class=\"ctl_prettyPhoto\"><img loading=\"lazy\" decoding=\"async\" width=\"500\" height=\"300\" src=\"https:\/\/www.quipux.com\/web\/wp-content\/uploads\/2021\/12\/timeline-ImpA-1.jpg\" class=\"story-img wp-post-image\" alt=\"plataforma de impuestos antioquia\" srcset=\"https:\/\/www.quipux.com\/web\/wp-content\/uploads\/2021\/12\/timeline-ImpA-1.jpg 500w, https:\/\/www.quipux.com\/web\/wp-content\/uploads\/2021\/12\/timeline-ImpA-1-300x180.jpg 300w\" sizes=\"auto, (max-width: 500px) 100vw, 500px\" \/><\/a><\/div><h2 class=\"content-title-simple\"><a target=\"_blank\" title=\"Modernization\" href=\"https:\/\/www.quipux.com\/\">Modernization<\/a><\/h2><div class=\"content-details\"><p>Alliance with Emtelco (now UNE) that placed ambitious projects such as the modernization of services under the responsibility of the Secretary of Mobility of Medell\u00edn and vehicle taxes with the Government of Antioquia.<\/p>\n<\/div><\/div><\/div><\/li><li id=\"story-id-14359-content\"  class=\"ht-design-3\"><div class=\"timeline-post light-grey-post ht-content-design-3\"><div class=\"ctl_info event-description full\"><div class=\"full-width\"><a title=\"SIMIT\"  href=\"https:\/\/www.quipux.com\/web\/wp-content\/uploads\/2008\/02\/simit-platform.png\" class=\"ctl_prettyPhoto\"><img loading=\"lazy\" decoding=\"async\" width=\"500\" height=\"300\" src=\"https:\/\/www.quipux.com\/web\/wp-content\/uploads\/2008\/02\/simit-platform.png\" class=\"story-img wp-post-image\" alt=\"simit-platform\" srcset=\"https:\/\/www.quipux.com\/web\/wp-content\/uploads\/2008\/02\/simit-platform.png 500w, https:\/\/www.quipux.com\/web\/wp-content\/uploads\/2008\/02\/simit-platform-300x180.png 300w\" sizes=\"auto, (max-width: 500px) 100vw, 500px\" \/><\/a><\/div><h2 class=\"content-title-simple\"><a target=\"_blank\" title=\"SIMIT\" href=\"https:\/\/www.quipux.com\/\">SIMIT<\/a><\/h2><div class=\"content-details\"><p style=\"text-align: left;\">We began the implementation of the software solution for traffic records at the Secretariat of Mobility of Medell\u00edn and the development and implementation of the Integrated System of Traffic Violation Fines (SIMIT).<\/p>\n<p>&nbsp;<\/p>\n<\/div><\/div><\/div><\/li><li id=\"story-id-14358-content\"  class=\"ht-design-3\"><div class=\"timeline-post light-grey-post ht-content-design-3\"><div class=\"ctl_info event-description full\"><div class=\"full-width\"><a title=\"RUNT\"  href=\"https:\/\/www.quipux.com\/web\/wp-content\/uploads\/2021\/12\/timeline-runt.png\" class=\"ctl_prettyPhoto\"><img loading=\"lazy\" decoding=\"async\" width=\"500\" height=\"300\" src=\"https:\/\/www.quipux.com\/web\/wp-content\/uploads\/2021\/12\/timeline-runt.png\" class=\"story-img wp-post-image\" alt=\"RUNT\" srcset=\"https:\/\/www.quipux.com\/web\/wp-content\/uploads\/2021\/12\/timeline-runt.png 500w, https:\/\/www.quipux.com\/web\/wp-content\/uploads\/2021\/12\/timeline-runt-300x180.png 300w\" sizes=\"auto, (max-width: 500px) 100vw, 500px\" \/><\/a><\/div><h2 class=\"content-title-simple\"><a target=\"_blank\" title=\"RUNT\" href=\"https:\/\/www.quipux.com\/\">RUNT<\/a><\/h2><div class=\"content-details\"><p>We participated in the software architecture of RUNT, the first project in Latin America to have a single database with 11 traffic records.<\/p>\n<\/div><\/div><\/div><\/li><li id=\"story-id-14357-content\"  class=\"ht-design-3\"><div class=\"timeline-post light-grey-post ht-content-design-3\"><div class=\"ctl_info event-description full\"><div class=\"full-width\"><a title=\"Medell\u00edn\"  href=\"https:\/\/www.quipux.com\/web\/wp-content\/uploads\/2021\/12\/timeline-Mvl-1.jpg\" class=\"ctl_prettyPhoto\"><img loading=\"lazy\" decoding=\"async\" width=\"500\" height=\"300\" src=\"https:\/\/www.quipux.com\/web\/wp-content\/uploads\/2021\/12\/timeline-Mvl-1.jpg\" class=\"story-img wp-post-image\" alt=\"Movilidad en linea\" srcset=\"https:\/\/www.quipux.com\/web\/wp-content\/uploads\/2021\/12\/timeline-Mvl-1.jpg 500w, https:\/\/www.quipux.com\/web\/wp-content\/uploads\/2021\/12\/timeline-Mvl-1-300x180.jpg 300w\" sizes=\"auto, (max-width: 500px) 100vw, 500px\" \/><\/a><\/div><h2 class=\"content-title-simple\"><a target=\"_blank\" title=\"Medell\u00edn\" href=\"https:\/\/www.quipux.com\/\">Medell\u00edn<\/a><\/h2><div class=\"content-details\"><p>In partnership with UNE, we developed the Medell\u00edn Intelligent Mobility System. This project set a precedent in the history of transit and transportation in Colombia: inclusion of technologies for mobility control, decentralization of offices and mobile service units.<\/p>\n<\/div><\/div><\/div><\/li><li id=\"story-id-14356-content\"  class=\"ht-design-3\"><div class=\"timeline-post light-grey-post ht-content-design-3\"><div class=\"ctl_info event-description full\"><div class=\"full-width\"><a title=\"Brazil\"  href=\"https:\/\/www.quipux.com\/web\/wp-content\/uploads\/2021\/12\/Timeline-brazil-1.jpg\" class=\"ctl_prettyPhoto\"><img loading=\"lazy\" decoding=\"async\" width=\"500\" height=\"300\" src=\"https:\/\/www.quipux.com\/web\/wp-content\/uploads\/2021\/12\/Timeline-brazil-1.jpg\" class=\"story-img wp-post-image\" alt=\"auto part\" srcset=\"https:\/\/www.quipux.com\/web\/wp-content\/uploads\/2021\/12\/Timeline-brazil-1.jpg 500w, https:\/\/www.quipux.com\/web\/wp-content\/uploads\/2021\/12\/Timeline-brazil-1-300x180.jpg 300w\" sizes=\"auto, (max-width: 500px) 100vw, 500px\" \/><\/a><\/div><h2 class=\"content-title-simple\"><a target=\"_blank\" title=\"Brazil\" href=\"https:\/\/www.quipux.com\/\">Brazil<\/a><\/h2><div class=\"content-details\"><p>We opened offices in Sao Paulo to centralize the transit services offered in Brazil and begin to develop our CODEV project.<\/p>\n<\/div><\/div><\/div><\/li><li id=\"story-id-14355-content\"  class=\"ht-design-3\"><div class=\"timeline-post light-grey-post ht-content-design-3\"><div class=\"ctl_info event-description full\"><div class=\"full-width\"><a title=\"Canad\u00e1\"  href=\"https:\/\/www.quipux.com\/web\/wp-content\/uploads\/2021\/12\/timeline-canada-1.jpg\" class=\"ctl_prettyPhoto\"><img loading=\"lazy\" decoding=\"async\" width=\"500\" height=\"300\" src=\"https:\/\/www.quipux.com\/web\/wp-content\/uploads\/2021\/12\/timeline-canada-1.jpg\" class=\"story-img wp-post-image\" alt=\"woman pointing at screen\" srcset=\"https:\/\/www.quipux.com\/web\/wp-content\/uploads\/2021\/12\/timeline-canada-1.jpg 500w, https:\/\/www.quipux.com\/web\/wp-content\/uploads\/2021\/12\/timeline-canada-1-300x180.jpg 300w\" sizes=\"auto, (max-width: 500px) 100vw, 500px\" \/><\/a><\/div><h2 class=\"content-title-simple\"><a target=\"_blank\" title=\"Canad\u00e1\" href=\"https:\/\/www.quipux.com\/\">Canad\u00e1<\/a><\/h2><div class=\"content-details\"><p>Quipux starts projects in Quebec, Canada in partnership with the transit agency AQTr.<\/p>\n<\/div><\/div><\/div><\/li><li id=\"story-id-14353-content\"  class=\"ht-design-3\"><div class=\"timeline-post light-grey-post ht-content-design-3\"><div class=\"ctl_info event-description full\"><div class=\"full-width\"><a title=\"Mobility\"  href=\"https:\/\/www.quipux.com\/web\/wp-content\/uploads\/2021\/12\/timeline-x-2.jpg\" class=\"ctl_prettyPhoto\"><img loading=\"lazy\" decoding=\"async\" width=\"500\" height=\"300\" src=\"https:\/\/www.quipux.com\/web\/wp-content\/uploads\/2021\/12\/timeline-x-2.jpg\" class=\"story-img wp-post-image\" alt=\"woman on a bus\" srcset=\"https:\/\/www.quipux.com\/web\/wp-content\/uploads\/2021\/12\/timeline-x-2.jpg 500w, https:\/\/www.quipux.com\/web\/wp-content\/uploads\/2021\/12\/timeline-x-2-300x180.jpg 300w\" sizes=\"auto, (max-width: 500px) 100vw, 500px\" \/><\/a><\/div><h2 class=\"content-title-simple\"><a target=\"_blank\" title=\"Mobility\" href=\"https:\/\/www.quipux.com\/\">Mobility<\/a><\/h2><div class=\"content-details\"><p>We launched our digital citizen services project in Medell\u00edn, a platform called Movilidad en L\u00ednea of the Secretary of Mobility of Medell\u00edn, to carry out traffic formalities virtually. A city milestone!<\/p>\n<\/div><\/div><\/div><\/li><\/ul><\/div><\/div><\/div><style type=\"text\/css\"><\/style><!-- end  ================================================== -->[\/vc_column][\/vc_row][vc_row full_width=&#8221;stretch_row_content_no_spaces&#8221; content_placement=&#8221;middle&#8221; type=&#8221;full_width_background&#8221; bg_color=&#8221;#f3f4f7&#8243; top_padding=&#8221;70&#8243; bottom_padding=&#8221;70&#8243;][vc_column width=&#8221;1\/4&#8243;][\/vc_column][vc_column width=&#8221;1\/3&#8243; column_padding=&#8221;0%&#8221; css=&#8221;.vc_custom_1663277858321{margin-top: 0px !important;margin-bottom: 0px !important;padding-top: 0px !important;padding-bottom: 0px !important;}&#8221;][vc_custom_heading text=&#8221;Want to know more?&#8221; font_container=&#8221;tag:h2|text_align:center&#8221; use_theme_fonts=&#8221;yes&#8221;][\/vc_column][vc_column width=&#8221;1\/6&#8243;][button title=&#8221;Contact us!&#8221; link=&#8221;https:\/\/www.quipux.com\/web\/contact-us\/&#8221; align=&#8221;center&#8221; icon=&#8221;&#8221;][\/vc_column][vc_column width=&#8221;1\/4&#8243;][\/vc_column][\/vc_row]<\/p>\n<\/section>","protected":false},"excerpt":{"rendered":"<p>[vc_row full_width=&#8221;stretch_row_content_no_spaces&#8221; type=&#8221;full_width_background&#8221; bg_image=&#8221;15316&#8243; parallax_bg=&#8221;true&#8221; bg_color=&#8221;rgba(0,0,0,0.58)&#8221; text_color=&#8221;light&#8221; top_padding=&#8221;250&#8243; bottom_padding=&#8221;250&#8243;][vc_column][\/vc_column][\/vc_row][vc_row top_padding=&#8221;70&#8243;][vc_column width=&#8221;2\/3&#8243;][vc_custom_heading text=&#8221;The Quipu&#8230;&#8221; font_container=&#8221;tag:div|font_size:60px|text_align:left|color:%23262236|line_height:60px&#8221; use_theme_fonts=&#8221;yes&#8221; el_class=&#8221;bold-custom-headings&#8221;][vc_empty_space height=&#8221;20px&#8221;][vc_column_text css=&#8221;.vc_custom_1667582726686{padding-top: 20px !important;}&#8221;] Is an instrument used by the Incas. [\/vc_column_text][vc_custom_heading text=&#8221;If we go further, we will find that the quipu can be considered as a three-dimensional notation system in which a set..<a  target=\"_blank\" class=\"read_more ctl_read_more\" href=\"https:\/\/www.quipux.com\/\">Lee mas<\/a><\/p>\n","protected":false},"author":1,"featured_media":0,"parent":0,"menu_order":0,"comment_status":"closed","ping_status":"closed","template":"","meta":{"footnotes":""},"class_list":["post-10519","page","type-page","status-publish","hentry"],"yoast_head":"<!-- This site is optimized with the Yoast SEO Premium plugin v15.6.2 - https:\/\/yoast.com\/wordpress\/plugins\/seo\/ -->\n<title>Our Origin | Quipux<\/title>\n<meta name=\"robots\" content=\"index, follow, max-snippet:-1, max-image-preview:large, max-video-preview:-1\" \/>\n<link rel=\"canonical\" href=\"https:\/\/www.quipux.com\/web\/our-origin\/?lang=en\" \/>\n<meta property=\"og:locale\" content=\"es_ES\" \/>\n<meta property=\"og:type\" content=\"article\" \/>\n<meta property=\"og:title\" content=\"Our Origin | Quipux\" \/>\n<meta property=\"og:description\" content=\"[vc_row full_width=&#8221;stretch_row_content_no_spaces&#8221; type=&#8221;full_width_background&#8221; bg_image=&#8221;15316&#8243; parallax_bg=&#8221;true&#8221; bg_color=&#8221;rgba(0,0,0,0.58)&#8221; text_color=&#8221;light&#8221; top_padding=&#8221;250&#8243; bottom_padding=&#8221;250&#8243;][vc_column][\/vc_column][\/vc_row][vc_row top_padding=&#8221;70&#8243;][vc_column width=&#8221;2\/3&#8243;][vc_custom_heading text=&#8221;The Quipu&#8230;&#8221; font_container=&#8221;tag:div|font_size:60px|text_align:left|color:%23262236|line_height:60px&#8221; use_theme_fonts=&#8221;yes&#8221; el_class=&#8221;bold-custom-headings&#8221;][vc_empty_space height=&#8221;20px&#8221;][vc_column_text css=&#8221;.vc_custom_1667582726686{padding-top: 20px !important;}&#8221;] Is an instrument used by the Incas. [\/vc_column_text][vc_custom_heading text=&#8221;If we go further, we will find that the quipu can be considered as a three-dimensional notation system in which a set..Lee mas\" \/>\n<meta property=\"og:url\" content=\"https:\/\/www.quipux.com\/web\/our-origin\/?lang=en\" \/>\n<meta property=\"og:site_name\" content=\"Quipux\" \/>\n<meta property=\"article:modified_time\" content=\"2022-12-14T13:24:47+00:00\" \/>\n<meta name=\"twitter:card\" content=\"summary_large_image\" \/>\n<meta name=\"twitter:label1\" content=\"Tiempo de lectura\">\n\t<meta name=\"twitter:data1\" content=\"3 minutos\">\n<script type=\"application\/ld+json\" class=\"yoast-schema-graph\">{\"@context\":\"https:\/\/schema.org\",\"@graph\":[{\"@type\":\"Organization\",\"@id\":\"https:\/\/www.quipux.com\/web\/#organization\",\"name\":\"Quipux\",\"url\":\"https:\/\/www.quipux.com\/web\/\",\"sameAs\":[],\"logo\":{\"@type\":\"ImageObject\",\"@id\":\"https:\/\/www.quipux.com\/web\/#logo\",\"inLanguage\":\"es\",\"url\":\"https:\/\/www.quipux.com\/web\/wp-content\/uploads\/2022\/10\/Logo-quipux-1.png\",\"width\":195,\"height\":41,\"caption\":\"Quipux\"},\"image\":{\"@id\":\"https:\/\/www.quipux.com\/web\/#logo\"}},{\"@type\":\"WebSite\",\"@id\":\"https:\/\/www.quipux.com\/web\/#website\",\"url\":\"https:\/\/www.quipux.com\/web\/\",\"name\":\"Quipux\",\"description\":\"\",\"publisher\":{\"@id\":\"https:\/\/www.quipux.com\/web\/#organization\"},\"potentialAction\":[{\"@type\":\"SearchAction\",\"target\":\"https:\/\/www.quipux.com\/web\/?s={search_term_string}\",\"query-input\":\"required name=search_term_string\"}],\"inLanguage\":\"es\"},{\"@type\":\"WebPage\",\"@id\":\"https:\/\/www.quipux.com\/web\/our-origin\/?lang=en#webpage\",\"url\":\"https:\/\/www.quipux.com\/web\/our-origin\/?lang=en\",\"name\":\"Our Origin | Quipux\",\"isPartOf\":{\"@id\":\"https:\/\/www.quipux.com\/web\/#website\"},\"datePublished\":\"2022-10-11T14:51:42+00:00\",\"dateModified\":\"2022-12-14T13:24:47+00:00\",\"inLanguage\":\"es\",\"potentialAction\":[{\"@type\":\"ReadAction\",\"target\":[\"https:\/\/www.quipux.com\/web\/our-origin\/?lang=en\"]}]}]}<\/script>\n<!-- \/ Yoast SEO Premium plugin. -->","_links":{"self":[{"href":"https:\/\/www.quipux.com\/web\/wp-json\/wp\/v2\/pages\/10519","targetHints":{"allow":["GET"]}}],"collection":[{"href":"https:\/\/www.quipux.com\/web\/wp-json\/wp\/v2\/pages"}],"about":[{"href":"https:\/\/www.quipux.com\/web\/wp-json\/wp\/v2\/types\/page"}],"author":[{"embeddable":true,"href":"https:\/\/www.quipux.com\/web\/wp-json\/wp\/v2\/users\/1"}],"replies":[{"embeddable":true,"href":"https:\/\/www.quipux.com\/web\/wp-json\/wp\/v2\/comments?post=10519"}],"version-history":[{"count":129,"href":"https:\/\/www.quipux.com\/web\/wp-json\/wp\/v2\/pages\/10519\/revisions"}],"predecessor-version":[{"id":17910,"href":"https:\/\/www.quipux.com\/web\/wp-json\/wp\/v2\/pages\/10519\/revisions\/17910"}],"wp:attachment":[{"href":"https:\/\/www.quipux.com\/web\/wp-json\/wp\/v2\/media?parent=10519"}],"curies":[{"name":"wp","href":"https:\/\/api.w.org\/{rel}","templated":true}]}}