{"id":17430,"date":"2022-10-12T16:15:15","date_gmt":"2022-10-12T21:15:15","guid":{"rendered":"https:\/\/www.quipux.com\/web\/sistemas-inteligentes-de-movilidad\/"},"modified":"2023-03-09T16:35:17","modified_gmt":"2023-03-09T21:35:17","slug":"sistemas-inteligentes-de-movilidad","status":"publish","type":"page","link":"https:\/\/www.quipux.com\/web\/sistemas-inteligentes-de-movilidad\/","title":{"rendered":"Sistemas Inteligentes de Movilidad"},"content":{"rendered":"<section class=\"wpb-content-wrapper\"><p>[vc_row full_width=&#8221;stretch_row_content_no_spaces&#8221; parallax=&#8221;content-moving-fade&#8221; bg_image=&#8221;17267&#8243; text_color=&#8221;light&#8221; top_padding=&#8221;150&#8243; bottom_padding=&#8221;150&#8243;][vc_column][vc_custom_heading text=&#8221;Sistemas Inteligentes de Movilidad&#8221; font_container=&#8221;tag:h1|text_align:left|color:%23ffffff&#8221; use_theme_fonts=&#8221;yes&#8221; css=&#8221;.vc_custom_1666306948227{padding-top: 80px !important;padding-right: 20px !important;padding-left: 20px !important;}&#8221;][\/vc_column][\/vc_row][vc_row top_padding=&#8221;20&#8243; bottom_padding=&#8221;80px&#8221;][vc_column width=&#8221;1\/6&#8243; css=&#8221;.vc_custom_1667581444964{padding-left: 10% !important;}&#8221;][\/vc_column][vc_column width=&#8221;2\/6&#8243; css=&#8221;.vc_custom_1667581413711{padding-right: 10% !important;}&#8221;][block_title style=&#8221;column_title&#8221; inner_style=&#8221;inline_border_circle&#8221; title=&#8221;\u00bfQu\u00e9 es?&#8221;][\/block_title][vc_custom_heading text=&#8221;Esta es una estrategia creada para impactar la seguridad vial, la reducci\u00f3n de la accidentalidad, la disminuci\u00f3n de multas, la mejora de los ingresos de la ciudad, entre otros.&#8221; font_container=&#8221;tag:p|text_align:left&#8221; use_theme_fonts=&#8221;yes&#8221; css=&#8221;.vc_custom_1667580989911{padding-right: 40px !important;padding-left: 20px !important;}&#8221;][\/vc_column][vc_column width=&#8221;2\/6&#8243;][vc_single_image image=&#8221;17258&#8243; img_size=&#8221;full&#8221; alignment=&#8221;center&#8221;][\/vc_column][vc_column width=&#8221;1\/6&#8243;][\/vc_column][\/vc_row][vc_section css=&#8221;.vc_custom_1667581793539{margin-top: 70px !important;margin-bottom: 8% !important;}&#8221;][vc_row][vc_column][block_title title=&#8221;Este sistema integra soluciones para un mayor impacto en las ciudades&#8221;][\/block_title][\/vc_column][\/vc_row][vc_row][vc_column][recent_portfolio style=&#8221;basic_effect&#8221; columns=&#8221;4&#8243; carousel=&#8221;no&#8221; from_where=&#8221;cat&#8221; category=&#8221;88&#8243;][recent_portfolio style=&#8221;basic_effect&#8221; columns=&#8221;4&#8243; carousel=&#8221;no&#8221; from_where=&#8221;cat&#8221; category=&#8221;89&#8243;][\/vc_column][\/vc_row][\/vc_section][vc_row top_padding=&#8221;40&#8243;][vc_column][vc_row_inner][vc_column_inner][vc_custom_heading text=&#8221;Reconocimientos&#8221; font_container=&#8221;tag:h1|font_size:50px|text_align:left|line_height:70px&#8221; use_theme_fonts=&#8221;yes&#8221; css=&#8221;.vc_custom_1666191688821{padding-top: 80px !important;padding-right: 20px !important;padding-left: 20px !important;}&#8221;][\/vc_column_inner][\/vc_row_inner][vc_row_inner css=&#8221;.vc_custom_1665533633874{padding-top: 40px !important;}&#8221;][vc_column_inner width=&#8221;1\/3&#8243;][services_text title=&#8221;Premio Africa Road Builders&#8221;]African Development Bank (AfDB, AfDB): Premio &#8220;Africa Road Builders&#8221;, seleccionado en la categor\u00eda de &#8220;Empresa privada con el mejor proyecto de innovaci\u00f3n para la mejora del transporte en el continente africano&#8221;, por su contribuci\u00f3n a la modernizaci\u00f3n del sistema para el desarrollo de \u00c1frica y por los servicios de movilidad innovadores que mejoran la econom\u00eda.[\/services_text][\/vc_column_inner][vc_column_inner width=&#8221;1\/3&#8243;][services_text title=&#8221;Premio Estrella Internacional al Liderazgo en Calidad&#8221;]Quipux Afrique, filial de Quipux en Costa de Marfil, recibi\u00f3 el Premio Estrella Internacional al Liderazgo en Calidad, categor\u00eda Oro. Este reconocimiento lo otorga la Business Initiative Directions (BID) a las instituciones comprometidas con la innovaci\u00f3n y la b\u00fasqueda incesante de la calidad.[\/services_text][\/vc_column_inner][vc_column_inner width=&#8221;1\/3&#8243;][services_text title=&#8221;Premio a la mejor startup latinoamericana&#8221;]Ganadores del premio a la mejor startup latinoamericana en la 6\u00aa Cumbre Empresarial COREA-LAC. En este evento, participamos en la sesi\u00f3n de pitching de Sostenibilidad y Smart Cities.[\/services_text][\/vc_column_inner][\/vc_row_inner][\/vc_column][\/vc_row][vc_row top_padding=&#8221;40&#8243;][vc_column][vc_row_inner][vc_column_inner width=&#8221;2\/3&#8243;][block_title style=&#8221;column_title&#8221; inner_style=&#8221;inline_border_circle&#8221; title=&#8221;As\u00ed ayudamos a Medell\u00edn a convertirse en la ciudad m\u00e1s innovadora del mundo&#8221;][\/block_title][\/vc_column_inner][vc_column_inner width=&#8221;1\/3&#8243;][\/vc_column_inner][\/vc_row_inner][vc_row_inner css=&#8221;.vc_custom_1665161964085{padding-top: 20px !important;}&#8221;][vc_column_inner width=&#8221;1\/6&#8243;][\/vc_column_inner][vc_column_inner width=&#8221;2\/4&#8243;][vc_custom_heading text=&#8221;El Sistema Inteligente de Movilidad de Medell\u00edn (SIMM) ayud\u00f3 a la ciudad a convertirse en la m\u00e1s innovadora del mundo en 2013 (The Wall Street Journal y Citigroup). Desde su implementaci\u00f3n en 2010, Medell\u00edn ha tenido varios logros gracias a la evoluci\u00f3n tecnol\u00f3gica y cultural que ofrece el sistema.&#8221; font_container=&#8221;tag:p|text_align:left&#8221; use_theme_fonts=&#8221;yes&#8221;][\/vc_column_inner][\/vc_row_inner][\/vc_column][\/vc_row][vc_section css=&#8221;.vc_custom_1666358563860{margin-bottom: 40px !important;}&#8221;][vc_row top_padding=&#8221;40&#8243;][vc_column width=&#8221;1\/4&#8243;][vc_custom_heading text=&#8221;23 minutos&#8221; font_container=&#8221;tag:h2|font_size:36px|text_align:center|color:%236411d9|line_height:1&#8243; use_theme_fonts=&#8221;yes&#8221;][vc_custom_heading text=&#8221;para la respuesta a incidentes. Antes: 1 hora y 30 minutos, ahorrando 193.000 horas de congesti\u00f3n.&#8221; font_container=&#8221;tag:p|font_size:16px|text_align:center|line_height:20px&#8221; use_theme_fonts=&#8221;yes&#8221; css=&#8221;.vc_custom_1665666018383{margin-top: 10px !important;}&#8221;][\/vc_column][vc_column width=&#8221;1\/4&#8243;][vc_custom_heading text=&#8221;Un 69% menos&#8221; font_container=&#8221;tag:h2|font_size:36px|text_align:center|color:%236411d9|line_height:1&#8243; use_theme_fonts=&#8221;yes&#8221;][vc_custom_heading text=&#8221;de conductores sancionados en accidentes de tr\u00e1fico por cruzar sem\u00e1foros en rojo.&#8221; font_container=&#8221;tag:p|font_size:16px|text_align:center|line_height:20px&#8221; use_theme_fonts=&#8221;yes&#8221; css=&#8221;.vc_custom_1665663017532{margin-top: 5px !important;}&#8221;][\/vc_column][vc_column width=&#8221;1\/4&#8243;][vc_custom_heading text=&#8221;1 mill\u00f3n&#8221; font_container=&#8221;tag:h2|font_size:36px|text_align:center|color:%236411d9|line_height:1&#8243; use_theme_fonts=&#8221;yes&#8221;][vc_custom_heading text=&#8221;de matr\u00edculas le\u00eddas diariamente desde veh\u00edculos en movimiento.&#8221; font_container=&#8221;tag:p|font_size:16px|text_align:center|line_height:20px&#8221; use_theme_fonts=&#8221;yes&#8221; css=&#8221;.vc_custom_1665663049948{margin-top: 5px !important;}&#8221;][\/vc_column][vc_column width=&#8221;1\/4&#8243;][vc_custom_heading text=&#8221;4 de cada 1.000&#8243; font_container=&#8221;tag:h2|font_size:36px|text_align:center|color:%236411d9|line_height:1&#8243; use_theme_fonts=&#8221;yes&#8221;][vc_custom_heading text=&#8221;veh\u00edculos cometen una multa. Antes: 24 de cada 1.000.&#8221; font_container=&#8221;tag:p|font_size:16px|text_align:center|line_height:20px&#8221; use_theme_fonts=&#8221;yes&#8221; css=&#8221;.vc_custom_1669152436091{margin-top: 5px !important;}&#8221;][\/vc_column][\/vc_row][\/vc_section][vc_row top_padding=&#8221;80&#8243;][vc_column][vc_video link=&#8221;https:\/\/vimeo.com\/480328092\/8201f7a010&#8243; align=&#8221;center&#8221;][vc_empty_space height=&#8221;100px&#8221;][\/vc_column][\/vc_row][vc_row content_placement=&#8221;middle&#8221; type=&#8221;full_width_background&#8221; bg_color=&#8221;#f3f4f7&#8243; top_padding=&#8221;70&#8243; bottom_padding=&#8221;70&#8243; class=&#8221;margin-bottom-none&#8221;][vc_column width=&#8221;2\/3&#8243;][vc_custom_heading text=&#8221;Conoce m\u00e1s sobre el caso de estudio del BID sobre Medell\u00edn&#8221; use_theme_fonts=&#8221;yes&#8221;][\/vc_column][vc_column width=&#8221;1\/5&#8243; column_padding=&#8221;0%&#8221; css=&#8221;.vc_custom_1663277858321{margin-top: 0px !important;margin-bottom: 0px !important;padding-top: 0px !important;padding-bottom: 0px !important;}&#8221;][vc_raw_html]JTNDYSUyMGNsYXNzJTNEJTIyYnRuLWJ0JTIwYWxpZ24tY2VudGVyJTIwZGVmYXVsdCUyMiUyMGhyZWYlM0QlMjJodHRwcyUzQSUyRiUyRnd3dy5xdWlwdXguY29tJTJGd2ViJTJGd3AtY29udGVudCUyRnVwbG9hZHMlMkYyMDIzJTJGMDIlMkZFc3R1ZGlvcy1kZS1jYXNvcy1pbnRlcm5hY2lvbmFsZXMtZGUtY2l1ZGFkZXMtaW50ZWxpZ2VudGVzLU1lZGVsbGluLUNvbG9tYmlhLnBkZiUyMiUyMHRhcmdldCUzRCUyMl9ibGFuayUyMiUyMHJlbCUzRCUyMm5vb3BlbmVyJTIyJTNFSGF6JTIwY2xpY2slMjBhcXUlQzMlQUQlM0MlMkZhJTNF[\/vc_raw_html][\/vc_column][\/vc_row][vc_row][vc_column][vc_empty_space height=&#8221;120px&#8221;][vc_row_inner content_placement=&#8221;middle&#8221; css=&#8221;.vc_custom_1666308209560{margin-top: 100px !important;}&#8221;][vc_column_inner width=&#8221;1\/2&#8243; css=&#8221;.vc_custom_1665672546978{padding-right: 10% !important;padding-left: 6% !important;}&#8221;][vc_empty_space height=&#8221;6px&#8221;][block_title style=&#8221;column_title&#8221; inner_style=&#8221;inline_border_circle&#8221; title=&#8221;Somos el primer pa\u00eds africano&#8221;][\/block_title][vc_column_text]<\/p>\n<h3>Es la primera naci\u00f3n africana en aplicar una soluci\u00f3n que integra varios servicios del sector de tr\u00e1nsito y transporte terrestre en todo el continente<\/h3>\n<p>[\/vc_column_text][vc_column_text]Nuestra operaci\u00f3n en Costa de Marfil cre\u00f3 un nuevo est\u00e1ndar de prestaci\u00f3n de servicios a los ciudadanos, que ha sido reconocido como un modelo en el continente africano; debido a la reducci\u00f3n del tiempo de d\u00edas, a s\u00f3lo unas horas o minutos, con los procedimientos de movilidad.[\/vc_column_text][\/vc_column_inner][vc_column_inner width=&#8221;1\/2&#8243; column_padding=&#8221;0&#8243; css=&#8221;.vc_custom_1665673159924{padding-right: 0px !important;padding-left: 0px !important;}&#8221;][vc_video link=&#8221;https:\/\/vimeo.com\/759673987\/c0aae5204c&#8221; align=&#8221;center&#8221;][\/vc_column_inner][\/vc_row_inner][vc_empty_space height=&#8221;10px&#8221;][\/vc_column][\/vc_row][vc_row bg_color=&#8221;#262236&#8243; text_color=&#8221;light&#8221; top_padding=&#8221;60&#8243; bottom_padding=&#8221;60&#8243;][vc_column width=&#8221;1\/3&#8243; css=&#8221;.vc_custom_1666814742871{margin-right: 5% !important;margin-left: 5% !important;}&#8221;][vc_custom_heading text=&#8221;31 centros de atenci\u00f3n al ciudadano&#8221; font_container=&#8221;tag:h2|font_size:36px|text_align:center|line_height:1&#8243; use_theme_fonts=&#8221;yes&#8221;][vc_custom_heading text=&#8221;situados en diferentes ciudades y zonas estrat\u00e9gicas.&#8221; font_container=&#8221;tag:p|font_size:16px|text_align:center|line_height:20px&#8221; use_theme_fonts=&#8221;yes&#8221; css=&#8221;.vc_custom_1666308343327{margin-top: 10px !important;}&#8221;][\/vc_column][vc_column width=&#8221;1\/3&#8243; css=&#8221;.vc_custom_1666814752199{margin-right: 5% !important;margin-left: 5% !important;}&#8221;][vc_custom_heading text=&#8221;520 empleos directos&#8221; font_container=&#8221;tag:h2|font_size:36px|text_align:center|line_height:1&#8243; use_theme_fonts=&#8221;yes&#8221;][vc_custom_heading text=&#8221;en Quipux Afrique.&#8221; font_container=&#8221;tag:p|font_size:16px|text_align:center|line_height:20px&#8221; use_theme_fonts=&#8221;yes&#8221; css=&#8221;.vc_custom_1666308286724{margin-top: 10px !important;}&#8221;][\/vc_column][vc_column width=&#8221;1\/3&#8243; css=&#8221;.vc_custom_1666814766490{margin-right: 5% !important;margin-left: 5% !important;}&#8221;][vc_custom_heading text=&#8221;2 millones de ciudadanos&#8221; font_container=&#8221;tag:h2|font_size:36px|text_align:center|line_height:1&#8243; use_theme_fonts=&#8221;yes&#8221;][vc_custom_heading text=&#8221;atendidos en los centros de servicio de Abiy\u00e1n y en las ventanillas.&#8221; font_container=&#8221;tag:p|font_size:16px|text_align:center|line_height:20px&#8221; use_theme_fonts=&#8221;yes&#8221; css=&#8221;.vc_custom_1666308387142{margin-top: 10px !important;}&#8221;][\/vc_column][\/vc_row][vc_row][vc_column width=&#8221;1\/4&#8243; css=&#8221;.vc_custom_1663356676248{padding-top: 80px !important;}&#8221;][vc_custom_heading text=&#8221;Conoce nuestras&#8221; font_container=&#8221;tag:h1|text_align:left&#8221; use_theme_fonts=&#8221;yes&#8221; css=&#8221;.vc_custom_1665541151726{padding-top: 30px !important;}&#8221;][vc_custom_heading text=&#8221;dem\u00e1s soluciones&#8221; font_container=&#8221;tag:h1|text_align:left|color:%234e0da9&#8243; use_theme_fonts=&#8221;yes&#8221;][\/vc_column][vc_column width=&#8221;3\/4&#8243; column_padding=&#8221;5%&#8221;][recent_portfolio style=&#8221;basic_effect&#8221; columns=&#8221;3&#8243; rows=&#8221;2&#8243; from_where=&#8221;cat&#8221; category=&#8221;34&#8243;][\/vc_column][\/vc_row][vc_section disable_element=&#8221;yes&#8221;][vc_row disable_element=&#8221;yes&#8221; type=&#8221;full_width_content&#8221; bg_color=&#8221;#f3f4f7&#8243; top_padding=&#8221;30&#8243; bottom_padding=&#8221;30&#8243;][vc_column width=&#8221;1\/3&#8243; centered_cont=&#8221;true&#8221; centered_cont_vertical=&#8221;true&#8221;][block_title inner_style_title=&#8221;only_text&#8221; title=&#8221;Clientes&#8221;][\/block_title][\/vc_column][vc_column width=&#8221;2\/3&#8243; css=&#8221;.vc_custom_1664235627909{padding-right: 6% !important;}&#8221;]<p style=\"color:#cf7e16;background:#fff5e8;padding:10px;font-size:16px;border:1px solid #f1d7b5;border-radius:4px;line-height:1.6;\">GS Logo Slider: The shortcode with the ID of <strong>2<\/strong> was not found.<\/p>[\/vc_column][\/vc_row][\/vc_section]<\/p>\n<\/section>","protected":false},"excerpt":{"rendered":"<p>[vc_row full_width=&#8221;stretch_row_content_no_spaces&#8221; parallax=&#8221;content-moving-fade&#8221; bg_image=&#8221;17267&#8243; text_color=&#8221;light&#8221; top_padding=&#8221;150&#8243; bottom_padding=&#8221;150&#8243;][vc_column][vc_custom_heading text=&#8221;Sistemas Inteligentes de Movilidad&#8221; font_container=&#8221;tag:h1|text_align:left|color:%23ffffff&#8221; use_theme_fonts=&#8221;yes&#8221; css=&#8221;.vc_custom_1666306948227{padding-top: 80px !important;padding-right: 20px !important;padding-left: 20px !important;}&#8221;][\/vc_column][\/vc_row][vc_row top_padding=&#8221;20&#8243; bottom_padding=&#8221;80px&#8221;][vc_column width=&#8221;1\/6&#8243; css=&#8221;.vc_custom_1667581444964{padding-left: 10% !important;}&#8221;][\/vc_column][vc_column width=&#8221;2\/6&#8243; css=&#8221;.vc_custom_1667581413711{padding-right: 10% !important;}&#8221;][block_title style=&#8221;column_title&#8221; inner_style=&#8221;inline_border_circle&#8221; title=&#8221;\u00bfQu\u00e9 es?&#8221;][\/block_title][vc_custom_heading text=&#8221;Esta es una estrategia creada para impactar la seguridad vial, la reducci\u00f3n de la accidentalidad, la disminuci\u00f3n de multas, la mejora [&hellip;]<\/p>\n","protected":false},"author":1,"featured_media":0,"parent":0,"menu_order":0,"comment_status":"closed","ping_status":"closed","template":"","meta":{"footnotes":""},"class_list":["post-17430","page","type-page","status-publish","hentry"],"yoast_head":"<!-- This site is optimized with the Yoast SEO Premium plugin v15.6.2 - https:\/\/yoast.com\/wordpress\/plugins\/seo\/ -->\n<title>Sistemas Inteligentes de Movilidad | Quipux<\/title>\n<meta name=\"robots\" content=\"index, follow, max-snippet:-1, max-image-preview:large, max-video-preview:-1\" \/>\n<link rel=\"canonical\" href=\"https:\/\/www.quipux.com\/web\/sistemas-inteligentes-de-movilidad\/\" \/>\n<meta property=\"og:locale\" content=\"es_ES\" \/>\n<meta property=\"og:type\" content=\"article\" \/>\n<meta property=\"og:title\" content=\"Sistemas Inteligentes de Movilidad | Quipux\" \/>\n<meta property=\"og:description\" content=\"[vc_row full_width=&#8221;stretch_row_content_no_spaces&#8221; parallax=&#8221;content-moving-fade&#8221; bg_image=&#8221;17267&#8243; text_color=&#8221;light&#8221; top_padding=&#8221;150&#8243; bottom_padding=&#8221;150&#8243;][vc_column][vc_custom_heading text=&#8221;Sistemas Inteligentes de Movilidad&#8221; font_container=&#8221;tag:h1|text_align:left|color:%23ffffff&#8221; use_theme_fonts=&#8221;yes&#8221; css=&#8221;.vc_custom_1666306948227{padding-top: 80px !important;padding-right: 20px !important;padding-left: 20px !important;}&#8221;][\/vc_column][\/vc_row][vc_row top_padding=&#8221;20&#8243; bottom_padding=&#8221;80px&#8221;][vc_column width=&#8221;1\/6&#8243; css=&#8221;.vc_custom_1667581444964{padding-left: 10% !important;}&#8221;][\/vc_column][vc_column width=&#8221;2\/6&#8243; css=&#8221;.vc_custom_1667581413711{padding-right: 10% !important;}&#8221;][block_title style=&#8221;column_title&#8221; inner_style=&#8221;inline_border_circle&#8221; title=&#8221;\u00bfQu\u00e9 es?&#8221;][\/block_title][vc_custom_heading text=&#8221;Esta es una estrategia creada para impactar la seguridad vial, la reducci\u00f3n de la accidentalidad, la disminuci\u00f3n de multas, la mejora [&hellip;]\" \/>\n<meta property=\"og:url\" content=\"https:\/\/www.quipux.com\/web\/sistemas-inteligentes-de-movilidad\/\" \/>\n<meta property=\"og:site_name\" content=\"Quipux\" \/>\n<meta property=\"article:modified_time\" content=\"2023-03-09T21:35:17+00:00\" \/>\n<meta name=\"twitter:card\" content=\"summary_large_image\" \/>\n<meta name=\"twitter:label1\" content=\"Tiempo de lectura\">\n\t<meta name=\"twitter:data1\" content=\"3 minutos\">\n<script type=\"application\/ld+json\" class=\"yoast-schema-graph\">{\"@context\":\"https:\/\/schema.org\",\"@graph\":[{\"@type\":\"Organization\",\"@id\":\"https:\/\/www.quipux.com\/web\/#organization\",\"name\":\"Quipux\",\"url\":\"https:\/\/www.quipux.com\/web\/\",\"sameAs\":[],\"logo\":{\"@type\":\"ImageObject\",\"@id\":\"https:\/\/www.quipux.com\/web\/#logo\",\"inLanguage\":\"es\",\"url\":\"https:\/\/www.quipux.com\/web\/wp-content\/uploads\/2022\/10\/Logo-quipux-1.png\",\"width\":195,\"height\":41,\"caption\":\"Quipux\"},\"image\":{\"@id\":\"https:\/\/www.quipux.com\/web\/#logo\"}},{\"@type\":\"WebSite\",\"@id\":\"https:\/\/www.quipux.com\/web\/#website\",\"url\":\"https:\/\/www.quipux.com\/web\/\",\"name\":\"Quipux\",\"description\":\"\",\"publisher\":{\"@id\":\"https:\/\/www.quipux.com\/web\/#organization\"},\"potentialAction\":[{\"@type\":\"SearchAction\",\"target\":\"https:\/\/www.quipux.com\/web\/?s={search_term_string}\",\"query-input\":\"required name=search_term_string\"}],\"inLanguage\":\"es\"},{\"@type\":\"WebPage\",\"@id\":\"https:\/\/www.quipux.com\/web\/sistemas-inteligentes-de-movilidad\/#webpage\",\"url\":\"https:\/\/www.quipux.com\/web\/sistemas-inteligentes-de-movilidad\/\",\"name\":\"Sistemas Inteligentes de Movilidad | Quipux\",\"isPartOf\":{\"@id\":\"https:\/\/www.quipux.com\/web\/#website\"},\"datePublished\":\"2022-10-12T21:15:15+00:00\",\"dateModified\":\"2023-03-09T21:35:17+00:00\",\"inLanguage\":\"es\",\"potentialAction\":[{\"@type\":\"ReadAction\",\"target\":[\"https:\/\/www.quipux.com\/web\/sistemas-inteligentes-de-movilidad\/\"]}]}]}<\/script>\n<!-- \/ Yoast SEO Premium plugin. -->","_links":{"self":[{"href":"https:\/\/www.quipux.com\/web\/wp-json\/wp\/v2\/pages\/17430","targetHints":{"allow":["GET"]}}],"collection":[{"href":"https:\/\/www.quipux.com\/web\/wp-json\/wp\/v2\/pages"}],"about":[{"href":"https:\/\/www.quipux.com\/web\/wp-json\/wp\/v2\/types\/page"}],"author":[{"embeddable":true,"href":"https:\/\/www.quipux.com\/web\/wp-json\/wp\/v2\/users\/1"}],"replies":[{"embeddable":true,"href":"https:\/\/www.quipux.com\/web\/wp-json\/wp\/v2\/comments?post=17430"}],"version-history":[{"count":41,"href":"https:\/\/www.quipux.com\/web\/wp-json\/wp\/v2\/pages\/17430\/revisions"}],"predecessor-version":[{"id":17491,"href":"https:\/\/www.quipux.com\/web\/wp-json\/wp\/v2\/pages\/17430\/revisions\/17491"}],"wp:attachment":[{"href":"https:\/\/www.quipux.com\/web\/wp-json\/wp\/v2\/media?parent=17430"}],"curies":[{"name":"wp","href":"https:\/\/api.w.org\/{rel}","templated":true}]}}