{"id":17465,"date":"2022-10-21T09:22:43","date_gmt":"2022-10-21T14:22:43","guid":{"rendered":"https:\/\/www.quipux.com\/web\/impuesto-vehicular\/"},"modified":"2024-01-16T17:10:52","modified_gmt":"2024-01-16T22:10:52","slug":"impuesto-vehicular","status":"publish","type":"page","link":"https:\/\/www.quipux.com\/web\/impuesto-vehicular\/","title":{"rendered":"Impuesto vehicular"},"content":{"rendered":"<section class=\"wpb-content-wrapper\"><p>[vc_row full_width=&#8221;stretch_row_content_no_spaces&#8221; bg_image=&#8221;17150&#8243; bg_color=&#8221;#262236&#8243; text_color=&#8221;light&#8221; top_padding=&#8221;150&#8243; bottom_padding=&#8221;150&#8243;][vc_column][vc_custom_heading text=&#8221;Impuesto vehicular&#8221; font_container=&#8221;tag:h1|font_size:50px|text_align:left|line_height:70px&#8221; use_theme_fonts=&#8221;yes&#8221; css=&#8221;.vc_custom_1667427802362{padding-top: 80px !important;padding-right: 20px !important;padding-left: 20px !important;}&#8221;][\/vc_column][\/vc_row][vc_row top_padding=&#8221;40&#8243;][vc_column][vc_row_inner][vc_column_inner width=&#8221;5\/6&#8243;][block_title style=&#8221;column_title&#8221; inner_style=&#8221;inline_border_circle&#8221; title=&#8221;Plataforma que permite a los gobiernos recaudar eficazmente los impuestos sobre los veh\u00edculos.&#8221;][\/block_title][\/vc_column_inner][vc_column_inner width=&#8221;1\/6&#8243;][\/vc_column_inner][\/vc_row_inner][vc_row_inner css=&#8221;.vc_custom_1665161964085{padding-top: 20px !important;}&#8221;][vc_column_inner width=&#8221;1\/6&#8243;][\/vc_column_inner][vc_column_inner width=&#8221;2\/4&#8243;][vc_custom_heading text=&#8221;Nuestro objetivo con esta soluci\u00f3n es reforzar los servicios para los contribuyentes, donde todos los ciudadanos que tengan veh\u00edculos registrados a su nombre puedan pagar el impuesto de veh\u00edculos y adem\u00e1s generar el recibo de pago de forma r\u00e1pida, sencilla y segura a trav\u00e9s de una plataforma digital.&#8221; font_container=&#8221;tag:p|text_align:left&#8221; use_theme_fonts=&#8221;yes&#8221;][\/vc_column_inner][\/vc_row_inner][\/vc_column][\/vc_row][vc_row][vc_column][block_title title=&#8221;Beneficios&#8221;][\/block_title][\/vc_column][\/vc_row][vc_row][vc_column width=&#8221;1\/4&#8243;][services_small icon_color=&#8221;#6411d9&#8243; dynamic_content_type=&#8221;content&#8221; icon=&#8221;moon-checkmark-3&#8243;]Fortalecimiento de servicios a los ciudadanos con la ampliaci\u00f3n de los canales de liquidaci\u00f3n y pago.[\/services_small][\/vc_column][vc_column width=&#8221;1\/4&#8243;][services_small icon_color=&#8221;#6411d9&#8243; dynamic_content_type=&#8221;content&#8221; icon=&#8221;moon-checkmark-3&#8243;]Descongesti\u00f3n de los puntos f\u00edsicos de pago.[\/services_small][\/vc_column][vc_column width=&#8221;1\/4&#8243;][services_small icon_color=&#8221;#6411d9&#8243; dynamic_content_type=&#8221;content&#8221; icon=&#8221;moon-checkmark-3&#8243;]Autogesti\u00f3n del pago de impuestos por parte de los ciudadanos.[\/services_small][\/vc_column][vc_column width=&#8221;1\/4&#8243;][services_small icon_color=&#8221;#6411d9&#8243; dynamic_content_type=&#8221;content&#8221; icon=&#8221;moon-checkmark-3&#8243;]Mejora la efectividad del recaudo.[\/services_small][\/vc_column][\/vc_row][vc_section css=&#8221;.vc_custom_1666712331442{margin-top: 5% !important;}&#8221;][\/vc_section][vc_row top_padding=&#8221;80&#8243; bottom_padding=&#8221;80&#8243;][vc_column][vc_video link=&#8221;https:\/\/vimeo.com\/589881700\/&#8221; align=&#8221;center&#8221;][\/vc_column][\/vc_row][vc_section][vc_row full_width=&#8221;stretch_row_content_no_spaces&#8221; content_placement=&#8221;middle&#8221; type=&#8221;full_width_background&#8221; bg_color=&#8221;#f3f4f7&#8243; top_padding=&#8221;70&#8243; bottom_padding=&#8221;70&#8243; class=&#8221;margin-bottom-none&#8221;][vc_column][vc_custom_heading text=&#8221;Estas plataformas pueden tener un servicio integrado con&#8221; font_container=&#8221;tag:h1|text_align:center&#8221; use_theme_fonts=&#8221;yes&#8221;][\/vc_column][\/vc_row][vc_row top_padding=&#8221;40&#8243;][vc_column width=&#8221;1\/3&#8243; css=&#8221;.vc_custom_1666702896082{margin-top: 0px !important;padding-right: 40px !important;padding-left: 40px !important;}&#8221;][vc_single_image image=&#8221;16789&#8243; img_size=&#8221;full&#8221;][separator width=&#8221;60px&#8221; color=&#8221;#6411d9&#8243; margin_top=&#8221;20px&#8221; margin_bottom=&#8221;20px&#8221;][vc_column_text]<\/p>\n<h4>Marketing Digital y Comunicaciones<\/h4>\n<p>Desde 2020, <strong>m\u00e1s de 3.703.585 personas se han conectado<\/strong> a la plataforma y han visitado <strong>m\u00e1s de 42.248.973 p\u00e1ginas internas.<\/strong>[\/vc_column_text][\/vc_column][vc_column width=&#8221;1\/3&#8243; css=&#8221;.vc_custom_1666702901644{margin-top: 0px !important;padding-right: 40px !important;padding-left: 40px !important;}&#8221;][vc_single_image image=&#8221;16790&#8243; img_size=&#8221;full&#8221;][separator width=&#8221;60px&#8221; color=&#8221;#6411d9&#8243; margin_top=&#8221;20px&#8221; margin_bottom=&#8221;20px&#8221;][vc_column_text]<\/p>\n<h4>Gesti\u00f3n del cobro persuasivo y coactivo<\/h4>\n<p>En 2021, tuvimos un <strong>93,33% de mensajes enviados correctamente<\/strong> por correo electr\u00f3nico y SMS[\/vc_column_text][\/vc_column][vc_column width=&#8221;1\/3&#8243; css=&#8221;.vc_custom_1666702907844{margin-top: 0px !important;padding-right: 40px !important;padding-left: 40px !important;}&#8221;][vc_single_image image=&#8221;16814&#8243; img_size=&#8221;full&#8221;][separator width=&#8221;60px&#8221; color=&#8221;#6411d9&#8243; margin_top=&#8221;20px&#8221; margin_bottom=&#8221;20px&#8221;][vc_column_text]<\/p>\n<h4>Asistente virtual &#8211; CIVii<\/h4>\n<p>Desde 2020, ha habido <strong>m\u00e1s de 219.482 mensajes totales,<\/strong> 115.509 conversaciones con ciudadanos y 1,94 mensajes por conversaci\u00f3n.[\/vc_column_text][\/vc_column][\/vc_row][\/vc_section][vc_section css=&#8221;.vc_custom_1665541715109{margin-top: 8% !important;margin-bottom: 8% !important;}&#8221;][vc_row][vc_column width=&#8221;1\/4&#8243;][\/vc_column][vc_column width=&#8221;1\/4&#8243;][vc_custom_heading text=&#8221;\u00bfQuieres conocer m\u00e1s?&#8221; font_container=&#8221;tag:h3|text_align:center&#8221; use_theme_fonts=&#8221;yes&#8221;][\/vc_column][vc_column width=&#8221;1\/4&#8243;][button title=&#8221;\u00a1Cont\u00e1ctanos!&#8221; link=&#8221;https:\/\/www.quipux.com\/web\/contact-us\/&#8221; align=&#8221;center&#8221;][\/vc_column][vc_column width=&#8221;1\/4&#8243;][\/vc_column][\/vc_row][\/vc_section][vc_section][vc_row type=&#8221;full_width_content&#8221; bg_color=&#8221;#f3f4f7&#8243; top_padding=&#8221;30&#8243; bottom_padding=&#8221;30&#8243;][vc_column width=&#8221;1\/3&#8243; centered_cont=&#8221;true&#8221; centered_cont_vertical=&#8221;true&#8221;][block_title inner_style_title=&#8221;only_text&#8221; title=&#8221;Clientes&#8221;][\/block_title][\/vc_column][vc_column width=&#8221;2\/3&#8243; css=&#8221;.vc_custom_1664235627909{padding-right: 6% !important;}&#8221;]\t\n\t\t<div id=\"gs_logo_area_18\" data-sort=\"name\" data-shortcode-id=\"18\" class=\"gs_logo_area gs_logo_area_18 slider1 \" data-options='{\"logo_per_page\":\"6\"}' style=\"opacity: 0; visibility: hidden;\">\n\t\t\t<div class=\"gs_logo_area--inner\">\n\n\t\t\t\t<!-- Category Filters - New (Global) -->\n\t\t\t\t\t\n\t\t\t\t\n<div class=\"gs_logo_container gs_carousel_swiper gs_logo_fix_height_and_center\" data-carousel-config='{\"direction\":\"horizontal\",\"speed\":700,\"isAutoplay\":true,\"autoplayDelay\":2000,\"loop\":false,\"pauseOnHover\":true,\"ticker\":false,\"navs\":false,\"navs_pos\":\"left-right\",\"dots\":false,\"dynamic_dots\":true,\"slideSpace\":10,\"slidesPerGroup\":1,\"desktopLogos\":4,\"tabletLogos\":2,\"mobileLogos\":2,\"reverseDirection\":false}'>\n\n\t\n\t\t\n\t\t\t<div class=\"gs_logo_single--wrapper\">\n\t\t\t\t<div class=\"gs_logo_single\">\n\n\t\t\t\t\t<!-- Logo Img -->\n\t\t\t\t\t<img loading=\"lazy\" decoding=\"async\" width=\"300\" height=\"240\" src=\"https:\/\/www.quipux.com\/web\/wp-content\/uploads\/2024\/01\/Valle-del-Cauca-300x240.png\" class=\"tt-placement-top tt-bgcolor-one-%23ff5f6d tt-bgcolor-two-%23ffc371 tt-textcolor-%23fff gs-logo--img wp-post-image\" alt=\"\" title=\"Valle del Cauca\" srcset=\"https:\/\/www.quipux.com\/web\/wp-content\/uploads\/2024\/01\/Valle-del-Cauca-300x240.png 300w, https:\/\/www.quipux.com\/web\/wp-content\/uploads\/2024\/01\/Valle-del-Cauca.png 500w\" sizes=\"auto, (max-width: 300px) 100vw, 300px\" \/>\n\t\t\t\t\t<!-- Logo Title -->\n\t\t\t\t\t\t\t\t\t\t\n\t\t\t\t\t<!-- Logo Category -->\n\t\t\t\t\t\t\t\t\t\t\n\t\t\t\t<\/div>\n\t\t\t<\/div>\n\n\t\t\n\t\t\t<div class=\"gs_logo_single--wrapper\">\n\t\t\t\t<div class=\"gs_logo_single\">\n\n\t\t\t\t\t<!-- Logo Img -->\n\t\t\t\t\t<img loading=\"lazy\" decoding=\"async\" width=\"300\" height=\"240\" src=\"https:\/\/www.quipux.com\/web\/wp-content\/uploads\/2024\/01\/Antioquia-300x240.png\" class=\"tt-placement-top tt-bgcolor-one-%23ff5f6d tt-bgcolor-two-%23ffc371 tt-textcolor-%23fff gs-logo--img wp-post-image\" alt=\"\" title=\"Antioquia\" srcset=\"https:\/\/www.quipux.com\/web\/wp-content\/uploads\/2024\/01\/Antioquia-300x240.png 300w, https:\/\/www.quipux.com\/web\/wp-content\/uploads\/2024\/01\/Antioquia.png 500w\" sizes=\"auto, (max-width: 300px) 100vw, 300px\" \/>\n\t\t\t\t\t<!-- Logo Title -->\n\t\t\t\t\t\t\t\t\t\t\n\t\t\t\t\t<!-- Logo Category -->\n\t\t\t\t\t\t\t\t\t\t\n\t\t\t\t<\/div>\n\t\t\t<\/div>\n\n\t\t\t\t\n\t\n<\/div>\n\t\t\t\t<!-- Pagination -->\n\t\t\t\t\n\t\t\t<\/div>\n\t\t<\/div>\n\t\n\t\t<style>#gs_logo_area_18:not(.verticaltickerdown):not(.verticalticker) .gs_logo_container{margin-left:-5px}#gs_logo_area_18:not(.verticaltickerdown):not(.verticalticker) .gs_logo_container{margin-right:-5px}#gs_logo_area_18:not(.verticaltickerdown):not(.verticalticker) .gs_logo_single--wrapper{padding:5px}#gs_logo_area_18 ul.gs-logo-filter-cats{text-align:center!important}#gs_logo_area_18 .gs_logo_single--wrapper{width:25%}@media (max-width:1023px){#gs_logo_area_18 .gs_logo_single--wrapper{width:50%}}@media (max-width:767px){#gs_logo_area_18 .gs_logo_single--wrapper{width:50%}}<\/style>[\/vc_column][\/vc_row][\/vc_section][vc_row][vc_column width=&#8221;1\/4&#8243; css=&#8221;.vc_custom_1663356676248{padding-top: 80px !important;}&#8221;][vc_custom_heading text=&#8221;Conoce nuestras&#8221; font_container=&#8221;tag:h1|text_align:left&#8221; use_theme_fonts=&#8221;yes&#8221; css=&#8221;.vc_custom_1665541151726{padding-top: 30px !important;}&#8221;][vc_custom_heading text=&#8221;dem\u00e1s soluciones&#8221; font_container=&#8221;tag:h1|text_align:left|color:%234e0da9&#8243; use_theme_fonts=&#8221;yes&#8221;][\/vc_column][vc_column width=&#8221;3\/4&#8243; column_padding=&#8221;5%&#8221;][recent_portfolio style=&#8221;basic_effect&#8221; columns=&#8221;3&#8243; carousel=&#8221;no&#8221; from_where=&#8221;cat&#8221; category=&#8221;83&#8243;][\/vc_column][\/vc_row]<\/p>\n<\/section>","protected":false},"excerpt":{"rendered":"<p>[vc_row full_width=&#8221;stretch_row_content_no_spaces&#8221; bg_image=&#8221;17150&#8243; bg_color=&#8221;#262236&#8243; text_color=&#8221;light&#8221; top_padding=&#8221;150&#8243; bottom_padding=&#8221;150&#8243;][vc_column][vc_custom_heading text=&#8221;Impuesto vehicular&#8221; font_container=&#8221;tag:h1|font_size:50px|text_align:left|line_height:70px&#8221; use_theme_fonts=&#8221;yes&#8221; css=&#8221;.vc_custom_1667427802362{padding-top: 80px !important;padding-right: 20px !important;padding-left: 20px !important;}&#8221;][\/vc_column][\/vc_row][vc_row top_padding=&#8221;40&#8243;][vc_column][vc_row_inner][vc_column_inner width=&#8221;5\/6&#8243;][block_title style=&#8221;column_title&#8221; inner_style=&#8221;inline_border_circle&#8221; title=&#8221;Plataforma que permite a los gobiernos recaudar eficazmente los impuestos sobre los veh\u00edculos.&#8221;][\/block_title][\/vc_column_inner][vc_column_inner width=&#8221;1\/6&#8243;][\/vc_column_inner][\/vc_row_inner][vc_row_inner css=&#8221;.vc_custom_1665161964085{padding-top: 20px !important;}&#8221;][vc_column_inner width=&#8221;1\/6&#8243;][\/vc_column_inner][vc_column_inner width=&#8221;2\/4&#8243;][vc_custom_heading text=&#8221;Nuestro objetivo con esta soluci\u00f3n es reforzar los servicios para los contribuyentes, donde todos [&hellip;]<\/p>\n","protected":false},"author":1,"featured_media":0,"parent":0,"menu_order":0,"comment_status":"closed","ping_status":"closed","template":"","meta":{"footnotes":""},"class_list":["post-17465","page","type-page","status-publish","hentry"],"yoast_head":"<!-- This site is optimized with the Yoast SEO Premium plugin v15.6.2 - https:\/\/yoast.com\/wordpress\/plugins\/seo\/ -->\n<title>Impuesto vehicular | Quipux<\/title>\n<meta name=\"robots\" content=\"index, follow, max-snippet:-1, max-image-preview:large, max-video-preview:-1\" \/>\n<link rel=\"canonical\" href=\"https:\/\/www.quipux.com\/web\/impuesto-vehicular\/\" \/>\n<meta property=\"og:locale\" content=\"es_ES\" \/>\n<meta property=\"og:type\" content=\"article\" \/>\n<meta property=\"og:title\" content=\"Impuesto vehicular | Quipux\" \/>\n<meta property=\"og:description\" content=\"[vc_row full_width=&#8221;stretch_row_content_no_spaces&#8221; bg_image=&#8221;17150&#8243; bg_color=&#8221;#262236&#8243; text_color=&#8221;light&#8221; top_padding=&#8221;150&#8243; bottom_padding=&#8221;150&#8243;][vc_column][vc_custom_heading text=&#8221;Impuesto vehicular&#8221; font_container=&#8221;tag:h1|font_size:50px|text_align:left|line_height:70px&#8221; use_theme_fonts=&#8221;yes&#8221; css=&#8221;.vc_custom_1667427802362{padding-top: 80px !important;padding-right: 20px !important;padding-left: 20px !important;}&#8221;][\/vc_column][\/vc_row][vc_row top_padding=&#8221;40&#8243;][vc_column][vc_row_inner][vc_column_inner width=&#8221;5\/6&#8243;][block_title style=&#8221;column_title&#8221; inner_style=&#8221;inline_border_circle&#8221; title=&#8221;Plataforma que permite a los gobiernos recaudar eficazmente los impuestos sobre los veh\u00edculos.&#8221;][\/block_title][\/vc_column_inner][vc_column_inner width=&#8221;1\/6&#8243;][\/vc_column_inner][\/vc_row_inner][vc_row_inner css=&#8221;.vc_custom_1665161964085{padding-top: 20px !important;}&#8221;][vc_column_inner width=&#8221;1\/6&#8243;][\/vc_column_inner][vc_column_inner width=&#8221;2\/4&#8243;][vc_custom_heading text=&#8221;Nuestro objetivo con esta soluci\u00f3n es reforzar los servicios para los contribuyentes, donde todos [&hellip;]\" \/>\n<meta property=\"og:url\" content=\"https:\/\/www.quipux.com\/web\/impuesto-vehicular\/\" \/>\n<meta property=\"og:site_name\" content=\"Quipux\" \/>\n<meta property=\"article:modified_time\" content=\"2024-01-16T22:10:52+00:00\" \/>\n<meta name=\"twitter:card\" content=\"summary_large_image\" \/>\n<meta name=\"twitter:label1\" content=\"Tiempo de lectura\">\n\t<meta name=\"twitter:data1\" content=\"2 minutos\">\n<script type=\"application\/ld+json\" class=\"yoast-schema-graph\">{\"@context\":\"https:\/\/schema.org\",\"@graph\":[{\"@type\":\"Organization\",\"@id\":\"https:\/\/www.quipux.com\/web\/#organization\",\"name\":\"Quipux\",\"url\":\"https:\/\/www.quipux.com\/web\/\",\"sameAs\":[],\"logo\":{\"@type\":\"ImageObject\",\"@id\":\"https:\/\/www.quipux.com\/web\/#logo\",\"inLanguage\":\"es\",\"url\":\"https:\/\/www.quipux.com\/web\/wp-content\/uploads\/2022\/10\/Logo-quipux-1.png\",\"width\":195,\"height\":41,\"caption\":\"Quipux\"},\"image\":{\"@id\":\"https:\/\/www.quipux.com\/web\/#logo\"}},{\"@type\":\"WebSite\",\"@id\":\"https:\/\/www.quipux.com\/web\/#website\",\"url\":\"https:\/\/www.quipux.com\/web\/\",\"name\":\"Quipux\",\"description\":\"\",\"publisher\":{\"@id\":\"https:\/\/www.quipux.com\/web\/#organization\"},\"potentialAction\":[{\"@type\":\"SearchAction\",\"target\":\"https:\/\/www.quipux.com\/web\/?s={search_term_string}\",\"query-input\":\"required name=search_term_string\"}],\"inLanguage\":\"es\"},{\"@type\":\"WebPage\",\"@id\":\"https:\/\/www.quipux.com\/web\/impuesto-vehicular\/#webpage\",\"url\":\"https:\/\/www.quipux.com\/web\/impuesto-vehicular\/\",\"name\":\"Impuesto vehicular | Quipux\",\"isPartOf\":{\"@id\":\"https:\/\/www.quipux.com\/web\/#website\"},\"datePublished\":\"2022-10-21T14:22:43+00:00\",\"dateModified\":\"2024-01-16T22:10:52+00:00\",\"inLanguage\":\"es\",\"potentialAction\":[{\"@type\":\"ReadAction\",\"target\":[\"https:\/\/www.quipux.com\/web\/impuesto-vehicular\/\"]}]}]}<\/script>\n<!-- \/ Yoast SEO Premium plugin. -->","_links":{"self":[{"href":"https:\/\/www.quipux.com\/web\/wp-json\/wp\/v2\/pages\/17465","targetHints":{"allow":["GET"]}}],"collection":[{"href":"https:\/\/www.quipux.com\/web\/wp-json\/wp\/v2\/pages"}],"about":[{"href":"https:\/\/www.quipux.com\/web\/wp-json\/wp\/v2\/types\/page"}],"author":[{"embeddable":true,"href":"https:\/\/www.quipux.com\/web\/wp-json\/wp\/v2\/users\/1"}],"replies":[{"embeddable":true,"href":"https:\/\/www.quipux.com\/web\/wp-json\/wp\/v2\/comments?post=17465"}],"version-history":[{"count":10,"href":"https:\/\/www.quipux.com\/web\/wp-json\/wp\/v2\/pages\/17465\/revisions"}],"predecessor-version":[{"id":19107,"href":"https:\/\/www.quipux.com\/web\/wp-json\/wp\/v2\/pages\/17465\/revisions\/19107"}],"wp:attachment":[{"href":"https:\/\/www.quipux.com\/web\/wp-json\/wp\/v2\/media?parent=17465"}],"curies":[{"name":"wp","href":"https:\/\/api.w.org\/{rel}","templated":true}]}}