{"id":17476,"date":"2022-10-26T12:15:03","date_gmt":"2022-10-26T17:15:03","guid":{"rendered":"https:\/\/www.quipux.com\/web\/gestion-de-la-detencion-y-custodia-de-vehiculos\/"},"modified":"2024-01-16T17:08:07","modified_gmt":"2024-01-16T22:08:07","slug":"gestion-de-la-detencion-y-custodia-de-vehiculos","status":"publish","type":"page","link":"https:\/\/www.quipux.com\/web\/gestion-de-la-detencion-y-custodia-de-vehiculos\/","title":{"rendered":"Gesti\u00f3n de inmovilizaci\u00f3n y custodia de veh\u00edculos"},"content":{"rendered":"<section class=\"wpb-content-wrapper\"><p>[vc_row full_width=&#8221;stretch_row_content_no_spaces&#8221; parallax=&#8221;content-moving-fade&#8221; bg_image=&#8221;16380&#8243; bg_color=&#8221;#262236&#8243; text_color=&#8221;light&#8221; top_padding=&#8221;150&#8243; bottom_padding=&#8221;150&#8243;][vc_column][vc_custom_heading text=&#8221;Gesti\u00f3n de inmovilizaci\u00f3n y custodia de veh\u00edculos&#8221; font_container=&#8221;tag:h1|text_align:left|color:%23ffffff&#8221; use_theme_fonts=&#8221;yes&#8221; css=&#8221;.vc_custom_1667511590903{padding-top: 80px !important;padding-right: 20px !important;padding-left: 20px !important;}&#8221;][\/vc_column][\/vc_row][vc_row top_padding=&#8221;40&#8243;][vc_column][vc_row_inner][vc_column_inner width=&#8221;2\/3&#8243;][block_title style=&#8221;column_title&#8221; inner_style=&#8221;inline_border_circle&#8221; title=&#8221;Todo en un mismo sitio.&#8221;][\/block_title][\/vc_column_inner][vc_column_inner width=&#8221;1\/3&#8243;][\/vc_column_inner][\/vc_row_inner][vc_row_inner css=&#8221;.vc_custom_1665161964085{padding-top: 20px !important;}&#8221;][vc_column_inner width=&#8221;1\/6&#8243;][\/vc_column_inner][vc_column_inner width=&#8221;2\/4&#8243;][vc_custom_heading text=&#8221;Con esta plataforma se puede administrar y controlar de manera centralizada: la inmovilizaci\u00f3n de veh\u00edculos en las v\u00edas p\u00fablicas, la gesti\u00f3n de las gr\u00faas, el ingreso a los patios, la liquidaci\u00f3n y pagos, la administraci\u00f3n y control de las remociones de los veh\u00edculos inmovilizados y el seguimiento a la prestaci\u00f3n del servicio para el proceso de entrega de veh\u00edculos en el canal virtual y presencial.&#8221; font_container=&#8221;tag:p|text_align:left&#8221; use_theme_fonts=&#8221;yes&#8221;][\/vc_column_inner][\/vc_row_inner][vc_empty_space height=&#8221;50px&#8221;][\/vc_column][\/vc_row][vc_section css=&#8221;.vc_custom_1663274817623{margin-bottom: 10% !important;}&#8221;][vc_row][vc_column][block_title title=&#8221;Beneficios&#8221;][\/block_title][\/vc_column][\/vc_row][vc_row][vc_column width=&#8221;1\/3&#8243;][services_small icon_color=&#8221;#6411d9&#8243; dynamic_content_type=&#8221;content&#8221; icon=&#8221;moon-checkmark-3&#8243;]Reducci\u00f3n de los tiempos de espera y desplazamiento.[\/services_small][\/vc_column][vc_column width=&#8221;1\/3&#8243;][services_small icon_color=&#8221;#6411d9&#8243; dynamic_content_type=&#8221;content&#8221; icon=&#8221;moon-checkmark-3&#8243;]Acceso a un canal virtual para informaci\u00f3n, simulaci\u00f3n y pago electr\u00f3nico.[\/services_small][\/vc_column][vc_column width=&#8221;1\/3&#8243;][services_small icon_color=&#8221;#6411d9&#8243; dynamic_content_type=&#8221;content&#8221; icon=&#8221;moon-checkmark-3&#8243;]Informaci\u00f3n sobre la localizaci\u00f3n del veh\u00edculo.[\/services_small][\/vc_column][\/vc_row][vc_row][vc_column width=&#8221;1\/3&#8243;][services_small icon_color=&#8221;#6411d9&#8243; dynamic_content_type=&#8221;content&#8221; icon=&#8221;moon-checkmark-3&#8243;]Virtualizaci\u00f3n del proceso de solicitud de entrega de veh\u00edculo.[\/services_small][\/vc_column][vc_column width=&#8221;1\/3&#8243;][services_small icon_color=&#8221;#6411d9&#8243; dynamic_content_type=&#8221;content&#8221; icon=&#8221;moon-checkmark-3&#8243;]Optimizaci\u00f3n de la log\u00edstica asociada con los patios, lo que garantiza un mejor uso y disponibilidad.[\/services_small][\/vc_column][vc_column width=&#8221;1\/3&#8243;][services_small icon_color=&#8221;#6411d9&#8243; dynamic_content_type=&#8221;content&#8221; icon=&#8221;moon-checkmark-3&#8243;]Inventario digital de veh\u00edculos inmovilizados.[\/services_small][\/vc_column][\/vc_row][\/vc_section][vc_section css=&#8221;.vc_custom_1705442872843{margin-top: 8% !important;margin-bottom: 8% !important;}&#8221;][vc_row type=&#8221;full_width_content&#8221; bg_color=&#8221;#f3f4f7&#8243; top_padding=&#8221;30&#8243; bottom_padding=&#8221;30&#8243;][vc_column width=&#8221;1\/3&#8243; centered_cont=&#8221;true&#8221; centered_cont_vertical=&#8221;true&#8221;][block_title inner_style_title=&#8221;only_text&#8221; title=&#8221;Clientes&#8221;][\/block_title][\/vc_column][vc_column width=&#8221;2\/3&#8243; css=&#8221;.vc_custom_1664235627909{padding-right: 6% !important;}&#8221;]\t\n\t\t<div id=\"gs_logo_area_17\" data-sort=\"name\" data-shortcode-id=\"17\" class=\"gs_logo_area gs_logo_area_17 slider1 \" data-options='{\"logo_per_page\":\"6\"}' style=\"opacity: 0; visibility: hidden;\">\n\t\t\t<div class=\"gs_logo_area--inner\">\n\n\t\t\t\t<!-- Category Filters - New (Global) -->\n\t\t\t\t\t\n\t\t\t\t\n<div class=\"gs_logo_container gs_carousel_swiper gs_logo_fix_height_and_center\" data-carousel-config='{\"direction\":\"horizontal\",\"speed\":700,\"isAutoplay\":true,\"autoplayDelay\":2000,\"loop\":false,\"pauseOnHover\":true,\"ticker\":false,\"navs\":false,\"navs_pos\":\"left-right\",\"dots\":false,\"dynamic_dots\":true,\"slideSpace\":10,\"slidesPerGroup\":1,\"desktopLogos\":4,\"tabletLogos\":3,\"mobileLogos\":2,\"reverseDirection\":false}'>\n\n\t\n\t\t\n\t\t\t<div class=\"gs_logo_single--wrapper\">\n\t\t\t\t<div class=\"gs_logo_single\">\n\n\t\t\t\t\t<!-- Logo Img -->\n\t\t\t\t\t<img loading=\"lazy\" decoding=\"async\" width=\"300\" height=\"240\" src=\"https:\/\/www.quipux.com\/web\/wp-content\/uploads\/2024\/01\/Cali-300x240.png\" class=\"tt-placement-top tt-bgcolor-one-%23ff5f6d tt-bgcolor-two-%23ffc371 tt-textcolor-%23fff gs-logo--img wp-post-image\" alt=\"\" title=\"Cali\" srcset=\"https:\/\/www.quipux.com\/web\/wp-content\/uploads\/2024\/01\/Cali-300x240.png 300w, https:\/\/www.quipux.com\/web\/wp-content\/uploads\/2024\/01\/Cali.png 500w\" sizes=\"auto, (max-width: 300px) 100vw, 300px\" \/>\n\t\t\t\t\t<!-- Logo Title -->\n\t\t\t\t\t\t\t\t\t\t\n\t\t\t\t\t<!-- Logo Category -->\n\t\t\t\t\t\t\t\t\t\t\n\t\t\t\t<\/div>\n\t\t\t<\/div>\n\n\t\t\n\t\t\t<div class=\"gs_logo_single--wrapper\">\n\t\t\t\t<div class=\"gs_logo_single\">\n\n\t\t\t\t\t<!-- Logo Img -->\n\t\t\t\t\t<img loading=\"lazy\" decoding=\"async\" width=\"300\" height=\"240\" src=\"https:\/\/www.quipux.com\/web\/wp-content\/uploads\/2024\/01\/Itagui-300x240.png\" class=\"tt-placement-top tt-bgcolor-one-%23ff5f6d tt-bgcolor-two-%23ffc371 tt-textcolor-%23fff gs-logo--img wp-post-image\" alt=\"\" title=\"Itag\u00fc\u00ed\" srcset=\"https:\/\/www.quipux.com\/web\/wp-content\/uploads\/2024\/01\/Itagui-300x240.png 300w, https:\/\/www.quipux.com\/web\/wp-content\/uploads\/2024\/01\/Itagui.png 500w\" sizes=\"auto, (max-width: 300px) 100vw, 300px\" \/>\n\t\t\t\t\t<!-- Logo Title -->\n\t\t\t\t\t\t\t\t\t\t\n\t\t\t\t\t<!-- Logo Category -->\n\t\t\t\t\t\t\t\t\t\t\n\t\t\t\t<\/div>\n\t\t\t<\/div>\n\n\t\t\t\t\n\t\n<\/div>\n\t\t\t\t<!-- Pagination -->\n\t\t\t\t\n\t\t\t<\/div>\n\t\t<\/div>\n\t\n\t\t<style>#gs_logo_area_17:not(.verticaltickerdown):not(.verticalticker) .gs_logo_container{margin-left:-5px}#gs_logo_area_17:not(.verticaltickerdown):not(.verticalticker) .gs_logo_container{margin-right:-5px}#gs_logo_area_17:not(.verticaltickerdown):not(.verticalticker) .gs_logo_single--wrapper{padding:5px}#gs_logo_area_17 ul.gs-logo-filter-cats{text-align:center!important}#gs_logo_area_17 .gs_logo_single--wrapper{width:25%}@media (max-width:1023px){#gs_logo_area_17 .gs_logo_single--wrapper{width:33.333333333333%}}@media (max-width:767px){#gs_logo_area_17 .gs_logo_single--wrapper{width:50%}}<\/style>[\/vc_column][\/vc_row][\/vc_section][vc_row][vc_column width=&#8221;1\/4&#8243; css=&#8221;.vc_custom_1663356676248{padding-top: 80px !important;}&#8221;][vc_custom_heading text=&#8221;Conoce nuestras&#8221; font_container=&#8221;tag:h1|text_align:left&#8221; use_theme_fonts=&#8221;yes&#8221; css=&#8221;.vc_custom_1665541151726{padding-top: 30px !important;}&#8221;][vc_custom_heading text=&#8221;dem\u00e1s soluciones&#8221; font_container=&#8221;tag:h1|text_align:left|color:%234e0da9&#8243; use_theme_fonts=&#8221;yes&#8221;][\/vc_column][vc_column width=&#8221;3\/4&#8243; column_padding=&#8221;5%&#8221;][recent_portfolio style=&#8221;basic_effect&#8221; columns=&#8221;3&#8243; rows=&#8221;2&#8243; from_where=&#8221;cat&#8221; category=&#8221;42&#8243;][\/vc_column][\/vc_row]<\/p>\n<\/section>","protected":false},"excerpt":{"rendered":"<p>[vc_row full_width=&#8221;stretch_row_content_no_spaces&#8221; parallax=&#8221;content-moving-fade&#8221; bg_image=&#8221;16380&#8243; bg_color=&#8221;#262236&#8243; text_color=&#8221;light&#8221; top_padding=&#8221;150&#8243; bottom_padding=&#8221;150&#8243;][vc_column][vc_custom_heading text=&#8221;Gesti\u00f3n de inmovilizaci\u00f3n y custodia de veh\u00edculos&#8221; font_container=&#8221;tag:h1|text_align:left|color:%23ffffff&#8221; use_theme_fonts=&#8221;yes&#8221; css=&#8221;.vc_custom_1667511590903{padding-top: 80px !important;padding-right: 20px !important;padding-left: 20px !important;}&#8221;][\/vc_column][\/vc_row][vc_row top_padding=&#8221;40&#8243;][vc_column][vc_row_inner][vc_column_inner width=&#8221;2\/3&#8243;][block_title style=&#8221;column_title&#8221; inner_style=&#8221;inline_border_circle&#8221; title=&#8221;Todo en un mismo sitio.&#8221;][\/block_title][\/vc_column_inner][vc_column_inner width=&#8221;1\/3&#8243;][\/vc_column_inner][\/vc_row_inner][vc_row_inner css=&#8221;.vc_custom_1665161964085{padding-top: 20px !important;}&#8221;][vc_column_inner width=&#8221;1\/6&#8243;][\/vc_column_inner][vc_column_inner width=&#8221;2\/4&#8243;][vc_custom_heading text=&#8221;Con esta plataforma se puede administrar y controlar de manera centralizada: la inmovilizaci\u00f3n de veh\u00edculos en [&hellip;]<\/p>\n","protected":false},"author":1,"featured_media":0,"parent":0,"menu_order":0,"comment_status":"closed","ping_status":"closed","template":"","meta":{"footnotes":""},"class_list":["post-17476","page","type-page","status-publish","hentry"],"yoast_head":"<!-- This site is optimized with the Yoast SEO Premium plugin v15.6.2 - https:\/\/yoast.com\/wordpress\/plugins\/seo\/ -->\n<title>Gesti\u00f3n de inmovilizaci\u00f3n y custodia de veh\u00edculos | Quipux<\/title>\n<meta name=\"robots\" content=\"index, follow, max-snippet:-1, max-image-preview:large, max-video-preview:-1\" \/>\n<link rel=\"canonical\" href=\"https:\/\/www.quipux.com\/web\/gestion-de-la-detencion-y-custodia-de-vehiculos\/\" \/>\n<meta property=\"og:locale\" content=\"es_ES\" \/>\n<meta property=\"og:type\" content=\"article\" \/>\n<meta property=\"og:title\" content=\"Gesti\u00f3n de inmovilizaci\u00f3n y custodia de veh\u00edculos | Quipux\" \/>\n<meta property=\"og:description\" content=\"[vc_row full_width=&#8221;stretch_row_content_no_spaces&#8221; parallax=&#8221;content-moving-fade&#8221; bg_image=&#8221;16380&#8243; bg_color=&#8221;#262236&#8243; text_color=&#8221;light&#8221; top_padding=&#8221;150&#8243; bottom_padding=&#8221;150&#8243;][vc_column][vc_custom_heading text=&#8221;Gesti\u00f3n de inmovilizaci\u00f3n y custodia de veh\u00edculos&#8221; font_container=&#8221;tag:h1|text_align:left|color:%23ffffff&#8221; use_theme_fonts=&#8221;yes&#8221; css=&#8221;.vc_custom_1667511590903{padding-top: 80px !important;padding-right: 20px !important;padding-left: 20px !important;}&#8221;][\/vc_column][\/vc_row][vc_row top_padding=&#8221;40&#8243;][vc_column][vc_row_inner][vc_column_inner width=&#8221;2\/3&#8243;][block_title style=&#8221;column_title&#8221; inner_style=&#8221;inline_border_circle&#8221; title=&#8221;Todo en un mismo sitio.&#8221;][\/block_title][\/vc_column_inner][vc_column_inner width=&#8221;1\/3&#8243;][\/vc_column_inner][\/vc_row_inner][vc_row_inner css=&#8221;.vc_custom_1665161964085{padding-top: 20px !important;}&#8221;][vc_column_inner width=&#8221;1\/6&#8243;][\/vc_column_inner][vc_column_inner width=&#8221;2\/4&#8243;][vc_custom_heading text=&#8221;Con esta plataforma se puede administrar y controlar de manera centralizada: la inmovilizaci\u00f3n de veh\u00edculos en [&hellip;]\" \/>\n<meta property=\"og:url\" content=\"https:\/\/www.quipux.com\/web\/gestion-de-la-detencion-y-custodia-de-vehiculos\/\" \/>\n<meta property=\"og:site_name\" content=\"Quipux\" \/>\n<meta property=\"article:modified_time\" content=\"2024-01-16T22:08:07+00:00\" \/>\n<meta name=\"twitter:card\" content=\"summary_large_image\" \/>\n<meta name=\"twitter:label1\" content=\"Tiempo de lectura\">\n\t<meta name=\"twitter:data1\" content=\"1 minuto\">\n<script type=\"application\/ld+json\" class=\"yoast-schema-graph\">{\"@context\":\"https:\/\/schema.org\",\"@graph\":[{\"@type\":\"Organization\",\"@id\":\"https:\/\/www.quipux.com\/web\/#organization\",\"name\":\"Quipux\",\"url\":\"https:\/\/www.quipux.com\/web\/\",\"sameAs\":[],\"logo\":{\"@type\":\"ImageObject\",\"@id\":\"https:\/\/www.quipux.com\/web\/#logo\",\"inLanguage\":\"es\",\"url\":\"https:\/\/www.quipux.com\/web\/wp-content\/uploads\/2022\/10\/Logo-quipux-1.png\",\"width\":195,\"height\":41,\"caption\":\"Quipux\"},\"image\":{\"@id\":\"https:\/\/www.quipux.com\/web\/#logo\"}},{\"@type\":\"WebSite\",\"@id\":\"https:\/\/www.quipux.com\/web\/#website\",\"url\":\"https:\/\/www.quipux.com\/web\/\",\"name\":\"Quipux\",\"description\":\"\",\"publisher\":{\"@id\":\"https:\/\/www.quipux.com\/web\/#organization\"},\"potentialAction\":[{\"@type\":\"SearchAction\",\"target\":\"https:\/\/www.quipux.com\/web\/?s={search_term_string}\",\"query-input\":\"required name=search_term_string\"}],\"inLanguage\":\"es\"},{\"@type\":\"WebPage\",\"@id\":\"https:\/\/www.quipux.com\/web\/gestion-de-la-detencion-y-custodia-de-vehiculos\/#webpage\",\"url\":\"https:\/\/www.quipux.com\/web\/gestion-de-la-detencion-y-custodia-de-vehiculos\/\",\"name\":\"Gesti\\u00f3n de inmovilizaci\\u00f3n y custodia de veh\\u00edculos | Quipux\",\"isPartOf\":{\"@id\":\"https:\/\/www.quipux.com\/web\/#website\"},\"datePublished\":\"2022-10-26T17:15:03+00:00\",\"dateModified\":\"2024-01-16T22:08:07+00:00\",\"inLanguage\":\"es\",\"potentialAction\":[{\"@type\":\"ReadAction\",\"target\":[\"https:\/\/www.quipux.com\/web\/gestion-de-la-detencion-y-custodia-de-vehiculos\/\"]}]}]}<\/script>\n<!-- \/ Yoast SEO Premium plugin. -->","_links":{"self":[{"href":"https:\/\/www.quipux.com\/web\/wp-json\/wp\/v2\/pages\/17476","targetHints":{"allow":["GET"]}}],"collection":[{"href":"https:\/\/www.quipux.com\/web\/wp-json\/wp\/v2\/pages"}],"about":[{"href":"https:\/\/www.quipux.com\/web\/wp-json\/wp\/v2\/types\/page"}],"author":[{"embeddable":true,"href":"https:\/\/www.quipux.com\/web\/wp-json\/wp\/v2\/users\/1"}],"replies":[{"embeddable":true,"href":"https:\/\/www.quipux.com\/web\/wp-json\/wp\/v2\/comments?post=17476"}],"version-history":[{"count":8,"href":"https:\/\/www.quipux.com\/web\/wp-json\/wp\/v2\/pages\/17476\/revisions"}],"predecessor-version":[{"id":19105,"href":"https:\/\/www.quipux.com\/web\/wp-json\/wp\/v2\/pages\/17476\/revisions\/19105"}],"wp:attachment":[{"href":"https:\/\/www.quipux.com\/web\/wp-json\/wp\/v2\/media?parent=17476"}],"curies":[{"name":"wp","href":"https:\/\/api.w.org\/{rel}","templated":true}]}}