{"id":17487,"date":"2022-10-26T10:15:21","date_gmt":"2022-10-26T15:15:21","guid":{"rendered":"https:\/\/www.quipux.com\/web\/control-del-comercio-de-partes-usadas\/"},"modified":"2024-01-16T16:44:58","modified_gmt":"2024-01-16T21:44:58","slug":"control-del-comercio-de-partes-usadas","status":"publish","type":"page","link":"https:\/\/www.quipux.com\/web\/control-del-comercio-de-partes-usadas\/","title":{"rendered":"Control del comercio de partes usadas"},"content":{"rendered":"<section class=\"wpb-content-wrapper\"><p>[vc_row full_width=&#8221;stretch_row_content_no_spaces&#8221; bg_image=&#8221;17189&#8243; bg_color=&#8221;#262236&#8243; text_color=&#8221;light&#8221; top_padding=&#8221;150&#8243; bottom_padding=&#8221;150&#8243;][vc_column][vc_custom_heading text=&#8221;Control del comercio de partes usadas&#8221; font_container=&#8221;tag:h1|font_size:50px|text_align:left|line_height:70px&#8221; use_theme_fonts=&#8221;yes&#8221; css=&#8221;.vc_custom_1667246349196{padding-top: 80px !important;padding-right: 20px !important;padding-left: 20px !important;}&#8221;][\/vc_column][\/vc_row][vc_row top_padding=&#8221;40&#8243;][vc_column][vc_row_inner][vc_column_inner width=&#8221;5\/6&#8243;][block_title style=&#8221;column_title&#8221; inner_style=&#8221;inline_border_circle&#8221; title=&#8221;Plataforma que soporta la gesti\u00f3n y el control de los veh\u00edculos averiados, as\u00ed como el destino de sus partes y piezas.&#8221;][\/block_title][\/vc_column_inner][vc_column_inner width=&#8221;1\/6&#8243;][\/vc_column_inner][\/vc_row_inner][vc_row_inner css=&#8221;.vc_custom_1665161964085{padding-top: 20px !important;}&#8221;][vc_column_inner width=&#8221;1\/6&#8243;][\/vc_column_inner][vc_column_inner width=&#8221;2\/4&#8243;][vc_custom_heading text=&#8221;Igualmente, controla el proceso desde la acreditaci\u00f3n de las empresas que act\u00faan en el ramo de desmonte de veh\u00edculos, pasando por el registro y monitoreo de las operaciones de las empresas de este sector, hasta la compra de piezas enteras o en partes por el ciudadano en las reventas autorizadas.&#8221; font_container=&#8221;tag:p|text_align:left&#8221; use_theme_fonts=&#8221;yes&#8221;][\/vc_column_inner][\/vc_row_inner][\/vc_column][\/vc_row][vc_row gap=&#8221;10&#8243; content_placement=&#8221;middle&#8221; type=&#8221;full_width_content&#8221; top_padding=&#8221;40&#8243; bottom_padding=&#8221;40&#8243;][vc_column width=&#8221;1\/2&#8243; centered_cont=&#8221;true&#8221; css=&#8221;.vc_custom_1667487997206{background-position: center !important;background-repeat: no-repeat !important;background-size: contain !important;}&#8221;][vc_single_image image=&#8221;16858&#8243; img_size=&#8221;full&#8221; alignment=&#8221;center&#8221;][\/vc_column][vc_column width=&#8221;1\/2&#8243; column_padding=&#8221;5%&#8221; css=&#8221;.vc_custom_1667512582926{margin-top: 15% !important;}&#8221;][block_title style=&#8221;column_title&#8221; inner_style=&#8221;inline_border_circle&#8221; title=&#8221;Esta plataforma permite&#8221;][\/block_title][list icon=&#8221;moon-circle-small&#8221;][list_item title=&#8221;Carga del inventario de piezas de repuesto por parte de las empresas.&#8221;][list_item title=&#8221;Registro de veh\u00edculos con autorizaci\u00f3n anulada para ser desmantelados.&#8221;][list_item title=&#8221;Registro de los veh\u00edculos que entran a las plantas de desmontaje.&#8221;][list_item title=&#8221;Registro de piezas de repuesto obtenidas de veh\u00edculos desmantelados.&#8221;][list_item title=&#8221;Solicitud, compra y registro de las etiquetas asignadas.&#8221;][list_item title=&#8221;Registro del movimiento de piezas de repuesto.&#8221;][list_item title=&#8221;Registro de ventas de piezas de repuesto.&#8221;][list_item title=&#8221;Consulta de la trazabilidad de las piezas para los ciudadanos.&#8221;][\/list][\/vc_column][\/vc_row][vc_row top_padding=&#8221;30&#8243;][vc_column][vc_video link=&#8221;https:\/\/vimeo.com\/480328083\/e7f5e9bc19&#8243; align=&#8221;center&#8221;][\/vc_column][\/vc_row][vc_row top_padding=&#8221;80&#8243;][vc_column][block_title title=&#8221;Beneficios&#8221;][\/block_title][\/vc_column][\/vc_row][vc_row][vc_column width=&#8221;1\/4&#8243;][services_small icon_color=&#8221;#6411d9&#8243; dynamic_content_type=&#8221;content&#8221; icon=&#8221;moon-checkmark-3&#8243;]Permite a la autoridad regular y controlar las empresas desmontadoras, comercializadoras, reparadoras y recicladoras.[\/services_small][\/vc_column][vc_column width=&#8221;1\/4&#8243;][services_small icon_color=&#8221;#6411d9&#8243; dynamic_content_type=&#8221;content&#8221; icon=&#8221;moon-checkmark-3&#8243;]Controla el movimiento de las piezas de inventario de empresas acreditadas. [\/services_small][\/vc_column][vc_column width=&#8221;1\/4&#8243;][services_small icon_color=&#8221;#6411d9&#8243; dynamic_content_type=&#8221;content&#8221; icon=&#8221;moon-checkmark-3&#8243;]Permite determinar la procedencia de las piezas de autopartes, proporcionando el control de autorizaci\u00f3n y uso de las piezas en los veh\u00edculos.[\/services_small][\/vc_column][vc_column width=&#8221;1\/4&#8243;][services_small icon_color=&#8221;#6411d9&#8243; dynamic_content_type=&#8221;content&#8221; icon=&#8221;moon-checkmark-3&#8243;]Monitoreo y control de la calidad y legalidad de las piezas. [\/services_small][\/vc_column][\/vc_row][vc_row bottom_padding=&#8221;80&#8243;][vc_column width=&#8221;1\/4&#8243;][services_small icon_color=&#8221;#6411d9&#8243; dynamic_content_type=&#8221;content&#8221; icon=&#8221;moon-checkmark-3&#8243;]Control y registro de las transacciones por venta de partes.[\/services_small][\/vc_column][vc_column width=&#8221;1\/4&#8243;][services_small icon_color=&#8221;#6411d9&#8243; dynamic_content_type=&#8221;content&#8221; icon=&#8221;moon-checkmark-3&#8243;]Disminuci\u00f3n del mercado negro de autopartes y el contrabando de repuestos usados.[\/services_small][\/vc_column][vc_column width=&#8221;1\/4&#8243;][services_small icon_color=&#8221;#6411d9&#8243; dynamic_content_type=&#8221;content&#8221; icon=&#8221;moon-checkmark-3&#8243;]Reducci\u00f3n de cr\u00edmenes por hurto de veh\u00edculos.[\/services_small][\/vc_column][vc_column width=&#8221;1\/4&#8243;][\/vc_column][\/vc_row][vc_section css=&#8221;.vc_custom_1667486058350{margin-top: 5% !important;}&#8221;][vc_row full_width=&#8221;stretch_row_content_no_spaces&#8221; content_placement=&#8221;middle&#8221; type=&#8221;full_width_background&#8221; bg_color=&#8221;#f3f4f7&#8243; top_padding=&#8221;50&#8243; bottom_padding=&#8221;50&#8243; class=&#8221;margin-bottom-none&#8221;][vc_column][vc_custom_heading text=&#8221;Resultados&#8221; font_container=&#8221;tag:h1|text_align:center&#8221; use_theme_fonts=&#8221;yes&#8221;][\/vc_column][\/vc_row][vc_row][vc_column width=&#8221;1\/4&#8243;][vc_single_image image=&#8221;16815&#8243; img_size=&#8221;full&#8221;][separator width=&#8221;60px&#8221; color=&#8221;#6411d9&#8243; margin_top=&#8221;20px&#8221; margin_bottom=&#8221;20px&#8221;][vc_column_text]<strong>Reducci\u00f3n del 25%<\/strong> de los hurtos y robos en el estado de S\u00e3o Paulo.[\/vc_column_text][\/vc_column][vc_column width=&#8221;1\/4&#8243;][vc_single_image image=&#8221;16816&#8243; img_size=&#8221;full&#8221;][separator width=&#8221;60px&#8221; color=&#8221;#6411d9&#8243; margin_top=&#8221;20px&#8221; margin_bottom=&#8221;20px&#8221;][vc_column_text]<strong>Formalizaci\u00f3n de la industria de autopartes<\/strong> en el Estado de S\u00e3o Paulo.[\/vc_column_text][\/vc_column][vc_column width=&#8221;1\/4&#8243;][vc_single_image image=&#8221;16817&#8243; img_size=&#8221;full&#8221;][separator width=&#8221;60px&#8221; color=&#8221;#6411d9&#8243; margin_top=&#8221;20px&#8221; margin_bottom=&#8221;20px&#8221;][vc_column_text]<strong>Pago de impuestos<\/strong> sobre la venta de piezas y la subasta de veh\u00edculos.[\/vc_column_text][\/vc_column][vc_column width=&#8221;1\/4&#8243;][vc_single_image image=&#8221;16818&#8243; img_size=&#8221;full&#8221;][separator width=&#8221;60px&#8221; color=&#8221;#6411d9&#8243; margin_top=&#8221;20px&#8221; margin_bottom=&#8221;20px&#8221;][vc_column_text]<strong>Creaci\u00f3n del seguro popular.<\/strong>[\/vc_column_text][\/vc_column][\/vc_row][\/vc_section][vc_section css=&#8221;.vc_custom_1665541715109{margin-top: 8% !important;margin-bottom: 8% !important;}&#8221;][vc_row][vc_column width=&#8221;1\/4&#8243;][\/vc_column][vc_column width=&#8221;1\/4&#8243;][vc_custom_heading text=&#8221;\u00bfQuieres conocer m\u00e1s?&#8221; font_container=&#8221;tag:h3|text_align:center&#8221; use_theme_fonts=&#8221;yes&#8221;][\/vc_column][vc_column width=&#8221;1\/4&#8243;][button title=&#8221;\u00a1Cont\u00e1ctanos!&#8221; link=&#8221;https:\/\/www.quipux.com\/web\/contact-us\/&#8221; align=&#8221;center&#8221;][\/vc_column][vc_column width=&#8221;1\/4&#8243;][\/vc_column][\/vc_row][\/vc_section][vc_section][vc_row type=&#8221;full_width_content&#8221; bg_color=&#8221;#f3f4f7&#8243; top_padding=&#8221;30&#8243; bottom_padding=&#8221;30&#8243;][vc_column width=&#8221;1\/3&#8243; centered_cont=&#8221;true&#8221; centered_cont_vertical=&#8221;true&#8221;][block_title inner_style_title=&#8221;only_text&#8221; title=&#8221;Clientes&#8221;][\/block_title][\/vc_column][vc_column width=&#8221;2\/3&#8243; css=&#8221;.vc_custom_1664235627909{padding-right: 6% !important;}&#8221;]\t\n\t\t<div id=\"gs_logo_area_13\" data-sort=\"name\" data-shortcode-id=\"13\" class=\"gs_logo_area gs_logo_area_13 slider1 \" data-options='{\"logo_per_page\":\"6\"}' style=\"opacity: 0; visibility: hidden;\">\n\t\t\t<div class=\"gs_logo_area--inner\">\n\n\t\t\t\t<!-- Category Filters - New (Global) -->\n\t\t\t\t\t\n\t\t\t\t\n<div class=\"gs_logo_container gs_carousel_swiper gs_logo_fix_height_and_center\" data-carousel-config='{\"direction\":\"horizontal\",\"speed\":700,\"isAutoplay\":true,\"autoplayDelay\":2000,\"loop\":false,\"pauseOnHover\":true,\"ticker\":false,\"navs\":false,\"navs_pos\":\"left-right\",\"dots\":false,\"dynamic_dots\":true,\"slideSpace\":10,\"slidesPerGroup\":1,\"desktopLogos\":4,\"tabletLogos\":3,\"mobileLogos\":2,\"reverseDirection\":false}'>\n\n\t\n\t\t\n\t\t\t<div class=\"gs_logo_single--wrapper\">\n\t\t\t\t<div class=\"gs_logo_single\">\n\n\t\t\t\t\t<!-- Logo Img -->\n\t\t\t\t\t<img loading=\"lazy\" decoding=\"async\" width=\"300\" height=\"240\" src=\"https:\/\/www.quipux.com\/web\/wp-content\/uploads\/2024\/01\/Rio-Grande-do-Norte-300x240.png\" class=\"tt-placement-top tt-bgcolor-one-%23ff5f6d tt-bgcolor-two-%23ffc371 tt-textcolor-%23fff gs-logo--img wp-post-image\" alt=\"\" title=\"Rio Grande do Norte\" srcset=\"https:\/\/www.quipux.com\/web\/wp-content\/uploads\/2024\/01\/Rio-Grande-do-Norte-300x240.png 300w, https:\/\/www.quipux.com\/web\/wp-content\/uploads\/2024\/01\/Rio-Grande-do-Norte.png 500w\" sizes=\"auto, (max-width: 300px) 100vw, 300px\" \/>\n\t\t\t\t\t<!-- Logo Title -->\n\t\t\t\t\t\t\t\t\t\t\n\t\t\t\t\t<!-- Logo Category -->\n\t\t\t\t\t\t\t\t\t\t\n\t\t\t\t<\/div>\n\t\t\t<\/div>\n\n\t\t\n\t\t\t<div class=\"gs_logo_single--wrapper\">\n\t\t\t\t<div class=\"gs_logo_single\">\n\n\t\t\t\t\t<!-- Logo Img -->\n\t\t\t\t\t<img loading=\"lazy\" decoding=\"async\" width=\"300\" height=\"240\" src=\"https:\/\/www.quipux.com\/web\/wp-content\/uploads\/2024\/01\/Sao-Paulo-300x240.png\" class=\"tt-placement-top tt-bgcolor-one-%23ff5f6d tt-bgcolor-two-%23ffc371 tt-textcolor-%23fff gs-logo--img wp-post-image\" alt=\"\" title=\"S\u00e3o Paulo\" srcset=\"https:\/\/www.quipux.com\/web\/wp-content\/uploads\/2024\/01\/Sao-Paulo-300x240.png 300w, https:\/\/www.quipux.com\/web\/wp-content\/uploads\/2024\/01\/Sao-Paulo.png 500w\" sizes=\"auto, (max-width: 300px) 100vw, 300px\" \/>\n\t\t\t\t\t<!-- Logo Title -->\n\t\t\t\t\t\t\t\t\t\t\n\t\t\t\t\t<!-- Logo Category -->\n\t\t\t\t\t\t\t\t\t\t\n\t\t\t\t<\/div>\n\t\t\t<\/div>\n\n\t\t\t\t\n\t\n<\/div>\n\t\t\t\t<!-- Pagination -->\n\t\t\t\t\n\t\t\t<\/div>\n\t\t<\/div>\n\t\n\t\t<style>#gs_logo_area_13:not(.verticaltickerdown):not(.verticalticker) .gs_logo_container{margin-left:-5px}#gs_logo_area_13:not(.verticaltickerdown):not(.verticalticker) .gs_logo_container{margin-right:-5px}#gs_logo_area_13:not(.verticaltickerdown):not(.verticalticker) .gs_logo_single--wrapper{padding:5px}#gs_logo_area_13 ul.gs-logo-filter-cats{text-align:center!important}#gs_logo_area_13 .gs_logo_single--wrapper{width:25%}@media (max-width:1023px){#gs_logo_area_13 .gs_logo_single--wrapper{width:33.333333333333%}}@media (max-width:767px){#gs_logo_area_13 .gs_logo_single--wrapper{width:50%}}<\/style>[\/vc_column][\/vc_row][\/vc_section][vc_row][vc_column width=&#8221;1\/4&#8243; css=&#8221;.vc_custom_1663356676248{padding-top: 80px !important;}&#8221;][vc_custom_heading text=&#8221;Conoce nuestras&#8221; font_container=&#8221;tag:h1|text_align:left&#8221; use_theme_fonts=&#8221;yes&#8221; css=&#8221;.vc_custom_1665541151726{padding-top: 30px !important;}&#8221;][vc_custom_heading text=&#8221;dem\u00e1s soluciones&#8221; font_container=&#8221;tag:h1|text_align:left|color:%234e0da9&#8243; use_theme_fonts=&#8221;yes&#8221;][\/vc_column][vc_column width=&#8221;3\/4&#8243; column_padding=&#8221;5%&#8221;][recent_portfolio style=&#8221;basic_effect&#8221; columns=&#8221;3&#8243; rows=&#8221;2&#8243; from_where=&#8221;cat&#8221; category=&#8221;48&#8243;][\/vc_column][\/vc_row]<\/p>\n<\/section>","protected":false},"excerpt":{"rendered":"<p>[vc_row full_width=&#8221;stretch_row_content_no_spaces&#8221; bg_image=&#8221;17189&#8243; bg_color=&#8221;#262236&#8243; text_color=&#8221;light&#8221; top_padding=&#8221;150&#8243; bottom_padding=&#8221;150&#8243;][vc_column][vc_custom_heading text=&#8221;Control del comercio de partes usadas&#8221; font_container=&#8221;tag:h1|font_size:50px|text_align:left|line_height:70px&#8221; use_theme_fonts=&#8221;yes&#8221; css=&#8221;.vc_custom_1667246349196{padding-top: 80px !important;padding-right: 20px !important;padding-left: 20px !important;}&#8221;][\/vc_column][\/vc_row][vc_row top_padding=&#8221;40&#8243;][vc_column][vc_row_inner][vc_column_inner width=&#8221;5\/6&#8243;][block_title style=&#8221;column_title&#8221; inner_style=&#8221;inline_border_circle&#8221; title=&#8221;Plataforma que soporta la gesti\u00f3n y el control de los veh\u00edculos averiados, as\u00ed como el destino de sus partes y piezas.&#8221;][\/block_title][\/vc_column_inner][vc_column_inner width=&#8221;1\/6&#8243;][\/vc_column_inner][\/vc_row_inner][vc_row_inner css=&#8221;.vc_custom_1665161964085{padding-top: 20px !important;}&#8221;][vc_column_inner width=&#8221;1\/6&#8243;][\/vc_column_inner][vc_column_inner width=&#8221;2\/4&#8243;][vc_custom_heading text=&#8221;Igualmente, controla [&hellip;]<\/p>\n","protected":false},"author":4,"featured_media":0,"parent":0,"menu_order":0,"comment_status":"closed","ping_status":"closed","template":"","meta":{"footnotes":""},"class_list":["post-17487","page","type-page","status-publish","hentry"],"yoast_head":"<!-- This site is optimized with the Yoast SEO Premium plugin v15.6.2 - https:\/\/yoast.com\/wordpress\/plugins\/seo\/ -->\n<title>Control del comercio de partes usadas | Quipux<\/title>\n<meta name=\"robots\" content=\"index, follow, max-snippet:-1, max-image-preview:large, max-video-preview:-1\" \/>\n<link rel=\"canonical\" href=\"https:\/\/www.quipux.com\/web\/control-del-comercio-de-partes-usadas\/\" \/>\n<meta property=\"og:locale\" content=\"es_ES\" \/>\n<meta property=\"og:type\" content=\"article\" \/>\n<meta property=\"og:title\" content=\"Control del comercio de partes usadas | Quipux\" \/>\n<meta property=\"og:description\" content=\"[vc_row full_width=&#8221;stretch_row_content_no_spaces&#8221; bg_image=&#8221;17189&#8243; bg_color=&#8221;#262236&#8243; text_color=&#8221;light&#8221; top_padding=&#8221;150&#8243; bottom_padding=&#8221;150&#8243;][vc_column][vc_custom_heading text=&#8221;Control del comercio de partes usadas&#8221; font_container=&#8221;tag:h1|font_size:50px|text_align:left|line_height:70px&#8221; use_theme_fonts=&#8221;yes&#8221; css=&#8221;.vc_custom_1667246349196{padding-top: 80px !important;padding-right: 20px !important;padding-left: 20px !important;}&#8221;][\/vc_column][\/vc_row][vc_row top_padding=&#8221;40&#8243;][vc_column][vc_row_inner][vc_column_inner width=&#8221;5\/6&#8243;][block_title style=&#8221;column_title&#8221; inner_style=&#8221;inline_border_circle&#8221; title=&#8221;Plataforma que soporta la gesti\u00f3n y el control de los veh\u00edculos averiados, as\u00ed como el destino de sus partes y piezas.&#8221;][\/block_title][\/vc_column_inner][vc_column_inner width=&#8221;1\/6&#8243;][\/vc_column_inner][\/vc_row_inner][vc_row_inner css=&#8221;.vc_custom_1665161964085{padding-top: 20px !important;}&#8221;][vc_column_inner width=&#8221;1\/6&#8243;][\/vc_column_inner][vc_column_inner width=&#8221;2\/4&#8243;][vc_custom_heading text=&#8221;Igualmente, controla [&hellip;]\" \/>\n<meta property=\"og:url\" content=\"https:\/\/www.quipux.com\/web\/control-del-comercio-de-partes-usadas\/\" \/>\n<meta property=\"og:site_name\" content=\"Quipux\" \/>\n<meta property=\"article:modified_time\" content=\"2024-01-16T21:44:58+00:00\" \/>\n<meta name=\"twitter:card\" content=\"summary_large_image\" \/>\n<meta name=\"twitter:label1\" content=\"Tiempo de lectura\">\n\t<meta name=\"twitter:data1\" content=\"3 minutos\">\n<script type=\"application\/ld+json\" class=\"yoast-schema-graph\">{\"@context\":\"https:\/\/schema.org\",\"@graph\":[{\"@type\":\"Organization\",\"@id\":\"https:\/\/www.quipux.com\/web\/#organization\",\"name\":\"Quipux\",\"url\":\"https:\/\/www.quipux.com\/web\/\",\"sameAs\":[],\"logo\":{\"@type\":\"ImageObject\",\"@id\":\"https:\/\/www.quipux.com\/web\/#logo\",\"inLanguage\":\"es\",\"url\":\"https:\/\/www.quipux.com\/web\/wp-content\/uploads\/2022\/10\/Logo-quipux-1.png\",\"width\":195,\"height\":41,\"caption\":\"Quipux\"},\"image\":{\"@id\":\"https:\/\/www.quipux.com\/web\/#logo\"}},{\"@type\":\"WebSite\",\"@id\":\"https:\/\/www.quipux.com\/web\/#website\",\"url\":\"https:\/\/www.quipux.com\/web\/\",\"name\":\"Quipux\",\"description\":\"\",\"publisher\":{\"@id\":\"https:\/\/www.quipux.com\/web\/#organization\"},\"potentialAction\":[{\"@type\":\"SearchAction\",\"target\":\"https:\/\/www.quipux.com\/web\/?s={search_term_string}\",\"query-input\":\"required name=search_term_string\"}],\"inLanguage\":\"es\"},{\"@type\":\"WebPage\",\"@id\":\"https:\/\/www.quipux.com\/web\/control-del-comercio-de-partes-usadas\/#webpage\",\"url\":\"https:\/\/www.quipux.com\/web\/control-del-comercio-de-partes-usadas\/\",\"name\":\"Control del comercio de partes usadas | Quipux\",\"isPartOf\":{\"@id\":\"https:\/\/www.quipux.com\/web\/#website\"},\"datePublished\":\"2022-10-26T15:15:21+00:00\",\"dateModified\":\"2024-01-16T21:44:58+00:00\",\"inLanguage\":\"es\",\"potentialAction\":[{\"@type\":\"ReadAction\",\"target\":[\"https:\/\/www.quipux.com\/web\/control-del-comercio-de-partes-usadas\/\"]}]}]}<\/script>\n<!-- \/ Yoast SEO Premium plugin. -->","_links":{"self":[{"href":"https:\/\/www.quipux.com\/web\/wp-json\/wp\/v2\/pages\/17487","targetHints":{"allow":["GET"]}}],"collection":[{"href":"https:\/\/www.quipux.com\/web\/wp-json\/wp\/v2\/pages"}],"about":[{"href":"https:\/\/www.quipux.com\/web\/wp-json\/wp\/v2\/types\/page"}],"author":[{"embeddable":true,"href":"https:\/\/www.quipux.com\/web\/wp-json\/wp\/v2\/users\/4"}],"replies":[{"embeddable":true,"href":"https:\/\/www.quipux.com\/web\/wp-json\/wp\/v2\/comments?post=17487"}],"version-history":[{"count":10,"href":"https:\/\/www.quipux.com\/web\/wp-json\/wp\/v2\/pages\/17487\/revisions"}],"predecessor-version":[{"id":19100,"href":"https:\/\/www.quipux.com\/web\/wp-json\/wp\/v2\/pages\/17487\/revisions\/19100"}],"wp:attachment":[{"href":"https:\/\/www.quipux.com\/web\/wp-json\/wp\/v2\/media?parent=17487"}],"curies":[{"name":"wp","href":"https:\/\/api.w.org\/{rel}","templated":true}]}}