{"id":17692,"date":"2022-10-13T02:50:07","date_gmt":"2022-10-13T07:50:07","guid":{"rendered":"https:\/\/www.quipux.com\/web\/cobro-de-multas-en-varias-ciudades\/"},"modified":"2023-03-09T16:19:00","modified_gmt":"2023-03-09T21:19:00","slug":"cobro-de-multas-en-varias-ciudades","status":"publish","type":"page","link":"https:\/\/www.quipux.com\/web\/cobro-de-multas-en-varias-ciudades\/","title":{"rendered":"Cobro de multas en varias ciudades"},"content":{"rendered":"<section class=\"wpb-content-wrapper\"><p>[vc_row full_width=&#8221;stretch_row_content_no_spaces&#8221; type=&#8221;full_width_background&#8221; bg_image=&#8221;15858&#8243; parallax_bg=&#8221;true&#8221; overlay=&#8221;true&#8221; text_color=&#8221;light&#8221; top_padding=&#8221;150&#8243; bottom_padding=&#8221;150&#8243;][vc_column][vc_custom_heading text=&#8221;Cobro de multas<br \/>\nen varias<br \/>\nciudades&#8221; font_container=&#8221;tag:h1|font_size:50px|text_align:left|line_height:70px&#8221; use_theme_fonts=&#8221;yes&#8221; css=&#8221;.vc_custom_1677275130414{padding-top: 80px !important;padding-right: 20px !important;padding-left: 20px !important;}&#8221;][\/vc_column][\/vc_row][vc_row top_padding=&#8221;40&#8243;][vc_column][vc_row_inner][vc_column_inner width=&#8221;2\/3&#8243;][block_title style=&#8221;column_title&#8221; inner_style=&#8221;inline_border_circle&#8221; title=&#8221;Conectamos el sistema de multas de tr\u00e1fico de nuestro pa\u00eds&#8221;][\/block_title][\/vc_column_inner][vc_column_inner width=&#8221;1\/3&#8243;][\/vc_column_inner][\/vc_row_inner][vc_row_inner css=&#8221;.vc_custom_1665161964085{padding-top: 20px !important;}&#8221;][vc_column_inner width=&#8221;1\/6&#8243;][\/vc_column_inner][vc_column_inner width=&#8221;2\/4&#8243;][vc_custom_heading text=&#8221;Conectamos todas las autoridades de tr\u00e1nsito de todas las ciudades de Colombia y creamos un sistema de compensaci\u00f3n que distribuye el dinero a cada ciudad y paga un valor por transacci\u00f3n al operador. Esta plataforma integra el control y el pago de las multas en m\u00e1s de 500 ciudades de Colombia, centralizando las bases de datos, integrando el sector financiero, los registros locales de tr\u00e1nsito y permitiendo la compensaci\u00f3n autom\u00e1tica de los cobros.&#8221; font_container=&#8221;tag:p|text_align:left&#8221; use_theme_fonts=&#8221;yes&#8221;][\/vc_column_inner][\/vc_row_inner][\/vc_column][\/vc_row][vc_row top_padding=&#8221;80&#8243;][vc_column][vc_video link=&#8221;https:\/\/vimeo.com\/805292006&#8243; align=&#8221;center&#8221;][vc_empty_space height=&#8221;40px&#8221;][\/vc_column][\/vc_row][vc_section css=&#8221;.vc_custom_1665618568802{margin-bottom: 100px !important;}&#8221;][vc_row][vc_column width=&#8221;1\/6&#8243;][\/vc_column][vc_column width=&#8221;2\/3&#8243;][block_title title=&#8221;Nuestro impacto con esta plataforma&#8221;][\/block_title][vc_custom_heading text=&#8221;Con Simit buscamos empoderar a los municipios en su capacidad de hacer cumplir la norma, logrando as\u00ed un desarrollo integral para el pa\u00eds desde cada regi\u00f3n.&#8221; font_container=&#8221;tag:p|text_align:center&#8221; use_theme_fonts=&#8221;yes&#8221;][\/vc_column][vc_column width=&#8221;1\/6&#8243;][\/vc_column][\/vc_row][vc_row gap=&#8221;10&#8243; bottom_padding=&#8221;60&#8243;][vc_column width=&#8221;1\/3&#8243; css=&#8221;.vc_custom_1666803698540{margin-right: 5% !important;margin-left: 5% !important;}&#8221;][vc_custom_heading text=&#8221;+70 millones&#8221; font_container=&#8221;tag:h1|text_align:center|color:%236411d9&#8243; use_theme_fonts=&#8221;yes&#8221;][vc_column_text css_animation=&#8221;none&#8221;]<\/p>\n<p style=\"text-align: center; color: #262236;\">de mensajes entregados a los ciudadanos a trav\u00e9s de diferentes canales.<\/p>\n<p>[\/vc_column_text][\/vc_column][vc_column width=&#8221;1\/3&#8243; css=&#8221;.vc_custom_1666803686396{margin-right: 5% !important;margin-left: 5% !important;padding-right: 0px !important;padding-left: 0px !important;}&#8221;][vc_custom_heading text=&#8221;+ 6 millones&#8221; font_container=&#8221;tag:h1|text_align:center|color:%236411d9&#8243; use_theme_fonts=&#8221;yes&#8221;][vc_column_text css_animation=&#8221;none&#8221;]<\/p>\n<p style=\"text-align: center; color: #262236;\">de ciudadanos han visto las campa\u00f1as digitales y m\u00e1s de 1.5 millones han hecho clic para ingresar a la plataforma.<\/p>\n<p>[\/vc_column_text][\/vc_column][vc_column width=&#8221;1\/3&#8243; css=&#8221;.vc_custom_1666803707029{margin-right: 5% !important;margin-left: 5% !important;padding-right: 0px !important;padding-left: 0px !important;}&#8221;][vc_custom_heading text=&#8221;334&#8243; font_container=&#8221;tag:h1|text_align:center|color:%236411d9&#8243; use_theme_fonts=&#8221;yes&#8221;][vc_column_text css_animation=&#8221;none&#8221;]<\/p>\n<p style=\"text-align: center; color: #262236;\">Secretar\u00edas de Tr\u00e1nsito han sido impactadas.<\/p>\n<p>[\/vc_column_text][\/vc_column][\/vc_row][vc_row gap=&#8221;20&#8243; content_placement=&#8221;middle&#8221; bg_color=&#8221;#262236&#8243; text_color=&#8221;light&#8221; top_padding=&#8221;40&#8243; bottom_padding=&#8221;40&#8243;][vc_column width=&#8221;1\/3&#8243; css=&#8221;.vc_custom_1665534764347{padding-top: 300px !important;padding-bottom: 300px !important;background-image: url(https:\/\/www.quipux.com\/web\/wp-content\/uploads\/2022\/09\/digital-business-and-technology-2021-09-02-06-05-54-utc-scaled.jpg?id=9695) !important;background-position: center !important;background-repeat: no-repeat !important;background-size: cover !important;}&#8221;][\/vc_column][vc_column width=&#8221;2\/3&#8243; css=&#8221;.vc_custom_1665629770722{padding-top: 40px !important;padding-left: 6% !important;}&#8221;][vc_column_text]<\/p>\n<h1 style=\"font-weight: normal; color: #ffffff;\">Nuestra soluci\u00f3n cuenta con una serie de componentes que proporcionan a los ciudadanos una plataforma \u00e1gil, que satisface sus expectativas en cuanto a procedimientos y procesos de movilidad.<\/h1>\n<p>[\/vc_column_text][vc_row_inner][vc_column_inner width=&#8221;1\/2&#8243;][list icon=&#8221;moon-circle-small&#8221;][list_item title=&#8221;Permite el pago de multas&#8221;][list_item title=&#8221;Corresponsales bancarios&#8221;][list_item title=&#8221;Servicios digitales para el ciudadano&#8221;][list_item title=&#8221;App para el ciudadano&#8221;][list_item title=&#8221;Acuerdos de pago&#8221;][list_item title=&#8221;Gesti\u00f3n de PQRSD&#8221;][\/list][\/vc_column_inner][vc_column_inner width=&#8221;1\/2&#8243;][list icon=&#8221;moon-circle-small&#8221;][list_item title=&#8221;Quioscos de autoatenci\u00f3n&#8221;][list_item title=&#8221;Dispositivos m\u00f3viles&#8221;][list_item title=&#8221;Backoffice digital&#8221;][list_item title=&#8221;Asistente virtual&#8221;][list_item title=&#8221;L\u00ednea \u00fanica de atenci\u00f3n nacional&#8221;][\/list][\/vc_column_inner][\/vc_row_inner][vc_empty_space height=&#8221;60px&#8221;][vc_row_inner][vc_column_inner width=&#8221;1\/2&#8243;][vc_custom_heading text=&#8221;\u00bfQuieres conocer m\u00e1s?&#8221; font_container=&#8221;tag:h3|text_align:left&#8221; use_theme_fonts=&#8221;yes&#8221;][\/vc_column_inner][vc_column_inner width=&#8221;1\/3&#8243;][button title=&#8221;\u00a1Cont\u00e1ctanos!&#8221; link=&#8221;https:\/\/www.quipux.com\/web\/contact-us\/&#8221;][\/vc_column_inner][\/vc_row_inner][\/vc_column][\/vc_row][vc_row full_width=&#8221;stretch_row_content_no_spaces&#8221; type=&#8221;full_width_content&#8221; top_padding=&#8221;60&#8243;][vc_column width=&#8221;7\/12&#8243; css=&#8221;.vc_custom_1665670044737{margin-top: 8% !important;padding-right: 6% !important;padding-left: 10% !important;}&#8221;][vc_empty_space height=&#8221;20px&#8221;][block_title style=&#8221;column_title&#8221; inner_style=&#8221;inline_border_circle&#8221; title=&#8221;Hemos creado una aplicaci\u00f3n teniendo en cuenta que cada vez m\u00e1s personas acceden a Simit desde su smartphone&#8221;][\/block_title][vc_custom_heading text=&#8221;Desde nuestra App el ciudadano puede&#8230;&#8221; font_container=&#8221;tag:h4|text_align:left&#8221; use_theme_fonts=&#8221;yes&#8221;][vc_column_text]<\/p>\n<p style=\"text-align: left;\">Consultar el estado de cuenta, generaci\u00f3n de alertas, pago de multas y realizar acuerdos de pago, generaci\u00f3n de liquidaci\u00f3n con c\u00f3digo de barras y b\u00fasqueda de puntos de inter\u00e9s.<\/p>\n<p>[\/vc_column_text][\/vc_column][vc_column width=&#8221;5\/12&#8243; css=&#8221;.vc_custom_1665670258505{margin-top: 8% !important;}&#8221;][vc_video link=&#8221;https:\/\/vimeo.com\/731154082\/d6ee89c9b9&#8243; align=&#8221;center&#8221;][\/vc_column][\/vc_row][\/vc_section][vc_row][vc_column width=&#8221;1\/2&#8243; css=&#8221;.vc_custom_1665671327728{margin-top: 8% !important;margin-bottom: 70px !important;padding-right: 6% !important;}&#8221;][vc_single_image image=&#8221;16682&#8243; img_size=&#8221;700&#215;600&#8243;][\/vc_column][vc_column width=&#8221;1\/2&#8243; css=&#8221;.vc_custom_1665671335971{margin-top: 8% !important;margin-bottom: 70px !important;}&#8221;][vc_empty_space height=&#8221;80px&#8221;][block_title style=&#8221;column_title&#8221; inner_style=&#8221;inline_border_circle&#8221; title=&#8221;\u00a1Apoyamos el fortalecimiento de la autoridad!&#8221;][\/block_title][vc_custom_heading text=&#8221;Con los dispositivos de captura electr\u00f3nica, los agentes de tr\u00e1fico pueden registrar una infracci\u00f3n de tr\u00e1fico utilizando la interoperabilidad con RUNT y SIMIT, a trav\u00e9s de la matr\u00edcula y el n\u00famero de identificaci\u00f3n del infractor&#8230; \u00a1Todo esto en menos de 5 minutos!&#8221; font_container=&#8221;tag:p|text_align:left&#8221; use_theme_fonts=&#8221;yes&#8221;][vc_empty_space][vc_column_text css_animation=&#8221;bottom-to-top&#8221;]<span style=\"color: #6411d9; font-size: 28px; text-align: left;\"><strong>M\u00e1s de 71 secretar\u00edas de tr\u00e1nsito <\/strong><\/span><span style=\"color: #262236; text-align: left; font-size: 20px;\">utilizan esta aplicaci\u00f3n y han registrado de forma segura <\/span><span style=\"color: #6411d9; font-size: 28px; text-align: left;\"><strong>m\u00e1s de 40.748 multas de tr\u00e1fico.<\/strong><\/span>[\/vc_column_text][\/vc_column][\/vc_row][vc_section disable_element=&#8221;yes&#8221;][vc_row disable_element=&#8221;yes&#8221; type=&#8221;full_width_content&#8221; bg_color=&#8221;#f3f4f7&#8243; top_padding=&#8221;30&#8243; bottom_padding=&#8221;30&#8243;][vc_column width=&#8221;1\/3&#8243; centered_cont=&#8221;true&#8221; centered_cont_vertical=&#8221;true&#8221;][block_title inner_style_title=&#8221;only_text&#8221; title=&#8221;Clientes&#8221;][\/block_title][\/vc_column][vc_column width=&#8221;2\/3&#8243; css=&#8221;.vc_custom_1664235627909{padding-right: 6% !important;}&#8221;]<p style=\"color:#cf7e16;background:#fff5e8;padding:10px;font-size:16px;border:1px solid #f1d7b5;border-radius:4px;line-height:1.6;\">GS Logo Slider: The shortcode with the ID of <strong>1<\/strong> was not found.<\/p>[\/vc_column][\/vc_row][\/vc_section][vc_row][vc_column width=&#8221;1\/4&#8243; css=&#8221;.vc_custom_1663356676248{padding-top: 80px !important;}&#8221;][vc_custom_heading text=&#8221;Conoce nuestras&#8221; font_container=&#8221;tag:h1|text_align:left&#8221; use_theme_fonts=&#8221;yes&#8221; css=&#8221;.vc_custom_1665541151726{padding-top: 30px !important;}&#8221;][vc_custom_heading text=&#8221;dem\u00e1s soluciones&#8221; font_container=&#8221;tag:h1|text_align:left|color:%234e0da9&#8243; use_theme_fonts=&#8221;yes&#8221;][\/vc_column][vc_column width=&#8221;3\/4&#8243; column_padding=&#8221;5%&#8221;][recent_portfolio style=&#8221;basic_effect&#8221; columns=&#8221;3&#8243; rows=&#8221;2&#8243; from_where=&#8221;cat&#8221; category=&#8221;41&#8243;][\/vc_column][\/vc_row]<\/p>\n<\/section>","protected":false},"excerpt":{"rendered":"<p>[vc_row full_width=&#8221;stretch_row_content_no_spaces&#8221; type=&#8221;full_width_background&#8221; bg_image=&#8221;15858&#8243; parallax_bg=&#8221;true&#8221; overlay=&#8221;true&#8221; text_color=&#8221;light&#8221; top_padding=&#8221;150&#8243; bottom_padding=&#8221;150&#8243;][vc_column][vc_custom_heading text=&#8221;Cobro de multas en varias ciudades&#8221; font_container=&#8221;tag:h1|font_size:50px|text_align:left|line_height:70px&#8221; use_theme_fonts=&#8221;yes&#8221; css=&#8221;.vc_custom_1677275130414{padding-top: 80px !important;padding-right: 20px !important;padding-left: 20px !important;}&#8221;][\/vc_column][\/vc_row][vc_row top_padding=&#8221;40&#8243;][vc_column][vc_row_inner][vc_column_inner width=&#8221;2\/3&#8243;][block_title style=&#8221;column_title&#8221; inner_style=&#8221;inline_border_circle&#8221; title=&#8221;Conectamos el sistema de multas de tr\u00e1fico de nuestro pa\u00eds&#8221;][\/block_title][\/vc_column_inner][vc_column_inner width=&#8221;1\/3&#8243;][\/vc_column_inner][\/vc_row_inner][vc_row_inner css=&#8221;.vc_custom_1665161964085{padding-top: 20px !important;}&#8221;][vc_column_inner width=&#8221;1\/6&#8243;][\/vc_column_inner][vc_column_inner width=&#8221;2\/4&#8243;][vc_custom_heading text=&#8221;Conectamos todas las autoridades de tr\u00e1nsito de todas las ciudades de [&hellip;]<\/p>\n","protected":false},"author":2,"featured_media":0,"parent":0,"menu_order":0,"comment_status":"closed","ping_status":"closed","template":"","meta":{"footnotes":""},"class_list":["post-17692","page","type-page","status-publish","hentry"],"yoast_head":"<!-- This site is optimized with the Yoast SEO Premium plugin v15.6.2 - https:\/\/yoast.com\/wordpress\/plugins\/seo\/ -->\n<title>Cobro de multas en varias ciudades | Quipux<\/title>\n<meta name=\"robots\" content=\"index, follow, max-snippet:-1, max-image-preview:large, max-video-preview:-1\" \/>\n<link rel=\"canonical\" href=\"https:\/\/www.quipux.com\/web\/cobro-de-multas-en-varias-ciudades\/\" \/>\n<meta property=\"og:locale\" content=\"es_ES\" \/>\n<meta property=\"og:type\" content=\"article\" \/>\n<meta property=\"og:title\" content=\"Cobro de multas en varias ciudades | Quipux\" \/>\n<meta property=\"og:description\" content=\"[vc_row full_width=&#8221;stretch_row_content_no_spaces&#8221; type=&#8221;full_width_background&#8221; bg_image=&#8221;15858&#8243; parallax_bg=&#8221;true&#8221; overlay=&#8221;true&#8221; text_color=&#8221;light&#8221; top_padding=&#8221;150&#8243; bottom_padding=&#8221;150&#8243;][vc_column][vc_custom_heading text=&#8221;Cobro de multas en varias ciudades&#8221; font_container=&#8221;tag:h1|font_size:50px|text_align:left|line_height:70px&#8221; use_theme_fonts=&#8221;yes&#8221; css=&#8221;.vc_custom_1677275130414{padding-top: 80px !important;padding-right: 20px !important;padding-left: 20px !important;}&#8221;][\/vc_column][\/vc_row][vc_row top_padding=&#8221;40&#8243;][vc_column][vc_row_inner][vc_column_inner width=&#8221;2\/3&#8243;][block_title style=&#8221;column_title&#8221; inner_style=&#8221;inline_border_circle&#8221; title=&#8221;Conectamos el sistema de multas de tr\u00e1fico de nuestro pa\u00eds&#8221;][\/block_title][\/vc_column_inner][vc_column_inner width=&#8221;1\/3&#8243;][\/vc_column_inner][\/vc_row_inner][vc_row_inner css=&#8221;.vc_custom_1665161964085{padding-top: 20px !important;}&#8221;][vc_column_inner width=&#8221;1\/6&#8243;][\/vc_column_inner][vc_column_inner width=&#8221;2\/4&#8243;][vc_custom_heading text=&#8221;Conectamos todas las autoridades de tr\u00e1nsito de todas las ciudades de [&hellip;]\" \/>\n<meta property=\"og:url\" content=\"https:\/\/www.quipux.com\/web\/cobro-de-multas-en-varias-ciudades\/\" \/>\n<meta property=\"og:site_name\" content=\"Quipux\" \/>\n<meta property=\"article:modified_time\" content=\"2023-03-09T21:19:00+00:00\" \/>\n<meta name=\"twitter:card\" content=\"summary_large_image\" \/>\n<meta name=\"twitter:label1\" content=\"Tiempo de lectura\">\n\t<meta name=\"twitter:data1\" content=\"3 minutos\">\n<script type=\"application\/ld+json\" class=\"yoast-schema-graph\">{\"@context\":\"https:\/\/schema.org\",\"@graph\":[{\"@type\":\"Organization\",\"@id\":\"https:\/\/www.quipux.com\/web\/#organization\",\"name\":\"Quipux\",\"url\":\"https:\/\/www.quipux.com\/web\/\",\"sameAs\":[],\"logo\":{\"@type\":\"ImageObject\",\"@id\":\"https:\/\/www.quipux.com\/web\/#logo\",\"inLanguage\":\"es\",\"url\":\"https:\/\/www.quipux.com\/web\/wp-content\/uploads\/2022\/10\/Logo-quipux-1.png\",\"width\":195,\"height\":41,\"caption\":\"Quipux\"},\"image\":{\"@id\":\"https:\/\/www.quipux.com\/web\/#logo\"}},{\"@type\":\"WebSite\",\"@id\":\"https:\/\/www.quipux.com\/web\/#website\",\"url\":\"https:\/\/www.quipux.com\/web\/\",\"name\":\"Quipux\",\"description\":\"\",\"publisher\":{\"@id\":\"https:\/\/www.quipux.com\/web\/#organization\"},\"potentialAction\":[{\"@type\":\"SearchAction\",\"target\":\"https:\/\/www.quipux.com\/web\/?s={search_term_string}\",\"query-input\":\"required name=search_term_string\"}],\"inLanguage\":\"es\"},{\"@type\":\"WebPage\",\"@id\":\"https:\/\/www.quipux.com\/web\/cobro-de-multas-en-varias-ciudades\/#webpage\",\"url\":\"https:\/\/www.quipux.com\/web\/cobro-de-multas-en-varias-ciudades\/\",\"name\":\"Cobro de multas en varias ciudades | Quipux\",\"isPartOf\":{\"@id\":\"https:\/\/www.quipux.com\/web\/#website\"},\"datePublished\":\"2022-10-13T07:50:07+00:00\",\"dateModified\":\"2023-03-09T21:19:00+00:00\",\"inLanguage\":\"es\",\"potentialAction\":[{\"@type\":\"ReadAction\",\"target\":[\"https:\/\/www.quipux.com\/web\/cobro-de-multas-en-varias-ciudades\/\"]}]}]}<\/script>\n<!-- \/ Yoast SEO Premium plugin. -->","_links":{"self":[{"href":"https:\/\/www.quipux.com\/web\/wp-json\/wp\/v2\/pages\/17692","targetHints":{"allow":["GET"]}}],"collection":[{"href":"https:\/\/www.quipux.com\/web\/wp-json\/wp\/v2\/pages"}],"about":[{"href":"https:\/\/www.quipux.com\/web\/wp-json\/wp\/v2\/types\/page"}],"author":[{"embeddable":true,"href":"https:\/\/www.quipux.com\/web\/wp-json\/wp\/v2\/users\/2"}],"replies":[{"embeddable":true,"href":"https:\/\/www.quipux.com\/web\/wp-json\/wp\/v2\/comments?post=17692"}],"version-history":[{"count":14,"href":"https:\/\/www.quipux.com\/web\/wp-json\/wp\/v2\/pages\/17692\/revisions"}],"predecessor-version":[{"id":18359,"href":"https:\/\/www.quipux.com\/web\/wp-json\/wp\/v2\/pages\/17692\/revisions\/18359"}],"wp:attachment":[{"href":"https:\/\/www.quipux.com\/web\/wp-json\/wp\/v2\/media?parent=17692"}],"curies":[{"name":"wp","href":"https:\/\/api.w.org\/{rel}","templated":true}]}}