{"id":17719,"date":"2022-10-26T12:10:51","date_gmt":"2022-10-26T17:10:51","guid":{"rendered":"https:\/\/www.quipux.com\/web\/control-del-servicio-de-transporte-publico\/"},"modified":"2024-01-16T16:52:11","modified_gmt":"2024-01-16T21:52:11","slug":"control-del-servicio-de-transporte-publico","status":"publish","type":"page","link":"https:\/\/www.quipux.com\/web\/control-del-servicio-de-transporte-publico\/","title":{"rendered":"Control del servicio de transporte p\u00fablico"},"content":{"rendered":"<section class=\"wpb-content-wrapper\"><p>[vc_row full_width=&#8221;stretch_row_content_no_spaces&#8221; parallax=&#8221;content-moving-fade&#8221; bg_image=&#8221;16383&#8243; bg_color=&#8221;#262236&#8243; text_color=&#8221;light&#8221; top_padding=&#8221;150&#8243; bottom_padding=&#8221;150&#8243;][vc_column][vc_custom_heading text=&#8221;Control del servicio de transporte p\u00fablico&#8221; font_container=&#8221;tag:h1|text_align:left|color:%23ffffff&#8221; use_theme_fonts=&#8221;yes&#8221; css=&#8221;.vc_custom_1666804249441{padding-top: 80px !important;padding-right: 20px !important;padding-left: 20px !important;}&#8221;][\/vc_column][\/vc_row][vc_row top_padding=&#8221;40&#8243;][vc_column][vc_row_inner][vc_column_inner width=&#8221;2\/3&#8243;][block_title style=&#8221;column_title&#8221; inner_style=&#8221;inline_border_circle&#8221; title=&#8221;El objetivo principal de la soluci\u00f3n es: Mejorar la calidad del servicio de transporte p\u00fablico.&#8221;][\/block_title][\/vc_column_inner][vc_column_inner width=&#8221;1\/3&#8243;][\/vc_column_inner][\/vc_row_inner][vc_row_inner css=&#8221;.vc_custom_1665161964085{padding-top: 20px !important;}&#8221;][vc_column_inner width=&#8221;1\/6&#8243;][\/vc_column_inner][vc_column_inner width=&#8221;2\/4&#8243;][vc_custom_heading text=&#8221;Apoya a la autoridad para llevar a cabo la vigilancia y el control de los servicios de los veh\u00edculos de transporte p\u00fablico colectivo e individual.&#8221; font_container=&#8221;tag:p|text_align:left&#8221; use_theme_fonts=&#8221;yes&#8221;][\/vc_column_inner][\/vc_row_inner][vc_row_inner css=&#8221;.vc_custom_1667529137854{margin-top: 10% !important;margin-right: 10% !important;margin-bottom: 30% !important;}&#8221;][vc_column_inner width=&#8221;1\/3&#8243;][vc_single_image image=&#8221;17287&#8243; img_size=&#8221;700&#215;600&#8243; alignment=&#8221;center&#8221;][\/vc_column_inner][vc_column_inner width=&#8221;2\/3&#8243; css=&#8221;.vc_custom_1667529129577{margin-right: 20% !important;margin-left: 5% !important;padding-right: 20px !important;}&#8221;][block_title style=&#8221;column_title&#8221; inner_style=&#8221;inline_border_circle&#8221; title=&#8221;Lo hacemos con la ayuda de dos plataformas&#8221;][\/block_title][vc_empty_space height=&#8221;6px&#8221;][vc_column_text]<\/p>\n<h3>Una plataforma para entidades\u2026<\/h3>\n<p>[\/vc_column_text][vc_column_text]Recoger, interpretar y procesar la informaci\u00f3n procedente de las empresas de transporte p\u00fablico y de los dispositivos incorporados en el interior de los veh\u00edculos para supervisar y controlar en tiempo real el comportamiento de los conductores del transporte p\u00fablico.[\/vc_column_text][vc_empty_space height=&#8221;6px&#8221;][vc_column_text]<\/p>\n<h3>Una plataforma para conductores de transporte p\u00fablico&#8230;<\/h3>\n<p>[\/vc_column_text][vc_column_text]Consolidar la informaci\u00f3n de los conductores y vincularlos a sus respectivos veh\u00edculos, para validar el cumplimiento de los requisitos establecidos.[\/vc_column_text][vc_empty_space][\/vc_column_inner][\/vc_row_inner][\/vc_column][\/vc_row][vc_row full_width=&#8221;stretch_row_content_no_spaces&#8221; type=&#8221;full_width_content&#8221; bg_color=&#8221;#262236&#8243; top_padding=&#8221;90&#8243; bottom_padding=&#8221;30&#8243;][vc_column css=&#8221;.vc_custom_1670417743409{padding-right: 6% !important;padding-bottom: 6% !important;padding-left: 6% !important;}&#8221;][vc_custom_heading text=&#8221;M\u00e1s de 6.000 veh\u00edculos supervisados&#8221; font_container=&#8221;tag:h1|text_align:center|color:%23ffffff&#8221; use_theme_fonts=&#8221;yes&#8221;][vc_empty_space height=&#8221;80px&#8221;][vc_video link=&#8221;https:\/\/vimeo.com\/480297068&#8243; align=&#8221;center&#8221;][vc_empty_space height=&#8221;80px&#8221;][vc_custom_heading text=&#8221;Permite monitorear y controlar, en tiempo real, el comportamiento de los conductores de transporte p\u00fablico, analizando variables como: velocidad, cambios de ruta, conducci\u00f3n con las puertas abiertas, horario de bajada, superaci\u00f3n de la capacidad de transporte, entre otras.&#8221; font_container=&#8221;tag:h3|font_size:40px|text_align:left|color:%23ffffff|line_height:1&#8243; use_theme_fonts=&#8221;yes&#8221;][\/vc_column][\/vc_row][vc_row top_padding=&#8221;40&#8243;][vc_column][block_title title=&#8221;As\u00ed ayudamos a los ciudadanos y a las entidades&#8221;][\/block_title][vc_row_inner css=&#8221;.vc_custom_1665533633874{padding-top: 40px !important;}&#8221;][vc_column_inner width=&#8221;1\/12&#8243;][\/vc_column_inner][vc_column_inner width=&#8221;5\/12&#8243;][vc_custom_heading text=&#8221;Beneficios para la entidad&#8221; font_container=&#8221;tag:h3|text_align:left&#8221; use_theme_fonts=&#8221;yes&#8221;][vc_empty_space height=&#8221;20px&#8221;][list icon=&#8221;moon-circle-small&#8221;][list_item title=&#8221;Acceso a informaci\u00f3n en tiempo real, sobre el rendimiento del transporte p\u00fablico para poder tomar decisiones que mejoren la prestaci\u00f3n del servicio.&#8221;][list_item title=&#8221;Gesti\u00f3n eficiente de la movilidad.&#8221;][list_item title=&#8221;Reducci\u00f3n de accidentes.&#8221;][list_item title=&#8221;Reducci\u00f3n de los tiempos de desplazamiento y aumento de la productividad.&#8221;][list_item title=&#8221;Promover el uso del transporte p\u00fablico.&#8221;][\/list][\/vc_column_inner][vc_column_inner width=&#8221;5\/12&#8243;][vc_custom_heading text=&#8221;Beneficios para los ciudadanos&#8221; font_container=&#8221;tag:h3|text_align:left&#8221; use_theme_fonts=&#8221;yes&#8221;][vc_empty_space height=&#8221;20px&#8221;][list icon=&#8221;moon-circle-small&#8221;][list_item title=&#8221;Mejora de la calidad de los servicios de transporte p\u00fablico.&#8221;][list_item title=&#8221;Acceso a un transporte p\u00fablico seguro.&#8221;][list_item title=&#8221;Acceder a la informaci\u00f3n sobre el itinerario y el horario de los autobuses.&#8221;][\/list][\/vc_column_inner][vc_column_inner width=&#8221;1\/12&#8243;][\/vc_column_inner][\/vc_row_inner][\/vc_column][\/vc_row][vc_row full_width=&#8221;stretch_row_content_no_spaces&#8221; type=&#8221;full_width_content&#8221;][vc_column css=&#8221;.vc_custom_1667525891516{margin-top: 6% !important;padding-right: 6% !important;}&#8221;][vc_video link=&#8221;https:\/\/vimeo.com\/480317143\/9d9a8d4caa&#8221; align=&#8221;center&#8221;][\/vc_column][\/vc_row][vc_section css=&#8221;.vc_custom_1705441916234{margin-top: 8% !important;margin-bottom: 8% !important;}&#8221;][vc_row type=&#8221;full_width_content&#8221; bg_color=&#8221;#f3f4f7&#8243; top_padding=&#8221;30&#8243; bottom_padding=&#8221;30&#8243;][vc_column width=&#8221;1\/3&#8243; centered_cont=&#8221;true&#8221; centered_cont_vertical=&#8221;true&#8221;][block_title inner_style_title=&#8221;only_text&#8221; title=&#8221;Clientes&#8221;][\/block_title][\/vc_column][vc_column width=&#8221;2\/3&#8243; css=&#8221;.vc_custom_1664235627909{padding-right: 6% !important;}&#8221;]\t\n\t\t<div id=\"gs_logo_area_14\" data-sort=\"name\" data-shortcode-id=\"14\" class=\"gs_logo_area gs_logo_area_14 slider1 \" data-options='{\"logo_per_page\":\"6\"}' style=\"opacity: 0; visibility: hidden;\">\n\t\t\t<div class=\"gs_logo_area--inner\">\n\n\t\t\t\t<!-- Category Filters - New (Global) -->\n\t\t\t\t\t\n\t\t\t\t\n<div class=\"gs_logo_container gs_carousel_swiper gs_logo_fix_height_and_center\" data-carousel-config='{\"direction\":\"horizontal\",\"speed\":700,\"isAutoplay\":true,\"autoplayDelay\":2000,\"loop\":false,\"pauseOnHover\":true,\"ticker\":false,\"navs\":false,\"navs_pos\":\"left-right\",\"dots\":false,\"dynamic_dots\":true,\"slideSpace\":10,\"slidesPerGroup\":1,\"desktopLogos\":4,\"tabletLogos\":3,\"mobileLogos\":2,\"reverseDirection\":false}'>\n\n\t\n\t\t\n\t\t\t<div class=\"gs_logo_single--wrapper\">\n\t\t\t\t<div class=\"gs_logo_single\">\n\n\t\t\t\t\t<!-- Logo Img -->\n\t\t\t\t\t<img loading=\"lazy\" decoding=\"async\" width=\"300\" height=\"240\" src=\"https:\/\/www.quipux.com\/web\/wp-content\/uploads\/2024\/01\/AMVA-300x240.png\" class=\"tt-placement-top tt-bgcolor-one-%23ff5f6d tt-bgcolor-two-%23ffc371 tt-textcolor-%23fff gs-logo--img wp-post-image\" alt=\"\" title=\"\u00c1rea Metropolitana del Valle de Aburr\u00e1\" srcset=\"https:\/\/www.quipux.com\/web\/wp-content\/uploads\/2024\/01\/AMVA-300x240.png 300w, https:\/\/www.quipux.com\/web\/wp-content\/uploads\/2024\/01\/AMVA.png 500w\" sizes=\"auto, (max-width: 300px) 100vw, 300px\" \/>\n\t\t\t\t\t<!-- Logo Title -->\n\t\t\t\t\t\t\t\t\t\t\n\t\t\t\t\t<!-- Logo Category -->\n\t\t\t\t\t\t\t\t\t\t\n\t\t\t\t<\/div>\n\t\t\t<\/div>\n\n\t\t\n\t\t\t<div class=\"gs_logo_single--wrapper\">\n\t\t\t\t<div class=\"gs_logo_single\">\n\n\t\t\t\t\t<!-- Logo Img -->\n\t\t\t\t\t<img loading=\"lazy\" decoding=\"async\" width=\"300\" height=\"240\" src=\"https:\/\/www.quipux.com\/web\/wp-content\/uploads\/2024\/01\/Medellin-300x240.png\" class=\"tt-placement-top tt-bgcolor-one-%23ff5f6d tt-bgcolor-two-%23ffc371 tt-textcolor-%23fff gs-logo--img wp-post-image\" alt=\"\" title=\"Medell\u00edn\" srcset=\"https:\/\/www.quipux.com\/web\/wp-content\/uploads\/2024\/01\/Medellin-300x240.png 300w, https:\/\/www.quipux.com\/web\/wp-content\/uploads\/2024\/01\/Medellin.png 500w\" sizes=\"auto, (max-width: 300px) 100vw, 300px\" \/>\n\t\t\t\t\t<!-- Logo Title -->\n\t\t\t\t\t\t\t\t\t\t\n\t\t\t\t\t<!-- Logo Category -->\n\t\t\t\t\t\t\t\t\t\t\n\t\t\t\t<\/div>\n\t\t\t<\/div>\n\n\t\t\t\t\n\t\n<\/div>\n\t\t\t\t<!-- Pagination -->\n\t\t\t\t\n\t\t\t<\/div>\n\t\t<\/div>\n\t\n\t\t<style>#gs_logo_area_14:not(.verticaltickerdown):not(.verticalticker) .gs_logo_container{margin-left:-5px}#gs_logo_area_14:not(.verticaltickerdown):not(.verticalticker) .gs_logo_container{margin-right:-5px}#gs_logo_area_14:not(.verticaltickerdown):not(.verticalticker) .gs_logo_single--wrapper{padding:5px}#gs_logo_area_14 ul.gs-logo-filter-cats{text-align:center!important}#gs_logo_area_14 .gs_logo_single--wrapper{width:25%}@media (max-width:1023px){#gs_logo_area_14 .gs_logo_single--wrapper{width:33.333333333333%}}@media (max-width:767px){#gs_logo_area_14 .gs_logo_single--wrapper{width:50%}}<\/style>[\/vc_column][\/vc_row][\/vc_section][vc_row][vc_column width=&#8221;1\/4&#8243; css=&#8221;.vc_custom_1663356676248{padding-top: 80px !important;}&#8221;][vc_custom_heading text=&#8221;Conoce nuestras&#8221; font_container=&#8221;tag:h1|text_align:left&#8221; use_theme_fonts=&#8221;yes&#8221; css=&#8221;.vc_custom_1665541151726{padding-top: 30px !important;}&#8221;][vc_custom_heading text=&#8221;dem\u00e1s soluciones&#8221; font_container=&#8221;tag:h1|text_align:left|color:%234e0da9&#8243; use_theme_fonts=&#8221;yes&#8221;][\/vc_column][vc_column width=&#8221;3\/4&#8243; column_padding=&#8221;5%&#8221;][recent_portfolio style=&#8221;basic_effect&#8221; columns=&#8221;3&#8243; rows=&#8221;2&#8243; from_where=&#8221;cat&#8221; category=&#8221;49&#8243;][\/vc_column][\/vc_row]<\/p>\n<\/section>","protected":false},"excerpt":{"rendered":"<p>[vc_row full_width=&#8221;stretch_row_content_no_spaces&#8221; parallax=&#8221;content-moving-fade&#8221; bg_image=&#8221;16383&#8243; bg_color=&#8221;#262236&#8243; text_color=&#8221;light&#8221; top_padding=&#8221;150&#8243; bottom_padding=&#8221;150&#8243;][vc_column][vc_custom_heading text=&#8221;Control del servicio de transporte p\u00fablico&#8221; font_container=&#8221;tag:h1|text_align:left|color:%23ffffff&#8221; use_theme_fonts=&#8221;yes&#8221; css=&#8221;.vc_custom_1666804249441{padding-top: 80px !important;padding-right: 20px !important;padding-left: 20px !important;}&#8221;][\/vc_column][\/vc_row][vc_row top_padding=&#8221;40&#8243;][vc_column][vc_row_inner][vc_column_inner width=&#8221;2\/3&#8243;][block_title style=&#8221;column_title&#8221; inner_style=&#8221;inline_border_circle&#8221; title=&#8221;El objetivo principal de la soluci\u00f3n es: Mejorar la calidad del servicio de transporte p\u00fablico.&#8221;][\/block_title][\/vc_column_inner][vc_column_inner width=&#8221;1\/3&#8243;][\/vc_column_inner][\/vc_row_inner][vc_row_inner css=&#8221;.vc_custom_1665161964085{padding-top: 20px !important;}&#8221;][vc_column_inner width=&#8221;1\/6&#8243;][\/vc_column_inner][vc_column_inner width=&#8221;2\/4&#8243;][vc_custom_heading text=&#8221;Apoya a la autoridad para llevar a [&hellip;]<\/p>\n","protected":false},"author":1,"featured_media":0,"parent":0,"menu_order":0,"comment_status":"closed","ping_status":"closed","template":"","meta":{"footnotes":""},"class_list":["post-17719","page","type-page","status-publish","hentry"],"yoast_head":"<!-- This site is optimized with the Yoast SEO Premium plugin v15.6.2 - https:\/\/yoast.com\/wordpress\/plugins\/seo\/ -->\n<title>Control del servicio de transporte p\u00fablico | Quipux<\/title>\n<meta name=\"robots\" content=\"index, follow, max-snippet:-1, max-image-preview:large, max-video-preview:-1\" \/>\n<link rel=\"canonical\" href=\"https:\/\/www.quipux.com\/web\/control-del-servicio-de-transporte-publico\/\" \/>\n<meta property=\"og:locale\" content=\"es_ES\" \/>\n<meta property=\"og:type\" content=\"article\" \/>\n<meta property=\"og:title\" content=\"Control del servicio de transporte p\u00fablico | Quipux\" \/>\n<meta property=\"og:description\" content=\"[vc_row full_width=&#8221;stretch_row_content_no_spaces&#8221; parallax=&#8221;content-moving-fade&#8221; bg_image=&#8221;16383&#8243; bg_color=&#8221;#262236&#8243; text_color=&#8221;light&#8221; top_padding=&#8221;150&#8243; bottom_padding=&#8221;150&#8243;][vc_column][vc_custom_heading text=&#8221;Control del servicio de transporte p\u00fablico&#8221; font_container=&#8221;tag:h1|text_align:left|color:%23ffffff&#8221; use_theme_fonts=&#8221;yes&#8221; css=&#8221;.vc_custom_1666804249441{padding-top: 80px !important;padding-right: 20px !important;padding-left: 20px !important;}&#8221;][\/vc_column][\/vc_row][vc_row top_padding=&#8221;40&#8243;][vc_column][vc_row_inner][vc_column_inner width=&#8221;2\/3&#8243;][block_title style=&#8221;column_title&#8221; inner_style=&#8221;inline_border_circle&#8221; title=&#8221;El objetivo principal de la soluci\u00f3n es: Mejorar la calidad del servicio de transporte p\u00fablico.&#8221;][\/block_title][\/vc_column_inner][vc_column_inner width=&#8221;1\/3&#8243;][\/vc_column_inner][\/vc_row_inner][vc_row_inner css=&#8221;.vc_custom_1665161964085{padding-top: 20px !important;}&#8221;][vc_column_inner width=&#8221;1\/6&#8243;][\/vc_column_inner][vc_column_inner width=&#8221;2\/4&#8243;][vc_custom_heading text=&#8221;Apoya a la autoridad para llevar a [&hellip;]\" \/>\n<meta property=\"og:url\" content=\"https:\/\/www.quipux.com\/web\/control-del-servicio-de-transporte-publico\/\" \/>\n<meta property=\"og:site_name\" content=\"Quipux\" \/>\n<meta property=\"article:modified_time\" content=\"2024-01-16T21:52:11+00:00\" \/>\n<meta name=\"twitter:card\" content=\"summary_large_image\" \/>\n<meta name=\"twitter:label1\" content=\"Tiempo de lectura\">\n\t<meta name=\"twitter:data1\" content=\"2 minutos\">\n<script type=\"application\/ld+json\" class=\"yoast-schema-graph\">{\"@context\":\"https:\/\/schema.org\",\"@graph\":[{\"@type\":\"Organization\",\"@id\":\"https:\/\/www.quipux.com\/web\/#organization\",\"name\":\"Quipux\",\"url\":\"https:\/\/www.quipux.com\/web\/\",\"sameAs\":[],\"logo\":{\"@type\":\"ImageObject\",\"@id\":\"https:\/\/www.quipux.com\/web\/#logo\",\"inLanguage\":\"es\",\"url\":\"https:\/\/www.quipux.com\/web\/wp-content\/uploads\/2022\/10\/Logo-quipux-1.png\",\"width\":195,\"height\":41,\"caption\":\"Quipux\"},\"image\":{\"@id\":\"https:\/\/www.quipux.com\/web\/#logo\"}},{\"@type\":\"WebSite\",\"@id\":\"https:\/\/www.quipux.com\/web\/#website\",\"url\":\"https:\/\/www.quipux.com\/web\/\",\"name\":\"Quipux\",\"description\":\"\",\"publisher\":{\"@id\":\"https:\/\/www.quipux.com\/web\/#organization\"},\"potentialAction\":[{\"@type\":\"SearchAction\",\"target\":\"https:\/\/www.quipux.com\/web\/?s={search_term_string}\",\"query-input\":\"required name=search_term_string\"}],\"inLanguage\":\"es\"},{\"@type\":\"WebPage\",\"@id\":\"https:\/\/www.quipux.com\/web\/control-del-servicio-de-transporte-publico\/#webpage\",\"url\":\"https:\/\/www.quipux.com\/web\/control-del-servicio-de-transporte-publico\/\",\"name\":\"Control del servicio de transporte p\\u00fablico | Quipux\",\"isPartOf\":{\"@id\":\"https:\/\/www.quipux.com\/web\/#website\"},\"datePublished\":\"2022-10-26T17:10:51+00:00\",\"dateModified\":\"2024-01-16T21:52:11+00:00\",\"inLanguage\":\"es\",\"potentialAction\":[{\"@type\":\"ReadAction\",\"target\":[\"https:\/\/www.quipux.com\/web\/control-del-servicio-de-transporte-publico\/\"]}]}]}<\/script>\n<!-- \/ Yoast SEO Premium plugin. -->","_links":{"self":[{"href":"https:\/\/www.quipux.com\/web\/wp-json\/wp\/v2\/pages\/17719","targetHints":{"allow":["GET"]}}],"collection":[{"href":"https:\/\/www.quipux.com\/web\/wp-json\/wp\/v2\/pages"}],"about":[{"href":"https:\/\/www.quipux.com\/web\/wp-json\/wp\/v2\/types\/page"}],"author":[{"embeddable":true,"href":"https:\/\/www.quipux.com\/web\/wp-json\/wp\/v2\/users\/1"}],"replies":[{"embeddable":true,"href":"https:\/\/www.quipux.com\/web\/wp-json\/wp\/v2\/comments?post=17719"}],"version-history":[{"count":13,"href":"https:\/\/www.quipux.com\/web\/wp-json\/wp\/v2\/pages\/17719\/revisions"}],"predecessor-version":[{"id":19101,"href":"https:\/\/www.quipux.com\/web\/wp-json\/wp\/v2\/pages\/17719\/revisions\/19101"}],"wp:attachment":[{"href":"https:\/\/www.quipux.com\/web\/wp-json\/wp\/v2\/media?parent=17719"}],"curies":[{"name":"wp","href":"https:\/\/api.w.org\/{rel}","templated":true}]}}