{"id":17915,"date":"2022-10-11T14:51:42","date_gmt":"2022-10-11T19:51:42","guid":{"rendered":"https:\/\/www.quipux.com\/web\/nuestro-origen\/"},"modified":"2022-12-16T10:25:24","modified_gmt":"2022-12-16T15:25:24","slug":"nuestro-origen","status":"publish","type":"page","link":"https:\/\/www.quipux.com\/web\/nuestro-origen\/","title":{"rendered":"Nuestro origen"},"content":{"rendered":"<section class=\"wpb-content-wrapper\"><p>[vc_row full_width=&#8221;stretch_row_content_no_spaces&#8221; type=&#8221;full_width_background&#8221; bg_image=&#8221;15316&#8243; parallax_bg=&#8221;true&#8221; bg_color=&#8221;rgba(0,0,0,0.58)&#8221; text_color=&#8221;light&#8221; top_padding=&#8221;250&#8243; bottom_padding=&#8221;250&#8243;][vc_column][\/vc_column][\/vc_row][vc_row top_padding=&#8221;70&#8243;][vc_column width=&#8221;2\/3&#8243;][vc_custom_heading text=&#8221;El Quipu&#8230;&#8221; font_container=&#8221;tag:div|font_size:60px|text_align:left|color:%23262236|line_height:60px&#8221; use_theme_fonts=&#8221;yes&#8221; el_class=&#8221;bold-custom-headings&#8221;][vc_empty_space height=&#8221;20px&#8221;][vc_column_text css=&#8221;.vc_custom_1667582726686{padding-top: 20px !important;}&#8221;]<\/p>\n<h1 style=\"font-weight: normal; text-align: left;\">Es un instrumento utilizado por los incas.<\/h1>\n<p>[\/vc_column_text][vc_custom_heading text=&#8221;Si vamos m\u00e1s all\u00e1, encontraremos que el quipu puede ser considerado como un sistema de notaci\u00f3n tridimensional en el que un conjunto de marcas o trazos ordenados, permite preservar y transferir un conocimiento o hecho a lo largo de varias generaciones; de esta manera, cada nudo, color y giro sirvi\u00f3 paralelamente para enriquecer la cultura de m\u00e1s de 12 millones de habitantes.&#8221; font_container=&#8221;tag:p|text_align:left&#8221; use_theme_fonts=&#8221;yes&#8221;][\/vc_column][vc_column width=&#8221;1\/3&#8243;][\/vc_column][\/vc_row][vc_row type=&#8221;full_width_content&#8221; text_color=&#8221;light&#8221; top_padding=&#8221;60&#8243; bottom_padding=&#8221;0&#8243;][vc_column width=&#8221;1\/2&#8243; css=&#8221;.vc_custom_1667503244388{padding-top: 70px !important;padding-bottom: 70px !important;}&#8221;][media image=&#8221;15317&#8243;][\/vc_column][vc_column width=&#8221;1\/2&#8243; column_padding=&#8221;15%&#8221; css=&#8221;.vc_custom_1665614793405{background-color: #262236 !important;}&#8221;][block_title style=&#8221;column_title&#8221; title=&#8221;Elemento matriz de la cultura andina&#8221; second_title=&#8221;NUESTRO ORIGEN&#8221;][\/block_title][vc_column_text]Como empresa cuyo funcionamiento se basa en la recopilaci\u00f3n de informaci\u00f3n y datos, Quipux incorpora en su ADN el prop\u00f3sito de los antiguos Quipus -almacenar y transferir mediante instrumentos elaborados- para dar nombre a la organizaci\u00f3n.[\/vc_column_text][vc_column_text]Cabe destacar que los quipus estaban presentes en todo el imperio Inca y en cada ciudad hab\u00eda una persona encargada (<em>quipucamayoc) <\/em>de fabricarlos con un mensaje espec\u00edfico, para que en la ciudad de destino otra persona lo interpretara y difundiera la informaci\u00f3n.[\/vc_column_text][vc_empty_space height=&#8221;30px&#8221;][\/vc_column][\/vc_row][vc_row class=&#8221;display-none-cel&#8221;][vc_column][\/vc_column][\/vc_row][vc_row top_padding=&#8221;70&#8243;][vc_column][vc_custom_heading text=&#8221;Trayectoria&#8221; font_container=&#8221;tag:div|font_size:60px|text_align:left|color:%23262236|line_height:60px&#8221; use_theme_fonts=&#8221;yes&#8221; el_class=&#8221;bold-custom-headings&#8221;][vc_empty_space height=&#8221;20px&#8221;][vc_column_text]<\/p>\n<h1 style=\"font-weight: normal;\">Nuestra historia redefine la sencillez y la sostenibilidad en las ciudades<\/h1>\n<p>[\/vc_column_text][vc_row_inner css=&#8221;.vc_custom_1665161964085{padding-top: 20px !important;}&#8221;][vc_column_inner width=&#8221;1\/6&#8243;][\/vc_column_inner][vc_column_inner width=&#8221;5\/6&#8243;][vc_custom_heading text=&#8221;En m\u00e1s de 20 a\u00f1os, hemos conseguido ser protagonistas del cambio en las ciudades a trav\u00e9s de soluciones inteligentes que mejoran la calidad de vida de las personas y permiten una movilidad m\u00e1s sostenible y agradable. El norte hacia la transformaci\u00f3n digital sigue siendo visible a lo largo de los a\u00f1os, gracias a nuestro sentido de adaptabilidad, a un equipo comprometido y a que creemos en retarnos cada d\u00eda para seguir haciendo lo que nos apasiona.&#8221; font_container=&#8221;tag:p|text_align:left&#8221; use_theme_fonts=&#8221;yes&#8221;][\/vc_column_inner][\/vc_row_inner][\/vc_column][\/vc_row][vc_row][vc_column]<!-- ========= Cool Timeline PRO 3.5 ========= --><div class=\"clt_preloader\"><img decoding=\"async\" alt=\"Preloader\" src=\"https:\/\/www.quipux.com\/web\/wp-content\/plugins\/cool-timeline-pro\/assets\/images\/preloader.gif\"><\/div><div  style=\"opacity:0\"\r\nclass=\"cool-timeline-horizontal white-timeline trayectoria ht-design-3\"  \r\nid=\"ctl-horizontal-slider-69e107d427de7\" \r\ndata-rtl=\"false\"\r\ndate-slider=\"ctl-h-slider-69e107d427de7\" \r\ndata-nav=\"nav-slider-69e107d427de7\" \r\ndata-items=\"4\" \r\ndata-start-on=\"0\" \r\ndata-autoplay=\"false\"\r\ndata-autoplay-speed=\"3000\">\r\n\r\n<div   class=\"timeline-wrapper white-timeline-wrapper hori-items-4\" ><div class=\"clt_carousel_slider\"  dir=\"\"><ul class=\"ctl_h_nav\" id=\"nav-slider-69e107d427de7\"> <li class=\"ht-dates-design-3\" id=\"story-id-7336\" data-date=\"story-id-7336\"><span class=\"ctl-story-time selected\"  data-date=\"story-id-7336\" ><div class=\"ctl-tooltips\"><span>1995<\/span><\/div><\/span><\/li> <li class=\"ht-dates-design-3\" id=\"story-id-7341\" data-date=\"story-id-7341\"><span class=\"ctl-story-time \"  data-date=\"story-id-7341\" ><div class=\"ctl-tooltips\"><span>1998<\/span><\/div><\/span><\/li> <li class=\"ht-dates-design-3\" id=\"story-id-7350\" data-date=\"story-id-7350\"><span class=\"ctl-story-time \"  data-date=\"story-id-7350\" ><div class=\"ctl-tooltips\"><span>1999<\/span><\/div><\/span><\/li> <li class=\"ht-dates-design-3\" id=\"story-id-7352\" data-date=\"story-id-7352\"><span class=\"ctl-story-time \"  data-date=\"story-id-7352\" ><div class=\"ctl-tooltips\"><span>2003<\/span><\/div><\/span><\/li> <li class=\"ht-dates-design-3\" id=\"story-id-7351\" data-date=\"story-id-7351\"><span class=\"ctl-story-time \"  data-date=\"story-id-7351\" ><div class=\"ctl-tooltips\"><span>2004<\/span><\/div><\/span><\/li> <li class=\"ht-dates-design-3\" id=\"story-id-7353\" data-date=\"story-id-7353\"><span class=\"ctl-story-time \"  data-date=\"story-id-7353\" ><div class=\"ctl-tooltips\"><span>2008<\/span><\/div><\/span><\/li> <li class=\"ht-dates-design-3\" id=\"story-id-7354\" data-date=\"story-id-7354\"><span class=\"ctl-story-time \"  data-date=\"story-id-7354\" ><div class=\"ctl-tooltips\"><span>2010<\/span><\/div><\/span><\/li> <li class=\"ht-dates-design-3\" id=\"story-id-7355\" data-date=\"story-id-7355\"><span class=\"ctl-story-time \"  data-date=\"story-id-7355\" ><div class=\"ctl-tooltips\"><span>2012<\/span><\/div><\/span><\/li> <li class=\"ht-dates-design-3\" id=\"story-id-14544\" data-date=\"story-id-14544\"><span class=\"ctl-story-time \"  data-date=\"story-id-14544\" ><div class=\"ctl-tooltips\"><span>2016<\/span><\/div><\/span><\/li> <li class=\"ht-dates-design-3\" id=\"story-id-14545\" data-date=\"story-id-14545\"><span class=\"ctl-story-time \"  data-date=\"story-id-14545\" ><div class=\"ctl-tooltips\"><span>2018<\/span><\/div><\/span><\/li><\/ul><\/div><div  class=\"clt_caru_slider\"  dir=\"\"><ul class=\"ctl_h_slides\"  id=\"ctl-h-slider-69e107d427de7\"><li id=\"story-id-7336-content\"  class=\"ht-design-3\"><div class=\"timeline-post light-grey-post ht-content-design-3\"><div class=\"ctl_info event-description full\"><div class=\"full-width\"><a title=\"Nuestros primeros clientes\"  href=\"https:\/\/www.quipux.com\/web\/wp-content\/uploads\/2021\/12\/timeline-xb-3.jpg\" class=\"ctl_prettyPhoto\"><img loading=\"lazy\" decoding=\"async\" width=\"500\" height=\"300\" src=\"https:\/\/www.quipux.com\/web\/wp-content\/uploads\/2021\/12\/timeline-xb-3.jpg\" class=\"story-img wp-post-image\" alt=\"man paying online\" srcset=\"https:\/\/www.quipux.com\/web\/wp-content\/uploads\/2021\/12\/timeline-xb-3.jpg 500w, https:\/\/www.quipux.com\/web\/wp-content\/uploads\/2021\/12\/timeline-xb-3-300x180.jpg 300w\" sizes=\"auto, (max-width: 500px) 100vw, 500px\" \/><\/a><\/div><h2 class=\"content-title-simple\"><a target=\"_blank\" title=\"Nuestros primeros clientes\" href=\"https:\/\/www.quipux.com\/\">Nuestros primeros clientes<\/a><\/h2><div class=\"content-details\"><p>Nacimos como una empresa de desarrollo de software especializada en el <strong>campo del tr\u00e1nsito. <\/strong>Nuestros primeros clientes fueron los municipios de Rionegro, Ciudad Bol\u00edvar e Itag\u00fc\u00ed. Y m\u00e1s tarde, Envigado.<\/p>\n<\/div><\/div><\/div><\/li><li id=\"story-id-7341-content\"  class=\"ht-design-3\"><div class=\"timeline-post light-grey-post ht-content-design-3\"><div class=\"ctl_info event-description full\"><div class=\"full-width\"><a title=\"Bogot\u00e1\"  href=\"https:\/\/www.quipux.com\/web\/wp-content\/uploads\/2021\/12\/timeline-BGTA-1.jpg\" class=\"ctl_prettyPhoto\"><img loading=\"lazy\" decoding=\"async\" width=\"500\" height=\"300\" src=\"https:\/\/www.quipux.com\/web\/wp-content\/uploads\/2021\/12\/timeline-BGTA-1.jpg\" class=\"story-img wp-post-image\" alt=\"Ciudad de Bogot\u00e1\" srcset=\"https:\/\/www.quipux.com\/web\/wp-content\/uploads\/2021\/12\/timeline-BGTA-1.jpg 500w, https:\/\/www.quipux.com\/web\/wp-content\/uploads\/2021\/12\/timeline-BGTA-1-300x180.jpg 300w\" sizes=\"auto, (max-width: 500px) 100vw, 500px\" \/><\/a><\/div><h2 class=\"content-title-simple\"><a target=\"_blank\" title=\"Bogot\u00e1\" href=\"https:\/\/www.quipux.com\/\">Bogot\u00e1<\/a><\/h2><div class=\"content-details\"><p style=\"text-align: left;\">Asumimos el reto de responder a la sistematizaci\u00f3n de procesos en Bogot\u00e1, el mayor organismo de tr\u00e1nsito de Colombia.<\/p>\n<\/div><\/div><\/div><\/li><li id=\"story-id-7350-content\"  class=\"ht-design-3\"><div class=\"timeline-post light-grey-post ht-content-design-3\"><div class=\"ctl_info event-description full\"><div class=\"full-width\"><a title=\"Cali\"  href=\"https:\/\/www.quipux.com\/web\/wp-content\/uploads\/2021\/12\/timeline-Cali-1.jpg\" class=\"ctl_prettyPhoto\"><img loading=\"lazy\" decoding=\"async\" width=\"500\" height=\"300\" src=\"https:\/\/www.quipux.com\/web\/wp-content\/uploads\/2021\/12\/timeline-Cali-1.jpg\" class=\"story-img wp-post-image\" alt=\"Ciudad de Cali\" srcset=\"https:\/\/www.quipux.com\/web\/wp-content\/uploads\/2021\/12\/timeline-Cali-1.jpg 500w, https:\/\/www.quipux.com\/web\/wp-content\/uploads\/2021\/12\/timeline-Cali-1-300x180.jpg 300w\" sizes=\"auto, (max-width: 500px) 100vw, 500px\" \/><\/a><\/div><h2 class=\"content-title-simple\"><a target=\"_blank\" title=\"Cali\" href=\"https:\/\/www.quipux.com\/\">Cali<\/a><\/h2><div class=\"content-details\"><p style=\"text-align: left;\">Seguimos creando soluciones que impactan la atenci\u00f3n al ciudadano y mejoran la eficiencia en la prestaci\u00f3n de servicios de las entidades de tr\u00e1nsito y transporte. Comienza nuestra operaci\u00f3n en el organismo de tr\u00e1nsito de Cali.<\/p>\n<\/div><\/div><\/div><\/li><li id=\"story-id-7352-content\"  class=\"ht-design-3\"><div class=\"timeline-post light-grey-post ht-content-design-3\"><div class=\"ctl_info event-description full\"><div class=\"full-width\"><a title=\"Modernizaci\u00f3n\"  href=\"https:\/\/www.quipux.com\/web\/wp-content\/uploads\/2021\/12\/timeline-ImpA-1.jpg\" class=\"ctl_prettyPhoto\"><img loading=\"lazy\" decoding=\"async\" width=\"500\" height=\"300\" src=\"https:\/\/www.quipux.com\/web\/wp-content\/uploads\/2021\/12\/timeline-ImpA-1.jpg\" class=\"story-img wp-post-image\" alt=\"plataforma de impuestos antioquia\" srcset=\"https:\/\/www.quipux.com\/web\/wp-content\/uploads\/2021\/12\/timeline-ImpA-1.jpg 500w, https:\/\/www.quipux.com\/web\/wp-content\/uploads\/2021\/12\/timeline-ImpA-1-300x180.jpg 300w\" sizes=\"auto, (max-width: 500px) 100vw, 500px\" \/><\/a><\/div><h2 class=\"content-title-simple\"><a target=\"_blank\" title=\"Modernizaci\u00f3n\" href=\"https:\/\/www.quipux.com\/\">Modernizaci\u00f3n<\/a><\/h2><div class=\"content-details\"><p>Alianza con Emtelco (ahora UNE) que llev\u00f3 a ambiciosos proyectos como la modernizaci\u00f3n de los servicios a cargo de la Secretar\u00eda de Movilidad de Medell\u00edn e impuestos vehiculares con la Gobernaci\u00f3n de Antioquia.<\/p>\n<\/div><\/div><\/div><\/li><li id=\"story-id-7351-content\"  class=\"ht-design-3\"><div class=\"timeline-post light-grey-post ht-content-design-3\"><div class=\"ctl_info event-description full\"><div class=\"full-width\"><a title=\"SIMIT\"  href=\"https:\/\/www.quipux.com\/web\/wp-content\/uploads\/2008\/02\/simit-platform.png\" class=\"ctl_prettyPhoto\"><img loading=\"lazy\" decoding=\"async\" width=\"500\" height=\"300\" src=\"https:\/\/www.quipux.com\/web\/wp-content\/uploads\/2008\/02\/simit-platform.png\" class=\"story-img wp-post-image\" alt=\"simit-platform\" srcset=\"https:\/\/www.quipux.com\/web\/wp-content\/uploads\/2008\/02\/simit-platform.png 500w, https:\/\/www.quipux.com\/web\/wp-content\/uploads\/2008\/02\/simit-platform-300x180.png 300w\" sizes=\"auto, (max-width: 500px) 100vw, 500px\" \/><\/a><\/div><h2 class=\"content-title-simple\"><a target=\"_blank\" title=\"SIMIT\" href=\"https:\/\/www.quipux.com\/\">SIMIT<\/a><\/h2><div class=\"content-details\"><p style=\"text-align: left;\">Iniciamos la implementaci\u00f3n de la soluci\u00f3n de software para los registros de tr\u00e1nsito en la Secretar\u00eda de Movilidad de Medell\u00edn y el desarrollo y puesta en funcionamiento del Sistema Integrado de Multas por Infracciones de Tr\u00e1nsito (SIMIT).<\/p>\n<\/div><\/div><\/div><\/li><li id=\"story-id-7353-content\"  class=\"ht-design-3\"><div class=\"timeline-post light-grey-post ht-content-design-3\"><div class=\"ctl_info event-description full\"><div class=\"full-width\"><a title=\"RUNT\"  href=\"https:\/\/www.quipux.com\/web\/wp-content\/uploads\/2021\/12\/timeline-runt.png\" class=\"ctl_prettyPhoto\"><img loading=\"lazy\" decoding=\"async\" width=\"500\" height=\"300\" src=\"https:\/\/www.quipux.com\/web\/wp-content\/uploads\/2021\/12\/timeline-runt.png\" class=\"story-img wp-post-image\" alt=\"RUNT\" srcset=\"https:\/\/www.quipux.com\/web\/wp-content\/uploads\/2021\/12\/timeline-runt.png 500w, https:\/\/www.quipux.com\/web\/wp-content\/uploads\/2021\/12\/timeline-runt-300x180.png 300w\" sizes=\"auto, (max-width: 500px) 100vw, 500px\" \/><\/a><\/div><h2 class=\"content-title-simple\"><a target=\"_blank\" title=\"RUNT\" href=\"https:\/\/www.quipux.com\/\">RUNT<\/a><\/h2><div class=\"content-details\"><p>Participamos en la arquitectura de software del RUNT, primer proyecto en Am\u00e9rica Latina donde se tiene una sola base de datos con 11 registros de tr\u00e1nsito.<\/p>\n<\/div><\/div><\/div><\/li><li id=\"story-id-7354-content\"  class=\"ht-design-3\"><div class=\"timeline-post light-grey-post ht-content-design-3\"><div class=\"ctl_info event-description full\"><div class=\"full-width\"><a title=\"Medell\u00edn\"  href=\"https:\/\/www.quipux.com\/web\/wp-content\/uploads\/2021\/12\/timeline-Mvl-1.jpg\" class=\"ctl_prettyPhoto\"><img loading=\"lazy\" decoding=\"async\" width=\"500\" height=\"300\" src=\"https:\/\/www.quipux.com\/web\/wp-content\/uploads\/2021\/12\/timeline-Mvl-1.jpg\" class=\"story-img wp-post-image\" alt=\"Movilidad en linea\" srcset=\"https:\/\/www.quipux.com\/web\/wp-content\/uploads\/2021\/12\/timeline-Mvl-1.jpg 500w, https:\/\/www.quipux.com\/web\/wp-content\/uploads\/2021\/12\/timeline-Mvl-1-300x180.jpg 300w\" sizes=\"auto, (max-width: 500px) 100vw, 500px\" \/><\/a><\/div><h2 class=\"content-title-simple\"><a target=\"_blank\" title=\"Medell\u00edn\" href=\"https:\/\/www.quipux.com\/\">Medell\u00edn<\/a><\/h2><div class=\"content-details\"><p>En alianza con UNE desarrollamos el Sistema Inteligente de Movilidad de Medell\u00edn. Proyecto que marc\u00f3 un precedente en la historia de tr\u00e1nsito y transporte de Colombia: inclusi\u00f3n de tecnolog\u00edas para el control de la movilidad, descentralizaci\u00f3n de sedes y unidades m\u00f3viles de atenci\u00f3n.<\/p>\n<\/div><\/div><\/div><\/li><li id=\"story-id-7355-content\"  class=\"ht-design-3\"><div class=\"timeline-post light-grey-post ht-content-design-3\"><div class=\"ctl_info event-description full\"><div class=\"full-width\"><a title=\"Brasil\"  href=\"https:\/\/www.quipux.com\/web\/wp-content\/uploads\/2021\/12\/Timeline-brazil-1.jpg\" class=\"ctl_prettyPhoto\"><img loading=\"lazy\" decoding=\"async\" width=\"500\" height=\"300\" src=\"https:\/\/www.quipux.com\/web\/wp-content\/uploads\/2021\/12\/Timeline-brazil-1.jpg\" class=\"story-img wp-post-image\" alt=\"auto part\" srcset=\"https:\/\/www.quipux.com\/web\/wp-content\/uploads\/2021\/12\/Timeline-brazil-1.jpg 500w, https:\/\/www.quipux.com\/web\/wp-content\/uploads\/2021\/12\/Timeline-brazil-1-300x180.jpg 300w\" sizes=\"auto, (max-width: 500px) 100vw, 500px\" \/><\/a><\/div><h2 class=\"content-title-simple\"><a target=\"_blank\" title=\"Brasil\" href=\"https:\/\/www.quipux.com\/\">Brasil<\/a><\/h2><div class=\"content-details\"><p>Abrimos oficinas en Sao Paulo para centralizar los servicios de tr\u00e1nsito ofrecidos en Brasil\u00a0 y comenzar a desarrollar nuestro proyecto CODEV.<\/p>\n<\/div><\/div><\/div><\/li><li id=\"story-id-14544-content\"  class=\"ht-design-3\"><div class=\"timeline-post light-grey-post ht-content-design-3\"><div class=\"ctl_info event-description full\"><div class=\"full-width\"><a title=\"Canad\u00e1\"  href=\"https:\/\/www.quipux.com\/web\/wp-content\/uploads\/2021\/12\/timeline-canada-1.jpg\" class=\"ctl_prettyPhoto\"><img loading=\"lazy\" decoding=\"async\" width=\"500\" height=\"300\" src=\"https:\/\/www.quipux.com\/web\/wp-content\/uploads\/2021\/12\/timeline-canada-1.jpg\" class=\"story-img wp-post-image\" alt=\"woman pointing at screen\" srcset=\"https:\/\/www.quipux.com\/web\/wp-content\/uploads\/2021\/12\/timeline-canada-1.jpg 500w, https:\/\/www.quipux.com\/web\/wp-content\/uploads\/2021\/12\/timeline-canada-1-300x180.jpg 300w\" sizes=\"auto, (max-width: 500px) 100vw, 500px\" \/><\/a><\/div><h2 class=\"content-title-simple\"><a target=\"_blank\" title=\"Canad\u00e1\" href=\"https:\/\/www.quipux.com\/\">Canad\u00e1<\/a><\/h2><div class=\"content-details\"><p>Quipux comienza proyectos en Quebec, Canad\u00e1 en alianza con el organismo de tr\u00e1nsito AQTr.<\/p>\n<\/div><\/div><\/div><\/li><li id=\"story-id-14545-content\"  class=\"ht-design-3\"><div class=\"timeline-post light-grey-post ht-content-design-3\"><div class=\"ctl_info event-description full\"><div class=\"full-width\"><a title=\"Movilidad\"  href=\"https:\/\/www.quipux.com\/web\/wp-content\/uploads\/2021\/12\/timeline-x-2.jpg\" class=\"ctl_prettyPhoto\"><img loading=\"lazy\" decoding=\"async\" width=\"500\" height=\"300\" src=\"https:\/\/www.quipux.com\/web\/wp-content\/uploads\/2021\/12\/timeline-x-2.jpg\" class=\"story-img wp-post-image\" alt=\"woman on a bus\" srcset=\"https:\/\/www.quipux.com\/web\/wp-content\/uploads\/2021\/12\/timeline-x-2.jpg 500w, https:\/\/www.quipux.com\/web\/wp-content\/uploads\/2021\/12\/timeline-x-2-300x180.jpg 300w\" sizes=\"auto, (max-width: 500px) 100vw, 500px\" \/><\/a><\/div><h2 class=\"content-title-simple\"><a target=\"_blank\" title=\"Movilidad\" href=\"https:\/\/www.quipux.com\/\">Movilidad<\/a><\/h2><div class=\"content-details\"><p>Lanzamos nuestro proyecto de servicios digitales ciudadanos en Medell\u00edn, una plataforma llamada Movilidad en L\u00ednea de la Secretaria de Movilidad de Medell\u00edn, para la realizaci\u00f3n de tr\u00e1mites de tr\u00e1nsito de manera virtual, \u00a1un hito de ciudad!<\/p>\n<\/div><\/div><\/div><\/li><\/ul><\/div><\/div><\/div><style type=\"text\/css\"><\/style><!-- end  ================================================== -->[\/vc_column][\/vc_row][vc_row full_width=&#8221;stretch_row_content_no_spaces&#8221; content_placement=&#8221;middle&#8221; type=&#8221;full_width_background&#8221; bg_color=&#8221;#f3f4f7&#8243; top_padding=&#8221;70&#8243; bottom_padding=&#8221;70&#8243;][vc_column width=&#8221;1\/4&#8243;][\/vc_column][vc_column width=&#8221;1\/3&#8243; column_padding=&#8221;0%&#8221; css=&#8221;.vc_custom_1663277858321{margin-top: 0px !important;margin-bottom: 0px !important;padding-top: 0px !important;padding-bottom: 0px !important;}&#8221;][vc_custom_heading text=&#8221;\u00bfQuieres conocer m\u00e1s?&#8221; font_container=&#8221;tag:h2|text_align:center&#8221; use_theme_fonts=&#8221;yes&#8221;][\/vc_column][vc_column width=&#8221;1\/6&#8243;][button title=&#8221;\u00a1Cont\u00e1ctanos!&#8221; link=&#8221;https:\/\/www.quipux.com\/web\/contact-us\/&#8221; align=&#8221;center&#8221;][\/vc_column][vc_column width=&#8221;1\/4&#8243;][\/vc_column][\/vc_row]<\/p>\n<\/section>","protected":false},"excerpt":{"rendered":"<p>[vc_row full_width=&#8221;stretch_row_content_no_spaces&#8221; type=&#8221;full_width_background&#8221; bg_image=&#8221;15316&#8243; parallax_bg=&#8221;true&#8221; bg_color=&#8221;rgba(0,0,0,0.58)&#8221; text_color=&#8221;light&#8221; top_padding=&#8221;250&#8243; bottom_padding=&#8221;250&#8243;][vc_column][\/vc_column][\/vc_row][vc_row top_padding=&#8221;70&#8243;][vc_column width=&#8221;2\/3&#8243;][vc_custom_heading text=&#8221;El Quipu&#8230;&#8221; font_container=&#8221;tag:div|font_size:60px|text_align:left|color:%23262236|line_height:60px&#8221; use_theme_fonts=&#8221;yes&#8221; el_class=&#8221;bold-custom-headings&#8221;][vc_empty_space height=&#8221;20px&#8221;][vc_column_text css=&#8221;.vc_custom_1667582726686{padding-top: 20px !important;}&#8221;] Es un instrumento utilizado por los incas. [\/vc_column_text][vc_custom_heading text=&#8221;Si vamos m\u00e1s all\u00e1, encontraremos que el quipu puede ser considerado como un sistema de notaci\u00f3n tridimensional en el que un conjunto..<a  target=\"_blank\" class=\"read_more ctl_read_more\" href=\"https:\/\/www.quipux.com\/\">Lee mas<\/a><\/p>\n","protected":false},"author":1,"featured_media":0,"parent":0,"menu_order":0,"comment_status":"closed","ping_status":"closed","template":"","meta":{"footnotes":""},"class_list":["post-17915","page","type-page","status-publish","hentry"],"yoast_head":"<!-- This site is optimized with the Yoast SEO Premium plugin v15.6.2 - https:\/\/yoast.com\/wordpress\/plugins\/seo\/ -->\n<title>Nuestro origen | Quipux<\/title>\n<meta name=\"robots\" content=\"index, follow, max-snippet:-1, max-image-preview:large, max-video-preview:-1\" \/>\n<link rel=\"canonical\" href=\"https:\/\/www.quipux.com\/web\/nuestro-origen\/\" \/>\n<meta property=\"og:locale\" content=\"es_ES\" \/>\n<meta property=\"og:type\" content=\"article\" \/>\n<meta property=\"og:title\" content=\"Nuestro origen | Quipux\" \/>\n<meta property=\"og:description\" content=\"[vc_row full_width=&#8221;stretch_row_content_no_spaces&#8221; type=&#8221;full_width_background&#8221; bg_image=&#8221;15316&#8243; parallax_bg=&#8221;true&#8221; bg_color=&#8221;rgba(0,0,0,0.58)&#8221; text_color=&#8221;light&#8221; top_padding=&#8221;250&#8243; bottom_padding=&#8221;250&#8243;][vc_column][\/vc_column][\/vc_row][vc_row top_padding=&#8221;70&#8243;][vc_column width=&#8221;2\/3&#8243;][vc_custom_heading text=&#8221;El Quipu&#8230;&#8221; font_container=&#8221;tag:div|font_size:60px|text_align:left|color:%23262236|line_height:60px&#8221; use_theme_fonts=&#8221;yes&#8221; el_class=&#8221;bold-custom-headings&#8221;][vc_empty_space height=&#8221;20px&#8221;][vc_column_text css=&#8221;.vc_custom_1667582726686{padding-top: 20px !important;}&#8221;] Es un instrumento utilizado por los incas. [\/vc_column_text][vc_custom_heading text=&#8221;Si vamos m\u00e1s all\u00e1, encontraremos que el quipu puede ser considerado como un sistema de notaci\u00f3n tridimensional en el que un conjunto..Lee mas\" \/>\n<meta property=\"og:url\" content=\"https:\/\/www.quipux.com\/web\/nuestro-origen\/\" \/>\n<meta property=\"og:site_name\" content=\"Quipux\" \/>\n<meta property=\"article:modified_time\" content=\"2022-12-16T15:25:24+00:00\" \/>\n<meta name=\"twitter:card\" content=\"summary_large_image\" \/>\n<meta name=\"twitter:label1\" content=\"Tiempo de lectura\">\n\t<meta name=\"twitter:data1\" content=\"3 minutos\">\n<script type=\"application\/ld+json\" class=\"yoast-schema-graph\">{\"@context\":\"https:\/\/schema.org\",\"@graph\":[{\"@type\":\"Organization\",\"@id\":\"https:\/\/www.quipux.com\/web\/#organization\",\"name\":\"Quipux\",\"url\":\"https:\/\/www.quipux.com\/web\/\",\"sameAs\":[],\"logo\":{\"@type\":\"ImageObject\",\"@id\":\"https:\/\/www.quipux.com\/web\/#logo\",\"inLanguage\":\"es\",\"url\":\"https:\/\/www.quipux.com\/web\/wp-content\/uploads\/2022\/10\/Logo-quipux-1.png\",\"width\":195,\"height\":41,\"caption\":\"Quipux\"},\"image\":{\"@id\":\"https:\/\/www.quipux.com\/web\/#logo\"}},{\"@type\":\"WebSite\",\"@id\":\"https:\/\/www.quipux.com\/web\/#website\",\"url\":\"https:\/\/www.quipux.com\/web\/\",\"name\":\"Quipux\",\"description\":\"\",\"publisher\":{\"@id\":\"https:\/\/www.quipux.com\/web\/#organization\"},\"potentialAction\":[{\"@type\":\"SearchAction\",\"target\":\"https:\/\/www.quipux.com\/web\/?s={search_term_string}\",\"query-input\":\"required name=search_term_string\"}],\"inLanguage\":\"es\"},{\"@type\":\"WebPage\",\"@id\":\"https:\/\/www.quipux.com\/web\/nuestro-origen\/#webpage\",\"url\":\"https:\/\/www.quipux.com\/web\/nuestro-origen\/\",\"name\":\"Nuestro origen | Quipux\",\"isPartOf\":{\"@id\":\"https:\/\/www.quipux.com\/web\/#website\"},\"datePublished\":\"2022-10-11T19:51:42+00:00\",\"dateModified\":\"2022-12-16T15:25:24+00:00\",\"inLanguage\":\"es\",\"potentialAction\":[{\"@type\":\"ReadAction\",\"target\":[\"https:\/\/www.quipux.com\/web\/nuestro-origen\/\"]}]}]}<\/script>\n<!-- \/ Yoast SEO Premium plugin. -->","_links":{"self":[{"href":"https:\/\/www.quipux.com\/web\/wp-json\/wp\/v2\/pages\/17915","targetHints":{"allow":["GET"]}}],"collection":[{"href":"https:\/\/www.quipux.com\/web\/wp-json\/wp\/v2\/pages"}],"about":[{"href":"https:\/\/www.quipux.com\/web\/wp-json\/wp\/v2\/types\/page"}],"author":[{"embeddable":true,"href":"https:\/\/www.quipux.com\/web\/wp-json\/wp\/v2\/users\/1"}],"replies":[{"embeddable":true,"href":"https:\/\/www.quipux.com\/web\/wp-json\/wp\/v2\/comments?post=17915"}],"version-history":[{"count":5,"href":"https:\/\/www.quipux.com\/web\/wp-json\/wp\/v2\/pages\/17915\/revisions"}],"predecessor-version":[{"id":18044,"href":"https:\/\/www.quipux.com\/web\/wp-json\/wp\/v2\/pages\/17915\/revisions\/18044"}],"wp:attachment":[{"href":"https:\/\/www.quipux.com\/web\/wp-json\/wp\/v2\/media?parent=17915"}],"curies":[{"name":"wp","href":"https:\/\/api.w.org\/{rel}","templated":true}]}}