{"id":20330,"date":"2022-12-02T15:27:32","date_gmt":"2022-12-02T20:27:32","guid":{"rendered":"https:\/\/www.quipux.com\/web\/procesos-de-calidad\/"},"modified":"2025-03-14T06:27:09","modified_gmt":"2025-03-14T11:27:09","slug":"procesos-de-calidad","status":"publish","type":"page","link":"https:\/\/www.quipux.com\/web\/procesos-de-calidad\/?lang=pt-br","title":{"rendered":"Processos de qualidade"},"content":{"rendered":"<section class=\"wpb-content-wrapper\"><p>[vc_row full_width=&#8221;stretch_row_content_no_spaces&#8221; type=&#8221;full_width_background&#8221; bg_image=&#8221;17576&#8243; bg_position=&#8221;center center&#8221; parallax_bg=&#8221;true&#8221; bg_color=&#8221;rgba(0,0,0,0.58)&#8221; overlay=&#8221;true&#8221; overlay_color=&#8221;rgba(0,0,0,0.39)&#8221; text_color=&#8221;light&#8221; top_padding=&#8221;150&#8243; bottom_padding=&#8221;150&#8243;][vc_column][vc_custom_heading text=&#8221;<strong>A qualidade \u00e9 nossa melhor garantia<\/strong>&#8221; font_container=&#8221;tag:p|font_size:80px|text_align:center|line_height:80px&#8221; use_theme_fonts=&#8221;yes&#8221; css_animation=&#8221;none&#8221;][\/vc_column][\/vc_row][vc_row][vc_column width=&#8221;5\/6&#8243;][block_title style=&#8221;column_title&#8221; inner_style=&#8221;inline_border_circle&#8221; title=&#8221;A qualidade nunca \u00e9 um acidente, sempre \u00e9 o resultado de um esfor\u00e7o consciente.&#8221;][\/block_title][\/vc_column][vc_column width=&#8221;1\/6&#8243;][\/vc_column][\/vc_row][vc_row][vc_column width=&#8221;2\/3&#8243;][vc_column_text]<\/p>\n<p class=\"p1\">Tenhamos em nossas m\u00e3os o poder de impactar a din\u00e2mica da mobilidade nas cidades e contribuir para o bem-estar das pessoas. Este prop\u00f3sito nos impulsiona a trabalhar em equipe para oferecer solu\u00e7\u00f5es e servi\u00e7os de qualidade, desenvolvidos sob as melhores pr\u00e1ticas.<\/p>\n<p>[\/vc_column_text][vc_column_text]<\/p>\n<p class=\"p1\">As qualifica\u00e7\u00f5es e certifica\u00e7\u00f5es que recebemos em nosso processo de padroniza\u00e7\u00e3o, dizem respeito ao nosso compromisso com as pessoas e \u00e0 satisfa\u00e7\u00e3o de nossos clientes.<\/p>\n<p>[\/vc_column_text][\/vc_column][vc_column width=&#8221;1\/3&#8243;][\/vc_column][\/vc_row][vc_row][vc_column][vc_empty_space][\/vc_column][\/vc_row][vc_row][vc_column][block_title title=&#8221;Certifica\u00e7\u00f5es e valores&#8221;][\/block_title][\/vc_column][\/vc_row][vc_row full_width=&#8221;stretch_row_content_no_spaces&#8221; gap=&#8221;10&#8243; content_placement=&#8221;middle&#8221; type=&#8221;full_width_content&#8221;][vc_column width=&#8221;1\/3&#8243;][vc_hoverbox image=&#8221;20137&#8243; primary_title=&#8221;&#8221; hover_title=&#8221;&#8221; shape=&#8221;square&#8221; css=&#8221;.vc_custom_1672955987377{border-top-width: 1px !important;border-right-width: 1px !important;border-bottom-width: 1px !important;border-left-width: 1px !important;background-color: #ededed !important;border-left-color: #ededed !important;border-left-style: solid !important;border-right-color: #ededed !important;border-right-style: solid !important;border-top-color: #ededed !important;border-top-style: solid !important;border-bottom-color: #ededed !important;border-bottom-style: solid !important;}&#8221;]<\/p>\n<h4 class=\"p1\" style=\"text-align: center;\">ISO 27001<\/h4>\n<p class=\"p1\" style=\"text-align: center;\">Eval\u00faa la protecci\u00f3n de la confidencialidad, integridad y disponibilidad de la informaci\u00f3n en una empresa. Quipux est\u00e1 certificada desde 2014.<\/p>\n<p>[\/vc_hoverbox][\/vc_column][vc_column width=&#8221;1\/3&#8243;][vc_hoverbox image=&#8221;20136&#8243; primary_title=&#8221;&#8221; hover_title=&#8221;&#8221; shape=&#8221;square&#8221; css=&#8221;.vc_custom_1672956025388{border-top-width: 1px !important;border-right-width: 1px !important;border-bottom-width: 1px !important;border-left-width: 1px !important;border-left-color: #ededed !important;border-left-style: solid !important;border-right-color: #ededed !important;border-right-style: solid !important;border-top-color: #ededed !important;border-top-style: solid !important;border-bottom-color: #ededed !important;border-bottom-style: solid !important;}&#8221;]<\/p>\n<h4 class=\"p1\" style=\"text-align: center;\">ISO 9001<\/h4>\n<p class=\"p1\" style=\"text-align: center;\">Norma reconocida internacionalmente para crear, implementar y mantener un Sistema de Gesti\u00f3n de Calidad. Quipux est\u00e1 certificada desde 2002.<\/p>\n<p>[\/vc_hoverbox][\/vc_column][vc_column width=&#8221;1\/3&#8243;][vc_hoverbox image=&#8221;20208&#8243; primary_title=&#8221;&#8221; hover_title=&#8221;&#8221; shape=&#8221;square&#8221; css=&#8221;.vc_custom_1689113293681{border-top-width: 1px !important;border-right-width: 1px !important;border-bottom-width: 1px !important;border-left-width: 1px !important;border-left-color: #ededed !important;border-left-style: solid !important;border-right-color: #ededed !important;border-right-style: solid !important;border-top-color: #ededed !important;border-top-style: solid !important;border-bottom-color: #ededed !important;border-bottom-style: solid !important;}&#8221;]<\/p>\n<h4 class=\"p1\" style=\"text-align: center;\"><b>CMMI DEV Nivel III V 2.<\/b><b>0<\/b><\/h4>\n<p class=\"p1\" style=\"text-align: center;\">Modelo integrado de madurez y capacidad para el desarrollo, que nos permite obtener procesos definidos y estandarizados.<\/p>\n<p>[\/vc_hoverbox][\/vc_column][\/vc_row][vc_row][vc_column][vc_empty_space][\/vc_column][\/vc_row][vc_row full_width=&#8221;stretch_row_content_no_spaces&#8221; content_placement=&#8221;middle&#8221; type=&#8221;full_width_background&#8221; bg_color=&#8221;#f3f4f7&#8243; top_padding=&#8221;70&#8243; bottom_padding=&#8221;70&#8243;][vc_column width=&#8221;1\/4&#8243;][\/vc_column][vc_column width=&#8221;1\/3&#8243; column_padding=&#8221;0%&#8221; css=&#8221;.vc_custom_1663277858321{margin-top: 0px !important;margin-bottom: 0px !important;padding-top: 0px !important;padding-bottom: 0px !important;}&#8221;][vc_custom_heading text=&#8221;Quer saber mais?&#8221; font_container=&#8221;tag:h2|text_align:center&#8221; use_theme_fonts=&#8221;yes&#8221;][\/vc_column][vc_column width=&#8221;1\/6&#8243;][button title=&#8221;Entre em contato!&#8221; link=&#8221;https:\/\/www.quipux.com\/web\/contact-us\/&#8221; align=&#8221;center&#8221; icon=&#8221;&#8221;][\/vc_column][vc_column width=&#8221;1\/4&#8243;][\/vc_column][\/vc_row]<\/p>\n<\/section>","protected":false},"excerpt":{"rendered":"<p>[vc_row full_width=&#8221;stretch_row_content_no_spaces&#8221; type=&#8221;full_width_background&#8221; bg_image=&#8221;17576&#8243; bg_position=&#8221;center center&#8221; parallax_bg=&#8221;true&#8221; bg_color=&#8221;rgba(0,0,0,0.58)&#8221; overlay=&#8221;true&#8221; overlay_color=&#8221;rgba(0,0,0,0.39)&#8221; text_color=&#8221;light&#8221; top_padding=&#8221;150&#8243; bottom_padding=&#8221;150&#8243;][vc_column][vc_custom_heading text=&#8221;A qualidade \u00e9 nossa melhor garantia&#8221; font_container=&#8221;tag:p|font_size:80px|text_align:center|line_height:80px&#8221; use_theme_fonts=&#8221;yes&#8221; css_animation=&#8221;none&#8221;][\/vc_column][\/vc_row][vc_row][vc_column width=&#8221;5\/6&#8243;][block_title style=&#8221;column_title&#8221; inner_style=&#8221;inline_border_circle&#8221; title=&#8221;A qualidade nunca \u00e9 um acidente, sempre \u00e9 o resultado de um esfor\u00e7o consciente.&#8221;][\/block_title][\/vc_column][vc_column width=&#8221;1\/6&#8243;][\/vc_column][\/vc_row][vc_row][vc_column width=&#8221;2\/3&#8243;][vc_column_text] Tenhamos em nossas m\u00e3os o poder de impactar a din\u00e2mica da mobilidade nas cidades [&hellip;]<\/p>\n","protected":false},"author":1,"featured_media":0,"parent":0,"menu_order":0,"comment_status":"closed","ping_status":"closed","template":"","meta":{"footnotes":""},"class_list":["post-20330","page","type-page","status-publish","hentry"],"yoast_head":"<!-- This site is optimized with the Yoast SEO Premium plugin v15.6.2 - https:\/\/yoast.com\/wordpress\/plugins\/seo\/ -->\n<title>Processos de qualidade | Quipux<\/title>\n<meta name=\"robots\" content=\"index, follow, max-snippet:-1, max-image-preview:large, max-video-preview:-1\" \/>\n<link rel=\"canonical\" href=\"https:\/\/www.quipux.com\/web\/procesos-de-calidad\/?lang=pt-br\" \/>\n<meta property=\"og:locale\" content=\"es_ES\" \/>\n<meta property=\"og:type\" content=\"article\" \/>\n<meta property=\"og:title\" content=\"Processos de qualidade | Quipux\" \/>\n<meta property=\"og:description\" content=\"[vc_row full_width=&#8221;stretch_row_content_no_spaces&#8221; type=&#8221;full_width_background&#8221; bg_image=&#8221;17576&#8243; bg_position=&#8221;center center&#8221; parallax_bg=&#8221;true&#8221; bg_color=&#8221;rgba(0,0,0,0.58)&#8221; overlay=&#8221;true&#8221; overlay_color=&#8221;rgba(0,0,0,0.39)&#8221; text_color=&#8221;light&#8221; top_padding=&#8221;150&#8243; bottom_padding=&#8221;150&#8243;][vc_column][vc_custom_heading text=&#8221;A qualidade \u00e9 nossa melhor garantia&#8221; font_container=&#8221;tag:p|font_size:80px|text_align:center|line_height:80px&#8221; use_theme_fonts=&#8221;yes&#8221; css_animation=&#8221;none&#8221;][\/vc_column][\/vc_row][vc_row][vc_column width=&#8221;5\/6&#8243;][block_title style=&#8221;column_title&#8221; inner_style=&#8221;inline_border_circle&#8221; title=&#8221;A qualidade nunca \u00e9 um acidente, sempre \u00e9 o resultado de um esfor\u00e7o consciente.&#8221;][\/block_title][\/vc_column][vc_column width=&#8221;1\/6&#8243;][\/vc_column][\/vc_row][vc_row][vc_column width=&#8221;2\/3&#8243;][vc_column_text] Tenhamos em nossas m\u00e3os o poder de impactar a din\u00e2mica da mobilidade nas cidades [&hellip;]\" \/>\n<meta property=\"og:url\" content=\"https:\/\/www.quipux.com\/web\/procesos-de-calidad\/?lang=pt-br\" \/>\n<meta property=\"og:site_name\" content=\"Quipux\" \/>\n<meta property=\"article:modified_time\" content=\"2025-03-14T11:27:09+00:00\" \/>\n<meta name=\"twitter:card\" content=\"summary_large_image\" \/>\n<meta name=\"twitter:label1\" content=\"Tiempo de lectura\">\n\t<meta name=\"twitter:data1\" content=\"2 minutos\">\n<script type=\"application\/ld+json\" class=\"yoast-schema-graph\">{\"@context\":\"https:\/\/schema.org\",\"@graph\":[{\"@type\":\"Organization\",\"@id\":\"https:\/\/www.quipux.com\/web\/#organization\",\"name\":\"Quipux\",\"url\":\"https:\/\/www.quipux.com\/web\/\",\"sameAs\":[],\"logo\":{\"@type\":\"ImageObject\",\"@id\":\"https:\/\/www.quipux.com\/web\/#logo\",\"inLanguage\":\"es\",\"url\":\"https:\/\/www.quipux.com\/web\/wp-content\/uploads\/2022\/10\/Logo-quipux-1.png\",\"width\":195,\"height\":41,\"caption\":\"Quipux\"},\"image\":{\"@id\":\"https:\/\/www.quipux.com\/web\/#logo\"}},{\"@type\":\"WebSite\",\"@id\":\"https:\/\/www.quipux.com\/web\/#website\",\"url\":\"https:\/\/www.quipux.com\/web\/\",\"name\":\"Quipux\",\"description\":\"\",\"publisher\":{\"@id\":\"https:\/\/www.quipux.com\/web\/#organization\"},\"potentialAction\":[{\"@type\":\"SearchAction\",\"target\":\"https:\/\/www.quipux.com\/web\/?s={search_term_string}\",\"query-input\":\"required name=search_term_string\"}],\"inLanguage\":\"es\"},{\"@type\":\"WebPage\",\"@id\":\"https:\/\/www.quipux.com\/web\/procesos-de-calidad\/?lang=pt-br#webpage\",\"url\":\"https:\/\/www.quipux.com\/web\/procesos-de-calidad\/?lang=pt-br\",\"name\":\"Processos de qualidade | Quipux\",\"isPartOf\":{\"@id\":\"https:\/\/www.quipux.com\/web\/#website\"},\"datePublished\":\"2022-12-02T20:27:32+00:00\",\"dateModified\":\"2025-03-14T11:27:09+00:00\",\"inLanguage\":\"es\",\"potentialAction\":[{\"@type\":\"ReadAction\",\"target\":[\"https:\/\/www.quipux.com\/web\/procesos-de-calidad\/?lang=pt-br\"]}]}]}<\/script>\n<!-- \/ Yoast SEO Premium plugin. -->","_links":{"self":[{"href":"https:\/\/www.quipux.com\/web\/wp-json\/wp\/v2\/pages\/20330","targetHints":{"allow":["GET"]}}],"collection":[{"href":"https:\/\/www.quipux.com\/web\/wp-json\/wp\/v2\/pages"}],"about":[{"href":"https:\/\/www.quipux.com\/web\/wp-json\/wp\/v2\/types\/page"}],"author":[{"embeddable":true,"href":"https:\/\/www.quipux.com\/web\/wp-json\/wp\/v2\/users\/1"}],"replies":[{"embeddable":true,"href":"https:\/\/www.quipux.com\/web\/wp-json\/wp\/v2\/comments?post=20330"}],"version-history":[{"count":4,"href":"https:\/\/www.quipux.com\/web\/wp-json\/wp\/v2\/pages\/20330\/revisions"}],"predecessor-version":[{"id":20455,"href":"https:\/\/www.quipux.com\/web\/wp-json\/wp\/v2\/pages\/20330\/revisions\/20455"}],"wp:attachment":[{"href":"https:\/\/www.quipux.com\/web\/wp-json\/wp\/v2\/media?parent=20330"}],"curies":[{"name":"wp","href":"https:\/\/api.w.org\/{rel}","templated":true}]}}