{"id":20340,"date":"2022-10-12T16:15:15","date_gmt":"2022-10-12T21:15:15","guid":{"rendered":"https:\/\/www.quipux.com\/web\/intelligent-mobility-systems\/"},"modified":"2025-03-13T14:34:31","modified_gmt":"2025-03-13T19:34:31","slug":"intelligent-mobility-systems","status":"publish","type":"page","link":"https:\/\/www.quipux.com\/web\/intelligent-mobility-systems\/?lang=pt-br","title":{"rendered":"Sistemas de Mobilidade Inteligente"},"content":{"rendered":"<section class=\"wpb-content-wrapper\"><p>[vc_row full_width=&#8221;stretch_row_content_no_spaces&#8221; parallax=&#8221;content-moving-fade&#8221; bg_image=&#8221;17267&#8243; text_color=&#8221;light&#8221; top_padding=&#8221;150&#8243; bottom_padding=&#8221;150&#8243;][vc_column][vc_custom_heading text=&#8221;Sistemas de Mobilidade Inteligente&#8221; font_container=&#8221;tag:h1|text_align:left|color:%23ffffff&#8221; use_theme_fonts=&#8221;yes&#8221; css=&#8221;.vc_custom_1741892595733{padding-top: 80px !important;padding-right: 20px !important;padding-left: 20px !important;}&#8221;][\/vc_column][\/vc_row][vc_row top_padding=&#8221;20&#8243; bottom_padding=&#8221;80px&#8221;][vc_column width=&#8221;1\/6&#8243; css=&#8221;.vc_custom_1667581444964{padding-left: 10% !important;}&#8221;][\/vc_column][vc_column width=&#8221;2\/6&#8243; css=&#8221;.vc_custom_1667581413711{padding-right: 10% !important;}&#8221;][block_title style=&#8221;column_title&#8221; inner_style=&#8221;inline_border_circle&#8221; title=&#8221;O que \u00e9?&#8221;][\/block_title][vc_custom_heading text=&#8221;Esta \u00e9 uma estrat\u00e9gia criada para impactar na seguran\u00e7a vi\u00e1ria, redu\u00e7\u00e3o de acidentes, redu\u00e7\u00e3o de multas, melhoria na arrecada\u00e7\u00e3o municipal, entre outros.&#8221; font_container=&#8221;tag:p|text_align:left&#8221; use_theme_fonts=&#8221;yes&#8221; css=&#8221;.vc_custom_1741893790525{padding-right: 40px !important;padding-left: 20px !important;}&#8221;][\/vc_column][vc_column width=&#8221;2\/6&#8243;][vc_single_image image=&#8221;20075&#8243; img_size=&#8221;full&#8221; alignment=&#8221;center&#8221;][\/vc_column][vc_column width=&#8221;1\/6&#8243;][\/vc_column][\/vc_row][vc_section css=&#8221;.vc_custom_1667581793539{margin-top: 70px !important;margin-bottom: 8% !important;}&#8221;][vc_row][vc_column][block_title title=&#8221;Nosso Sistema integra solu\u00e7\u00f5es para maior impacto nas cidades&#8221;][\/block_title][\/vc_column][\/vc_row][vc_row][vc_column][recent_portfolio style=&#8221;basic_effect&#8221; columns=&#8221;4&#8243; rows=&#8221;2&#8243; carousel=&#8221;no&#8221; from_where=&#8221;cat&#8221; category=&#8221;3&#8243;][\/vc_column][\/vc_row][\/vc_section][vc_row top_padding=&#8221;40&#8243;][vc_column][vc_row_inner][vc_column_inner][vc_custom_heading text=&#8221;Reconhecimentos&#8221; font_container=&#8221;tag:h1|font_size:50px|text_align:left|line_height:70px&#8221; use_theme_fonts=&#8221;yes&#8221; css=&#8221;.vc_custom_1741893834332{padding-top: 80px !important;padding-right: 20px !important;padding-left: 20px !important;}&#8221;][\/vc_column_inner][\/vc_row_inner][vc_row_inner css=&#8221;.vc_custom_1665533633874{padding-top: 40px !important;}&#8221;][vc_column_inner width=&#8221;1\/3&#8243;][services_text title=&#8221;Pr\u00eamio Construtores de Estradas da \u00c1frica&#8221;]Banco Africano de Desenvolvimento (BAD, AfDB): Pr\u00eamio Africa Road Builders, selecionado na categoria de \u201cEmpresa privada com o melhor projeto de inova\u00e7\u00e3o que melhora o transporte no continente africano\u201d, por sua contribui\u00e7\u00e3o para a moderniza\u00e7\u00e3o do sistema para o desenvolvimento da \u00c1frica e por servi\u00e7os de mobilidade inovadores que melhoram a economia.[\/services_text][\/vc_column_inner][vc_column_inner width=&#8221;1\/3&#8243;][services_text title=&#8221;Pr\u00eamio Internacional Star de Lideran\u00e7a de Qualidade&#8221;]A Quipux Afrique, subsidi\u00e1ria da Quipux na Costa do Marfim, recebeu o International Star Award for Quality Leadership, categoria Gold. Este reconhecimento \u00e9 concedido pela Business Initiative Directions (BID) a institui\u00e7\u00f5es comprometidas com a inova\u00e7\u00e3o e a busca incans\u00e1vel pela qualidade.[\/services_text][\/vc_column_inner][vc_column_inner width=&#8221;1\/3&#8243;][services_text title=&#8221;Pr\u00eamio Melhor Startup Latino-Americana&#8221;]Vencedores do pr\u00eamio Best Latin American Startup Award no 6th KOREA-LAC Business Summit. Neste evento, participamos da sess\u00e3o de pitching Sustainability and Smart Cities.[\/services_text][\/vc_column_inner][\/vc_row_inner][\/vc_column][\/vc_row][vc_row top_padding=&#8221;40&#8243;][vc_column][vc_row_inner][vc_column_inner width=&#8221;2\/3&#8243;][block_title style=&#8221;column_title&#8221; inner_style=&#8221;inline_border_circle&#8221; title=&#8221;Veja como ajudamos Medell\u00edn a se tornar a cidade mais inovadora do mundo&#8221;][\/block_title][\/vc_column_inner][vc_column_inner width=&#8221;1\/3&#8243;][\/vc_column_inner][\/vc_row_inner][vc_row_inner css=&#8221;.vc_custom_1665161964085{padding-top: 20px !important;}&#8221;][vc_column_inner width=&#8221;1\/6&#8243;][\/vc_column_inner][vc_column_inner width=&#8221;2\/4&#8243;][vc_custom_heading text=&#8221;O Sistema de Mobilidade Inteligente de Medell\u00edn (SIMM) ajudou a cidade a se tornar a mais inovadora do mundo em 2013 (The Wall Street Journal e Citigroup). Desde sua implementa\u00e7\u00e3o em 2010, Medell\u00edn teve v\u00e1rias conquistas gra\u00e7as \u00e0 evolu\u00e7\u00e3o tecnol\u00f3gica e cultural oferecida pelo sistema.&#8221; font_container=&#8221;tag:p|text_align:left&#8221; use_theme_fonts=&#8221;yes&#8221;][\/vc_column_inner][\/vc_row_inner][\/vc_column][\/vc_row][vc_section css=&#8221;.vc_custom_1666358563860{margin-bottom: 40px !important;}&#8221;][vc_row top_padding=&#8221;40&#8243;][vc_column width=&#8221;1\/4&#8243;][vc_custom_heading text=&#8221;23 minutos&#8221; font_container=&#8221;tag:h2|font_size:36px|text_align:center|color:%236411d9|line_height:1&#8243; use_theme_fonts=&#8221;yes&#8221;][vc_custom_heading text=&#8221;para resposta a incidentes. Antes: 1 hora e 30 minutos, economizando 193.000 horas de congestionamento.&#8221; font_container=&#8221;tag:p|font_size:16px|text_align:center|line_height:20px&#8221; use_theme_fonts=&#8221;yes&#8221; css=&#8221;.vc_custom_1741894075782{margin-top: 10px !important;}&#8221;][\/vc_column][vc_column width=&#8221;1\/4&#8243;][vc_custom_heading text=&#8221;69% menos&#8221; font_container=&#8221;tag:h2|font_size:36px|text_align:center|color:%236411d9|line_height:1&#8243; use_theme_fonts=&#8221;yes&#8221;][vc_custom_heading text=&#8221;motoristas penalizados em acidentes de tr\u00e2nsito por avan\u00e7arem sem\u00e1foros vermelhos.&#8221; font_container=&#8221;tag:p|font_size:16px|text_align:center|line_height:20px&#8221; use_theme_fonts=&#8221;yes&#8221; css=&#8221;.vc_custom_1741894125381{margin-top: 5px !important;}&#8221;][\/vc_column][vc_column width=&#8221;1\/4&#8243;][vc_custom_heading text=&#8221;1 milh\u00e3o&#8221; font_container=&#8221;tag:h2|font_size:36px|text_align:center|color:%236411d9|line_height:1&#8243; use_theme_fonts=&#8221;yes&#8221;][vc_custom_heading text=&#8221;placas de ve\u00edculos em movimento lidas diariamente.&#8221; font_container=&#8221;tag:p|font_size:16px|text_align:center|line_height:20px&#8221; use_theme_fonts=&#8221;yes&#8221; css=&#8221;.vc_custom_1741894163876{margin-top: 5px !important;}&#8221;][\/vc_column][vc_column width=&#8221;1\/4&#8243;][vc_custom_heading text=&#8221;4 em cada 1.000&#8243; font_container=&#8221;tag:h2|font_size:36px|text_align:center|color:%236411d9|line_height:1&#8243; use_theme_fonts=&#8221;yes&#8221;][vc_custom_heading text=&#8221;ve\u00edculos cometem uma multa, antes 24 em cada 1.000.&#8221; font_container=&#8221;tag:p|font_size:16px|text_align:center|line_height:20px&#8221; use_theme_fonts=&#8221;yes&#8221; css=&#8221;.vc_custom_1741894206369{margin-top: 5px !important;}&#8221;][\/vc_column][\/vc_row][\/vc_section][vc_row top_padding=&#8221;80&#8243;][vc_column][vc_video link=&#8221;https:\/\/vimeo.com\/480328092&#8243; align=&#8221;center&#8221;][vc_empty_space height=&#8221;100px&#8221;][\/vc_column][\/vc_row][vc_row content_placement=&#8221;middle&#8221; type=&#8221;full_width_background&#8221; bg_color=&#8221;#f3f4f7&#8243; top_padding=&#8221;70&#8243; bottom_padding=&#8221;70&#8243; class=&#8221;margin-bottom-none&#8221;][vc_column width=&#8221;2\/3&#8243;][vc_custom_heading text=&#8221;Saiba mais sobre o estudo de caso do BID sobre Medell\u00edn&#8221; use_theme_fonts=&#8221;yes&#8221;][\/vc_column][vc_column width=&#8221;1\/5&#8243; column_padding=&#8221;0%&#8221; css=&#8221;.vc_custom_1663277858321{margin-top: 0px !important;margin-bottom: 0px !important;padding-top: 0px !important;padding-bottom: 0px !important;}&#8221;][vc_raw_html]PGRpdiBjbGFzcz0id3BiX3dyYXBwZXIiPjxkaXYgY2xhc3M9IndwYl9jb250ZW50X2VsZW1lbnQgYnV0dG9uICI+PGEgY2xhc3M9ImJ0bi1idCBhbGlnbi1jZW50ZXIgZGVmYXVsdCIgaHJlZj0iaHR0cHM6Ly93d3cucXVpcHV4LmNvbS93ZWIvd3AtY29udGVudC91cGxvYWRzLzIwMjMvMDIvSW50ZXJuYXRpb25hbC1DYXNlLVN0dWRpZXMtb2YtU21hcnQtQ2l0aWVzLU1lZGVsbGluLUNvbG9tYmlhLnBkZiIgdGFyZ2V0PSJfYmxhbmsiPjxzcGFuPkNsaWNrIGhlcmU8L3NwYW4+PHNwYW4gY2xhc3M9Im92ZXJsYXkiPjwvc3Bhbj48L2E+PC9kaXY+PC9kaXY+[\/vc_raw_html][\/vc_column][\/vc_row][vc_row][vc_column][vc_empty_space height=&#8221;120px&#8221;][vc_row_inner content_placement=&#8221;middle&#8221; css=&#8221;.vc_custom_1666308209560{margin-top: 100px !important;}&#8221;][vc_column_inner width=&#8221;1\/2&#8243; css=&#8221;.vc_custom_1665672546978{padding-right: 10% !important;padding-left: 6% !important;}&#8221;][vc_empty_space height=&#8221;6px&#8221;][block_title style=&#8221;column_title&#8221; inner_style=&#8221;inline_border_circle&#8221; title=&#8221;Fomos o primeiro pa\u00eds africano&#8221;][\/block_title][vc_column_text]<\/p>\n<h3>\u00c9 a primeira na\u00e7\u00e3o africana a implementar uma solu\u00e7\u00e3o que integra v\u00e1rios servi\u00e7os do setor de tr\u00e2nsito e transporte terrestre em todo o continente<\/h3>\n<p>[\/vc_column_text][vc_column_text]Nossa opera\u00e7\u00e3o na Costa do Marfim criou um novo padr\u00e3o de presta\u00e7\u00e3o de servi\u00e7os aos cidad\u00e3os, que foi reconhecido como modelo no continente africano, devido \u00e0 redu\u00e7\u00e3o do tempo de dias para apenas algumas horas ou minutos com os procedimentos de mobilidade.[\/vc_column_text][\/vc_column_inner][vc_column_inner width=&#8221;1\/2&#8243; column_padding=&#8221;0&#8243; css=&#8221;.vc_custom_1665673159924{padding-right: 0px !important;padding-left: 0px !important;}&#8221;][vc_video link=&#8221;https:\/\/vimeo.com\/759673987\/c0aae5204c&#8221; align=&#8221;center&#8221;][\/vc_column_inner][\/vc_row_inner][vc_empty_space height=&#8221;10px&#8221;][\/vc_column][\/vc_row][vc_row bg_color=&#8221;#262236&#8243; text_color=&#8221;light&#8221; top_padding=&#8221;60&#8243; bottom_padding=&#8221;60&#8243;][vc_column width=&#8221;1\/3&#8243; css=&#8221;.vc_custom_1666814742871{margin-right: 5% !important;margin-left: 5% !important;}&#8221;][vc_custom_heading text=&#8221;31 centros de atendimento ao cidad\u00e3o&#8221; font_container=&#8221;tag:h2|font_size:36px|text_align:center|line_height:1&#8243; use_theme_fonts=&#8221;yes&#8221;][vc_custom_heading text=&#8221;localizados em diferentes cidades e \u00e1reas estrat\u00e9gicas&#8221; font_container=&#8221;tag:p|font_size:16px|text_align:center|line_height:20px&#8221; use_theme_fonts=&#8221;yes&#8221; css=&#8221;.vc_custom_1741894337189{margin-top: 10px !important;}&#8221;][\/vc_column][vc_column width=&#8221;1\/3&#8243; css=&#8221;.vc_custom_1666814752199{margin-right: 5% !important;margin-left: 5% !important;}&#8221;][vc_custom_heading text=&#8221;520 empregos diretos&#8221; font_container=&#8221;tag:h2|font_size:36px|text_align:center|line_height:1&#8243; use_theme_fonts=&#8221;yes&#8221;][vc_custom_heading text=&#8221;em Quipux \u00c1frica&#8221; font_container=&#8221;tag:p|font_size:16px|text_align:center|line_height:20px&#8221; use_theme_fonts=&#8221;yes&#8221; css=&#8221;.vc_custom_1741894364176{margin-top: 10px !important;}&#8221;][\/vc_column][vc_column width=&#8221;1\/3&#8243; css=&#8221;.vc_custom_1666814766490{margin-right: 5% !important;margin-left: 5% !important;}&#8221;][vc_custom_heading text=&#8221;2 milh\u00f5es de cidad\u00e3os&#8221; font_container=&#8221;tag:h2|font_size:36px|text_align:center|line_height:1&#8243; use_theme_fonts=&#8221;yes&#8221;][vc_custom_heading text=&#8221;recebidos nos centros de atendimento de Abidjan e nos balc\u00f5es&#8221; font_container=&#8221;tag:p|font_size:16px|text_align:center|line_height:20px&#8221; use_theme_fonts=&#8221;yes&#8221; css=&#8221;.vc_custom_1741894400226{margin-top: 10px !important;}&#8221;][\/vc_column][\/vc_row][vc_row][vc_column width=&#8221;1\/4&#8243; css=&#8221;.vc_custom_1663356676248{padding-top: 80px !important;}&#8221;][vc_custom_heading text=&#8221;Saiba mais sobre!&#8221; font_container=&#8221;tag:h1|text_align:left&#8221; use_theme_fonts=&#8221;yes&#8221; css=&#8221;.vc_custom_1741894412728{padding-top: 30px !important;}&#8221;][vc_custom_heading text=&#8221;As nossas solu\u00e7\u00f5es&#8221; font_container=&#8221;tag:h1|text_align:left|color:%234e0da9&#8243; use_theme_fonts=&#8221;yes&#8221;][\/vc_column][vc_column width=&#8221;3\/4&#8243; column_padding=&#8221;5%&#8221;][recent_portfolio style=&#8221;basic_effect&#8221; columns=&#8221;3&#8243; rows=&#8221;2&#8243; from_where=&#8221;cat&#8221; category=&#8221;34&#8243;][\/vc_column][\/vc_row][vc_section disable_element=&#8221;yes&#8221;][vc_row disable_element=&#8221;yes&#8221; type=&#8221;full_width_content&#8221; bg_color=&#8221;#f3f4f7&#8243; top_padding=&#8221;30&#8243; bottom_padding=&#8221;30&#8243;][vc_column width=&#8221;1\/3&#8243; centered_cont=&#8221;true&#8221; centered_cont_vertical=&#8221;true&#8221;][block_title inner_style_title=&#8221;only_text&#8221; title=&#8221;Clients&#8221;][\/block_title][\/vc_column][vc_column width=&#8221;2\/3&#8243; css=&#8221;.vc_custom_1664235627909{padding-right: 6% !important;}&#8221;]<p style=\"color:#cf7e16;background:#fff5e8;padding:10px;font-size:16px;border:1px solid #f1d7b5;border-radius:4px;line-height:1.6;\">GS Logo Slider: The shortcode with the ID of <strong>2<\/strong> was not found.<\/p>[\/vc_column][\/vc_row][\/vc_section]<\/p>\n<\/section>","protected":false},"excerpt":{"rendered":"<p>[vc_row full_width=&#8221;stretch_row_content_no_spaces&#8221; parallax=&#8221;content-moving-fade&#8221; bg_image=&#8221;17267&#8243; text_color=&#8221;light&#8221; top_padding=&#8221;150&#8243; bottom_padding=&#8221;150&#8243;][vc_column][vc_custom_heading text=&#8221;Sistemas de Mobilidade Inteligente&#8221; font_container=&#8221;tag:h1|text_align:left|color:%23ffffff&#8221; use_theme_fonts=&#8221;yes&#8221; css=&#8221;.vc_custom_1741892595733{padding-top: 80px !important;padding-right: 20px !important;padding-left: 20px !important;}&#8221;][\/vc_column][\/vc_row][vc_row top_padding=&#8221;20&#8243; bottom_padding=&#8221;80px&#8221;][vc_column width=&#8221;1\/6&#8243; css=&#8221;.vc_custom_1667581444964{padding-left: 10% !important;}&#8221;][\/vc_column][vc_column width=&#8221;2\/6&#8243; css=&#8221;.vc_custom_1667581413711{padding-right: 10% !important;}&#8221;][block_title style=&#8221;column_title&#8221; inner_style=&#8221;inline_border_circle&#8221; title=&#8221;O que \u00e9?&#8221;][\/block_title][vc_custom_heading text=&#8221;Esta \u00e9 uma estrat\u00e9gia criada para impactar na seguran\u00e7a vi\u00e1ria, redu\u00e7\u00e3o de acidentes, redu\u00e7\u00e3o de multas, melhoria na arrecada\u00e7\u00e3o municipal, [&hellip;]<\/p>\n","protected":false},"author":1,"featured_media":0,"parent":0,"menu_order":0,"comment_status":"closed","ping_status":"closed","template":"","meta":{"footnotes":""},"class_list":["post-20340","page","type-page","status-publish","hentry"],"yoast_head":"<!-- This site is optimized with the Yoast SEO Premium plugin v15.6.2 - https:\/\/yoast.com\/wordpress\/plugins\/seo\/ -->\n<title>Sistemas de Mobilidade Inteligente | Quipux<\/title>\n<meta name=\"robots\" content=\"index, follow, max-snippet:-1, max-image-preview:large, max-video-preview:-1\" \/>\n<link rel=\"canonical\" href=\"https:\/\/www.quipux.com\/web\/intelligent-mobility-systems\/?lang=pt-br\" \/>\n<meta property=\"og:locale\" content=\"es_ES\" \/>\n<meta property=\"og:type\" content=\"article\" \/>\n<meta property=\"og:title\" content=\"Sistemas de Mobilidade Inteligente | Quipux\" \/>\n<meta property=\"og:description\" content=\"[vc_row full_width=&#8221;stretch_row_content_no_spaces&#8221; parallax=&#8221;content-moving-fade&#8221; bg_image=&#8221;17267&#8243; text_color=&#8221;light&#8221; top_padding=&#8221;150&#8243; bottom_padding=&#8221;150&#8243;][vc_column][vc_custom_heading text=&#8221;Sistemas de Mobilidade Inteligente&#8221; font_container=&#8221;tag:h1|text_align:left|color:%23ffffff&#8221; use_theme_fonts=&#8221;yes&#8221; css=&#8221;.vc_custom_1741892595733{padding-top: 80px !important;padding-right: 20px !important;padding-left: 20px !important;}&#8221;][\/vc_column][\/vc_row][vc_row top_padding=&#8221;20&#8243; bottom_padding=&#8221;80px&#8221;][vc_column width=&#8221;1\/6&#8243; css=&#8221;.vc_custom_1667581444964{padding-left: 10% !important;}&#8221;][\/vc_column][vc_column width=&#8221;2\/6&#8243; css=&#8221;.vc_custom_1667581413711{padding-right: 10% !important;}&#8221;][block_title style=&#8221;column_title&#8221; inner_style=&#8221;inline_border_circle&#8221; title=&#8221;O que \u00e9?&#8221;][\/block_title][vc_custom_heading text=&#8221;Esta \u00e9 uma estrat\u00e9gia criada para impactar na seguran\u00e7a vi\u00e1ria, redu\u00e7\u00e3o de acidentes, redu\u00e7\u00e3o de multas, melhoria na arrecada\u00e7\u00e3o municipal, [&hellip;]\" \/>\n<meta property=\"og:url\" content=\"https:\/\/www.quipux.com\/web\/intelligent-mobility-systems\/?lang=pt-br\" \/>\n<meta property=\"og:site_name\" content=\"Quipux\" \/>\n<meta property=\"article:modified_time\" content=\"2025-03-13T19:34:31+00:00\" \/>\n<meta name=\"twitter:card\" content=\"summary_large_image\" \/>\n<meta name=\"twitter:label1\" content=\"Tiempo de lectura\">\n\t<meta name=\"twitter:data1\" content=\"3 minutos\">\n<script type=\"application\/ld+json\" class=\"yoast-schema-graph\">{\"@context\":\"https:\/\/schema.org\",\"@graph\":[{\"@type\":\"Organization\",\"@id\":\"https:\/\/www.quipux.com\/web\/#organization\",\"name\":\"Quipux\",\"url\":\"https:\/\/www.quipux.com\/web\/\",\"sameAs\":[],\"logo\":{\"@type\":\"ImageObject\",\"@id\":\"https:\/\/www.quipux.com\/web\/#logo\",\"inLanguage\":\"es\",\"url\":\"https:\/\/www.quipux.com\/web\/wp-content\/uploads\/2022\/10\/Logo-quipux-1.png\",\"width\":195,\"height\":41,\"caption\":\"Quipux\"},\"image\":{\"@id\":\"https:\/\/www.quipux.com\/web\/#logo\"}},{\"@type\":\"WebSite\",\"@id\":\"https:\/\/www.quipux.com\/web\/#website\",\"url\":\"https:\/\/www.quipux.com\/web\/\",\"name\":\"Quipux\",\"description\":\"\",\"publisher\":{\"@id\":\"https:\/\/www.quipux.com\/web\/#organization\"},\"potentialAction\":[{\"@type\":\"SearchAction\",\"target\":\"https:\/\/www.quipux.com\/web\/?s={search_term_string}\",\"query-input\":\"required name=search_term_string\"}],\"inLanguage\":\"es\"},{\"@type\":\"WebPage\",\"@id\":\"https:\/\/www.quipux.com\/web\/intelligent-mobility-systems\/?lang=pt-br#webpage\",\"url\":\"https:\/\/www.quipux.com\/web\/intelligent-mobility-systems\/?lang=pt-br\",\"name\":\"Sistemas de Mobilidade Inteligente | Quipux\",\"isPartOf\":{\"@id\":\"https:\/\/www.quipux.com\/web\/#website\"},\"datePublished\":\"2022-10-12T21:15:15+00:00\",\"dateModified\":\"2025-03-13T19:34:31+00:00\",\"inLanguage\":\"es\",\"potentialAction\":[{\"@type\":\"ReadAction\",\"target\":[\"https:\/\/www.quipux.com\/web\/intelligent-mobility-systems\/?lang=pt-br\"]}]}]}<\/script>\n<!-- \/ Yoast SEO Premium plugin. -->","_links":{"self":[{"href":"https:\/\/www.quipux.com\/web\/wp-json\/wp\/v2\/pages\/20340","targetHints":{"allow":["GET"]}}],"collection":[{"href":"https:\/\/www.quipux.com\/web\/wp-json\/wp\/v2\/pages"}],"about":[{"href":"https:\/\/www.quipux.com\/web\/wp-json\/wp\/v2\/types\/page"}],"author":[{"embeddable":true,"href":"https:\/\/www.quipux.com\/web\/wp-json\/wp\/v2\/users\/1"}],"replies":[{"embeddable":true,"href":"https:\/\/www.quipux.com\/web\/wp-json\/wp\/v2\/comments?post=20340"}],"version-history":[{"count":5,"href":"https:\/\/www.quipux.com\/web\/wp-json\/wp\/v2\/pages\/20340\/revisions"}],"predecessor-version":[{"id":20930,"href":"https:\/\/www.quipux.com\/web\/wp-json\/wp\/v2\/pages\/20340\/revisions\/20930"}],"wp:attachment":[{"href":"https:\/\/www.quipux.com\/web\/wp-json\/wp\/v2\/media?parent=20340"}],"curies":[{"name":"wp","href":"https:\/\/api.w.org\/{rel}","templated":true}]}}