{"id":20344,"date":"2022-10-26T12:09:05","date_gmt":"2022-10-26T17:09:05","guid":{"rendered":"https:\/\/www.quipux.com\/web\/motor-vehicle-registrations\/"},"modified":"2025-04-09T08:51:51","modified_gmt":"2025-04-09T13:51:51","slug":"motor-vehicle-registrations","status":"publish","type":"page","link":"https:\/\/www.quipux.com\/web\/motor-vehicle-registrations\/?lang=pt-br","title":{"rendered":"Registros de ve\u00edculos motorizados"},"content":{"rendered":"<section class=\"wpb-content-wrapper\"><p>[vc_row full_width=&#8221;stretch_row_content_no_spaces&#8221; parallax=&#8221;content-moving-fade&#8221; bg_image=&#8221;16377&#8243; bg_color=&#8221;#262236&#8243; text_color=&#8221;light&#8221; top_padding=&#8221;150&#8243; bottom_padding=&#8221;150&#8243;][vc_column][vc_custom_heading text=&#8221;Registros de ve\u00edculos motorizados&#8221; font_container=&#8221;tag:h1|text_align:left|color:%23ffffff&#8221; use_theme_fonts=&#8221;yes&#8221; css=&#8221;.vc_custom_1744205516764{padding-top: 80px !important;padding-right: 20px !important;padding-left: 20px !important;}&#8221;][\/vc_column][\/vc_row][vc_row top_padding=&#8221;40&#8243; bottom_padding=&#8221;60&#8243;][vc_column][vc_row_inner][vc_column_inner width=&#8221;2\/3&#8243;][block_title style=&#8221;column_title&#8221; inner_style=&#8221;inline_border_circle&#8221; title=&#8221;Cria\u00e7\u00e3o de um registro confi\u00e1vel com as informa\u00e7\u00f5es de cada ve\u00edculo, que permita o controle de suas caracter\u00edsticas e condi\u00e7\u00f5es.&#8221;][\/block_title][\/vc_column_inner][vc_column_inner width=&#8221;1\/3&#8243;][\/vc_column_inner][\/vc_row_inner][vc_row_inner css=&#8221;.vc_custom_1665161964085{padding-top: 20px !important;}&#8221;][vc_column_inner width=&#8221;1\/6&#8243;][\/vc_column_inner][vc_column_inner width=&#8221;2\/4&#8243;][vc_custom_heading text=&#8221;Esse registro cont\u00e9m informa\u00e7\u00f5es relacionadas ao ve\u00edculo e seus propriet\u00e1rios, o hist\u00f3rico dos procedimentos realizados e o suporte a documentos.&#8221; font_container=&#8221;tag:p|text_align:left&#8221; use_theme_fonts=&#8221;yes&#8221;][\/vc_column_inner][\/vc_row_inner][\/vc_column][\/vc_row][vc_section css=&#8221;.vc_custom_1667509594666{margin-bottom: 60px !important;}&#8221;][vc_row gap=&#8221;20&#8243; content_placement=&#8221;middle&#8221;][vc_column width=&#8221;1\/2&#8243;][vc_single_image image=&#8221;20013&#8243; img_size=&#8221;full&#8221; alignment=&#8221;center&#8221;][\/vc_column][vc_column width=&#8221;1\/2&#8243; css=&#8221;.vc_custom_1667509655029{margin-top: 10% !important;margin-left: 2% !important;}&#8221;][block_title style=&#8221;column_title&#8221; inner_style=&#8221;inline_border_circle&#8221; title=&#8221;Essa plataforma permite que voc\u00ea gerencie procedimentos como&#8221;][\/block_title][list icon=&#8221;moon-circle-small&#8221;][list_item title=&#8221;Registro inicial do ve\u00edculo&#8221;][list_item title=&#8221;Mudan\u00e7a de propriedade do ve\u00edculo&#8221;][list_item title=&#8221;Altera\u00e7\u00e3o das caracter\u00edsticas do ve\u00edculo&#8221;][list_item title=&#8221;Certificados&#8221;][list_item title=&#8221;Status legal do ve\u00edculo&#8221;][\/list][\/vc_column][\/vc_row][\/vc_section][vc_row][vc_column][vc_empty_space height=&#8221;120px&#8221;][block_title title=&#8221;Benef\u00edcios&#8221;][\/block_title][vc_row_inner content_placement=&#8221;middle&#8221; css=&#8221;.vc_custom_1666308209560{margin-top: 100px !important;}&#8221;][vc_column_inner width=&#8221;1\/4&#8243; css=&#8221;.vc_custom_1665672546978{padding-right: 10% !important;padding-left: 6% !important;}&#8221;][services_small icon_color=&#8221;#6411d9&#8243; dynamic_content_type=&#8221;content&#8221; icon=&#8221;moon-checkmark-3&#8243;]Administra\u00e7\u00e3o de todas as informa\u00e7\u00f5es do registro automotivo.[\/services_small][\/vc_column_inner][vc_column_inner width=&#8221;1\/4&#8243;][services_small icon_color=&#8221;#6411d9&#8243; dynamic_content_type=&#8221;content&#8221; icon=&#8221;moon-checkmark-3&#8243;]Registro e identifica\u00e7\u00e3o de ve\u00edculos, garantindo a seguran\u00e7a jur\u00eddica dos direitos de propriedade.[\/services_small][\/vc_column_inner][vc_column_inner width=&#8221;1\/4&#8243;][services_small icon_color=&#8221;#6411d9&#8243; dynamic_content_type=&#8221;content&#8221; icon=&#8221;moon-checkmark-3&#8243;]Disponibilidade permanente de informa\u00e7\u00f5es.[\/services_small][\/vc_column_inner][vc_column_inner width=&#8221;1\/4&#8243;][services_small icon_color=&#8221;#6411d9&#8243; dynamic_content_type=&#8221;content&#8221; icon=&#8221;moon-checkmark-3&#8243;]Controle de dados e informa\u00e7\u00f5es hist\u00f3ricas relacionadas ao ve\u00edculo[\/services_small][\/vc_column_inner][\/vc_row_inner][vc_row_inner content_placement=&#8221;middle&#8221; css=&#8221;.vc_custom_1666308209560{margin-top: 100px !important;}&#8221;][vc_column_inner width=&#8221;1\/4&#8243; css=&#8221;.vc_custom_1665672546978{padding-right: 10% !important;padding-left: 6% !important;}&#8221;][services_small icon_color=&#8221;#6411d9&#8243; dynamic_content_type=&#8221;content&#8221; icon=&#8221;moon-checkmark-3&#8243;]Unifica\u00e7\u00e3o das informa\u00e7\u00f5es de registro automotivo.[\/services_small][\/vc_column_inner][vc_column_inner width=&#8221;1\/4&#8243;][services_small icon_color=&#8221;#6411d9&#8243; dynamic_content_type=&#8221;content&#8221; icon=&#8221;moon-checkmark-3&#8243;]Integra\u00e7\u00e3o com bancos de dados nacionais de tr\u00e1fego.[\/services_small][\/vc_column_inner][vc_column_inner width=&#8221;1\/4&#8243;][services_small icon_color=&#8221;#6411d9&#8243; dynamic_content_type=&#8221;content&#8221; icon=&#8221;moon-checkmark-3&#8243;]Alinhamento com as normas legais vigentes.[\/services_small][\/vc_column_inner][vc_column_inner width=&#8221;1\/4&#8243;][\/vc_column_inner][\/vc_row_inner][vc_empty_space height=&#8221;10px&#8221;][\/vc_column][\/vc_row][vc_row top_padding=&#8221;40&#8243;][vc_column][vc_row_inner css=&#8221;.vc_custom_1667507861436{margin-right: 2% !important;margin-left: 2% !important;}&#8221;][vc_column_inner][vc_custom_heading text=&#8221;Outros tipos de registro&#8221; font_container=&#8221;tag:div|font_size:50px|text_align:left|color:%23262236|line_height:70px&#8221; use_theme_fonts=&#8221;yes&#8221; css=&#8221;.vc_custom_1744206199876{padding-top: 80px !important;padding-right: 20px !important;padding-left: 20px !important;}&#8221; el_class=&#8221;bold-custom-headings&#8221;][\/vc_column_inner][\/vc_row_inner][vc_row_inner gap=&#8221;20&#8243; css=&#8221;.vc_custom_1667507870635{margin-right: 2% !important;margin-left: 2% !important;padding-top: 40px !important;}&#8221;][vc_column_inner width=&#8221;1\/3&#8243;][vc_single_image image=&#8221;20014&#8243; img_size=&#8221;full&#8221;][separator width=&#8221;60px&#8221; color=&#8221;#6411d9&#8243; margin_top=&#8221;20px&#8221; margin_bottom=&#8221;20px&#8221;][vc_column_text]<\/p>\n<h4>Registro de motorista<\/h4>\n<h6>Identifica\u00e7\u00e3o para maior seguran\u00e7a<\/h6>\n<p>Permite um controle eficaz das pessoas autorizadas a dirigir ve\u00edculos, com informa\u00e7\u00f5es sobre todo o processo de obten\u00e7\u00e3o da carteira de habilita\u00e7\u00e3o e, em geral, sobre seu comportamento na estrada.[\/vc_column_text][button btn_type=&#8221;read_more_btn&#8221; title=&#8221;Saiba mais sobre essa solu\u00e7\u00e3o&#8221; link=&#8221;https:\/\/www.quipux.com\/web\/driving-licenses\/?lang=en&#8221;][\/vc_column_inner][vc_column_inner width=&#8221;1\/3&#8243;][vc_single_image image=&#8221;20015&#8243; img_size=&#8221;full&#8221;][separator width=&#8221;60px&#8221; color=&#8221;#6411d9&#8243; margin_top=&#8221;20px&#8221; margin_bottom=&#8221;20px&#8221;][vc_column_text]<\/p>\n<h4>Registro de transporte p\u00fablico<\/h4>\n<h6>Um servi\u00e7o mais seguro<\/h6>\n<p>Controle e integre todas as empresas de transporte, ve\u00edculos relacionados e a capacidade de transporte de cada uma delas.[\/vc_column_text][button btn_type=&#8221;read_more_btn&#8221; title=&#8221;Saiba mais sobre essa solu\u00e7\u00e3o&#8221; link=&#8221;https:\/\/www.quipux.com\/web\/public-transport-permits\/?lang=en&#8221;][\/vc_column_inner][vc_column_inner width=&#8221;1\/3&#8243; css=&#8221;.vc_custom_1667508032842{margin-right: 2% !important;}&#8221;][vc_single_image image=&#8221;20016&#8243; img_size=&#8221;full&#8221;][separator width=&#8221;60px&#8221; color=&#8221;#6411d9&#8243; margin_top=&#8221;20px&#8221; margin_bottom=&#8221;20px&#8221;][vc_column_text]<\/p>\n<h4>Registro de infratores<\/h4>\n<h6>Fortalecimento da cultura do cidad\u00e3o<\/h6>\n<p>Solu\u00e7\u00f5es que fortale\u00e7am a autoridade na aplica\u00e7\u00e3o das normas de tr\u00e2nsito e apoiem a aplica\u00e7\u00e3o do devido processo legal, para gerar pedagogia e promover a educa\u00e7\u00e3o para a seguran\u00e7a vi\u00e1ria.[\/vc_column_text][button btn_type=&#8221;read_more_btn&#8221; title=&#8221;Saiba mais sobre essa solu\u00e7\u00e3o&#8221; link=&#8221;https:\/\/www.quipux.com\/web\/traffic-fines\/?lang=en&#8221;][\/vc_column_inner][\/vc_row_inner][\/vc_column][\/vc_row][vc_section disable_element=&#8221;yes&#8221; css=&#8221;.vc_custom_1678461444626{margin-top: 8% !important;margin-bottom: 8% !important;}&#8221;][vc_row type=&#8221;full_width_content&#8221; bg_color=&#8221;#f3f4f7&#8243; top_padding=&#8221;30&#8243; bottom_padding=&#8221;30&#8243;][vc_column width=&#8221;1\/3&#8243; centered_cont=&#8221;true&#8221; centered_cont_vertical=&#8221;true&#8221;][block_title inner_style_title=&#8221;only_text&#8221; title=&#8221;Clients&#8221;][\/block_title][\/vc_column][vc_column width=&#8221;2\/3&#8243; css=&#8221;.vc_custom_1664235627909{padding-right: 6% !important;}&#8221;]<p style=\"color:#cf7e16;background:#fff5e8;padding:10px;font-size:16px;border:1px solid #f1d7b5;border-radius:4px;line-height:1.6;\">GS Logo Slider: The shortcode with the ID of <strong>2<\/strong> was not found.<\/p>[\/vc_column][\/vc_row][\/vc_section][vc_row][vc_column width=&#8221;1\/4&#8243; css=&#8221;.vc_custom_1663356676248{padding-top: 80px !important;}&#8221;][vc_custom_heading text=&#8221;Saiba mais sobre&#8221; font_container=&#8221;tag:h1|text_align:left&#8221; use_theme_fonts=&#8221;yes&#8221; css=&#8221;.vc_custom_1744206586835{padding-top: 30px !important;}&#8221;][vc_custom_heading text=&#8221;Nossas solu\u00e7\u00f5es&#8221; font_container=&#8221;tag:h1|text_align:left|color:%234e0da9&#8243; use_theme_fonts=&#8221;yes&#8221;][\/vc_column][vc_column width=&#8221;3\/4&#8243; column_padding=&#8221;5%&#8221;][recent_portfolio style=&#8221;basic_effect&#8221; columns=&#8221;3&#8243; rows=&#8221;2&#8243; from_where=&#8221;cat&#8221; category=&#8221;39&#8243;][\/vc_column][\/vc_row][vc_row][vc_column][vc_column_text]<\/p>\n<p>[\/vc_column_text][\/vc_column][\/vc_row]<\/p>\n<\/section>","protected":false},"excerpt":{"rendered":"<p>[vc_row full_width=&#8221;stretch_row_content_no_spaces&#8221; parallax=&#8221;content-moving-fade&#8221; bg_image=&#8221;16377&#8243; bg_color=&#8221;#262236&#8243; text_color=&#8221;light&#8221; top_padding=&#8221;150&#8243; bottom_padding=&#8221;150&#8243;][vc_column][vc_custom_heading text=&#8221;Registros de ve\u00edculos motorizados&#8221; font_container=&#8221;tag:h1|text_align:left|color:%23ffffff&#8221; use_theme_fonts=&#8221;yes&#8221; css=&#8221;.vc_custom_1744205516764{padding-top: 80px !important;padding-right: 20px !important;padding-left: 20px !important;}&#8221;][\/vc_column][\/vc_row][vc_row top_padding=&#8221;40&#8243; bottom_padding=&#8221;60&#8243;][vc_column][vc_row_inner][vc_column_inner width=&#8221;2\/3&#8243;][block_title style=&#8221;column_title&#8221; inner_style=&#8221;inline_border_circle&#8221; title=&#8221;Cria\u00e7\u00e3o de um registro confi\u00e1vel com as informa\u00e7\u00f5es de cada ve\u00edculo, que permita o controle de suas caracter\u00edsticas e condi\u00e7\u00f5es.&#8221;][\/block_title][\/vc_column_inner][vc_column_inner width=&#8221;1\/3&#8243;][\/vc_column_inner][\/vc_row_inner][vc_row_inner css=&#8221;.vc_custom_1665161964085{padding-top: 20px !important;}&#8221;][vc_column_inner width=&#8221;1\/6&#8243;][\/vc_column_inner][vc_column_inner width=&#8221;2\/4&#8243;][vc_custom_heading text=&#8221;Esse registro cont\u00e9m [&hellip;]<\/p>\n","protected":false},"author":1,"featured_media":0,"parent":0,"menu_order":0,"comment_status":"closed","ping_status":"closed","template":"","meta":{"footnotes":""},"class_list":["post-20344","page","type-page","status-publish","hentry"],"yoast_head":"<!-- This site is optimized with the Yoast SEO Premium plugin v15.6.2 - https:\/\/yoast.com\/wordpress\/plugins\/seo\/ -->\n<title>Registros de ve\u00edculos motorizados | Quipux<\/title>\n<meta name=\"robots\" content=\"index, follow, max-snippet:-1, max-image-preview:large, max-video-preview:-1\" \/>\n<link rel=\"canonical\" href=\"https:\/\/www.quipux.com\/web\/motor-vehicle-registrations\/?lang=pt-br\" \/>\n<meta property=\"og:locale\" content=\"es_ES\" \/>\n<meta property=\"og:type\" content=\"article\" \/>\n<meta property=\"og:title\" content=\"Registros de ve\u00edculos motorizados | Quipux\" \/>\n<meta property=\"og:description\" content=\"[vc_row full_width=&#8221;stretch_row_content_no_spaces&#8221; parallax=&#8221;content-moving-fade&#8221; bg_image=&#8221;16377&#8243; bg_color=&#8221;#262236&#8243; text_color=&#8221;light&#8221; top_padding=&#8221;150&#8243; bottom_padding=&#8221;150&#8243;][vc_column][vc_custom_heading text=&#8221;Registros de ve\u00edculos motorizados&#8221; font_container=&#8221;tag:h1|text_align:left|color:%23ffffff&#8221; use_theme_fonts=&#8221;yes&#8221; css=&#8221;.vc_custom_1744205516764{padding-top: 80px !important;padding-right: 20px !important;padding-left: 20px !important;}&#8221;][\/vc_column][\/vc_row][vc_row top_padding=&#8221;40&#8243; bottom_padding=&#8221;60&#8243;][vc_column][vc_row_inner][vc_column_inner width=&#8221;2\/3&#8243;][block_title style=&#8221;column_title&#8221; inner_style=&#8221;inline_border_circle&#8221; title=&#8221;Cria\u00e7\u00e3o de um registro confi\u00e1vel com as informa\u00e7\u00f5es de cada ve\u00edculo, que permita o controle de suas caracter\u00edsticas e condi\u00e7\u00f5es.&#8221;][\/block_title][\/vc_column_inner][vc_column_inner width=&#8221;1\/3&#8243;][\/vc_column_inner][\/vc_row_inner][vc_row_inner css=&#8221;.vc_custom_1665161964085{padding-top: 20px !important;}&#8221;][vc_column_inner width=&#8221;1\/6&#8243;][\/vc_column_inner][vc_column_inner width=&#8221;2\/4&#8243;][vc_custom_heading text=&#8221;Esse registro cont\u00e9m [&hellip;]\" \/>\n<meta property=\"og:url\" content=\"https:\/\/www.quipux.com\/web\/motor-vehicle-registrations\/?lang=pt-br\" \/>\n<meta property=\"og:site_name\" content=\"Quipux\" \/>\n<meta property=\"article:modified_time\" content=\"2025-04-09T13:51:51+00:00\" \/>\n<meta name=\"twitter:card\" content=\"summary_large_image\" \/>\n<meta name=\"twitter:label1\" content=\"Tiempo de lectura\">\n\t<meta name=\"twitter:data1\" content=\"2 minutos\">\n<script type=\"application\/ld+json\" class=\"yoast-schema-graph\">{\"@context\":\"https:\/\/schema.org\",\"@graph\":[{\"@type\":\"Organization\",\"@id\":\"https:\/\/www.quipux.com\/web\/#organization\",\"name\":\"Quipux\",\"url\":\"https:\/\/www.quipux.com\/web\/\",\"sameAs\":[],\"logo\":{\"@type\":\"ImageObject\",\"@id\":\"https:\/\/www.quipux.com\/web\/#logo\",\"inLanguage\":\"es\",\"url\":\"https:\/\/www.quipux.com\/web\/wp-content\/uploads\/2022\/10\/Logo-quipux-1.png\",\"width\":195,\"height\":41,\"caption\":\"Quipux\"},\"image\":{\"@id\":\"https:\/\/www.quipux.com\/web\/#logo\"}},{\"@type\":\"WebSite\",\"@id\":\"https:\/\/www.quipux.com\/web\/#website\",\"url\":\"https:\/\/www.quipux.com\/web\/\",\"name\":\"Quipux\",\"description\":\"\",\"publisher\":{\"@id\":\"https:\/\/www.quipux.com\/web\/#organization\"},\"potentialAction\":[{\"@type\":\"SearchAction\",\"target\":\"https:\/\/www.quipux.com\/web\/?s={search_term_string}\",\"query-input\":\"required name=search_term_string\"}],\"inLanguage\":\"es\"},{\"@type\":\"WebPage\",\"@id\":\"https:\/\/www.quipux.com\/web\/motor-vehicle-registrations\/?lang=pt-br#webpage\",\"url\":\"https:\/\/www.quipux.com\/web\/motor-vehicle-registrations\/?lang=pt-br\",\"name\":\"Registros de ve\\u00edculos motorizados | Quipux\",\"isPartOf\":{\"@id\":\"https:\/\/www.quipux.com\/web\/#website\"},\"datePublished\":\"2022-10-26T17:09:05+00:00\",\"dateModified\":\"2025-04-09T13:51:51+00:00\",\"inLanguage\":\"es\",\"potentialAction\":[{\"@type\":\"ReadAction\",\"target\":[\"https:\/\/www.quipux.com\/web\/motor-vehicle-registrations\/?lang=pt-br\"]}]}]}<\/script>\n<!-- \/ Yoast SEO Premium plugin. -->","_links":{"self":[{"href":"https:\/\/www.quipux.com\/web\/wp-json\/wp\/v2\/pages\/20344","targetHints":{"allow":["GET"]}}],"collection":[{"href":"https:\/\/www.quipux.com\/web\/wp-json\/wp\/v2\/pages"}],"about":[{"href":"https:\/\/www.quipux.com\/web\/wp-json\/wp\/v2\/types\/page"}],"author":[{"embeddable":true,"href":"https:\/\/www.quipux.com\/web\/wp-json\/wp\/v2\/users\/1"}],"replies":[{"embeddable":true,"href":"https:\/\/www.quipux.com\/web\/wp-json\/wp\/v2\/comments?post=20344"}],"version-history":[{"count":5,"href":"https:\/\/www.quipux.com\/web\/wp-json\/wp\/v2\/pages\/20344\/revisions"}],"predecessor-version":[{"id":20887,"href":"https:\/\/www.quipux.com\/web\/wp-json\/wp\/v2\/pages\/20344\/revisions\/20887"}],"wp:attachment":[{"href":"https:\/\/www.quipux.com\/web\/wp-json\/wp\/v2\/media?parent=20344"}],"curies":[{"name":"wp","href":"https:\/\/api.w.org\/{rel}","templated":true}]}}