{"id":20361,"date":"2022-10-26T12:13:47","date_gmt":"2022-10-26T17:13:47","guid":{"rendered":"https:\/\/www.quipux.com\/web\/public-transport-permits\/"},"modified":"2025-03-14T06:34:41","modified_gmt":"2025-03-14T11:34:41","slug":"public-transport-permits","status":"publish","type":"page","link":"https:\/\/www.quipux.com\/web\/public-transport-permits\/?lang=pt-br","title":{"rendered":"Permiss\u00f5es de transporte p\u00fablico"},"content":{"rendered":"<section class=\"wpb-content-wrapper\"><p>[vc_row full_width=&#8221;stretch_row_content_no_spaces&#8221; parallax=&#8221;content-moving-fade&#8221; bg_image=&#8221;17193&#8243; bg_color=&#8221;#262236&#8243; text_color=&#8221;light&#8221; top_padding=&#8221;150&#8243; bottom_padding=&#8221;150&#8243;][vc_column][vc_custom_heading text=&#8221;Permiss\u00f5es de transporte p\u00fablico&#8221; font_container=&#8221;tag:h1|text_align:left|color:%23ffffff&#8221; use_theme_fonts=&#8221;yes&#8221; css=&#8221;.vc_custom_1741951744678{padding-top: 80px !important;padding-right: 20px !important;padding-left: 20px !important;}&#8221;][\/vc_column][\/vc_row][vc_row top_padding=&#8221;40&#8243;][vc_column][vc_row_inner][vc_column_inner width=&#8221;2\/3&#8243;][block_title style=&#8221;column_title&#8221; inner_style=&#8221;inline_border_circle&#8221; title=&#8221;Todas as informa\u00e7\u00f5es da sua empresa, gerenciadas e centralizadas&#8221;][\/block_title][\/vc_column_inner][vc_column_inner width=&#8221;1\/3&#8243;][\/vc_column_inner][\/vc_row_inner][vc_row_inner css=&#8221;.vc_custom_1665161964085{padding-top: 20px !important;}&#8221;][vc_column_inner width=&#8221;1\/6&#8243;][\/vc_column_inner][vc_column_inner width=&#8221;2\/4&#8243;][vc_custom_heading text=&#8221;Com esta plataforma, voc\u00ea pode ter todas as informa\u00e7\u00f5es em um s\u00f3 lugar sobre licen\u00e7as emitidas, registro de empresas e outras autoriza\u00e7\u00f5es concedidas de acordo com cada meio de transporte.&#8221; font_container=&#8221;tag:p|text_align:left&#8221; use_theme_fonts=&#8221;yes&#8221;][\/vc_column_inner][\/vc_row_inner][\/vc_column][\/vc_row][vc_row full_width=&#8221;stretch_row_content_no_spaces&#8221; type=&#8221;full_width_content&#8221; top_padding=&#8221;80&#8243; bottom_padding=&#8221;20&#8243;][vc_column width=&#8221;1\/2&#8243; centered_cont=&#8221;true&#8221;][vc_single_image image=&#8221;20059&#8243; img_size=&#8221;700&#215;600&#8243;][\/vc_column][vc_column width=&#8221;1\/2&#8243; css=&#8221;.vc_custom_1667558637591{margin-left: 5% !important;padding-right: 10% !important;}&#8221;][vc_empty_space height=&#8221;30px&#8221;][block_title style=&#8221;column_title&#8221; inner_style=&#8221;inline_border_circle&#8221; title=&#8221;Quanta informa\u00e7\u00e3o ele pode conter?&#8221;][\/block_title][vc_column_text]<\/p>\n<h3>Nossa plataforma permite a entrada de informa\u00e7\u00f5es sobre empresas de transporte, como:<\/h3>\n<p>[\/vc_column_text][list icon=&#8221;moon-circle-small&#8221;][list_item title=&#8221;Rotas de tr\u00e2nsito&#8221;][list_item title=&#8221;Registro de altera\u00e7\u00f5es de zona&#8221;][list_item title=&#8221;Atribui\u00e7\u00e3o de ve\u00edculos a empresas filiadas por tipo (carga, passageiros, p\u00fablicos e privados)&#8221;][list_item title=&#8221;Emiss\u00e3o de cada autoriza\u00e7\u00e3o de transporte&#8221;][\/list][vc_empty_space height=&#8221;20px&#8221;][vc_column_text]<\/p>\n<h3>Gra\u00e7as a isso, garantimos integridade de dados e disponibilidade de informa\u00e7\u00f5es.<\/h3>\n<p>[\/vc_column_text][\/vc_column][\/vc_row][vc_section css=&#8221;.vc_custom_1667558852759{margin-top: 5% !important;margin-bottom: 10% !important;}&#8221;][vc_row][vc_column][block_title title=&#8221;Benef\u00edcios&#8221;][\/block_title][\/vc_column][\/vc_row][vc_row][vc_column width=&#8221;1\/3&#8243;][services_small icon_color=&#8221;#6411d9&#8243; dynamic_content_type=&#8221;content&#8221; icon=&#8221;moon-checkmark-3&#8243;]Gerenciamento de todas as informa\u00e7\u00f5es do registro de transporte.[\/services_small][\/vc_column][vc_column width=&#8221;1\/3&#8243;][services_small icon_color=&#8221;#6411d9&#8243; dynamic_content_type=&#8221;content&#8221; icon=&#8221;moon-checkmark-3&#8243;]Disponibilidade de informa\u00e7\u00f5es das empresas de transporte cadastradas com os ve\u00edculos a elas vinculados.[\/services_small][\/vc_column][vc_column width=&#8221;1\/3&#8243;][services_small icon_color=&#8221;#6411d9&#8243; dynamic_content_type=&#8221;content&#8221; icon=&#8221;moon-checkmark-3&#8243;]Rastreabilidade das autoriza\u00e7\u00f5es emitidas para cada tipo de transporte.[\/services_small][\/vc_column][\/vc_row][\/vc_section][vc_section disable_element=&#8221;yes&#8221; css=&#8221;.vc_custom_1678462108227{margin-top: 8% !important;margin-bottom: 8% !important;}&#8221;][vc_row type=&#8221;full_width_content&#8221; bg_color=&#8221;#f3f4f7&#8243; top_padding=&#8221;30&#8243; bottom_padding=&#8221;30&#8243;][vc_column width=&#8221;1\/3&#8243; centered_cont=&#8221;true&#8221; centered_cont_vertical=&#8221;true&#8221;][block_title inner_style_title=&#8221;only_text&#8221; title=&#8221;Clients&#8221;][\/block_title][\/vc_column][vc_column width=&#8221;2\/3&#8243; css=&#8221;.vc_custom_1664235627909{padding-right: 6% !important;}&#8221;]<p style=\"color:#cf7e16;background:#fff5e8;padding:10px;font-size:16px;border:1px solid #f1d7b5;border-radius:4px;line-height:1.6;\">GS Logo Slider: The shortcode with the ID of <strong>2<\/strong> was not found.<\/p>[\/vc_column][\/vc_row][\/vc_section][vc_row][vc_column width=&#8221;1\/4&#8243; css=&#8221;.vc_custom_1663356676248{padding-top: 80px !important;}&#8221;][vc_custom_heading text=&#8221;Saiba mais sobre&#8221; font_container=&#8221;tag:h1|text_align:left&#8221; use_theme_fonts=&#8221;yes&#8221; css=&#8221;.vc_custom_1741951991294{padding-top: 30px !important;}&#8221;][vc_custom_heading text=&#8221;As nossas solu\u00e7\u00f5es&#8221; font_container=&#8221;tag:h1|text_align:left|color:%234e0da9&#8243; use_theme_fonts=&#8221;yes&#8221;][\/vc_column][vc_column width=&#8221;3\/4&#8243; column_padding=&#8221;5%&#8221;][recent_portfolio style=&#8221;basic_effect&#8221; columns=&#8221;3&#8243; rows=&#8221;2&#8243; from_where=&#8221;cat&#8221; category=&#8221;46&#8243;][\/vc_column][\/vc_row]<\/p>\n<\/section>","protected":false},"excerpt":{"rendered":"<p>[vc_row full_width=&#8221;stretch_row_content_no_spaces&#8221; parallax=&#8221;content-moving-fade&#8221; bg_image=&#8221;17193&#8243; bg_color=&#8221;#262236&#8243; text_color=&#8221;light&#8221; top_padding=&#8221;150&#8243; bottom_padding=&#8221;150&#8243;][vc_column][vc_custom_heading text=&#8221;Permiss\u00f5es de transporte p\u00fablico&#8221; font_container=&#8221;tag:h1|text_align:left|color:%23ffffff&#8221; use_theme_fonts=&#8221;yes&#8221; css=&#8221;.vc_custom_1741951744678{padding-top: 80px !important;padding-right: 20px !important;padding-left: 20px !important;}&#8221;][\/vc_column][\/vc_row][vc_row top_padding=&#8221;40&#8243;][vc_column][vc_row_inner][vc_column_inner width=&#8221;2\/3&#8243;][block_title style=&#8221;column_title&#8221; inner_style=&#8221;inline_border_circle&#8221; title=&#8221;Todas as informa\u00e7\u00f5es da sua empresa, gerenciadas e centralizadas&#8221;][\/block_title][\/vc_column_inner][vc_column_inner width=&#8221;1\/3&#8243;][\/vc_column_inner][\/vc_row_inner][vc_row_inner css=&#8221;.vc_custom_1665161964085{padding-top: 20px !important;}&#8221;][vc_column_inner width=&#8221;1\/6&#8243;][\/vc_column_inner][vc_column_inner width=&#8221;2\/4&#8243;][vc_custom_heading text=&#8221;Com esta plataforma, voc\u00ea pode ter todas as informa\u00e7\u00f5es em um s\u00f3 lugar sobre licen\u00e7as [&hellip;]<\/p>\n","protected":false},"author":1,"featured_media":0,"parent":0,"menu_order":0,"comment_status":"closed","ping_status":"closed","template":"","meta":{"footnotes":""},"class_list":["post-20361","page","type-page","status-publish","hentry"],"yoast_head":"<!-- This site is optimized with the Yoast SEO Premium plugin v15.6.2 - https:\/\/yoast.com\/wordpress\/plugins\/seo\/ -->\n<title>Permiss\u00f5es de transporte p\u00fablico | Quipux<\/title>\n<meta name=\"robots\" content=\"index, follow, max-snippet:-1, max-image-preview:large, max-video-preview:-1\" \/>\n<link rel=\"canonical\" href=\"https:\/\/www.quipux.com\/web\/public-transport-permits\/?lang=pt-br\" \/>\n<meta property=\"og:locale\" content=\"es_ES\" \/>\n<meta property=\"og:type\" content=\"article\" \/>\n<meta property=\"og:title\" content=\"Permiss\u00f5es de transporte p\u00fablico | Quipux\" \/>\n<meta property=\"og:description\" content=\"[vc_row full_width=&#8221;stretch_row_content_no_spaces&#8221; parallax=&#8221;content-moving-fade&#8221; bg_image=&#8221;17193&#8243; bg_color=&#8221;#262236&#8243; text_color=&#8221;light&#8221; top_padding=&#8221;150&#8243; bottom_padding=&#8221;150&#8243;][vc_column][vc_custom_heading text=&#8221;Permiss\u00f5es de transporte p\u00fablico&#8221; font_container=&#8221;tag:h1|text_align:left|color:%23ffffff&#8221; use_theme_fonts=&#8221;yes&#8221; css=&#8221;.vc_custom_1741951744678{padding-top: 80px !important;padding-right: 20px !important;padding-left: 20px !important;}&#8221;][\/vc_column][\/vc_row][vc_row top_padding=&#8221;40&#8243;][vc_column][vc_row_inner][vc_column_inner width=&#8221;2\/3&#8243;][block_title style=&#8221;column_title&#8221; inner_style=&#8221;inline_border_circle&#8221; title=&#8221;Todas as informa\u00e7\u00f5es da sua empresa, gerenciadas e centralizadas&#8221;][\/block_title][\/vc_column_inner][vc_column_inner width=&#8221;1\/3&#8243;][\/vc_column_inner][\/vc_row_inner][vc_row_inner css=&#8221;.vc_custom_1665161964085{padding-top: 20px !important;}&#8221;][vc_column_inner width=&#8221;1\/6&#8243;][\/vc_column_inner][vc_column_inner width=&#8221;2\/4&#8243;][vc_custom_heading text=&#8221;Com esta plataforma, voc\u00ea pode ter todas as informa\u00e7\u00f5es em um s\u00f3 lugar sobre licen\u00e7as [&hellip;]\" \/>\n<meta property=\"og:url\" content=\"https:\/\/www.quipux.com\/web\/public-transport-permits\/?lang=pt-br\" \/>\n<meta property=\"og:site_name\" content=\"Quipux\" \/>\n<meta property=\"article:modified_time\" content=\"2025-03-14T11:34:41+00:00\" \/>\n<meta name=\"twitter:card\" content=\"summary_large_image\" \/>\n<meta name=\"twitter:label1\" content=\"Tiempo de lectura\">\n\t<meta name=\"twitter:data1\" content=\"2 minutos\">\n<script type=\"application\/ld+json\" class=\"yoast-schema-graph\">{\"@context\":\"https:\/\/schema.org\",\"@graph\":[{\"@type\":\"Organization\",\"@id\":\"https:\/\/www.quipux.com\/web\/#organization\",\"name\":\"Quipux\",\"url\":\"https:\/\/www.quipux.com\/web\/\",\"sameAs\":[],\"logo\":{\"@type\":\"ImageObject\",\"@id\":\"https:\/\/www.quipux.com\/web\/#logo\",\"inLanguage\":\"es\",\"url\":\"https:\/\/www.quipux.com\/web\/wp-content\/uploads\/2022\/10\/Logo-quipux-1.png\",\"width\":195,\"height\":41,\"caption\":\"Quipux\"},\"image\":{\"@id\":\"https:\/\/www.quipux.com\/web\/#logo\"}},{\"@type\":\"WebSite\",\"@id\":\"https:\/\/www.quipux.com\/web\/#website\",\"url\":\"https:\/\/www.quipux.com\/web\/\",\"name\":\"Quipux\",\"description\":\"\",\"publisher\":{\"@id\":\"https:\/\/www.quipux.com\/web\/#organization\"},\"potentialAction\":[{\"@type\":\"SearchAction\",\"target\":\"https:\/\/www.quipux.com\/web\/?s={search_term_string}\",\"query-input\":\"required name=search_term_string\"}],\"inLanguage\":\"es\"},{\"@type\":\"WebPage\",\"@id\":\"https:\/\/www.quipux.com\/web\/public-transport-permits\/?lang=pt-br#webpage\",\"url\":\"https:\/\/www.quipux.com\/web\/public-transport-permits\/?lang=pt-br\",\"name\":\"Permiss\\u00f5es de transporte p\\u00fablico | Quipux\",\"isPartOf\":{\"@id\":\"https:\/\/www.quipux.com\/web\/#website\"},\"datePublished\":\"2022-10-26T17:13:47+00:00\",\"dateModified\":\"2025-03-14T11:34:41+00:00\",\"inLanguage\":\"es\",\"potentialAction\":[{\"@type\":\"ReadAction\",\"target\":[\"https:\/\/www.quipux.com\/web\/public-transport-permits\/?lang=pt-br\"]}]}]}<\/script>\n<!-- \/ Yoast SEO Premium plugin. -->","_links":{"self":[{"href":"https:\/\/www.quipux.com\/web\/wp-json\/wp\/v2\/pages\/20361","targetHints":{"allow":["GET"]}}],"collection":[{"href":"https:\/\/www.quipux.com\/web\/wp-json\/wp\/v2\/pages"}],"about":[{"href":"https:\/\/www.quipux.com\/web\/wp-json\/wp\/v2\/types\/page"}],"author":[{"embeddable":true,"href":"https:\/\/www.quipux.com\/web\/wp-json\/wp\/v2\/users\/1"}],"replies":[{"embeddable":true,"href":"https:\/\/www.quipux.com\/web\/wp-json\/wp\/v2\/comments?post=20361"}],"version-history":[{"count":4,"href":"https:\/\/www.quipux.com\/web\/wp-json\/wp\/v2\/pages\/20361\/revisions"}],"predecessor-version":[{"id":20457,"href":"https:\/\/www.quipux.com\/web\/wp-json\/wp\/v2\/pages\/20361\/revisions\/20457"}],"wp:attachment":[{"href":"https:\/\/www.quipux.com\/web\/wp-json\/wp\/v2\/media?parent=20361"}],"curies":[{"name":"wp","href":"https:\/\/api.w.org\/{rel}","templated":true}]}}