{"id":20364,"date":"2022-10-26T10:15:21","date_gmt":"2022-10-26T15:15:21","guid":{"rendered":"https:\/\/www.quipux.com\/web\/auto-parts-tracker\/"},"modified":"2025-03-13T04:33:06","modified_gmt":"2025-03-13T09:33:06","slug":"auto-parts-tracker","status":"publish","type":"page","link":"https:\/\/www.quipux.com\/web\/auto-parts-tracker\/?lang=pt-br","title":{"rendered":"Localizador de pe\u00e7as de autom\u00f3vel"},"content":{"rendered":"<section class=\"wpb-content-wrapper\"><p>[vc_row full_width=&#8221;stretch_row_content_no_spaces&#8221; bg_image=&#8221;17189&#8243; bg_color=&#8221;#262236&#8243; text_color=&#8221;light&#8221; top_padding=&#8221;150&#8243; bottom_padding=&#8221;150&#8243;][vc_column][vc_custom_heading text=&#8221;Localizador de pe\u00e7as de autom\u00f3vel&#8221; font_container=&#8221;tag:h1|font_size:50px|text_align:left|line_height:70px&#8221; use_theme_fonts=&#8221;yes&#8221; css=&#8221;.vc_custom_1741812415896{padding-top: 80px !important;padding-right: 20px !important;padding-left: 20px !important;}&#8221;][\/vc_column][\/vc_row][vc_row top_padding=&#8221;40&#8243;][vc_column][vc_row_inner][vc_column_inner width=&#8221;5\/6&#8243;][block_title style=&#8221;column_title&#8221; inner_style=&#8221;inline_border_circle&#8221; title=&#8221;Plataforma que suporta a gest\u00e3o e controle de ve\u00edculos inutiliz\u00e1veis, bem como o destino das suas partes e pe\u00e7as.&#8221;][\/block_title][\/vc_column_inner][vc_column_inner width=&#8221;1\/6&#8243;][\/vc_column_inner][\/vc_row_inner][vc_row_inner css=&#8221;.vc_custom_1665161964085{padding-top: 20px !important;}&#8221;][vc_column_inner width=&#8221;1\/6&#8243;][\/vc_column_inner][vc_column_inner width=&#8221;2\/4&#8243;][vc_custom_heading text=&#8221;Controle tamb\u00e9m do processo desde a credencia\u00e7\u00e3o das empresas que operam no setor do desmantelamento de ve\u00edculos, passando pelo registro e acompanhamento das opera\u00e7\u00f5es das empresas deste setor, at\u00e9 a compra de pe\u00e7as ou partes inteiras em revendas autorizadas.&#8221; font_container=&#8221;tag:p|text_align:left&#8221; use_theme_fonts=&#8221;yes&#8221;][\/vc_column_inner][\/vc_row_inner][\/vc_column][\/vc_row][vc_row gap=&#8221;10&#8243; content_placement=&#8221;middle&#8221; type=&#8221;full_width_content&#8221; top_padding=&#8221;40&#8243; bottom_padding=&#8221;40&#8243;][vc_column width=&#8221;1\/2&#8243; centered_cont=&#8221;true&#8221; css=&#8221;.vc_custom_1667487997206{background-position: center !important;background-repeat: no-repeat !important;background-size: contain !important;}&#8221;][vc_single_image image=&#8221;20010&#8243; img_size=&#8221;full&#8221; alignment=&#8221;center&#8221;][\/vc_column][vc_column width=&#8221;1\/2&#8243; column_padding=&#8221;5%&#8221; css=&#8221;.vc_custom_1667512582926{margin-top: 15% !important;}&#8221;][block_title style=&#8221;column_title&#8221; inner_style=&#8221;inline_border_circle&#8221; title=&#8221;Esta plataforma permite&#8221;][\/block_title][list icon=&#8221;moon-circle-small&#8221;][list_item title=&#8221;Carregamento do invent\u00e1rio de pe\u00e7as sobressalentes pelas empresas.&#8221;][list_item title=&#8221;Registro dos ve\u00edculos cancelados autorizados a ser desmantelados.&#8221;][list_item title=&#8221;Registro dos ve\u00edculos que entram no centro de desmantelamento.&#8221;][list_item title=&#8221;Registro de pe\u00e7as sobressalentes obtidas de ve\u00edculos desmantelados.&#8221;][list_item title=&#8221;Pedido, compra e registro de etiquetas atribu\u00eddas.&#8221;][list_item title=&#8221;Registro do movimento de pe\u00e7as sobressalentes.&#8221;][list_item title=&#8221;Registro das vendas de pe\u00e7as sobressalentes.&#8221;][list_item title=&#8221;Consulta da rastreabilidade das pe\u00e7as para os cidad\u00e3os e controle.&#8221;][\/list][\/vc_column][\/vc_row][vc_row top_padding=&#8221;30&#8243;][vc_column][vc_video link=&#8221;https:\/\/vimeo.com\/480328083\/e7f5e9bc19&#8243; align=&#8221;center&#8221;][\/vc_column][\/vc_row][vc_row top_padding=&#8221;80&#8243;][vc_column][block_title title=&#8221;Benef\u00edcios&#8221;][\/block_title][\/vc_column][\/vc_row][vc_row][vc_column width=&#8221;1\/4&#8243;][services_small icon_color=&#8221;#6411d9&#8243; dynamic_content_type=&#8221;content&#8221; icon=&#8221;moon-checkmark-3&#8243;]Permite \u00e0 autoridade regulamentar e controlar as empresas de desmantelamento, venda a varejo, repara\u00e7\u00e3o e reciclagem.[\/services_small][\/vc_column][vc_column width=&#8221;1\/4&#8243;][services_small icon_color=&#8221;#6411d9&#8243; dynamic_content_type=&#8221;content&#8221; icon=&#8221;moon-checkmark-3&#8243;]Controla o movimento de pe\u00e7as de invent\u00e1rio de empresas credenciadas.[\/services_small][\/vc_column][vc_column width=&#8221;1\/4&#8243;][services_small icon_color=&#8221;#6411d9&#8243; dynamic_content_type=&#8221;content&#8221; icon=&#8221;moon-checkmark-3&#8243;]Permite determinar a origem das autope\u00e7as, proporcionando o controle e a utiliza\u00e7\u00e3o das pe\u00e7as nos ve\u00edculos.[\/services_small][\/vc_column][vc_column width=&#8221;1\/4&#8243;][services_small icon_color=&#8221;#6411d9&#8243; dynamic_content_type=&#8221;content&#8221; icon=&#8221;moon-checkmark-3&#8243;]Acompanhamento e controle da qualidade e da legalidade das pe\u00e7as.[\/services_small][\/vc_column][\/vc_row][vc_row bottom_padding=&#8221;80&#8243;][vc_column width=&#8221;1\/4&#8243;][services_small icon_color=&#8221;#6411d9&#8243; dynamic_content_type=&#8221;content&#8221; icon=&#8221;moon-checkmark-3&#8243;]Controle e registro das transa\u00e7\u00f5es de venda de pe\u00e7as.[\/services_small][\/vc_column][vc_column width=&#8221;1\/4&#8243;][services_small icon_color=&#8221;#6411d9&#8243; dynamic_content_type=&#8221;content&#8221; icon=&#8221;moon-checkmark-3&#8243;]Diminui\u00e7\u00e3o do mercado negro de pe\u00e7as de autom\u00f3vel e do contrabando de pe\u00e7as usadas.[\/services_small][\/vc_column][vc_column width=&#8221;1\/4&#8243;][services_small icon_color=&#8221;#6411d9&#8243; dynamic_content_type=&#8221;content&#8221; icon=&#8221;moon-checkmark-3&#8243;]Redu\u00e7\u00e3o dos crimes de furto de ve\u00edculos.[\/services_small][\/vc_column][vc_column width=&#8221;1\/4&#8243;][\/vc_column][\/vc_row][vc_section css=&#8221;.vc_custom_1667486058350{margin-top: 5% !important;}&#8221;][vc_row full_width=&#8221;stretch_row_content_no_spaces&#8221; content_placement=&#8221;middle&#8221; type=&#8221;full_width_background&#8221; bg_color=&#8221;#f3f4f7&#8243; top_padding=&#8221;50&#8243; bottom_padding=&#8221;50&#8243; class=&#8221;margin-bottom-none&#8221;][vc_column][vc_custom_heading text=&#8221;Resultados&#8221; font_container=&#8221;tag:h1|text_align:center&#8221; use_theme_fonts=&#8221;yes&#8221;][\/vc_column][\/vc_row][vc_row][vc_column width=&#8221;1\/4&#8243;][vc_single_image image=&#8221;19968&#8243; img_size=&#8221;full&#8221;][separator width=&#8221;60px&#8221; color=&#8221;#6411d9&#8243; margin_top=&#8221;20px&#8221; margin_bottom=&#8221;20px&#8221;][vc_column_text]<strong>Redu\u00e7\u00e3o de 25%<\/strong> nos roubos e furtos no estado de S\u00e3o Paulo.[\/vc_column_text][\/vc_column][vc_column width=&#8221;1\/4&#8243;][vc_single_image image=&#8221;19969&#8243; img_size=&#8221;full&#8221;][separator width=&#8221;60px&#8221; color=&#8221;#6411d9&#8243; margin_top=&#8221;20px&#8221; margin_bottom=&#8221;20px&#8221;][vc_column_text]<strong>Formaliza\u00e7\u00e3o da ind\u00fastria<\/strong> de autope\u00e7as no Estado de S\u00e3o Paulo.[\/vc_column_text][\/vc_column][vc_column width=&#8221;1\/4&#8243;][vc_single_image image=&#8221;19970&#8243; img_size=&#8221;full&#8221;][separator width=&#8221;60px&#8221; color=&#8221;#6411d9&#8243; margin_top=&#8221;20px&#8221; margin_bottom=&#8221;20px&#8221;][vc_column_text]<strong>Pagamento<\/strong> de impostos sobre a venda de pe\u00e7as e o leil\u00e3o de ve\u00edculos.[\/vc_column_text][\/vc_column][vc_column width=&#8221;1\/4&#8243;][vc_single_image image=&#8221;19971&#8243; img_size=&#8221;full&#8221;][separator width=&#8221;60px&#8221; color=&#8221;#6411d9&#8243; margin_top=&#8221;20px&#8221; margin_bottom=&#8221;20px&#8221;][vc_column_text]<strong>Cria\u00e7\u00e3o do seguro popular.<\/strong>[\/vc_column_text][\/vc_column][\/vc_row][\/vc_section][vc_section css=&#8221;.vc_custom_1665541715109{margin-top: 8% !important;margin-bottom: 8% !important;}&#8221;][vc_row][vc_column width=&#8221;1\/4&#8243;][\/vc_column][vc_column width=&#8221;1\/4&#8243;][vc_custom_heading text=&#8221;Quer saber mais?&#8221; font_container=&#8221;tag:h3|text_align:center&#8221; use_theme_fonts=&#8221;yes&#8221;][\/vc_column][vc_column width=&#8221;1\/4&#8243;][button title=&#8221;Entre em contato!&#8221; link=&#8221;https:\/\/www.quipux.com\/web\/contact-us\/?lang=en&#8221; align=&#8221;center&#8221; icon=&#8221;&#8221;][\/vc_column][vc_column width=&#8221;1\/4&#8243;][\/vc_column][\/vc_row][\/vc_section][vc_row][vc_column width=&#8221;1\/4&#8243; css=&#8221;.vc_custom_1663356676248{padding-top: 80px !important;}&#8221;][vc_custom_heading text=&#8221;Saiba mais sobre&#8221; font_container=&#8221;tag:h1|text_align:left&#8221; use_theme_fonts=&#8221;yes&#8221; css=&#8221;.vc_custom_1741813450238{padding-top: 30px !important;}&#8221;][vc_custom_heading text=&#8221;As nossas solu\u00e7\u00f5es&#8221; font_container=&#8221;tag:h1|text_align:left|color:%234e0da9&#8243; use_theme_fonts=&#8221;yes&#8221;][\/vc_column][vc_column width=&#8221;3\/4&#8243; column_padding=&#8221;5%&#8221;][recent_portfolio style=&#8221;basic_effect&#8221; columns=&#8221;3&#8243; rows=&#8221;2&#8243; from_where=&#8221;cat&#8221; category=&#8221;48&#8243;][\/vc_column][\/vc_row][vc_section disable_element=&#8221;yes&#8221;][vc_row type=&#8221;full_width_content&#8221; bg_color=&#8221;#f3f4f7&#8243; top_padding=&#8221;30&#8243; bottom_padding=&#8221;30&#8243;][vc_column width=&#8221;1\/3&#8243; centered_cont=&#8221;true&#8221; centered_cont_vertical=&#8221;true&#8221;][block_title inner_style_title=&#8221;only_text&#8221; title=&#8221;Clients&#8221;][\/block_title][\/vc_column][vc_column width=&#8221;2\/3&#8243; css=&#8221;.vc_custom_1664235627909{padding-right: 6% !important;}&#8221;]<p style=\"color:#cf7e16;background:#fff5e8;padding:10px;font-size:16px;border:1px solid #f1d7b5;border-radius:4px;line-height:1.6;\">GS Logo Slider: The shortcode with the ID of <strong>1<\/strong> was not found.<\/p>[\/vc_column][\/vc_row][\/vc_section]<\/p>\n<\/section>","protected":false},"excerpt":{"rendered":"<p>[vc_row full_width=&#8221;stretch_row_content_no_spaces&#8221; bg_image=&#8221;17189&#8243; bg_color=&#8221;#262236&#8243; text_color=&#8221;light&#8221; top_padding=&#8221;150&#8243; bottom_padding=&#8221;150&#8243;][vc_column][vc_custom_heading text=&#8221;Localizador de pe\u00e7as de autom\u00f3vel&#8221; font_container=&#8221;tag:h1|font_size:50px|text_align:left|line_height:70px&#8221; use_theme_fonts=&#8221;yes&#8221; css=&#8221;.vc_custom_1741812415896{padding-top: 80px !important;padding-right: 20px !important;padding-left: 20px !important;}&#8221;][\/vc_column][\/vc_row][vc_row top_padding=&#8221;40&#8243;][vc_column][vc_row_inner][vc_column_inner width=&#8221;5\/6&#8243;][block_title style=&#8221;column_title&#8221; inner_style=&#8221;inline_border_circle&#8221; title=&#8221;Plataforma que suporta a gest\u00e3o e controle de ve\u00edculos inutiliz\u00e1veis, bem como o destino das suas partes e pe\u00e7as.&#8221;][\/block_title][\/vc_column_inner][vc_column_inner width=&#8221;1\/6&#8243;][\/vc_column_inner][\/vc_row_inner][vc_row_inner css=&#8221;.vc_custom_1665161964085{padding-top: 20px !important;}&#8221;][vc_column_inner width=&#8221;1\/6&#8243;][\/vc_column_inner][vc_column_inner width=&#8221;2\/4&#8243;][vc_custom_heading text=&#8221;Controle tamb\u00e9m do processo desde [&hellip;]<\/p>\n","protected":false},"author":4,"featured_media":0,"parent":0,"menu_order":0,"comment_status":"closed","ping_status":"closed","template":"","meta":{"footnotes":""},"class_list":["post-20364","page","type-page","status-publish","hentry"],"yoast_head":"<!-- This site is optimized with the Yoast SEO Premium plugin v15.6.2 - https:\/\/yoast.com\/wordpress\/plugins\/seo\/ -->\n<title>Localizador de pe\u00e7as de autom\u00f3vel | Quipux<\/title>\n<meta name=\"robots\" content=\"index, follow, max-snippet:-1, max-image-preview:large, max-video-preview:-1\" \/>\n<link rel=\"canonical\" href=\"https:\/\/www.quipux.com\/web\/auto-parts-tracker\/?lang=pt-br\" \/>\n<meta property=\"og:locale\" content=\"es_ES\" \/>\n<meta property=\"og:type\" content=\"article\" \/>\n<meta property=\"og:title\" content=\"Localizador de pe\u00e7as de autom\u00f3vel | Quipux\" \/>\n<meta property=\"og:description\" content=\"[vc_row full_width=&#8221;stretch_row_content_no_spaces&#8221; bg_image=&#8221;17189&#8243; bg_color=&#8221;#262236&#8243; text_color=&#8221;light&#8221; top_padding=&#8221;150&#8243; bottom_padding=&#8221;150&#8243;][vc_column][vc_custom_heading text=&#8221;Localizador de pe\u00e7as de autom\u00f3vel&#8221; font_container=&#8221;tag:h1|font_size:50px|text_align:left|line_height:70px&#8221; use_theme_fonts=&#8221;yes&#8221; css=&#8221;.vc_custom_1741812415896{padding-top: 80px !important;padding-right: 20px !important;padding-left: 20px !important;}&#8221;][\/vc_column][\/vc_row][vc_row top_padding=&#8221;40&#8243;][vc_column][vc_row_inner][vc_column_inner width=&#8221;5\/6&#8243;][block_title style=&#8221;column_title&#8221; inner_style=&#8221;inline_border_circle&#8221; title=&#8221;Plataforma que suporta a gest\u00e3o e controle de ve\u00edculos inutiliz\u00e1veis, bem como o destino das suas partes e pe\u00e7as.&#8221;][\/block_title][\/vc_column_inner][vc_column_inner width=&#8221;1\/6&#8243;][\/vc_column_inner][\/vc_row_inner][vc_row_inner css=&#8221;.vc_custom_1665161964085{padding-top: 20px !important;}&#8221;][vc_column_inner width=&#8221;1\/6&#8243;][\/vc_column_inner][vc_column_inner width=&#8221;2\/4&#8243;][vc_custom_heading text=&#8221;Controle tamb\u00e9m do processo desde [&hellip;]\" \/>\n<meta property=\"og:url\" content=\"https:\/\/www.quipux.com\/web\/auto-parts-tracker\/?lang=pt-br\" \/>\n<meta property=\"og:site_name\" content=\"Quipux\" \/>\n<meta property=\"article:modified_time\" content=\"2025-03-13T09:33:06+00:00\" \/>\n<meta name=\"twitter:card\" content=\"summary_large_image\" \/>\n<meta name=\"twitter:label1\" content=\"Tiempo de lectura\">\n\t<meta name=\"twitter:data1\" content=\"2 minutos\">\n<script type=\"application\/ld+json\" class=\"yoast-schema-graph\">{\"@context\":\"https:\/\/schema.org\",\"@graph\":[{\"@type\":\"Organization\",\"@id\":\"https:\/\/www.quipux.com\/web\/#organization\",\"name\":\"Quipux\",\"url\":\"https:\/\/www.quipux.com\/web\/\",\"sameAs\":[],\"logo\":{\"@type\":\"ImageObject\",\"@id\":\"https:\/\/www.quipux.com\/web\/#logo\",\"inLanguage\":\"es\",\"url\":\"https:\/\/www.quipux.com\/web\/wp-content\/uploads\/2022\/10\/Logo-quipux-1.png\",\"width\":195,\"height\":41,\"caption\":\"Quipux\"},\"image\":{\"@id\":\"https:\/\/www.quipux.com\/web\/#logo\"}},{\"@type\":\"WebSite\",\"@id\":\"https:\/\/www.quipux.com\/web\/#website\",\"url\":\"https:\/\/www.quipux.com\/web\/\",\"name\":\"Quipux\",\"description\":\"\",\"publisher\":{\"@id\":\"https:\/\/www.quipux.com\/web\/#organization\"},\"potentialAction\":[{\"@type\":\"SearchAction\",\"target\":\"https:\/\/www.quipux.com\/web\/?s={search_term_string}\",\"query-input\":\"required name=search_term_string\"}],\"inLanguage\":\"es\"},{\"@type\":\"WebPage\",\"@id\":\"https:\/\/www.quipux.com\/web\/auto-parts-tracker\/?lang=pt-br#webpage\",\"url\":\"https:\/\/www.quipux.com\/web\/auto-parts-tracker\/?lang=pt-br\",\"name\":\"Localizador de pe\\u00e7as de autom\\u00f3vel | Quipux\",\"isPartOf\":{\"@id\":\"https:\/\/www.quipux.com\/web\/#website\"},\"datePublished\":\"2022-10-26T15:15:21+00:00\",\"dateModified\":\"2025-03-13T09:33:06+00:00\",\"inLanguage\":\"es\",\"potentialAction\":[{\"@type\":\"ReadAction\",\"target\":[\"https:\/\/www.quipux.com\/web\/auto-parts-tracker\/?lang=pt-br\"]}]}]}<\/script>\n<!-- \/ Yoast SEO Premium plugin. -->","_links":{"self":[{"href":"https:\/\/www.quipux.com\/web\/wp-json\/wp\/v2\/pages\/20364","targetHints":{"allow":["GET"]}}],"collection":[{"href":"https:\/\/www.quipux.com\/web\/wp-json\/wp\/v2\/pages"}],"about":[{"href":"https:\/\/www.quipux.com\/web\/wp-json\/wp\/v2\/types\/page"}],"author":[{"embeddable":true,"href":"https:\/\/www.quipux.com\/web\/wp-json\/wp\/v2\/users\/4"}],"replies":[{"embeddable":true,"href":"https:\/\/www.quipux.com\/web\/wp-json\/wp\/v2\/comments?post=20364"}],"version-history":[{"count":4,"href":"https:\/\/www.quipux.com\/web\/wp-json\/wp\/v2\/pages\/20364\/revisions"}],"predecessor-version":[{"id":20436,"href":"https:\/\/www.quipux.com\/web\/wp-json\/wp\/v2\/pages\/20364\/revisions\/20436"}],"wp:attachment":[{"href":"https:\/\/www.quipux.com\/web\/wp-json\/wp\/v2\/media?parent=20364"}],"curies":[{"name":"wp","href":"https:\/\/api.w.org\/{rel}","templated":true}]}}