{"id":20372,"date":"2022-10-13T02:50:07","date_gmt":"2022-10-13T07:50:07","guid":{"rendered":"https:\/\/www.quipux.com\/web\/multi-city-fines-collection\/"},"modified":"2025-03-13T17:24:00","modified_gmt":"2025-03-13T22:24:00","slug":"multi-city-fines-collection","status":"publish","type":"page","link":"https:\/\/www.quipux.com\/web\/multi-city-fines-collection\/?lang=pt-br","title":{"rendered":"Cobran\u00e7a de multas em v\u00e1rias cidades"},"content":{"rendered":"<section class=\"wpb-content-wrapper\"><p>[vc_row full_width=&#8221;stretch_row_content_no_spaces&#8221; type=&#8221;full_width_background&#8221; bg_image=&#8221;15858&#8243; parallax_bg=&#8221;true&#8221; overlay=&#8221;true&#8221; text_color=&#8221;light&#8221; top_padding=&#8221;150&#8243; bottom_padding=&#8221;150&#8243;][vc_column][vc_custom_heading text=&#8221;Cobran\u00e7a de multas em v\u00e1rias cidades&#8221; font_container=&#8221;tag:h1|font_size:50px|text_align:left|line_height:70px&#8221; use_theme_fonts=&#8221;yes&#8221; css=&#8221;.vc_custom_1741904049287{padding-top: 80px !important;padding-right: 20px !important;padding-left: 20px !important;}&#8221;][\/vc_column][\/vc_row][vc_row top_padding=&#8221;40&#8243;][vc_column][vc_row_inner][vc_column_inner width=&#8221;2\/3&#8243;][block_title style=&#8221;column_title&#8221; inner_style=&#8221;inline_border_circle&#8221; title=&#8221;Conectamos o sistema de multas de tr\u00e2nsito do nosso pa\u00eds&#8221;][\/block_title][\/vc_column_inner][vc_column_inner width=&#8221;1\/3&#8243;][\/vc_column_inner][\/vc_row_inner][vc_row_inner css=&#8221;.vc_custom_1665161964085{padding-top: 20px !important;}&#8221;][vc_column_inner width=&#8221;1\/6&#8243;][\/vc_column_inner][vc_column_inner width=&#8221;2\/4&#8243;][vc_custom_heading text=&#8221;Conectamos todas as autoridades de tr\u00e2nsito de todas as cidades da Col\u00f4mbia e criamos um sistema de compensa\u00e7\u00e3o que distribui dinheiro para cada cidade e paga um valor por transa\u00e7\u00e3o ao operador. Esta plataforma integra o controle e pagamento de multas em mais de 500 cidades da Col\u00f4mbia, centralizando bancos de dados, integrando o setor financeiro, registros de tr\u00e2nsito locais e permitindo a compensa\u00e7\u00e3o autom\u00e1tica de cobran\u00e7as.&#8221; font_container=&#8221;tag:p|text_align:left&#8221; use_theme_fonts=&#8221;yes&#8221;][\/vc_column_inner][\/vc_row_inner][\/vc_column][\/vc_row][vc_row top_padding=&#8221;80&#8243;][vc_column][vc_video link=&#8221;https:\/\/vimeo.com\/805292006&#8243; align=&#8221;center&#8221;][vc_empty_space height=&#8221;40px&#8221;][\/vc_column][\/vc_row][vc_section css=&#8221;.vc_custom_1665618568802{margin-bottom: 100px !important;}&#8221;][vc_row][vc_column width=&#8221;1\/6&#8243;][\/vc_column][vc_column width=&#8221;2\/3&#8243;][block_title title=&#8221;Nosso impacto com esta plataforma&#8221;][\/block_title][vc_custom_heading text=&#8221;Com o Simit buscamos empoderar os munic\u00edpios na sua capacidade de fazer cumprir a norma, alcan\u00e7ando assim um desenvolvimento integral para o pa\u00eds a partir de cada regi\u00e3o.&#8221; font_container=&#8221;tag:p|text_align:center&#8221; use_theme_fonts=&#8221;yes&#8221;][\/vc_column][vc_column width=&#8221;1\/6&#8243;][\/vc_column][\/vc_row][vc_row gap=&#8221;10&#8243; bottom_padding=&#8221;60&#8243;][vc_column width=&#8221;1\/3&#8243; css=&#8221;.vc_custom_1666803698540{margin-right: 5% !important;margin-left: 5% !important;}&#8221;][vc_custom_heading text=&#8221;+70 milh\u00f5es&#8221; font_container=&#8221;tag:h1|text_align:center|color:%236411d9&#8243; use_theme_fonts=&#8221;yes&#8221;][vc_column_text css_animation=&#8221;none&#8221;]<\/p>\n<p style=\"text-align: center; color: #262236;\">mensagens entregues as pessoas atrav\u00e9s de diferentes canais.<\/p>\n<p>[\/vc_column_text][\/vc_column][vc_column width=&#8221;1\/3&#8243; css=&#8221;.vc_custom_1666803686396{margin-right: 5% !important;margin-left: 5% !important;padding-right: 0px !important;padding-left: 0px !important;}&#8221;][vc_custom_heading text=&#8221;+ 6 milh\u00f5es&#8221; font_container=&#8221;tag:h1|text_align:center|color:%236411d9&#8243; use_theme_fonts=&#8221;yes&#8221;][vc_column_text css_animation=&#8221;none&#8221;]<\/p>\n<p style=\"text-align: center; color: #262236;\">pessoas visualizaram as campanhas digitais e mais de 1,5 milh\u00e3o clicaram para entrar na plataforma.<\/p>\n<p>[\/vc_column_text][\/vc_column][vc_column width=&#8221;1\/3&#8243; css=&#8221;.vc_custom_1666803707029{margin-right: 5% !important;margin-left: 5% !important;padding-right: 0px !important;padding-left: 0px !important;}&#8221;][vc_custom_heading text=&#8221;334&#8243; font_container=&#8221;tag:h1|text_align:center|color:%236411d9&#8243; use_theme_fonts=&#8221;yes&#8221;][vc_column_text css_animation=&#8221;none&#8221;]<\/p>\n<p style=\"text-align: center; color: #262236;\">Os Departamentos de Tr\u00e2nsito foram impactados.<\/p>\n<p>[\/vc_column_text][\/vc_column][\/vc_row][vc_row gap=&#8221;20&#8243; content_placement=&#8221;middle&#8221; bg_color=&#8221;#262236&#8243; text_color=&#8221;light&#8221; top_padding=&#8221;40&#8243; bottom_padding=&#8221;40&#8243;][vc_column width=&#8221;1\/3&#8243; css=&#8221;.vc_custom_1665534764347{padding-top: 300px !important;padding-bottom: 300px !important;background-image: url(https:\/\/www.quipux.com\/web\/wp-content\/uploads\/2022\/09\/digital-business-and-technology-2021-09-02-06-05-54-utc-scaled.jpg?id=9695) !important;background-position: center !important;background-repeat: no-repeat !important;background-size: cover !important;}&#8221;][\/vc_column][vc_column width=&#8221;2\/3&#8243; css=&#8221;.vc_custom_1665629770722{padding-top: 40px !important;padding-left: 6% !important;}&#8221;][vc_column_text]<\/p>\n<h1 style=\"font-weight: normal; color: #ffffff;\">Our solution has a series of components that provide citizens with an agile platform that meets their expectations in terms of Mobility procedures and processes.<\/h1>\n<p>[\/vc_column_text][vc_row_inner][vc_column_inner width=&#8221;1\/2&#8243;][list icon=&#8221;moon-circle-small&#8221;][list_item title=&#8221;Permite o pagamento de multas&#8221;][list_item title=&#8221;Correspondentes banc\u00e1rios&#8221;][list_item title=&#8221;Servi\u00e7os Digitais para Cidad\u00e3os&#8221;][list_item title=&#8221;Aplicativo cidad\u00e3o&#8221;][list_item title=&#8221;Acordos de pagamento&#8221;][list_item title=&#8221;Gest\u00e3o PQRSD&#8221;][\/list][\/vc_column_inner][vc_column_inner width=&#8221;1\/2&#8243;][list icon=&#8221;moon-circle-small&#8221;][list_item title=&#8221;Self-management kiosks&#8221;][list_item title=&#8221;Handheld devices&#8221;][list_item title=&#8221;Digital Backoffice&#8221;][list_item title=&#8221;Virtual Assistant&#8221;][list_item title=&#8221;Single national helpline&#8221;][list_item title=&#8221;Interoperability&#8221;][\/list][\/vc_column_inner][\/vc_row_inner][vc_empty_space height=&#8221;60px&#8221;][vc_row_inner][vc_column_inner width=&#8221;1\/2&#8243;][vc_custom_heading text=&#8221;Want to know more?&#8221; font_container=&#8221;tag:h3|text_align:left&#8221; use_theme_fonts=&#8221;yes&#8221;][\/vc_column_inner][vc_column_inner width=&#8221;1\/3&#8243;][button title=&#8221;Contact us!&#8221; link=&#8221;https:\/\/www.quipux.com\/web\/contact-us\/?lang=en&#8221;][\/vc_column_inner][\/vc_row_inner][\/vc_column][\/vc_row][vc_row full_width=&#8221;stretch_row_content_no_spaces&#8221; type=&#8221;full_width_content&#8221; top_padding=&#8221;60&#8243;][vc_column width=&#8221;7\/12&#8243; css=&#8221;.vc_custom_1665670044737{margin-top: 8% !important;padding-right: 6% !important;padding-left: 10% !important;}&#8221;][vc_empty_space height=&#8221;20px&#8221;][block_title style=&#8221;column_title&#8221; inner_style=&#8221;inline_border_circle&#8221; title=&#8221;We created an App taking into account that more and more people are accessing Simit from their smartphone&#8221;][\/block_title][vc_custom_heading text=&#8221;From our App you can&#8230;&#8221; font_container=&#8221;tag:h4|text_align:left&#8221; use_theme_fonts=&#8221;yes&#8221;][vc_column_text]<\/p>\n<p style=\"text-align: left;\">Consult the account statement, alert generation, pay fines and make payment agreement installments, generate settlement with barcode, and search points of interest.<\/p>\n<p>[\/vc_column_text][\/vc_column][vc_column width=&#8221;5\/12&#8243; css=&#8221;.vc_custom_1665670258505{margin-top: 8% !important;}&#8221;][vc_video link=&#8221;https:\/\/vimeo.com\/731154082\/d6ee89c9b9&#8243; align=&#8221;center&#8221;][\/vc_column][\/vc_row][\/vc_section][vc_row][vc_column width=&#8221;1\/2&#8243; css=&#8221;.vc_custom_1665671327728{margin-top: 8% !important;margin-bottom: 70px !important;padding-right: 6% !important;}&#8221;][vc_single_image image=&#8221;19835&#8243; img_size=&#8221;700&#215;600&#8243;][\/vc_column][vc_column width=&#8221;1\/2&#8243; css=&#8221;.vc_custom_1665671335971{margin-top: 8% !important;margin-bottom: 70px !important;}&#8221;][vc_empty_space height=&#8221;80px&#8221;][block_title style=&#8221;column_title&#8221; inner_style=&#8221;inline_border_circle&#8221; title=&#8221;We support the strengthening of authority!&#8221;][\/block_title][vc_custom_heading text=&#8221;With the electronic capture devices, traffic agents can register a traffic violation using the interoperability with RUNT and SIMIT, through the license plate and the infringer&#8217;s identification number&#8230; All in less than 5 minutes!&#8221; font_container=&#8221;tag:p|text_align:left&#8221; use_theme_fonts=&#8221;yes&#8221;][vc_empty_space][vc_column_text css_animation=&#8221;bottom-to-top&#8221;]<span style=\"color: #6411d9; font-size: 28px; text-align: left;\"><strong>More than 71 Transit Departments <\/strong><\/span><span style=\"color: #262236; text-align: left; font-size: 20px;\">use this application, and have securely registered <\/span><span style=\"color: #6411d9; font-size: 28px; text-align: left;\"><strong>more than 40,748 traffic tickets.<\/strong><\/span>[\/vc_column_text][\/vc_column][\/vc_row][vc_section disable_element=&#8221;yes&#8221;][vc_row type=&#8221;full_width_content&#8221; bg_color=&#8221;#f3f4f7&#8243; top_padding=&#8221;30&#8243; bottom_padding=&#8221;30&#8243;][vc_column width=&#8221;1\/3&#8243; centered_cont=&#8221;true&#8221; centered_cont_vertical=&#8221;true&#8221;][block_title inner_style_title=&#8221;only_text&#8221; title=&#8221;Clients&#8221;][\/block_title][\/vc_column][vc_column width=&#8221;2\/3&#8243; css=&#8221;.vc_custom_1664235627909{padding-right: 6% !important;}&#8221;]<p style=\"color:#cf7e16;background:#fff5e8;padding:10px;font-size:16px;border:1px solid #f1d7b5;border-radius:4px;line-height:1.6;\">GS Logo Slider: The shortcode with the ID of <strong>1<\/strong> was not found.<\/p>[\/vc_column][\/vc_row][\/vc_section][vc_row][vc_column width=&#8221;1\/4&#8243; css=&#8221;.vc_custom_1663356676248{padding-top: 80px !important;}&#8221;][vc_custom_heading text=&#8221;Learn more about&#8221; font_container=&#8221;tag:h1|text_align:left&#8221; use_theme_fonts=&#8221;yes&#8221; css=&#8221;.vc_custom_1665541151726{padding-top: 30px !important;}&#8221;][vc_custom_heading text=&#8221;our solutions&#8221; font_container=&#8221;tag:h1|text_align:left|color:%234e0da9&#8243; use_theme_fonts=&#8221;yes&#8221;][\/vc_column][vc_column width=&#8221;3\/4&#8243; column_padding=&#8221;5%&#8221;][recent_portfolio style=&#8221;basic_effect&#8221; columns=&#8221;3&#8243; rows=&#8221;2&#8243; from_where=&#8221;cat&#8221; category=&#8221;41&#8243;][\/vc_column][\/vc_row]<\/p>\n<\/section>","protected":false},"excerpt":{"rendered":"<p>[vc_row full_width=&#8221;stretch_row_content_no_spaces&#8221; type=&#8221;full_width_background&#8221; bg_image=&#8221;15858&#8243; parallax_bg=&#8221;true&#8221; overlay=&#8221;true&#8221; text_color=&#8221;light&#8221; top_padding=&#8221;150&#8243; bottom_padding=&#8221;150&#8243;][vc_column][vc_custom_heading text=&#8221;Cobran\u00e7a de multas em v\u00e1rias cidades&#8221; font_container=&#8221;tag:h1|font_size:50px|text_align:left|line_height:70px&#8221; use_theme_fonts=&#8221;yes&#8221; css=&#8221;.vc_custom_1741904049287{padding-top: 80px !important;padding-right: 20px !important;padding-left: 20px !important;}&#8221;][\/vc_column][\/vc_row][vc_row top_padding=&#8221;40&#8243;][vc_column][vc_row_inner][vc_column_inner width=&#8221;2\/3&#8243;][block_title style=&#8221;column_title&#8221; inner_style=&#8221;inline_border_circle&#8221; title=&#8221;Conectamos o sistema de multas de tr\u00e2nsito do nosso pa\u00eds&#8221;][\/block_title][\/vc_column_inner][vc_column_inner width=&#8221;1\/3&#8243;][\/vc_column_inner][\/vc_row_inner][vc_row_inner css=&#8221;.vc_custom_1665161964085{padding-top: 20px !important;}&#8221;][vc_column_inner width=&#8221;1\/6&#8243;][\/vc_column_inner][vc_column_inner width=&#8221;2\/4&#8243;][vc_custom_heading text=&#8221;Conectamos todas as autoridades de tr\u00e2nsito de todas as cidades da [&hellip;]<\/p>\n","protected":false},"author":2,"featured_media":0,"parent":0,"menu_order":0,"comment_status":"closed","ping_status":"closed","template":"","meta":{"footnotes":""},"class_list":["post-20372","page","type-page","status-publish","hentry"],"yoast_head":"<!-- This site is optimized with the Yoast SEO Premium plugin v15.6.2 - https:\/\/yoast.com\/wordpress\/plugins\/seo\/ -->\n<title>Cobran\u00e7a de multas em v\u00e1rias cidades | Quipux<\/title>\n<meta name=\"robots\" content=\"index, follow, max-snippet:-1, max-image-preview:large, max-video-preview:-1\" \/>\n<link rel=\"canonical\" href=\"https:\/\/www.quipux.com\/web\/multi-city-fines-collection\/?lang=pt-br\" \/>\n<meta property=\"og:locale\" content=\"es_ES\" \/>\n<meta property=\"og:type\" content=\"article\" \/>\n<meta property=\"og:title\" content=\"Cobran\u00e7a de multas em v\u00e1rias cidades | Quipux\" \/>\n<meta property=\"og:description\" content=\"[vc_row full_width=&#8221;stretch_row_content_no_spaces&#8221; type=&#8221;full_width_background&#8221; bg_image=&#8221;15858&#8243; parallax_bg=&#8221;true&#8221; overlay=&#8221;true&#8221; text_color=&#8221;light&#8221; top_padding=&#8221;150&#8243; bottom_padding=&#8221;150&#8243;][vc_column][vc_custom_heading text=&#8221;Cobran\u00e7a de multas em v\u00e1rias cidades&#8221; font_container=&#8221;tag:h1|font_size:50px|text_align:left|line_height:70px&#8221; use_theme_fonts=&#8221;yes&#8221; css=&#8221;.vc_custom_1741904049287{padding-top: 80px !important;padding-right: 20px !important;padding-left: 20px !important;}&#8221;][\/vc_column][\/vc_row][vc_row top_padding=&#8221;40&#8243;][vc_column][vc_row_inner][vc_column_inner width=&#8221;2\/3&#8243;][block_title style=&#8221;column_title&#8221; inner_style=&#8221;inline_border_circle&#8221; title=&#8221;Conectamos o sistema de multas de tr\u00e2nsito do nosso pa\u00eds&#8221;][\/block_title][\/vc_column_inner][vc_column_inner width=&#8221;1\/3&#8243;][\/vc_column_inner][\/vc_row_inner][vc_row_inner css=&#8221;.vc_custom_1665161964085{padding-top: 20px !important;}&#8221;][vc_column_inner width=&#8221;1\/6&#8243;][\/vc_column_inner][vc_column_inner width=&#8221;2\/4&#8243;][vc_custom_heading text=&#8221;Conectamos todas as autoridades de tr\u00e2nsito de todas as cidades da [&hellip;]\" \/>\n<meta property=\"og:url\" content=\"https:\/\/www.quipux.com\/web\/multi-city-fines-collection\/?lang=pt-br\" \/>\n<meta property=\"og:site_name\" content=\"Quipux\" \/>\n<meta property=\"article:modified_time\" content=\"2025-03-13T22:24:00+00:00\" \/>\n<meta name=\"twitter:card\" content=\"summary_large_image\" \/>\n<meta name=\"twitter:label1\" content=\"Tiempo de lectura\">\n\t<meta name=\"twitter:data1\" content=\"3 minutos\">\n<script type=\"application\/ld+json\" class=\"yoast-schema-graph\">{\"@context\":\"https:\/\/schema.org\",\"@graph\":[{\"@type\":\"Organization\",\"@id\":\"https:\/\/www.quipux.com\/web\/#organization\",\"name\":\"Quipux\",\"url\":\"https:\/\/www.quipux.com\/web\/\",\"sameAs\":[],\"logo\":{\"@type\":\"ImageObject\",\"@id\":\"https:\/\/www.quipux.com\/web\/#logo\",\"inLanguage\":\"es\",\"url\":\"https:\/\/www.quipux.com\/web\/wp-content\/uploads\/2022\/10\/Logo-quipux-1.png\",\"width\":195,\"height\":41,\"caption\":\"Quipux\"},\"image\":{\"@id\":\"https:\/\/www.quipux.com\/web\/#logo\"}},{\"@type\":\"WebSite\",\"@id\":\"https:\/\/www.quipux.com\/web\/#website\",\"url\":\"https:\/\/www.quipux.com\/web\/\",\"name\":\"Quipux\",\"description\":\"\",\"publisher\":{\"@id\":\"https:\/\/www.quipux.com\/web\/#organization\"},\"potentialAction\":[{\"@type\":\"SearchAction\",\"target\":\"https:\/\/www.quipux.com\/web\/?s={search_term_string}\",\"query-input\":\"required name=search_term_string\"}],\"inLanguage\":\"es\"},{\"@type\":\"WebPage\",\"@id\":\"https:\/\/www.quipux.com\/web\/multi-city-fines-collection\/?lang=pt-br#webpage\",\"url\":\"https:\/\/www.quipux.com\/web\/multi-city-fines-collection\/?lang=pt-br\",\"name\":\"Cobran\\u00e7a de multas em v\\u00e1rias cidades | Quipux\",\"isPartOf\":{\"@id\":\"https:\/\/www.quipux.com\/web\/#website\"},\"datePublished\":\"2022-10-13T07:50:07+00:00\",\"dateModified\":\"2025-03-13T22:24:00+00:00\",\"inLanguage\":\"es\",\"potentialAction\":[{\"@type\":\"ReadAction\",\"target\":[\"https:\/\/www.quipux.com\/web\/multi-city-fines-collection\/?lang=pt-br\"]}]}]}<\/script>\n<!-- \/ Yoast SEO Premium plugin. -->","_links":{"self":[{"href":"https:\/\/www.quipux.com\/web\/wp-json\/wp\/v2\/pages\/20372","targetHints":{"allow":["GET"]}}],"collection":[{"href":"https:\/\/www.quipux.com\/web\/wp-json\/wp\/v2\/pages"}],"about":[{"href":"https:\/\/www.quipux.com\/web\/wp-json\/wp\/v2\/types\/page"}],"author":[{"embeddable":true,"href":"https:\/\/www.quipux.com\/web\/wp-json\/wp\/v2\/users\/2"}],"replies":[{"embeddable":true,"href":"https:\/\/www.quipux.com\/web\/wp-json\/wp\/v2\/comments?post=20372"}],"version-history":[{"count":5,"href":"https:\/\/www.quipux.com\/web\/wp-json\/wp\/v2\/pages\/20372\/revisions"}],"predecessor-version":[{"id":20453,"href":"https:\/\/www.quipux.com\/web\/wp-json\/wp\/v2\/pages\/20372\/revisions\/20453"}],"wp:attachment":[{"href":"https:\/\/www.quipux.com\/web\/wp-json\/wp\/v2\/media?parent=20372"}],"curies":[{"name":"wp","href":"https:\/\/api.w.org\/{rel}","templated":true}]}}