{"id":20381,"date":"2022-10-26T12:10:51","date_gmt":"2022-10-26T17:10:51","guid":{"rendered":"https:\/\/www.quipux.com\/web\/control-of-public-transportation-service\/"},"modified":"2025-03-11T13:53:18","modified_gmt":"2025-03-11T18:53:18","slug":"control-of-public-transportation-service","status":"publish","type":"page","link":"https:\/\/www.quipux.com\/web\/control-of-public-transportation-service\/?lang=pt-br","title":{"rendered":"Controle do servi\u00e7o p\u00fablico de transportes"},"content":{"rendered":"<section class=\"wpb-content-wrapper\"><p>[vc_row full_width=&#8221;stretch_row_content_no_spaces&#8221; parallax=&#8221;content-moving-fade&#8221; bg_image=&#8221;16383&#8243; bg_color=&#8221;#262236&#8243; text_color=&#8221;light&#8221; top_padding=&#8221;150&#8243; bottom_padding=&#8221;150&#8243;][vc_column][vc_custom_heading text=&#8221;Controle do servi\u00e7o p\u00fablico de transportes&#8221; font_container=&#8221;tag:h1|text_align:left|color:%23ffffff&#8221; use_theme_fonts=&#8221;yes&#8221; css=&#8221;.vc_custom_1741718295085{padding-top: 80px !important;padding-right: 20px !important;padding-left: 20px !important;}&#8221;][\/vc_column][\/vc_row][vc_row top_padding=&#8221;40&#8243;][vc_column][vc_row_inner][vc_column_inner width=&#8221;2\/3&#8243;][block_title style=&#8221;column_title&#8221; inner_style=&#8221;inline_border_circle&#8221; title=&#8221;O principal objetivo da solu\u00e7\u00e3o \u00e9: Melhorar a qualidade do servi\u00e7o de transporte p\u00fablico.&#8221;][\/block_title][\/vc_column_inner][vc_column_inner width=&#8221;1\/3&#8243;][\/vc_column_inner][\/vc_row_inner][vc_row_inner css=&#8221;.vc_custom_1665161964085{padding-top: 20px !important;}&#8221;][vc_column_inner width=&#8221;1\/6&#8243;][\/vc_column_inner][vc_column_inner width=&#8221;2\/4&#8243;][vc_custom_heading text=&#8221;Apoia a autoridade para efetuar o acompanhamento e o controle dos servi\u00e7os dos ve\u00edculos de transporte p\u00fablico, coletivo e individual.&#8221; font_container=&#8221;tag:p|text_align:left&#8221; use_theme_fonts=&#8221;yes&#8221;][\/vc_column_inner][\/vc_row_inner][vc_row_inner css=&#8221;.vc_custom_1667529137854{margin-top: 10% !important;margin-right: 10% !important;margin-bottom: 30% !important;}&#8221;][vc_column_inner width=&#8221;1\/3&#8243;][vc_single_image image=&#8221;20081&#8243; img_size=&#8221;700&#215;600&#8243; alignment=&#8221;center&#8221;][\/vc_column_inner][vc_column_inner width=&#8221;2\/3&#8243; css=&#8221;.vc_custom_1667529129577{margin-right: 20% !important;margin-left: 5% !important;padding-right: 20px !important;}&#8221;][block_title style=&#8221;column_title&#8221; inner_style=&#8221;inline_border_circle&#8221; title=&#8221;Fazemos isso com a ajuda de duas plataformas&#8221;][\/block_title][vc_empty_space height=&#8221;6px&#8221;][vc_column_text]<\/p>\n<h3>Uma plataforma para organiza\u00e7\u00f5es&#8230;<\/h3>\n<p>[\/vc_column_text][vc_column_text]Recolher, interpretar e processar informa\u00e7\u00f5es provenientes das empresas de transportes p\u00fablicos e de dispositivos incorporados no interior dos ve\u00edculos, a fim de monitorizar e controlar em tempo real o comportamento dos motoristas de transportes p\u00fablicos.[\/vc_column_text][vc_empty_space height=&#8221;6px&#8221;][vc_column_text]<\/p>\n<h3>Uma plataforma para motoristas de transportes p\u00fablicos&#8230;<\/h3>\n<p>[\/vc_column_text][vc_column_text]Consolidar as informa\u00e7\u00f5es dos condutores e lig\u00e1-los aos respectivos ve\u00edculos, a fim de validar a sua conformidade com os requisitos estabelecidos.[\/vc_column_text][vc_empty_space][\/vc_column_inner][\/vc_row_inner][\/vc_column][\/vc_row][vc_row full_width=&#8221;stretch_row_content_no_spaces&#8221; type=&#8221;full_width_content&#8221; bg_color=&#8221;#262236&#8243; top_padding=&#8221;90&#8243; bottom_padding=&#8221;30&#8243;][vc_column css=&#8221;.vc_custom_1670417694752{padding-right: 6% !important;padding-bottom: 6% !important;padding-left: 6% !important;}&#8221;][vc_custom_heading text=&#8221;Mais de 6.000 ve\u00edculos controlados&#8221; font_container=&#8221;tag:h1|text_align:center|color:%23ffffff&#8221; use_theme_fonts=&#8221;yes&#8221;][vc_empty_space height=&#8221;80px&#8221;][vc_video link=&#8221;https:\/\/vimeo.com\/480297068&#8243; align=&#8221;right&#8221;][vc_empty_space height=&#8221;80px&#8221;][vc_custom_heading text=&#8221;Permite monitorizar e controlar, em tempo real, o comportamento dos motoristas de transportes p\u00fablicos, analisando vari\u00e1veis como: velocidade, altera\u00e7\u00f5es de percurso, condu\u00e7\u00e3o com portas abertas, hor\u00e1rio de largada, ultrapassagem da capacidade de transporte, entre outras.&#8221; font_container=&#8221;tag:h3|font_size:40px|text_align:left|color:%23ffffff|line_height:1&#8243; use_theme_fonts=&#8221;yes&#8221;][\/vc_column][\/vc_row][vc_row top_padding=&#8221;40&#8243;][vc_column][block_title title=&#8221;\u00c9 assim que ajudamos as pessoas e as organiza\u00e7\u00f5es&#8221;][\/block_title][vc_row_inner css=&#8221;.vc_custom_1665533633874{padding-top: 40px !important;}&#8221;][vc_column_inner width=&#8221;1\/12&#8243;][\/vc_column_inner][vc_column_inner width=&#8221;5\/12&#8243;][vc_custom_heading text=&#8221;Benef\u00edcios para a organiza\u00e7\u00e3o&#8221; font_container=&#8221;tag:h3|text_align:left&#8221; use_theme_fonts=&#8221;yes&#8221;][vc_empty_space height=&#8221;20px&#8221;][list icon=&#8221;moon-circle-small&#8221;][list_item title=&#8221;Acesso a informa\u00e7\u00f5es em tempo real sobre o desempenho dos transportes p\u00fablicos, a fim de permitir a tomada de decis\u00f5es para melhorar a presta\u00e7\u00e3o de servi\u00e7os.&#8221;][list_item title=&#8221;Gest\u00e3o eficiente da mobilidade.&#8221;][list_item title=&#8221;Redu\u00e7\u00e3o de acidentes.&#8221;][list_item title=&#8221;Redu\u00e7\u00e3o dos tempos de desloca\u00e7\u00e3o e aumento da produtividade.&#8221;][list_item title=&#8221;Promover a utiliza\u00e7\u00e3o dos transportes p\u00fablicos.&#8221;][\/list][\/vc_column_inner][vc_column_inner width=&#8221;5\/12&#8243;][vc_custom_heading text=&#8221;Benef\u00edcios para as pessoas&#8221; font_container=&#8221;tag:h3|text_align:left&#8221; use_theme_fonts=&#8221;yes&#8221;][vc_empty_space height=&#8221;20px&#8221;][list icon=&#8221;moon-circle-small&#8221;][list_item title=&#8221;Melhoria da qualidade dos servi\u00e7os de transporte p\u00fablico.&#8221;][list_item title=&#8221;Acesso a transportes p\u00fablicos seguros.&#8221;][list_item title=&#8221;Acesso a informa\u00e7\u00f5es sobre o itiner\u00e1rio e o hor\u00e1rio dos autocarros.&#8221;][\/list][\/vc_column_inner][vc_column_inner width=&#8221;1\/12&#8243;][\/vc_column_inner][\/vc_row_inner][\/vc_column][\/vc_row][vc_row full_width=&#8221;stretch_row_content_no_spaces&#8221; type=&#8221;full_width_content&#8221;][vc_column css=&#8221;.vc_custom_1667525891516{margin-top: 6% !important;padding-right: 6% !important;}&#8221;][vc_video link=&#8221;https:\/\/vimeo.com\/480317143\/9d9a8d4caa&#8221; align=&#8221;center&#8221;][\/vc_column][\/vc_row][vc_section disable_element=&#8221;yes&#8221; css=&#8221;.vc_custom_1678462517096{margin-top: 8% !important;margin-bottom: 8% !important;}&#8221;][vc_row type=&#8221;full_width_content&#8221; bg_color=&#8221;#f3f4f7&#8243; top_padding=&#8221;30&#8243; bottom_padding=&#8221;30&#8243;][vc_column width=&#8221;1\/3&#8243; centered_cont=&#8221;true&#8221; centered_cont_vertical=&#8221;true&#8221;][block_title inner_style_title=&#8221;only_text&#8221; title=&#8221;Clients&#8221;][\/block_title][\/vc_column][vc_column width=&#8221;2\/3&#8243; css=&#8221;.vc_custom_1664235627909{padding-right: 6% !important;}&#8221;]<p style=\"color:#cf7e16;background:#fff5e8;padding:10px;font-size:16px;border:1px solid #f1d7b5;border-radius:4px;line-height:1.6;\">GS Logo Slider: The shortcode with the ID of <strong>2<\/strong> was not found.<\/p>[\/vc_column][\/vc_row][\/vc_section][vc_row][vc_column width=&#8221;1\/4&#8243; css=&#8221;.vc_custom_1663356676248{padding-top: 80px !important;}&#8221;][vc_custom_heading text=&#8221;Saiba mais sobre&#8221; font_container=&#8221;tag:h1|text_align:left&#8221; use_theme_fonts=&#8221;yes&#8221; css=&#8221;.vc_custom_1741718967213{padding-top: 30px !important;}&#8221;][vc_custom_heading text=&#8221;As nossas solu\u00e7\u00f5es&#8221; font_container=&#8221;tag:h1|text_align:left|color:%234e0da9&#8243; use_theme_fonts=&#8221;yes&#8221;][\/vc_column][vc_column width=&#8221;3\/4&#8243; column_padding=&#8221;5%&#8221;][recent_portfolio style=&#8221;basic_effect&#8221; columns=&#8221;3&#8243; rows=&#8221;2&#8243; from_where=&#8221;cat&#8221; category=&#8221;&#8221;][\/vc_column][\/vc_row]<\/p>\n<\/section>","protected":false},"excerpt":{"rendered":"<p>[vc_row full_width=&#8221;stretch_row_content_no_spaces&#8221; parallax=&#8221;content-moving-fade&#8221; bg_image=&#8221;16383&#8243; bg_color=&#8221;#262236&#8243; text_color=&#8221;light&#8221; top_padding=&#8221;150&#8243; bottom_padding=&#8221;150&#8243;][vc_column][vc_custom_heading text=&#8221;Controle do servi\u00e7o p\u00fablico de transportes&#8221; font_container=&#8221;tag:h1|text_align:left|color:%23ffffff&#8221; use_theme_fonts=&#8221;yes&#8221; css=&#8221;.vc_custom_1741718295085{padding-top: 80px !important;padding-right: 20px !important;padding-left: 20px !important;}&#8221;][\/vc_column][\/vc_row][vc_row top_padding=&#8221;40&#8243;][vc_column][vc_row_inner][vc_column_inner width=&#8221;2\/3&#8243;][block_title style=&#8221;column_title&#8221; inner_style=&#8221;inline_border_circle&#8221; title=&#8221;O principal objetivo da solu\u00e7\u00e3o \u00e9: Melhorar a qualidade do servi\u00e7o de transporte p\u00fablico.&#8221;][\/block_title][\/vc_column_inner][vc_column_inner width=&#8221;1\/3&#8243;][\/vc_column_inner][\/vc_row_inner][vc_row_inner css=&#8221;.vc_custom_1665161964085{padding-top: 20px !important;}&#8221;][vc_column_inner width=&#8221;1\/6&#8243;][\/vc_column_inner][vc_column_inner width=&#8221;2\/4&#8243;][vc_custom_heading text=&#8221;Apoia a autoridade para efetuar o acompanhamento e [&hellip;]<\/p>\n","protected":false},"author":1,"featured_media":0,"parent":0,"menu_order":0,"comment_status":"closed","ping_status":"closed","template":"","meta":{"footnotes":""},"class_list":["post-20381","page","type-page","status-publish","hentry"],"yoast_head":"<!-- This site is optimized with the Yoast SEO Premium plugin v15.6.2 - https:\/\/yoast.com\/wordpress\/plugins\/seo\/ -->\n<title>Controle do servi\u00e7o p\u00fablico de transportes | Quipux<\/title>\n<meta name=\"robots\" content=\"index, follow, max-snippet:-1, max-image-preview:large, max-video-preview:-1\" \/>\n<link rel=\"canonical\" href=\"https:\/\/www.quipux.com\/web\/control-of-public-transportation-service\/?lang=pt-br\" \/>\n<meta property=\"og:locale\" content=\"es_ES\" \/>\n<meta property=\"og:type\" content=\"article\" \/>\n<meta property=\"og:title\" content=\"Controle do servi\u00e7o p\u00fablico de transportes | Quipux\" \/>\n<meta property=\"og:description\" content=\"[vc_row full_width=&#8221;stretch_row_content_no_spaces&#8221; parallax=&#8221;content-moving-fade&#8221; bg_image=&#8221;16383&#8243; bg_color=&#8221;#262236&#8243; text_color=&#8221;light&#8221; top_padding=&#8221;150&#8243; bottom_padding=&#8221;150&#8243;][vc_column][vc_custom_heading text=&#8221;Controle do servi\u00e7o p\u00fablico de transportes&#8221; font_container=&#8221;tag:h1|text_align:left|color:%23ffffff&#8221; use_theme_fonts=&#8221;yes&#8221; css=&#8221;.vc_custom_1741718295085{padding-top: 80px !important;padding-right: 20px !important;padding-left: 20px !important;}&#8221;][\/vc_column][\/vc_row][vc_row top_padding=&#8221;40&#8243;][vc_column][vc_row_inner][vc_column_inner width=&#8221;2\/3&#8243;][block_title style=&#8221;column_title&#8221; inner_style=&#8221;inline_border_circle&#8221; title=&#8221;O principal objetivo da solu\u00e7\u00e3o \u00e9: Melhorar a qualidade do servi\u00e7o de transporte p\u00fablico.&#8221;][\/block_title][\/vc_column_inner][vc_column_inner width=&#8221;1\/3&#8243;][\/vc_column_inner][\/vc_row_inner][vc_row_inner css=&#8221;.vc_custom_1665161964085{padding-top: 20px !important;}&#8221;][vc_column_inner width=&#8221;1\/6&#8243;][\/vc_column_inner][vc_column_inner width=&#8221;2\/4&#8243;][vc_custom_heading text=&#8221;Apoia a autoridade para efetuar o acompanhamento e [&hellip;]\" \/>\n<meta property=\"og:url\" content=\"https:\/\/www.quipux.com\/web\/control-of-public-transportation-service\/?lang=pt-br\" \/>\n<meta property=\"og:site_name\" content=\"Quipux\" \/>\n<meta property=\"article:modified_time\" content=\"2025-03-11T18:53:18+00:00\" \/>\n<meta name=\"twitter:card\" content=\"summary_large_image\" \/>\n<meta name=\"twitter:label1\" content=\"Tiempo de lectura\">\n\t<meta name=\"twitter:data1\" content=\"2 minutos\">\n<script type=\"application\/ld+json\" class=\"yoast-schema-graph\">{\"@context\":\"https:\/\/schema.org\",\"@graph\":[{\"@type\":\"Organization\",\"@id\":\"https:\/\/www.quipux.com\/web\/#organization\",\"name\":\"Quipux\",\"url\":\"https:\/\/www.quipux.com\/web\/\",\"sameAs\":[],\"logo\":{\"@type\":\"ImageObject\",\"@id\":\"https:\/\/www.quipux.com\/web\/#logo\",\"inLanguage\":\"es\",\"url\":\"https:\/\/www.quipux.com\/web\/wp-content\/uploads\/2022\/10\/Logo-quipux-1.png\",\"width\":195,\"height\":41,\"caption\":\"Quipux\"},\"image\":{\"@id\":\"https:\/\/www.quipux.com\/web\/#logo\"}},{\"@type\":\"WebSite\",\"@id\":\"https:\/\/www.quipux.com\/web\/#website\",\"url\":\"https:\/\/www.quipux.com\/web\/\",\"name\":\"Quipux\",\"description\":\"\",\"publisher\":{\"@id\":\"https:\/\/www.quipux.com\/web\/#organization\"},\"potentialAction\":[{\"@type\":\"SearchAction\",\"target\":\"https:\/\/www.quipux.com\/web\/?s={search_term_string}\",\"query-input\":\"required name=search_term_string\"}],\"inLanguage\":\"es\"},{\"@type\":\"WebPage\",\"@id\":\"https:\/\/www.quipux.com\/web\/control-of-public-transportation-service\/?lang=pt-br#webpage\",\"url\":\"https:\/\/www.quipux.com\/web\/control-of-public-transportation-service\/?lang=pt-br\",\"name\":\"Controle do servi\\u00e7o p\\u00fablico de transportes | Quipux\",\"isPartOf\":{\"@id\":\"https:\/\/www.quipux.com\/web\/#website\"},\"datePublished\":\"2022-10-26T17:10:51+00:00\",\"dateModified\":\"2025-03-11T18:53:18+00:00\",\"inLanguage\":\"es\",\"potentialAction\":[{\"@type\":\"ReadAction\",\"target\":[\"https:\/\/www.quipux.com\/web\/control-of-public-transportation-service\/?lang=pt-br\"]}]}]}<\/script>\n<!-- \/ Yoast SEO Premium plugin. -->","_links":{"self":[{"href":"https:\/\/www.quipux.com\/web\/wp-json\/wp\/v2\/pages\/20381","targetHints":{"allow":["GET"]}}],"collection":[{"href":"https:\/\/www.quipux.com\/web\/wp-json\/wp\/v2\/pages"}],"about":[{"href":"https:\/\/www.quipux.com\/web\/wp-json\/wp\/v2\/types\/page"}],"author":[{"embeddable":true,"href":"https:\/\/www.quipux.com\/web\/wp-json\/wp\/v2\/users\/1"}],"replies":[{"embeddable":true,"href":"https:\/\/www.quipux.com\/web\/wp-json\/wp\/v2\/comments?post=20381"}],"version-history":[{"count":5,"href":"https:\/\/www.quipux.com\/web\/wp-json\/wp\/v2\/pages\/20381\/revisions"}],"predecessor-version":[{"id":20432,"href":"https:\/\/www.quipux.com\/web\/wp-json\/wp\/v2\/pages\/20381\/revisions\/20432"}],"wp:attachment":[{"href":"https:\/\/www.quipux.com\/web\/wp-json\/wp\/v2\/media?parent=20381"}],"curies":[{"name":"wp","href":"https:\/\/api.w.org\/{rel}","templated":true}]}}