{"id":20387,"date":"2022-10-12T14:06:56","date_gmt":"2022-10-12T19:06:56","guid":{"rendered":"https:\/\/www.quipux.com\/web\/digital-services-platforms\/"},"modified":"2025-03-12T15:16:10","modified_gmt":"2025-03-12T20:16:10","slug":"digital-services-platforms","status":"publish","type":"page","link":"https:\/\/www.quipux.com\/web\/digital-services-platforms\/?lang=pt-br","title":{"rendered":"Plataformas de servi\u00e7os digitais"},"content":{"rendered":"<section class=\"wpb-content-wrapper\"><p>[vc_row full_width=&#8221;stretch_row_content_no_spaces&#8221; bg_image=&#8221;17259&#8243; parallax_bg=&#8221;true&#8221; text_color=&#8221;light&#8221; top_padding=&#8221;150&#8243; bottom_padding=&#8221;150&#8243;][vc_column][vc_custom_heading text=&#8221;Servi\u00e7os digitais Plataformas&#8221; font_container=&#8221;tag:h1|font_size:50px|text_align:left|line_height:70px&#8221; use_theme_fonts=&#8221;yes&#8221; css=&#8221;.vc_custom_1741809000179{padding-top: 80px !important;padding-right: 20px !important;padding-left: 20px !important;}&#8221;][\/vc_column][\/vc_row][vc_row top_padding=&#8221;40&#8243;][vc_column][vc_row_inner][vc_column_inner width=&#8221;2\/3&#8243;][block_title style=&#8221;column_title&#8221; inner_style=&#8221;inline_border_circle&#8221; title=&#8221;O nosso canal digital, &#8216;Mobilidade em Linha&#8217; em Medell\u00edn, est\u00e1 superando a sede mais movimentada da cidade em termos de cobran\u00e7a de cobran\u00e7as de acordos de pagamento.&#8221;][\/block_title][\/vc_column_inner][vc_column_inner width=&#8221;1\/3&#8243;][\/vc_column_inner][\/vc_row_inner][vc_row_inner css=&#8221;.vc_custom_1665161964085{padding-top: 20px !important;}&#8221;][vc_column_inner width=&#8221;1\/6&#8243;][\/vc_column_inner][vc_column_inner width=&#8221;2\/4&#8243;][vc_custom_heading text=&#8221;O Sistema de Mobilidade Inteligente de Medell\u00edn (SIMM) ajudou a cidade a tornar-se a cidade mais inovadora do mundo em 2013 (The Wall Street Journal y Citigroup). Desde a sua implementa\u00e7\u00e3o em 2010, Medell\u00edn teve v\u00e1rias conquistas gra\u00e7as \u00e0 evolu\u00e7\u00e3o tecnol\u00f3gica e cultural oferecida pelo sistema.&#8221; font_container=&#8221;tag:p|text_align:left&#8221; use_theme_fonts=&#8221;yes&#8221;][\/vc_column_inner][\/vc_row_inner][\/vc_column][\/vc_row][vc_section css=&#8221;.vc_custom_1665591518412{margin-bottom: 70px !important;}&#8221;][vc_row top_padding=&#8221;40&#8243;][vc_column width=&#8221;1\/4&#8243;][vc_custom_heading text=&#8221;+ 62,355,868&#8243; font_container=&#8221;tag:h1|text_align:center|color:%236411d9&#8243; use_theme_fonts=&#8221;yes&#8221;][vc_column_text css_animation=&#8221;none&#8221;]<\/p>\n<p style=\"text-align: center; color: #262236;\">p\u00e1ginas foram visitadas na plataforma<\/p>\n<p>[\/vc_column_text][\/vc_column][vc_column width=&#8221;1\/5&#8243;][vc_custom_heading text=&#8221;+ 5,695,000&#8243; font_container=&#8221;tag:h1|text_align:center|color:%236411d9&#8243; use_theme_fonts=&#8221;yes&#8221;][vc_column_text css_animation=&#8221;none&#8221;]<\/p>\n<p style=\"text-align: center; color: #262236;\">utilizadores com sess\u00e3o iniciada na plataforma<\/p>\n<p>[\/vc_column_text][\/vc_column][vc_column width=&#8221;1\/5&#8243;][vc_custom_heading text=&#8221;00:04:37&#8243; font_container=&#8221;tag:h1|text_align:center|color:%236411d9&#8243; use_theme_fonts=&#8221;yes&#8221;][vc_column_text css_animation=&#8221;none&#8221;]<\/p>\n<p style=\"text-align: center; color: #262236;\">tempo m\u00e9dio gasto pelas pessoas na plataforma<\/p>\n<p>[\/vc_column_text][\/vc_column][vc_column width=&#8221;1\/3&#8243;][vc_custom_heading text=&#8221;4 out of every 1,000&#8243; font_container=&#8221;tag:h1|text_align:center|color:%236411d9&#8243; use_theme_fonts=&#8221;yes&#8221;][vc_column_text css_animation=&#8221;none&#8221;]<\/p>\n<p style=\"text-align: center; color: #262236;\">ve\u00edculos que cometem uma infra\u00e7\u00e3o, anteriormente 24 em cada 1.000<\/p>\n<p>[\/vc_column_text][\/vc_column][\/vc_row][\/vc_section][vc_row gap=&#8221;35&#8243; content_placement=&#8221;middle&#8221; top_padding=&#8221;40&#8243; bottom_padding=&#8221;40&#8243;][vc_column width=&#8221;1\/3&#8243; css=&#8221;.vc_custom_1666126895923{padding-top: 200px !important;padding-bottom: 200px !important;background-image: url(https:\/\/www.quipux.com\/web\/wp-content\/uploads\/2022\/10\/ssdd-iphone-laptop.png?id=15345) !important;background-position: center !important;background-repeat: no-repeat !important;background-size: cover !important;}&#8221;][\/vc_column][vc_column width=&#8221;2\/3&#8243; css=&#8221;.vc_custom_1665529133151{padding-top: 80px !important;}&#8221;][block_title style=&#8221;column_title&#8221; inner_style=&#8221;inline_border_circle&#8221; title=&#8221;Dispositivos a partir dos quais os utilizadores acessam a plataforma&#8221;][\/block_title][vc_row_inner css=&#8221;.vc_custom_1665529649862{margin-left: -20px !important;padding-top: 20px !important;}&#8221;][vc_column_inner width=&#8221;1\/3&#8243;][vc_icon icon_fontawesome=&#8221;fas fa-mobile-alt&#8221; color=&#8221;custom&#8221; size=&#8221;lg&#8221; align=&#8221;center&#8221; custom_color=&#8221;#6411d9&#8243;][vc_custom_heading text=&#8221;65,4%&#8221; font_container=&#8221;tag:h2|font_size:36px|text_align:center|color:%236411d9|line_height:1&#8243; use_theme_fonts=&#8221;yes&#8221;][vc_custom_heading text=&#8221;Celular&#8221; font_container=&#8221;tag:p|text_align:center&#8221; use_theme_fonts=&#8221;yes&#8221; css=&#8221;.vc_custom_1741809762095{margin-top: 6px !important;}&#8221;][\/vc_column_inner][vc_column_inner width=&#8221;1\/3&#8243;][vc_icon icon_fontawesome=&#8221;fas fa-desktop&#8221; color=&#8221;custom&#8221; size=&#8221;lg&#8221; align=&#8221;center&#8221; custom_color=&#8221;#6411d9&#8243;][vc_custom_heading text=&#8221;33,7%&#8221; font_container=&#8221;tag:h2|font_size:36px|text_align:center|color:%236411d9|line_height:1&#8243; use_theme_fonts=&#8221;yes&#8221;][vc_custom_heading text=&#8221;Desktop&#8221; font_container=&#8221;tag:p|text_align:center&#8221; use_theme_fonts=&#8221;yes&#8221; css=&#8221;.vc_custom_1665667309792{margin-top: 6px !important;}&#8221;][\/vc_column_inner][vc_column_inner width=&#8221;1\/3&#8243;][vc_icon icon_fontawesome=&#8221;fas fa-tablet-alt&#8221; color=&#8221;custom&#8221; size=&#8221;lg&#8221; align=&#8221;center&#8221; custom_color=&#8221;#6411d9&#8243;][vc_custom_heading text=&#8221;0,9%&#8221; font_container=&#8221;tag:h2|font_size:36px|text_align:center|color:%236411d9|line_height:1&#8243; use_theme_fonts=&#8221;yes&#8221;][vc_custom_heading text=&#8221;Tablet&#8221; font_container=&#8221;tag:p|text_align:center&#8221; use_theme_fonts=&#8221;yes&#8221; css=&#8221;.vc_custom_1665667302401{margin-top: 6px !important;}&#8221;][\/vc_column_inner][\/vc_row_inner][\/vc_column][\/vc_row][vc_row top_padding=&#8221;80&#8243;][vc_column][vc_video link=&#8221;https:\/\/vimeo.com\/476489002\/&#8221; align=&#8221;center&#8221;][\/vc_column][\/vc_row][vc_section css=&#8221;.vc_custom_1665541715109{margin-top: 8% !important;margin-bottom: 8% !important;}&#8221;][vc_row][vc_column width=&#8221;1\/4&#8243;][\/vc_column][vc_column width=&#8221;1\/4&#8243;][vc_custom_heading text=&#8221;Quer saber mais?&#8221; font_container=&#8221;tag:h3|text_align:center&#8221; use_theme_fonts=&#8221;yes&#8221;][\/vc_column][vc_column width=&#8221;1\/4&#8243;][button title=&#8221;Entre em contato!&#8221; link=&#8221;https:\/\/www.quipux.com\/web\/contact-us\/?lang=en&#8221; align=&#8221;center&#8221; icon=&#8221;&#8221;][\/vc_column][vc_column width=&#8221;1\/4&#8243;][\/vc_column][\/vc_row][\/vc_section][vc_row full_width=&#8221;stretch_row_content_no_spaces&#8221; type=&#8221;full_width_content&#8221; top_padding=&#8221;40&#8243;][vc_column width=&#8221;2\/3&#8243; css=&#8221;.vc_custom_1665541684287{margin-top: 8% !important;padding-right: 6% !important;}&#8221;][vc_video link=&#8221;https:\/\/vimeo.com\/648555524\/d0afe5d350&#8243;][\/vc_column][vc_column width=&#8221;1\/3&#8243; css=&#8221;.vc_custom_1665541689017{margin-top: 8% !important;}&#8221;][vc_empty_space height=&#8221;80px&#8221;][block_title style=&#8221;column_title&#8221; inner_style=&#8221;inline_border_circle&#8221; title=&#8221;O que \u00e9?&#8221;][\/block_title][vc_custom_heading text=&#8221;Os Servi\u00e7os Digitais permitem que as pessoas acessem a procedimentos e servi\u00e7os relacionados com ve\u00edculos, infrac\u00e7\u00f5es, consultas, pagamentos online, alertas agendamentos. Desta forma, \u00e9 fornecida informa\u00e7\u00e3o r\u00e1pida para manter os documentos atualizados, evitar penaliza\u00e7\u00f5es e usufruir dos benef\u00edcios e descontos estabelecidos por lei, otimizando tempo na gest\u00e3o dos tr\u00e2mites.&#8221; font_container=&#8221;tag:p|text_align:left&#8221; use_theme_fonts=&#8221;yes&#8221; css=&#8221;.vc_custom_1741810094782{padding-right: 40px !important;padding-left: 20px !important;}&#8221;][\/vc_column][\/vc_row][vc_section css=&#8221;.vc_custom_1665667132776{margin-top: 10% !important;margin-bottom: 10% !important;}&#8221;][vc_row][vc_column][block_title title=&#8221;Benef\u00edcios&#8221;][\/block_title][\/vc_column][\/vc_row][vc_row][vc_column width=&#8221;1\/3&#8243;][services_small icon_color=&#8221;#6411d9&#8243; dynamic_content_type=&#8221;content&#8221; icon=&#8221;moon-checkmark-3&#8243;]Otimizar os tempos de espera e de viagem[\/services_small][\/vc_column][vc_column width=&#8221;1\/3&#8243;][services_small icon_color=&#8221;#6411d9&#8243; dynamic_content_type=&#8221;content&#8221; icon=&#8221;moon-checkmark-3&#8243;]Acelerar a apresenta\u00e7\u00e3o dos procedimentos solicitados[\/services_small][\/vc_column][vc_column width=&#8221;1\/3&#8243;][services_small icon_color=&#8221;#6411d9&#8243; dynamic_content_type=&#8221;content&#8221; icon=&#8221;moon-checkmark-3&#8243;]Apoio para manter os documentos atualizados e evitar penalidades.[\/services_small][\/vc_column][\/vc_row][vc_row][vc_column width=&#8221;1\/3&#8243;][services_small icon_color=&#8221;#6411d9&#8243; dynamic_content_type=&#8221;content&#8221; icon=&#8221;moon-checkmark-3&#8243;]Otimizar as etapas de pedido e execu\u00e7\u00e3o de um processo[\/services_small][\/vc_column][vc_column width=&#8221;1\/3&#8243;][services_small icon_color=&#8221;#6411d9&#8243; dynamic_content_type=&#8221;content&#8221; icon=&#8221;moon-checkmark-3&#8243;]Serve de guia para o acesso aos procedimentos e servi\u00e7os de mobilidade.[\/services_small][\/vc_column][vc_column width=&#8221;1\/3&#8243;][services_small icon_color=&#8221;#6411d9&#8243; dynamic_content_type=&#8221;content&#8221; icon=&#8221;moon-checkmark-3&#8243;]Melhorar a intera\u00e7\u00e3o das pessoas com a Administra\u00e7\u00e3o P\u00fablica[\/services_small][\/vc_column][\/vc_row][vc_row][vc_column width=&#8221;1\/3&#8243;][services_small icon_color=&#8221;#6411d9&#8243; dynamic_content_type=&#8221;content&#8221; icon=&#8221;moon-checkmark-3&#8243;]Consolida\u00e7\u00e3o virtual das intera\u00e7\u00f5es que as pessoas t\u00eam com os processos e servi\u00e7os da Mobilidade.[\/services_small][\/vc_column][vc_column width=&#8221;1\/3&#8243;][services_small icon_color=&#8221;#6411d9&#8243; dynamic_content_type=&#8221;content&#8221; icon=&#8221;moon-checkmark-3&#8243;]Receba aconselhamento e apoio virtual enquanto navega no portal.[\/services_small][\/vc_column][vc_column width=&#8221;1\/3&#8243;][services_small icon_color=&#8221;#6411d9&#8243; dynamic_content_type=&#8221;content&#8221; icon=&#8221;moon-checkmark-3&#8243;]Evitar perder benef\u00edcios previstos na lei a que se poderia ter acesso, por exemplo, o pagamento de multas com descontos.[\/services_small][\/vc_column][\/vc_row][\/vc_section][vc_section css=&#8221;.vc_custom_1666969366821{margin-top: 5% !important;margin-bottom: 5% !important;}&#8221;][vc_row][vc_column][block_title title=&#8221;As nossas plataformas podem ter um servi\u00e7o integrado com&#8221;][\/block_title][\/vc_column][\/vc_row][vc_row top_padding=&#8221;40&#8243; bottom_padding=&#8221;40&#8243;][vc_column width=&#8221;1\/3&#8243; css=&#8221;.vc_custom_1666702896082{margin-top: 0px !important;padding-right: 40px !important;padding-left: 40px !important;}&#8221;][vc_single_image image=&#8221;20041&#8243; img_size=&#8221;500&#215;400&#8243;][separator width=&#8221;60px&#8221; color=&#8221;#6411d9&#8243; margin_top=&#8221;20px&#8221; margin_bottom=&#8221;20px&#8221;][vc_column_text]<\/p>\n<h4>CIVii \u2013 Chatbot<\/h4>\n<p>[\/vc_column_text][\/vc_column][vc_column width=&#8221;1\/3&#8243; css=&#8221;.vc_custom_1666702901644{margin-top: 0px !important;padding-right: 40px !important;padding-left: 40px !important;}&#8221;][vc_single_image image=&#8221;20070&#8243; img_size=&#8221;500&#215;400&#8243;][separator width=&#8221;60px&#8221; color=&#8221;#6411d9&#8243; margin_top=&#8221;20px&#8221; margin_bottom=&#8221;20px&#8221;][vc_column_text]<\/p>\n<h4>Gest\u00e3o dos contatos com as pessoas e otimiza\u00e7\u00e3o das cobran\u00e7as.<\/h4>\n<p>[\/vc_column_text][\/vc_column][vc_column width=&#8221;1\/3&#8243; css=&#8221;.vc_custom_1666702907844{margin-top: 0px !important;padding-right: 40px !important;padding-left: 40px !important;}&#8221;][vc_single_image image=&#8221;19852&#8243; img_size=&#8221;full&#8221;][separator width=&#8221;60px&#8221; color=&#8221;#6411d9&#8243; margin_top=&#8221;20px&#8221; margin_bottom=&#8221;20px&#8221;][vc_column_text]<\/p>\n<h4>Marketing digital e comunica\u00e7\u00f5es<\/h4>\n<p>[\/vc_column_text][\/vc_column][\/vc_row][\/vc_section][vc_section disable_element=&#8221;yes&#8221;][vc_row type=&#8221;full_width_content&#8221; bg_color=&#8221;#f3f4f7&#8243; top_padding=&#8221;30&#8243; bottom_padding=&#8221;30&#8243;][vc_column width=&#8221;1\/3&#8243; centered_cont=&#8221;true&#8221; centered_cont_vertical=&#8221;true&#8221;][block_title inner_style_title=&#8221;only_text&#8221; title=&#8221;Clients&#8221;][\/block_title][\/vc_column][vc_column width=&#8221;2\/3&#8243; css=&#8221;.vc_custom_1664235627909{padding-right: 6% !important;}&#8221;]<p style=\"color:#cf7e16;background:#fff5e8;padding:10px;font-size:16px;border:1px solid #f1d7b5;border-radius:4px;line-height:1.6;\">GS Logo Slider: The shortcode with the ID of <strong>1<\/strong> was not found.<\/p>[\/vc_column][\/vc_row][\/vc_section][vc_row][vc_column width=&#8221;1\/4&#8243; css=&#8221;.vc_custom_1663356676248{padding-top: 80px !important;}&#8221;][vc_custom_heading text=&#8221;Saiba mais sobre&#8221; font_container=&#8221;tag:h1|text_align:left&#8221; use_theme_fonts=&#8221;yes&#8221; css=&#8221;.vc_custom_1741810506885{padding-top: 30px !important;}&#8221;][vc_custom_heading text=&#8221;As nossas solu\u00e7\u00f5es&#8221; font_container=&#8221;tag:h1|text_align:left|color:%234e0da9&#8243; use_theme_fonts=&#8221;yes&#8221;][\/vc_column][vc_column width=&#8221;3\/4&#8243; column_padding=&#8221;5%&#8221;][recent_portfolio style=&#8221;basic_effect&#8221; columns=&#8221;3&#8243; carousel=&#8221;no&#8221; from_where=&#8221;cat&#8221; category=&#8221;37&#8243;][\/vc_column][\/vc_row]<\/p>\n<\/section>","protected":false},"excerpt":{"rendered":"<p>[vc_row full_width=&#8221;stretch_row_content_no_spaces&#8221; bg_image=&#8221;17259&#8243; parallax_bg=&#8221;true&#8221; text_color=&#8221;light&#8221; top_padding=&#8221;150&#8243; bottom_padding=&#8221;150&#8243;][vc_column][vc_custom_heading text=&#8221;Servi\u00e7os digitais Plataformas&#8221; font_container=&#8221;tag:h1|font_size:50px|text_align:left|line_height:70px&#8221; use_theme_fonts=&#8221;yes&#8221; css=&#8221;.vc_custom_1741809000179{padding-top: 80px !important;padding-right: 20px !important;padding-left: 20px !important;}&#8221;][\/vc_column][\/vc_row][vc_row top_padding=&#8221;40&#8243;][vc_column][vc_row_inner][vc_column_inner width=&#8221;2\/3&#8243;][block_title style=&#8221;column_title&#8221; inner_style=&#8221;inline_border_circle&#8221; title=&#8221;O nosso canal digital, &#8216;Mobilidade em Linha&#8217; em Medell\u00edn, est\u00e1 superando a sede mais movimentada da cidade em termos de cobran\u00e7a de cobran\u00e7as de acordos de pagamento.&#8221;][\/block_title][\/vc_column_inner][vc_column_inner width=&#8221;1\/3&#8243;][\/vc_column_inner][\/vc_row_inner][vc_row_inner css=&#8221;.vc_custom_1665161964085{padding-top: 20px !important;}&#8221;][vc_column_inner width=&#8221;1\/6&#8243;][\/vc_column_inner][vc_column_inner [&hellip;]<\/p>\n","protected":false},"author":1,"featured_media":0,"parent":0,"menu_order":0,"comment_status":"closed","ping_status":"closed","template":"","meta":{"footnotes":""},"class_list":["post-20387","page","type-page","status-publish","hentry"],"yoast_head":"<!-- This site is optimized with the Yoast SEO Premium plugin v15.6.2 - https:\/\/yoast.com\/wordpress\/plugins\/seo\/ -->\n<title>Plataformas de servi\u00e7os digitais | Quipux<\/title>\n<meta name=\"robots\" content=\"index, follow, max-snippet:-1, max-image-preview:large, max-video-preview:-1\" \/>\n<link rel=\"canonical\" href=\"https:\/\/www.quipux.com\/web\/digital-services-platforms\/?lang=pt-br\" \/>\n<meta property=\"og:locale\" content=\"es_ES\" \/>\n<meta property=\"og:type\" content=\"article\" \/>\n<meta property=\"og:title\" content=\"Plataformas de servi\u00e7os digitais | Quipux\" \/>\n<meta property=\"og:description\" content=\"[vc_row full_width=&#8221;stretch_row_content_no_spaces&#8221; bg_image=&#8221;17259&#8243; parallax_bg=&#8221;true&#8221; text_color=&#8221;light&#8221; top_padding=&#8221;150&#8243; bottom_padding=&#8221;150&#8243;][vc_column][vc_custom_heading text=&#8221;Servi\u00e7os digitais Plataformas&#8221; font_container=&#8221;tag:h1|font_size:50px|text_align:left|line_height:70px&#8221; use_theme_fonts=&#8221;yes&#8221; css=&#8221;.vc_custom_1741809000179{padding-top: 80px !important;padding-right: 20px !important;padding-left: 20px !important;}&#8221;][\/vc_column][\/vc_row][vc_row top_padding=&#8221;40&#8243;][vc_column][vc_row_inner][vc_column_inner width=&#8221;2\/3&#8243;][block_title style=&#8221;column_title&#8221; inner_style=&#8221;inline_border_circle&#8221; title=&#8221;O nosso canal digital, &#8216;Mobilidade em Linha&#8217; em Medell\u00edn, est\u00e1 superando a sede mais movimentada da cidade em termos de cobran\u00e7a de cobran\u00e7as de acordos de pagamento.&#8221;][\/block_title][\/vc_column_inner][vc_column_inner width=&#8221;1\/3&#8243;][\/vc_column_inner][\/vc_row_inner][vc_row_inner css=&#8221;.vc_custom_1665161964085{padding-top: 20px !important;}&#8221;][vc_column_inner width=&#8221;1\/6&#8243;][\/vc_column_inner][vc_column_inner [&hellip;]\" \/>\n<meta property=\"og:url\" content=\"https:\/\/www.quipux.com\/web\/digital-services-platforms\/?lang=pt-br\" \/>\n<meta property=\"og:site_name\" content=\"Quipux\" \/>\n<meta property=\"article:modified_time\" content=\"2025-03-12T20:16:10+00:00\" \/>\n<meta name=\"twitter:card\" content=\"summary_large_image\" \/>\n<meta name=\"twitter:label1\" content=\"Tiempo de lectura\">\n\t<meta name=\"twitter:data1\" content=\"3 minutos\">\n<script type=\"application\/ld+json\" class=\"yoast-schema-graph\">{\"@context\":\"https:\/\/schema.org\",\"@graph\":[{\"@type\":\"Organization\",\"@id\":\"https:\/\/www.quipux.com\/web\/#organization\",\"name\":\"Quipux\",\"url\":\"https:\/\/www.quipux.com\/web\/\",\"sameAs\":[],\"logo\":{\"@type\":\"ImageObject\",\"@id\":\"https:\/\/www.quipux.com\/web\/#logo\",\"inLanguage\":\"es\",\"url\":\"https:\/\/www.quipux.com\/web\/wp-content\/uploads\/2022\/10\/Logo-quipux-1.png\",\"width\":195,\"height\":41,\"caption\":\"Quipux\"},\"image\":{\"@id\":\"https:\/\/www.quipux.com\/web\/#logo\"}},{\"@type\":\"WebSite\",\"@id\":\"https:\/\/www.quipux.com\/web\/#website\",\"url\":\"https:\/\/www.quipux.com\/web\/\",\"name\":\"Quipux\",\"description\":\"\",\"publisher\":{\"@id\":\"https:\/\/www.quipux.com\/web\/#organization\"},\"potentialAction\":[{\"@type\":\"SearchAction\",\"target\":\"https:\/\/www.quipux.com\/web\/?s={search_term_string}\",\"query-input\":\"required name=search_term_string\"}],\"inLanguage\":\"es\"},{\"@type\":\"WebPage\",\"@id\":\"https:\/\/www.quipux.com\/web\/digital-services-platforms\/?lang=pt-br#webpage\",\"url\":\"https:\/\/www.quipux.com\/web\/digital-services-platforms\/?lang=pt-br\",\"name\":\"Plataformas de servi\\u00e7os digitais | Quipux\",\"isPartOf\":{\"@id\":\"https:\/\/www.quipux.com\/web\/#website\"},\"datePublished\":\"2022-10-12T19:06:56+00:00\",\"dateModified\":\"2025-03-12T20:16:10+00:00\",\"inLanguage\":\"es\",\"potentialAction\":[{\"@type\":\"ReadAction\",\"target\":[\"https:\/\/www.quipux.com\/web\/digital-services-platforms\/?lang=pt-br\"]}]}]}<\/script>\n<!-- \/ Yoast SEO Premium plugin. -->","_links":{"self":[{"href":"https:\/\/www.quipux.com\/web\/wp-json\/wp\/v2\/pages\/20387","targetHints":{"allow":["GET"]}}],"collection":[{"href":"https:\/\/www.quipux.com\/web\/wp-json\/wp\/v2\/pages"}],"about":[{"href":"https:\/\/www.quipux.com\/web\/wp-json\/wp\/v2\/types\/page"}],"author":[{"embeddable":true,"href":"https:\/\/www.quipux.com\/web\/wp-json\/wp\/v2\/users\/1"}],"replies":[{"embeddable":true,"href":"https:\/\/www.quipux.com\/web\/wp-json\/wp\/v2\/comments?post=20387"}],"version-history":[{"count":5,"href":"https:\/\/www.quipux.com\/web\/wp-json\/wp\/v2\/pages\/20387\/revisions"}],"predecessor-version":[{"id":20434,"href":"https:\/\/www.quipux.com\/web\/wp-json\/wp\/v2\/pages\/20387\/revisions\/20434"}],"wp:attachment":[{"href":"https:\/\/www.quipux.com\/web\/wp-json\/wp\/v2\/media?parent=20387"}],"curies":[{"name":"wp","href":"https:\/\/api.w.org\/{rel}","templated":true}]}}