{"id":20393,"date":"2022-10-12T22:37:20","date_gmt":"2022-10-13T03:37:20","guid":{"rendered":"https:\/\/www.quipux.com\/web\/civii-chatbot\/"},"modified":"2025-04-23T11:52:32","modified_gmt":"2025-04-23T16:52:32","slug":"civii-chatbot","status":"publish","type":"page","link":"https:\/\/www.quipux.com\/web\/civii-chatbot\/?lang=pt-br","title":{"rendered":"CIVii &#8211; Chatbot"},"content":{"rendered":"<section class=\"wpb-content-wrapper\"><p>[vc_row full_width=&#8221;stretch_row_content_no_spaces&#8221; bg_image=&#8221;20919&#8243; parallax_bg=&#8221;true&#8221; text_color=&#8221;light&#8221; top_padding=&#8221;150&#8243; bottom_padding=&#8221;150&#8243;][vc_column][vc_custom_heading text=&#8221;CIVii Chatbot&#8221; font_container=&#8221;tag:h1|text_align:left|color:%236411d9&#8243; use_theme_fonts=&#8221;yes&#8221; css=&#8221;.vc_custom_1745427140099{padding-top: 80px !important;padding-right: 20px !important;padding-left: 20px !important;}&#8221;][\/vc_column][\/vc_row][vc_row top_padding=&#8221;40&#8243;][vc_column][vc_row_inner][vc_column_inner width=&#8221;2\/3&#8243;][block_title style=&#8221;column_title&#8221; inner_style=&#8221;inline_border_circle&#8221; title=&#8221;Acrescentamos valor \u00e0 experi\u00eancia de servi\u00e7o com o nosso assistente virtual &#8211; CIVii&#8221;][\/block_title][\/vc_column_inner][vc_column_inner width=&#8221;1\/3&#8243;][\/vc_column_inner][\/vc_row_inner][vc_row_inner css=&#8221;.vc_custom_1665161964085{padding-top: 20px !important;}&#8221;][vc_column_inner width=&#8221;1\/6&#8243;][\/vc_column_inner][vc_column_inner width=&#8221;2\/4&#8243;][vc_custom_heading text=&#8221;Possui uma interface de conversa\u00e7\u00e3o (chatbot) que pretende ser um canal de comunica\u00e7\u00e3o digital tanto para os utilizadores como para os oficiais de opera\u00e7\u00f5es, com o objetivo de os acompanhar e orientar permanentemente com informa\u00e7\u00e3o relevante e atualizada sobre mobilidade, tr\u00e2nsito e transportes. A forma\u00e7\u00e3o do chatbot tem informa\u00e7\u00e3o exata de cada opera\u00e7\u00e3o em que se encontra.&#8221; font_container=&#8221;tag:p|text_align:left&#8221; use_theme_fonts=&#8221;yes&#8221;][\/vc_column_inner][\/vc_row_inner][\/vc_column][\/vc_row][vc_row top_padding=&#8221;80&#8243;][vc_column][vc_video link=&#8221;https:\/\/vimeo.com\/755140773\/f415580684&#8243; align=&#8221;center&#8221;][\/vc_column][\/vc_row][vc_row gap=&#8221;20&#8243; content_placement=&#8221;middle&#8221; bg_color=&#8221;#262236&#8243; text_color=&#8221;light&#8221; top_padding=&#8221;40&#8243; bottom_padding=&#8221;40&#8243;][vc_column width=&#8221;1\/3&#8243; css=&#8221;.vc_custom_1665662900178{background-position: center !important;background-repeat: no-repeat !important;background-size: cover !important;}&#8221;][vc_single_image image=&#8221;19857&#8243; img_size=&#8221;full&#8221; alignment=&#8221;center&#8221; css_animation=&#8221;fadeInDown&#8221;][\/vc_column][vc_column width=&#8221;2\/3&#8243; css=&#8221;.vc_custom_1665589458519{padding-top: 80px !important;padding-left: 6% !important;}&#8221;][vc_column_text]<\/p>\n<h1 style=\"font-weight: normal; color: #ffffff;\">Nosso objetivo com o CIVii \u00e9<\/h1>\n<p>[\/vc_column_text][list icon=&#8221;moon-circle-small&#8221;][list_item title=&#8221;Maior confian\u00e7a na realiza\u00e7\u00e3o de pagamentos e na conclus\u00e3o de procedimentos.&#8221;][list_item title=&#8221;Fornecer informa\u00e7\u00f5es aos cidad\u00e3os 24 horas por dia, 7 dias por semana.&#8221;][list_item title=&#8221;Aproximar os cidad\u00e3os das entidades.&#8221;][list_item title=&#8221;Refor\u00e7ar a autoridade atrav\u00e9s de uma maior participa\u00e7\u00e3o dos cidad\u00e3os.&#8221;][list_item title=&#8221;Contribuir para a redu\u00e7\u00e3o das filas de espera nos escrit\u00f3rios f\u00edsicos atrav\u00e9s do imediatismo da informa\u00e7\u00e3o.&#8221;][list_item title=&#8221;Facilitar o acesso das pessoas \u00e0 informa\u00e7\u00e3o sobre procedimentos e servi\u00e7os.&#8221;][list_item title=&#8221;Reduzir as chamadas para o callcenter.&#8221;][list_item title=&#8221;Orienta\u00e7\u00e3o do utilizador sobre como utilizar a plataforma.&#8221;][\/list][vc_empty_space height=&#8221;60px&#8221;][vc_custom_heading text=&#8221;Quer saber mais?&#8221; font_container=&#8221;tag:h3|text_align:left&#8221; use_theme_fonts=&#8221;yes&#8221;][vc_empty_space height=&#8221;15px&#8221;][button title=&#8221;Contate-nos!&#8221; link=&#8221;https:\/\/www.quipux.com\/web\/contact-us\/?lang=en&#8221;][\/vc_column][\/vc_row][vc_section css=&#8221;.vc_custom_1665665023376{margin-bottom: 100px !important;padding-top: 80px !important;}&#8221;][vc_row][vc_column width=&#8221;9\/12&#8243;][block_title style=&#8221;column_title&#8221; inner_style=&#8221;inline_border_circle&#8221; title=&#8221;O CIVii nasceu em 2018 e, desde ent\u00e3o, temos tido marcos importantes&#8230;&#8221;][\/block_title][\/vc_column][vc_column width=&#8221;3\/12&#8243;][\/vc_column][\/vc_row][vc_row top_padding=&#8221;40&#8243;][vc_column width=&#8221;1\/4&#8243;][vc_custom_heading text=&#8221;+3,273,695&#8243; font_container=&#8221;tag:h1|text_align:center|color:%236411d9&#8243; use_theme_fonts=&#8221;yes&#8221;][vc_column_text css_animation=&#8221;bottom-to-top&#8221;]<\/p>\n<p style=\"text-align: center; color: #262236;\">mensagens trocadas desde a sua cria\u00e7\u00e3o.<\/p>\n<p>[\/vc_column_text][\/vc_column][vc_column width=&#8221;1\/3&#8243;][vc_custom_heading text=&#8221;+1,607,170&#8243; font_container=&#8221;tag:h1|text_align:center|color:%236411d9&#8243; use_theme_fonts=&#8221;yes&#8221;][vc_column_text css_animation=&#8221;bottom-to-top&#8221;]<\/p>\n<p style=\"text-align: center; color: #262236;\">conversa\u00e7\u00f5es em todas as nossas plataformas, com as pessoas.<\/p>\n<p>[\/vc_column_text][\/vc_column][vc_column width=&#8221;1\/3&#8243;][vc_custom_heading text=&#8221;4,806&#8243; font_container=&#8221;tag:h1|text_align:center|color:%236411d9&#8243; use_theme_fonts=&#8221;yes&#8221;][vc_column_text css_animation=&#8221;bottom-to-top&#8221;]<\/p>\n<p style=\"text-align: center; color: #262236;\">n\u00famero m\u00e1ximo de mensagens trocadas com as pessoas em um \u00fanico dia (Simit).<\/p>\n<p>[\/vc_column_text][\/vc_column][\/vc_row][\/vc_section][vc_row full_width=&#8221;stretch_row_content_no_spaces&#8221; type=&#8221;full_width_content&#8221; top_padding=&#8221;80&#8243;][vc_column width=&#8221;1\/2&#8243; css=&#8221;.vc_custom_1665620116386{margin-left: 10% !important;padding-right: 10% !important;}&#8221;][vc_empty_space height=&#8221;70px&#8221;][block_title style=&#8221;column_title&#8221; inner_style=&#8221;inline_border_circle&#8221; title=&#8221;O CIVii tem dois p\u00fablicos principais&#8221;][\/block_title][vc_row_inner css=&#8221;.vc_custom_1665620290849{padding-top: 60px !important;padding-bottom: 50px !important;}&#8221;][vc_column_inner][vc_custom_heading text=&#8221;Interno&#8221; font_container=&#8221;tag:h4|text_align:left&#8221; use_theme_fonts=&#8221;yes&#8221;][vc_custom_heading text=&#8221;Funcion\u00e1rios dos \u00f3rg\u00e3os de tr\u00e2nsito que precisam fazer perguntas, esclarecer d\u00favidas e encontrar guias sobre temas relacionados com a opera\u00e7\u00e3o.&#8221; font_container=&#8221;tag:p|text_align:left&#8221; use_theme_fonts=&#8221;yes&#8221;][\/vc_column_inner][\/vc_row_inner][vc_row_inner][vc_column_inner][vc_custom_heading text=&#8221;Externo&#8221; font_container=&#8221;tag:h4|text_align:left&#8221; use_theme_fonts=&#8221;yes&#8221;][vc_custom_heading text=&#8221;Pessoas que necessitam resolver d\u00favidas e efetuar procedimentos nas diferentes opera\u00e7\u00f5es em que o CIVii est\u00e1 envolvido.&#8221; font_container=&#8221;tag:p|text_align:left&#8221; use_theme_fonts=&#8221;yes&#8221;][\/vc_column_inner][\/vc_row_inner][\/vc_column][vc_column width=&#8221;1\/2&#8243; css=&#8221;.vc_custom_1665618053915{padding-left: 6% !important;}&#8221;][vc_single_image image=&#8221;19858&#8243; img_size=&#8221;700&#215;600&#8243; alignment=&#8221;right&#8221;][\/vc_column][\/vc_row][vc_section css=&#8221;.vc_custom_1665664967014{margin-top: 10% !important;margin-bottom: 10% !important;}&#8221;][vc_row][vc_column][block_title title=&#8221;Onde podemos integrar o CIVii?&#8221;][\/block_title][\/vc_column][\/vc_row][vc_row][vc_column width=&#8221;1\/6&#8243;][\/vc_column][vc_column width=&#8221;1\/6&#8243;][services_small title=&#8221;Servi\u00e7os digitais&#8221; icon_color=&#8221;#6411d9&#8243; dynamic_content_type=&#8221;content&#8221; icon=&#8221;steadysets-icon-laptop&#8221;][\/services_small][\/vc_column][vc_column width=&#8221;1\/6&#8243;][services_small title=&#8221;App&#8221; icon_color=&#8221;#6411d9&#8243; dynamic_content_type=&#8221;content&#8221; icon=&#8221;steadysets-icon-phone-portrait&#8221;][\/services_small][\/vc_column][vc_column width=&#8221;1\/6&#8243;][services_small title=&#8221;WhatsApp&#8221; icon_color=&#8221;#6411d9&#8243; dynamic_content_type=&#8221;content&#8221; icon=&#8221;steadysets-icon-comment&#8221;][\/services_small][\/vc_column][vc_column width=&#8221;1\/6&#8243;][services_small title=&#8221;Backoffice&#8221; icon_color=&#8221;#6411d9&#8243; dynamic_content_type=&#8221;content&#8221; icon=&#8221;steadysets-icon-settings&#8221;][\/services_small][\/vc_column][vc_column width=&#8221;1\/6&#8243;][\/vc_column][\/vc_row][\/vc_section][vc_section disable_element=&#8221;yes&#8221;][vc_row type=&#8221;full_width_content&#8221; bg_color=&#8221;#f3f4f7&#8243; top_padding=&#8221;30&#8243; bottom_padding=&#8221;30&#8243;][vc_column width=&#8221;1\/3&#8243; centered_cont=&#8221;true&#8221; centered_cont_vertical=&#8221;true&#8221;][block_title inner_style_title=&#8221;only_text&#8221; title=&#8221;Clients&#8221;][\/block_title][\/vc_column][vc_column width=&#8221;2\/3&#8243; css=&#8221;.vc_custom_1664235627909{padding-right: 6% !important;}&#8221;]<p style=\"color:#cf7e16;background:#fff5e8;padding:10px;font-size:16px;border:1px solid #f1d7b5;border-radius:4px;line-height:1.6;\">GS Logo Slider: The shortcode with the ID of <strong>1<\/strong> was not found.<\/p>[\/vc_column][\/vc_row][\/vc_section][vc_row][vc_column width=&#8221;1\/4&#8243; css=&#8221;.vc_custom_1663356676248{padding-top: 80px !important;}&#8221;][vc_custom_heading text=&#8221;Saiba mais sobre&#8221; font_container=&#8221;tag:h1|text_align:left&#8221; use_theme_fonts=&#8221;yes&#8221; css=&#8221;.vc_custom_1741717479558{padding-top: 30px !important;}&#8221;][vc_custom_heading text=&#8221;As nossas solu\u00e7\u00f5es&#8221; font_container=&#8221;tag:h1|text_align:left|color:%234e0da9&#8243; use_theme_fonts=&#8221;yes&#8221;][\/vc_column][vc_column width=&#8221;3\/4&#8243; column_padding=&#8221;5%&#8221;][recent_portfolio style=&#8221;basic_effect&#8221; columns=&#8221;3&#8243; carousel=&#8221;no&#8221; from_where=&#8221;cat&#8221;][\/vc_column][\/vc_row]<\/p>\n<\/section>","protected":false},"excerpt":{"rendered":"<p>[vc_row full_width=&#8221;stretch_row_content_no_spaces&#8221; bg_image=&#8221;20919&#8243; parallax_bg=&#8221;true&#8221; text_color=&#8221;light&#8221; top_padding=&#8221;150&#8243; bottom_padding=&#8221;150&#8243;][vc_column][vc_custom_heading text=&#8221;CIVii Chatbot&#8221; font_container=&#8221;tag:h1|text_align:left|color:%236411d9&#8243; use_theme_fonts=&#8221;yes&#8221; css=&#8221;.vc_custom_1745427140099{padding-top: 80px !important;padding-right: 20px !important;padding-left: 20px !important;}&#8221;][\/vc_column][\/vc_row][vc_row top_padding=&#8221;40&#8243;][vc_column][vc_row_inner][vc_column_inner width=&#8221;2\/3&#8243;][block_title style=&#8221;column_title&#8221; inner_style=&#8221;inline_border_circle&#8221; title=&#8221;Acrescentamos valor \u00e0 experi\u00eancia de servi\u00e7o com o nosso assistente virtual &#8211; CIVii&#8221;][\/block_title][\/vc_column_inner][vc_column_inner width=&#8221;1\/3&#8243;][\/vc_column_inner][\/vc_row_inner][vc_row_inner css=&#8221;.vc_custom_1665161964085{padding-top: 20px !important;}&#8221;][vc_column_inner width=&#8221;1\/6&#8243;][\/vc_column_inner][vc_column_inner width=&#8221;2\/4&#8243;][vc_custom_heading text=&#8221;Possui uma interface de conversa\u00e7\u00e3o (chatbot) que pretende ser um canal de comunica\u00e7\u00e3o digital [&hellip;]<\/p>\n","protected":false},"author":2,"featured_media":0,"parent":0,"menu_order":0,"comment_status":"closed","ping_status":"closed","template":"","meta":{"footnotes":""},"class_list":["post-20393","page","type-page","status-publish","hentry"],"yoast_head":"<!-- This site is optimized with the Yoast SEO Premium plugin v15.6.2 - https:\/\/yoast.com\/wordpress\/plugins\/seo\/ -->\n<title>CIVii - Chatbot | Quipux<\/title>\n<meta name=\"robots\" content=\"index, follow, max-snippet:-1, max-image-preview:large, max-video-preview:-1\" \/>\n<link rel=\"canonical\" href=\"https:\/\/www.quipux.com\/web\/civii-chatbot\/?lang=pt-br\" \/>\n<meta property=\"og:locale\" content=\"es_ES\" \/>\n<meta property=\"og:type\" content=\"article\" \/>\n<meta property=\"og:title\" content=\"CIVii - Chatbot | Quipux\" \/>\n<meta property=\"og:description\" content=\"[vc_row full_width=&#8221;stretch_row_content_no_spaces&#8221; bg_image=&#8221;20919&#8243; parallax_bg=&#8221;true&#8221; text_color=&#8221;light&#8221; top_padding=&#8221;150&#8243; bottom_padding=&#8221;150&#8243;][vc_column][vc_custom_heading text=&#8221;CIVii Chatbot&#8221; font_container=&#8221;tag:h1|text_align:left|color:%236411d9&#8243; use_theme_fonts=&#8221;yes&#8221; css=&#8221;.vc_custom_1745427140099{padding-top: 80px !important;padding-right: 20px !important;padding-left: 20px !important;}&#8221;][\/vc_column][\/vc_row][vc_row top_padding=&#8221;40&#8243;][vc_column][vc_row_inner][vc_column_inner width=&#8221;2\/3&#8243;][block_title style=&#8221;column_title&#8221; inner_style=&#8221;inline_border_circle&#8221; title=&#8221;Acrescentamos valor \u00e0 experi\u00eancia de servi\u00e7o com o nosso assistente virtual &#8211; CIVii&#8221;][\/block_title][\/vc_column_inner][vc_column_inner width=&#8221;1\/3&#8243;][\/vc_column_inner][\/vc_row_inner][vc_row_inner css=&#8221;.vc_custom_1665161964085{padding-top: 20px !important;}&#8221;][vc_column_inner width=&#8221;1\/6&#8243;][\/vc_column_inner][vc_column_inner width=&#8221;2\/4&#8243;][vc_custom_heading text=&#8221;Possui uma interface de conversa\u00e7\u00e3o (chatbot) que pretende ser um canal de comunica\u00e7\u00e3o digital [&hellip;]\" \/>\n<meta property=\"og:url\" content=\"https:\/\/www.quipux.com\/web\/civii-chatbot\/?lang=pt-br\" \/>\n<meta property=\"og:site_name\" content=\"Quipux\" \/>\n<meta property=\"article:modified_time\" content=\"2025-04-23T16:52:32+00:00\" \/>\n<meta name=\"twitter:card\" content=\"summary_large_image\" \/>\n<meta name=\"twitter:label1\" content=\"Tiempo de lectura\">\n\t<meta name=\"twitter:data1\" content=\"2 minutos\">\n<script type=\"application\/ld+json\" class=\"yoast-schema-graph\">{\"@context\":\"https:\/\/schema.org\",\"@graph\":[{\"@type\":\"Organization\",\"@id\":\"https:\/\/www.quipux.com\/web\/#organization\",\"name\":\"Quipux\",\"url\":\"https:\/\/www.quipux.com\/web\/\",\"sameAs\":[],\"logo\":{\"@type\":\"ImageObject\",\"@id\":\"https:\/\/www.quipux.com\/web\/#logo\",\"inLanguage\":\"es\",\"url\":\"https:\/\/www.quipux.com\/web\/wp-content\/uploads\/2022\/10\/Logo-quipux-1.png\",\"width\":195,\"height\":41,\"caption\":\"Quipux\"},\"image\":{\"@id\":\"https:\/\/www.quipux.com\/web\/#logo\"}},{\"@type\":\"WebSite\",\"@id\":\"https:\/\/www.quipux.com\/web\/#website\",\"url\":\"https:\/\/www.quipux.com\/web\/\",\"name\":\"Quipux\",\"description\":\"\",\"publisher\":{\"@id\":\"https:\/\/www.quipux.com\/web\/#organization\"},\"potentialAction\":[{\"@type\":\"SearchAction\",\"target\":\"https:\/\/www.quipux.com\/web\/?s={search_term_string}\",\"query-input\":\"required name=search_term_string\"}],\"inLanguage\":\"es\"},{\"@type\":\"WebPage\",\"@id\":\"https:\/\/www.quipux.com\/web\/civii-chatbot\/?lang=pt-br#webpage\",\"url\":\"https:\/\/www.quipux.com\/web\/civii-chatbot\/?lang=pt-br\",\"name\":\"CIVii - Chatbot | Quipux\",\"isPartOf\":{\"@id\":\"https:\/\/www.quipux.com\/web\/#website\"},\"datePublished\":\"2022-10-13T03:37:20+00:00\",\"dateModified\":\"2025-04-23T16:52:32+00:00\",\"inLanguage\":\"es\",\"potentialAction\":[{\"@type\":\"ReadAction\",\"target\":[\"https:\/\/www.quipux.com\/web\/civii-chatbot\/?lang=pt-br\"]}]}]}<\/script>\n<!-- \/ Yoast SEO Premium plugin. -->","_links":{"self":[{"href":"https:\/\/www.quipux.com\/web\/wp-json\/wp\/v2\/pages\/20393","targetHints":{"allow":["GET"]}}],"collection":[{"href":"https:\/\/www.quipux.com\/web\/wp-json\/wp\/v2\/pages"}],"about":[{"href":"https:\/\/www.quipux.com\/web\/wp-json\/wp\/v2\/types\/page"}],"author":[{"embeddable":true,"href":"https:\/\/www.quipux.com\/web\/wp-json\/wp\/v2\/users\/2"}],"replies":[{"embeddable":true,"href":"https:\/\/www.quipux.com\/web\/wp-json\/wp\/v2\/comments?post=20393"}],"version-history":[{"count":9,"href":"https:\/\/www.quipux.com\/web\/wp-json\/wp\/v2\/pages\/20393\/revisions"}],"predecessor-version":[{"id":20924,"href":"https:\/\/www.quipux.com\/web\/wp-json\/wp\/v2\/pages\/20393\/revisions\/20924"}],"wp:attachment":[{"href":"https:\/\/www.quipux.com\/web\/wp-json\/wp\/v2\/media?parent=20393"}],"curies":[{"name":"wp","href":"https:\/\/api.w.org\/{rel}","templated":true}]}}