{"id":20401,"date":"2022-11-03T10:08:07","date_gmt":"2022-11-03T15:08:07","guid":{"rendered":"https:\/\/www.quipux.com\/web\/citizen-contact-management-and-collection-optimization\/"},"modified":"2025-03-13T05:39:51","modified_gmt":"2025-03-13T10:39:51","slug":"citizen-contact-management-and-collection-optimization","status":"publish","type":"page","link":"https:\/\/www.quipux.com\/web\/citizen-contact-management-and-collection-optimization\/?lang=pt-br","title":{"rendered":"Gest\u00e3o dos contatos com as pessoas e otimiza\u00e7\u00e3o das cobran\u00e7as"},"content":{"rendered":"<section class=\"wpb-content-wrapper\"><p>[vc_row full_width=&#8221;stretch_row_content_no_spaces&#8221; bg_image=&#8221;17157&#8243; parallax_bg=&#8221;true&#8221; text_color=&#8221;light&#8221; top_padding=&#8221;150&#8243; bottom_padding=&#8221;150&#8243;][vc_column][vc_custom_heading text=&#8221;Gest\u00e3o dos contatos com as pessoas e otimiza\u00e7\u00e3o das cobran\u00e7as&#8221; font_container=&#8221;tag:h1|text_align:left&#8221; use_theme_fonts=&#8221;yes&#8221; css=&#8221;.vc_custom_1741861533040{padding-top: 80px !important;padding-right: 20px !important;padding-left: 20px !important;}&#8221;][\/vc_column][\/vc_row][vc_row top_padding=&#8221;40&#8243;][vc_column][vc_row_inner][vc_column_inner width=&#8221;2\/3&#8243;][block_title style=&#8221;column_title&#8221; inner_style=&#8221;inline_border_circle&#8221; title=&#8221;Consolidamos os dados de contato e criamos um ecossistema digital de informa\u00e7\u00e3o para tornar o contato com as pessoas mais eficiente.&#8221;][\/block_title][\/vc_column_inner][vc_column_inner width=&#8221;1\/3&#8243;][\/vc_column_inner][\/vc_row_inner][vc_row_inner css=&#8221;.vc_custom_1665161964085{padding-top: 20px !important;}&#8221;][vc_column_inner width=&#8221;1\/6&#8243;][\/vc_column_inner][vc_column_inner width=&#8221;2\/4&#8243;][vc_custom_heading text=&#8221;Esta plataforma procura ser o ponto de contato \u00fanico de comunica\u00e7\u00e3o entre as opera\u00e7\u00f5es e os seus cidad\u00e3os, e fornece informa\u00e7\u00f5es pontuais relacionadas com a gest\u00e3o da coleta, otimiza\u00e7\u00e3o, alertas preventivos e informa\u00e7\u00f5es educativas.&#8221; font_container=&#8221;tag:p|text_align:left&#8221; use_theme_fonts=&#8221;yes&#8221;][\/vc_column_inner][\/vc_row_inner][\/vc_column][\/vc_row][vc_section css=&#8221;.vc_custom_1667562150526{margin-top: 10% !important;margin-bottom: 5% !important;background-color: #262236 !important;}&#8221;][vc_row top_padding=&#8221;80&#8243; bottom_padding=&#8221;80&#8243;][vc_column][vc_video link=&#8221;https:\/\/vimeo.com\/566764426&#8243; align=&#8221;center&#8221;][\/vc_column][\/vc_row][\/vc_section][vc_row full_width=&#8221;stretch_row_content_no_spaces&#8221; type=&#8221;full_width_content&#8221; top_padding=&#8221;80&#8243; bottom_padding=&#8221;20&#8243;][vc_column width=&#8221;1\/2&#8243; css=&#8221;.vc_custom_1667509358980{padding-right: 10% !important;}&#8221;][vc_single_image image=&#8221;20070&#8243; img_size=&#8221;700&#215;600&#8243; alignment=&#8221;right&#8221;][\/vc_column][vc_column width=&#8221;1\/2&#8243; css=&#8221;.vc_custom_1667561827668{margin-top: 15% !important;padding-right: 10% !important;}&#8221;][block_title style=&#8221;column_title&#8221; inner_style=&#8221;inline_border_circle&#8221; title=&#8221;Tipos de campanhas que s\u00e3o emitidas para fins de capta\u00e7\u00e3o de recursos educativos.&#8221;][\/block_title][list icon=&#8221;moon-circle-small&#8221;][list_item title=&#8221;Aplica\u00e7\u00e3o de modelos matem\u00e1ticos de contato.&#8221;][list_item title=&#8221;Defini\u00e7\u00e3o de campanhas e execu\u00e7\u00e3o de acordo com as necessidades do cliente.&#8221;][list_item title=&#8221;Defini\u00e7\u00e3o de canais para gerar mensagens para o contato com a pessoa.&#8221;][list_item title=&#8221;Aquisi\u00e7\u00e3o de dados para a execu\u00e7\u00e3o da campanha.&#8221;][list_item title=&#8221;Extra\u00e7\u00e3o de resultados e auditoria da qualidade dos dados com as informa\u00e7\u00f5es encontradas.&#8221;][list_item title=&#8221;An\u00e1lise dos resultados das campanhas e valida\u00e7\u00e3o da efic\u00e1cia das a\u00e7\u00f5es realizadas.&#8221;][list_item title=&#8221;Elabora\u00e7\u00e3o de relat\u00f3rios para os clientes sobre a gest\u00e3o realizada e os dados obtidos.&#8221;][\/list][\/vc_column][\/vc_row][vc_section css=&#8221;.vc_custom_1667561901071{margin-top: 5% !important;margin-bottom: 100px !important;}&#8221;][vc_row][vc_column][block_title title=&#8221;Benef\u00edcios&#8221;][\/block_title][\/vc_column][\/vc_row][vc_row top_padding=&#8221;20&#8243;][vc_column width=&#8221;1\/3&#8243;][services_small icon_color=&#8221;#6411d9&#8243; dynamic_content_type=&#8221;content&#8221; icon=&#8221;moon-checkmark-3&#8243;]Prestar informa\u00e7\u00f5es atuais as pessoas.[\/services_small][\/vc_column][vc_column width=&#8221;1\/3&#8243;][services_small icon_color=&#8221;#6411d9&#8243; dynamic_content_type=&#8221;content&#8221; icon=&#8221;moon-checkmark-3&#8243;]Gerir a cole\u00e7\u00e3o atrav\u00e9s de uma gest\u00e3o persuasiva da cole\u00e7\u00e3o.[\/services_small][\/vc_column][vc_column width=&#8221;1\/3&#8243;][services_small icon_color=&#8221;#6411d9&#8243; dynamic_content_type=&#8221;content&#8221; icon=&#8221;moon-checkmark-3&#8243;]Estrat\u00e9gia pedag\u00f3gica para as pessoas.[\/services_small][\/vc_column][\/vc_row][\/vc_section][vc_row top_padding=&#8221;80&#8243;][vc_column][block_title inner_style_title=&#8221;only_text&#8221; title=&#8221;Campanhas estrat\u00e9gicas atrav\u00e9s de:&#8221;][\/block_title][vc_row_inner css=&#8221;.vc_custom_1667562683860{padding-top: 60px !important;padding-bottom: 50px !important;}&#8221;][vc_column_inner width=&#8221;1\/5&#8243; centered_cont=&#8221;true&#8221;][services_medium icon_color=&#8221;#6411d9&#8243; circle_color=&#8221;#f5f5f5&#8243; border_color=&#8221;#6411d9&#8243; icon=&#8221;moon-mail-send&#8221;]<\/p>\n<h4>E-mail Marketing<\/h4>\n<p>[\/services_medium][\/vc_column_inner][vc_column_inner width=&#8221;1\/5&#8243; centered_cont=&#8221;true&#8221; centered_cont_vertical=&#8221;true&#8221;][services_medium icon_color=&#8221;#6411d9&#8243; circle_color=&#8221;#f5f5f5&#8243; border_color=&#8221;#6411d9&#8243; icon=&#8221;moon-google&#8221;]<\/p>\n<h4>Ads<\/h4>\n<p>[\/services_medium][\/vc_column_inner][vc_column_inner width=&#8221;1\/5&#8243; centered_cont=&#8221;true&#8221;][services_medium icon_color=&#8221;#6411d9&#8243; circle_color=&#8221;#f5f5f5&#8243; border_color=&#8221;#6411d9&#8243; icon=&#8221;moon-call-outgoing&#8221;]<\/p>\n<h4>Chamadas personalizadas<\/h4>\n<p>[\/services_medium][\/vc_column_inner][vc_column_inner width=&#8221;1\/5&#8243; centered_cont=&#8221;true&#8221; centered_cont_vertical=&#8221;true&#8221;][services_medium icon_color=&#8221;#6411d9&#8243; circle_color=&#8221;#f5f5f5&#8243; border_color=&#8221;#6411d9&#8243; icon=&#8221;moon-bubbles-2&#8243;]<\/p>\n<h4>SMS<\/h4>\n<p>[\/services_medium][\/vc_column_inner][vc_column_inner width=&#8221;1\/5&#8243; centered_cont=&#8221;true&#8221;][services_medium icon_color=&#8221;#6411d9&#8243; circle_color=&#8221;#f5f5f5&#8243; border_color=&#8221;#6411d9&#8243; icon=&#8221;moon-volume-high&#8221;]<\/p>\n<h4>Chamadas pr\u00e9-gravadas<\/h4>\n<p>[\/services_medium][\/vc_column_inner][\/vc_row_inner][\/vc_column][\/vc_row][vc_section disable_element=&#8221;yes&#8221; css=&#8221;.vc_custom_1667572742403{margin-top: 10% !important;margin-bottom: 10% !important;}&#8221;][vc_row disable_element=&#8221;yes&#8221;][vc_column][block_title title=&#8221;Since 2021, we have contacted more than&#8221;][\/block_title][\/vc_column][\/vc_row][vc_row][vc_column width=&#8221;1\/4&#8243;][\/vc_column][vc_column width=&#8221;1\/2&#8243;][services_small title=&#8221;dato&#8221; icon_color=&#8221;#6411d9&#8243; dynamic_content_type=&#8221;content&#8221; icon=&#8221;moon-contact-add-2&#8243;][\/services_small][\/vc_column][vc_column width=&#8221;1\/4&#8243;][\/vc_column][\/vc_row][\/vc_section][vc_section disable_element=&#8221;yes&#8221;][vc_row type=&#8221;full_width_content&#8221; bg_color=&#8221;#f3f4f7&#8243; top_padding=&#8221;30&#8243; bottom_padding=&#8221;30&#8243;][vc_column width=&#8221;1\/3&#8243; centered_cont=&#8221;true&#8221; centered_cont_vertical=&#8221;true&#8221;][block_title inner_style_title=&#8221;only_text&#8221; title=&#8221;Clients&#8221;][\/block_title][\/vc_column][vc_column width=&#8221;2\/3&#8243; css=&#8221;.vc_custom_1664235627909{padding-right: 6% !important;}&#8221;]<p style=\"color:#cf7e16;background:#fff5e8;padding:10px;font-size:16px;border:1px solid #f1d7b5;border-radius:4px;line-height:1.6;\">GS Logo Slider: The shortcode with the ID of <strong>1<\/strong> was not found.<\/p>[\/vc_column][\/vc_row][\/vc_section][vc_row][vc_column width=&#8221;1\/4&#8243; css=&#8221;.vc_custom_1663356676248{padding-top: 80px !important;}&#8221;][vc_custom_heading text=&#8221;Saiba mais sobre&#8221; font_container=&#8221;tag:h1|text_align:left&#8221; use_theme_fonts=&#8221;yes&#8221; css=&#8221;.vc_custom_1741862274615{padding-top: 30px !important;}&#8221;][vc_custom_heading text=&#8221;As nossas solu\u00e7\u00f5es&#8221; font_container=&#8221;tag:h1|text_align:left|color:%234e0da9&#8243; use_theme_fonts=&#8221;yes&#8221;][\/vc_column][vc_column width=&#8221;3\/4&#8243; column_padding=&#8221;5%&#8221;][recent_portfolio style=&#8221;basic_effect&#8221; columns=&#8221;3&#8243; rows=&#8221;2&#8243; from_where=&#8221;cat&#8221; category=&#8221;47&#8243;][\/vc_column][\/vc_row]<\/p>\n<\/section>","protected":false},"excerpt":{"rendered":"<p>[vc_row full_width=&#8221;stretch_row_content_no_spaces&#8221; bg_image=&#8221;17157&#8243; parallax_bg=&#8221;true&#8221; text_color=&#8221;light&#8221; top_padding=&#8221;150&#8243; bottom_padding=&#8221;150&#8243;][vc_column][vc_custom_heading text=&#8221;Gest\u00e3o dos contatos com as pessoas e otimiza\u00e7\u00e3o das cobran\u00e7as&#8221; font_container=&#8221;tag:h1|text_align:left&#8221; use_theme_fonts=&#8221;yes&#8221; css=&#8221;.vc_custom_1741861533040{padding-top: 80px !important;padding-right: 20px !important;padding-left: 20px !important;}&#8221;][\/vc_column][\/vc_row][vc_row top_padding=&#8221;40&#8243;][vc_column][vc_row_inner][vc_column_inner width=&#8221;2\/3&#8243;][block_title style=&#8221;column_title&#8221; inner_style=&#8221;inline_border_circle&#8221; title=&#8221;Consolidamos os dados de contato e criamos um ecossistema digital de informa\u00e7\u00e3o para tornar o contato com as pessoas mais eficiente.&#8221;][\/block_title][\/vc_column_inner][vc_column_inner width=&#8221;1\/3&#8243;][\/vc_column_inner][\/vc_row_inner][vc_row_inner css=&#8221;.vc_custom_1665161964085{padding-top: 20px !important;}&#8221;][vc_column_inner [&hellip;]<\/p>\n","protected":false},"author":4,"featured_media":0,"parent":0,"menu_order":0,"comment_status":"closed","ping_status":"closed","template":"","meta":{"footnotes":""},"class_list":["post-20401","page","type-page","status-publish","hentry"],"yoast_head":"<!-- This site is optimized with the Yoast SEO Premium plugin v15.6.2 - https:\/\/yoast.com\/wordpress\/plugins\/seo\/ -->\n<title>Gest\u00e3o dos contatos com as pessoas e otimiza\u00e7\u00e3o das cobran\u00e7as | Quipux<\/title>\n<meta name=\"robots\" content=\"index, follow, max-snippet:-1, max-image-preview:large, max-video-preview:-1\" \/>\n<link rel=\"canonical\" href=\"https:\/\/www.quipux.com\/web\/citizen-contact-management-and-collection-optimization\/?lang=pt-br\" \/>\n<meta property=\"og:locale\" content=\"es_ES\" \/>\n<meta property=\"og:type\" content=\"article\" \/>\n<meta property=\"og:title\" content=\"Gest\u00e3o dos contatos com as pessoas e otimiza\u00e7\u00e3o das cobran\u00e7as | Quipux\" \/>\n<meta property=\"og:description\" content=\"[vc_row full_width=&#8221;stretch_row_content_no_spaces&#8221; bg_image=&#8221;17157&#8243; parallax_bg=&#8221;true&#8221; text_color=&#8221;light&#8221; top_padding=&#8221;150&#8243; bottom_padding=&#8221;150&#8243;][vc_column][vc_custom_heading text=&#8221;Gest\u00e3o dos contatos com as pessoas e otimiza\u00e7\u00e3o das cobran\u00e7as&#8221; font_container=&#8221;tag:h1|text_align:left&#8221; use_theme_fonts=&#8221;yes&#8221; css=&#8221;.vc_custom_1741861533040{padding-top: 80px !important;padding-right: 20px !important;padding-left: 20px !important;}&#8221;][\/vc_column][\/vc_row][vc_row top_padding=&#8221;40&#8243;][vc_column][vc_row_inner][vc_column_inner width=&#8221;2\/3&#8243;][block_title style=&#8221;column_title&#8221; inner_style=&#8221;inline_border_circle&#8221; title=&#8221;Consolidamos os dados de contato e criamos um ecossistema digital de informa\u00e7\u00e3o para tornar o contato com as pessoas mais eficiente.&#8221;][\/block_title][\/vc_column_inner][vc_column_inner width=&#8221;1\/3&#8243;][\/vc_column_inner][\/vc_row_inner][vc_row_inner css=&#8221;.vc_custom_1665161964085{padding-top: 20px !important;}&#8221;][vc_column_inner [&hellip;]\" \/>\n<meta property=\"og:url\" content=\"https:\/\/www.quipux.com\/web\/citizen-contact-management-and-collection-optimization\/?lang=pt-br\" \/>\n<meta property=\"og:site_name\" content=\"Quipux\" \/>\n<meta property=\"article:modified_time\" content=\"2025-03-13T10:39:51+00:00\" \/>\n<meta name=\"twitter:card\" content=\"summary_large_image\" \/>\n<meta name=\"twitter:label1\" content=\"Tiempo de lectura\">\n\t<meta name=\"twitter:data1\" content=\"2 minutos\">\n<script type=\"application\/ld+json\" class=\"yoast-schema-graph\">{\"@context\":\"https:\/\/schema.org\",\"@graph\":[{\"@type\":\"Organization\",\"@id\":\"https:\/\/www.quipux.com\/web\/#organization\",\"name\":\"Quipux\",\"url\":\"https:\/\/www.quipux.com\/web\/\",\"sameAs\":[],\"logo\":{\"@type\":\"ImageObject\",\"@id\":\"https:\/\/www.quipux.com\/web\/#logo\",\"inLanguage\":\"es\",\"url\":\"https:\/\/www.quipux.com\/web\/wp-content\/uploads\/2022\/10\/Logo-quipux-1.png\",\"width\":195,\"height\":41,\"caption\":\"Quipux\"},\"image\":{\"@id\":\"https:\/\/www.quipux.com\/web\/#logo\"}},{\"@type\":\"WebSite\",\"@id\":\"https:\/\/www.quipux.com\/web\/#website\",\"url\":\"https:\/\/www.quipux.com\/web\/\",\"name\":\"Quipux\",\"description\":\"\",\"publisher\":{\"@id\":\"https:\/\/www.quipux.com\/web\/#organization\"},\"potentialAction\":[{\"@type\":\"SearchAction\",\"target\":\"https:\/\/www.quipux.com\/web\/?s={search_term_string}\",\"query-input\":\"required name=search_term_string\"}],\"inLanguage\":\"es\"},{\"@type\":\"WebPage\",\"@id\":\"https:\/\/www.quipux.com\/web\/citizen-contact-management-and-collection-optimization\/?lang=pt-br#webpage\",\"url\":\"https:\/\/www.quipux.com\/web\/citizen-contact-management-and-collection-optimization\/?lang=pt-br\",\"name\":\"Gest\\u00e3o dos contatos com as pessoas e otimiza\\u00e7\\u00e3o das cobran\\u00e7as | Quipux\",\"isPartOf\":{\"@id\":\"https:\/\/www.quipux.com\/web\/#website\"},\"datePublished\":\"2022-11-03T15:08:07+00:00\",\"dateModified\":\"2025-03-13T10:39:51+00:00\",\"inLanguage\":\"es\",\"potentialAction\":[{\"@type\":\"ReadAction\",\"target\":[\"https:\/\/www.quipux.com\/web\/citizen-contact-management-and-collection-optimization\/?lang=pt-br\"]}]}]}<\/script>\n<!-- \/ Yoast SEO Premium plugin. -->","_links":{"self":[{"href":"https:\/\/www.quipux.com\/web\/wp-json\/wp\/v2\/pages\/20401","targetHints":{"allow":["GET"]}}],"collection":[{"href":"https:\/\/www.quipux.com\/web\/wp-json\/wp\/v2\/pages"}],"about":[{"href":"https:\/\/www.quipux.com\/web\/wp-json\/wp\/v2\/types\/page"}],"author":[{"embeddable":true,"href":"https:\/\/www.quipux.com\/web\/wp-json\/wp\/v2\/users\/4"}],"replies":[{"embeddable":true,"href":"https:\/\/www.quipux.com\/web\/wp-json\/wp\/v2\/comments?post=20401"}],"version-history":[{"count":5,"href":"https:\/\/www.quipux.com\/web\/wp-json\/wp\/v2\/pages\/20401\/revisions"}],"predecessor-version":[{"id":20438,"href":"https:\/\/www.quipux.com\/web\/wp-json\/wp\/v2\/pages\/20401\/revisions\/20438"}],"wp:attachment":[{"href":"https:\/\/www.quipux.com\/web\/wp-json\/wp\/v2\/media?parent=20401"}],"curies":[{"name":"wp","href":"https:\/\/api.w.org\/{rel}","templated":true}]}}