{"id":20406,"date":"2024-12-30T15:11:12","date_gmt":"2024-12-30T20:11:12","guid":{"rendered":"https:\/\/www.quipux.com\/web\/qonnection\/"},"modified":"2025-03-14T06:51:14","modified_gmt":"2025-03-14T11:51:14","slug":"qonnection","status":"publish","type":"page","link":"https:\/\/www.quipux.com\/web\/qonnection\/?lang=pt-br","title":{"rendered":"Qonnection"},"content":{"rendered":"<section class=\"wpb-content-wrapper\"><p>[vc_row full_width=&#8221;stretch_row_content_no_spaces&#8221; bg_image=&#8221;19406&#8243; bg_color=&#8221;#262236&#8243; text_color=&#8221;light&#8221; top_padding=&#8221;150&#8243; bottom_padding=&#8221;150&#8243;][vc_column][vc_custom_heading text=&#8221;Conex\u00e3o&#8221; font_container=&#8221;tag:h1|font_size:50px|text_align:left|line_height:70px&#8221; use_theme_fonts=&#8221;yes&#8221; css=&#8221;.vc_custom_1741952245201{padding-top: 80px !important;padding-right: 20px !important;padding-left: 20px !important;}&#8221;][\/vc_column][\/vc_row][vc_row top_padding=&#8221;40&#8243;][vc_column][vc_row_inner][vc_column_inner width=&#8221;5\/6&#8243;][block_title style=&#8221;column_title&#8221; inner_style=&#8221;inline_border_circle&#8221; title=&#8221;Somos pioneiros na integra\u00e7\u00e3o de canais f\u00edsicos e virtuais dos governos\u2026&#8221;][\/block_title][\/vc_column_inner][vc_column_inner width=&#8221;1\/6&#8243;][\/vc_column_inner][\/vc_row_inner][vc_row_inner css=&#8221;.vc_custom_1665161964085{padding-top: 20px !important;}&#8221;][vc_column_inner width=&#8221;1\/6&#8243;][\/vc_column_inner][vc_column_inner width=&#8221;2\/4&#8243;][vc_custom_heading text=&#8221;Oferecemos aten\u00e7\u00e3o integral as pessoas, mantendo informados e atualizados sobre suas responsabilidades perante as entidades governamentais. Al\u00e9m disso, brindamos a oportunidade de consultar e resolver suas d\u00favidas com respeito a tr\u00e2nsitos e servi\u00e7os de maneira eficaz e oportuna. Isso se logra por meio da fus\u00e3o de ferramentas tecnol\u00f3gicas, canais de comunica\u00e7\u00e3o e um equipamento humano altamente capacitado.&#8221; font_container=&#8221;tag:p|text_align:left&#8221; use_theme_fonts=&#8221;yes&#8221;][\/vc_column_inner][\/vc_row_inner][\/vc_column][\/vc_row][vc_section][vc_row full_width=&#8221;stretch_row_content_no_spaces&#8221; content_placement=&#8221;middle&#8221; type=&#8221;full_width_background&#8221; bg_color=&#8221;#f3f4f7&#8243; top_padding=&#8221;70&#8243; bottom_padding=&#8221;70&#8243; class=&#8221;margin-bottom-none&#8221;][vc_column][vc_custom_heading text=&#8221;Contamos com uma abordagem omnicanal, implicando a disponibilidade de v\u00e1rios servi\u00e7os como:&#8221; font_container=&#8221;tag:h1|text_align:center&#8221; use_theme_fonts=&#8221;yes&#8221;][\/vc_column][\/vc_row][vc_row top_padding=&#8221;40&#8243;][vc_column width=&#8221;1\/3&#8243; css=&#8221;.vc_custom_1666702896082{margin-top: 0px !important;padding-right: 40px !important;padding-left: 40px !important;}&#8221;][vc_single_image image=&#8221;20305&#8243; img_size=&#8221;370&#215;247&#8243; alignment=&#8221;center&#8221;][separator width=&#8221;60px&#8221; color=&#8221;#6411d9&#8243; margin_top=&#8221;20px&#8221; margin_bottom=&#8221;20px&#8221;][vc_column_text]<\/p>\n<h4>Gest\u00e3o persuasiva para aprendizado e pedagogia<\/h4>\n<p>Facilita iniciativas proativas para contatar pessoas, atrav\u00e9s de campanhas personalizadas que informam sobre obriga\u00e7\u00f5es de tr\u00e2nsito e governo.[\/vc_column_text][\/vc_column][vc_column width=&#8221;1\/3&#8243; css=&#8221;.vc_custom_1666702907844{margin-top: 0px !important;padding-right: 40px !important;padding-left: 40px !important;}&#8221;][vc_single_image image=&#8221;20307&#8243; img_size=&#8221;370&#215;247&#8243; alignment=&#8221;center&#8221;][separator width=&#8221;60px&#8221; color=&#8221;#6411d9&#8243; margin_top=&#8221;20px&#8221; margin_bottom=&#8221;20px&#8221;][vc_column_text]<\/p>\n<h4>Aten\u00e7\u00e3o as pessoas por chamadas entrantes<\/h4>\n<p>Este servi\u00e7o permite que as pessoas realizem consultas e recebam orienta\u00e7\u00e3o sobre solicita\u00e7\u00f5es e servi\u00e7os de maneira acess\u00edvel.<\/p>\n<p>[\/vc_column_text][\/vc_column][vc_column width=&#8221;1\/3&#8243; css=&#8221;.vc_custom_1666702901644{margin-top: 0px !important;padding-right: 40px !important;padding-left: 40px !important;}&#8221;][vc_single_image image=&#8221;20308&#8243; img_size=&#8221;370&#215;247&#8243; alignment=&#8221;center&#8221;][separator width=&#8221;60px&#8221; color=&#8221;#6411d9&#8243; margin_top=&#8221;20px&#8221; margin_bottom=&#8221;20px&#8221;][vc_column_text]<\/p>\n<h4>Atenci\u00f3n f\u00edsica personalizada<\/h4>\n<p><span style=\"font-weight: 400;\">Ofrecemos un servicio de atenci\u00f3n presencial en sedes f\u00edsicas, dise\u00f1ado para guiar a los ciudadanos durante su experiencia, facilitando y optimizando la realizaci\u00f3n de sus tr\u00e1mites.<\/span>[\/vc_column_text][\/vc_column][\/vc_row][vc_row top_padding=&#8221;40&#8243;][vc_column width=&#8221;1\/3&#8243; css=&#8221;.vc_custom_1666702896082{margin-top: 0px !important;padding-right: 40px !important;padding-left: 40px !important;}&#8221;][vc_single_image image=&#8221;20313&#8243; img_size=&#8221;370&#215;247&#8243; alignment=&#8221;center&#8221;][separator width=&#8221;60px&#8221; color=&#8221;#6411d9&#8243; margin_top=&#8221;20px&#8221; margin_bottom=&#8221;20px&#8221;][vc_column_text]<\/p>\n<h4>Tecnologia para gerenciamento de servi\u00e7o<\/h4>\n<p>Contamos com plataformas de telecomunica\u00e7\u00f5es e CRM que centralizam informa\u00e7\u00f5es cidad\u00e3s, gerenciam servi\u00e7os e coletam dados de organiza\u00e7\u00f5es de tr\u00e2nsito e contatos diretos.[\/vc_column_text][\/vc_column][vc_column width=&#8221;1\/3&#8243; css=&#8221;.vc_custom_1666702901644{margin-top: 0px !important;padding-right: 40px !important;padding-left: 40px !important;}&#8221;][vc_single_image image=&#8221;20312&#8243; img_size=&#8221;370&#215;247&#8243; alignment=&#8221;center&#8221;][separator width=&#8221;60px&#8221; color=&#8221;#6411d9&#8243; margin_top=&#8221;20px&#8221; margin_bottom=&#8221;20px&#8221;][vc_column_text]<\/p>\n<h4>Integra\u00e7\u00e3o com CIVii WhatsApp<\/h4>\n<p>O projeto conecta pessoas \u00e0s organiza\u00e7\u00f5es de tr\u00e2nsito via WhatsApp, integrando o assistente virtual CIVii. Se voc\u00ea busca que CIVii maneje 80% das intera\u00e7\u00f5es, deixando os 20% para assessores humanos atrav\u00e9s do mesmo canal.[\/vc_column_text][\/vc_column][vc_column width=&#8221;1\/3&#8243; css=&#8221;.vc_custom_1666702907844{margin-top: 0px !important;padding-right: 40px !important;padding-left: 40px !important;}&#8221;][vc_single_image image=&#8221;20314&#8243; img_size=&#8221;370&#215;247&#8243; alignment=&#8221;center&#8221;][separator width=&#8221;60px&#8221; color=&#8221;#6411d9&#8243; margin_top=&#8221;20px&#8221; margin_bottom=&#8221;20px&#8221;][vc_column_text]<\/p>\n<h4>Pesquisa de satisfa\u00e7\u00e3o<\/h4>\n<p>Avaliamos a experi\u00eancia da pessoa na linha telef\u00f4nica e nos consult\u00f3rios, monitorando o desempenho dos assessores e o sistema de resposta de voz interativa para garantir um servi\u00e7o de qualidade.[\/vc_column_text][\/vc_column][\/vc_row][vc_row][vc_column][vc_empty_space height=&#8221;60px&#8221;][\/vc_column][\/vc_row][\/vc_section][vc_section content_placement=&#8221;middle&#8221; css=&#8221;.vc_custom_1735601078995{margin-bottom: 10% !important;}&#8221;][vc_row][vc_column width=&#8221;1\/2&#8243; css=&#8221;.vc_custom_1735330305502{margin-top: 0px !important;}&#8221;][block_title style=&#8221;column_title&#8221; inner_style=&#8221;inline_border_circle&#8221; title=&#8221;Nosso atendimento personalizado est\u00e1 integrado \u00e0 Estrat\u00e9gia de Gest\u00e3o de Cobran\u00e7as, permitindo alcan\u00e7ar resultados mais eficientes e satisfat\u00f3rios.&#8221;][\/block_title][vc_column_text]Ao unir esses servi\u00e7os, facilitamos a comunica\u00e7\u00e3o personalizada entre a organiza\u00e7\u00e3o e a pessoa, alcan\u00e7ando uma entrega eficiente de informa\u00e7\u00f5es apoiada por uma gest\u00e3o automatizada por canais alternativos.<\/p>\n<p>Com uma comunica\u00e7\u00e3o oportuna, facilitamos que as pessoas se mantenham atualizados sobre suas obriga\u00e7\u00f5es governamentais e de tr\u00e2nsito.[\/vc_column_text][vc_empty_space height=&#8221;20px&#8221;][button title=&#8221;Conhe\u00e7a os detalhes da Estrat\u00e9gia de Gest\u00e3o de Cobran\u00e7as!&#8221; link=&#8221;https:\/\/www.quipux.com\/web\/estrategia-de-gestion-del-recaudo\/&#8221; icon=&#8221;&#8221;][\/vc_column][vc_column width=&#8221;1\/2&#8243;][vc_single_image image=&#8221;20306&#8243; img_size=&#8221;650&#215;550&#8243; alignment=&#8221;center&#8221;][\/vc_column][\/vc_row][vc_row][vc_column][vc_empty_space height=&#8221;60px&#8221;][\/vc_column][\/vc_row][vc_row][vc_column][vc_custom_heading text=&#8221;Por que Qonnection e n\u00e3o um contact center tradicional?&#8221; font_container=&#8221;tag:h1|text_align:center&#8221; use_theme_fonts=&#8221;yes&#8221;][\/vc_column][\/vc_row][vc_row][vc_column width=&#8221;1\/4&#8243;][services_small icon_color=&#8221;#6411d9&#8243; dynamic_content_type=&#8221;content&#8221; icon=&#8221;moon-checkmark-3&#8243;]Gest\u00e3o eficiente de portf\u00f3lio por meio de conhecimento e experi\u00eancia em tr\u00e2nsito e governo.[\/services_small][\/vc_column][vc_column width=&#8221;1\/4&#8243;][services_small icon_color=&#8221;#6411d9&#8243; dynamic_content_type=&#8221;content&#8221; icon=&#8221;moon-checkmark-3&#8243;]Interoperabilidade com entidades governamentais.[\/services_small][\/vc_column][vc_column width=&#8221;1\/4&#8243;][services_small icon_color=&#8221;#6411d9&#8243; dynamic_content_type=&#8221;content&#8221; icon=&#8221;moon-checkmark-3&#8243;]Omnichannel focado na experi\u00eancia positiva do cidad\u00e3o.[\/services_small][\/vc_column][vc_column width=&#8221;1\/4&#8243;][services_small icon_color=&#8221;#6411d9&#8243; dynamic_content_type=&#8221;content&#8221; icon=&#8221;moon-checkmark-3&#8243;]Informa\u00e7\u00f5es centralizadas em uma \u00fanica plataforma.[\/services_small][\/vc_column][\/vc_row][\/vc_section][vc_section css=&#8221;.vc_custom_1736863839117{margin-top: 8% !important;margin-bottom: 8% !important;background-position: center !important;background-repeat: no-repeat !important;background-size: contain !important;}&#8221;][vc_row][vc_column width=&#8221;1\/4&#8243;][\/vc_column][vc_column width=&#8221;1\/4&#8243;][vc_custom_heading text=&#8221;Saiba mais&#8221; font_container=&#8221;tag:h3|text_align:center&#8221; use_theme_fonts=&#8221;yes&#8221;][\/vc_column][vc_column width=&#8221;1\/4&#8243;][button title=&#8221;Entre em contato!&#8221; link=&#8221;https:\/\/www.quipux.com\/web\/contactanos\/&#8221; align=&#8221;center&#8221; icon=&#8221;&#8221;][\/vc_column][vc_column width=&#8221;1\/4&#8243;][\/vc_column][\/vc_row][vc_row][vc_column css=&#8221;.vc_custom_1736859659585{margin-top: 40px !important;}&#8221;][vc_custom_heading text=&#8221;\u00c9 assim que nossos clientes operam com a plataforma&#8221; font_container=&#8221;tag:h1|text_align:center&#8221; use_theme_fonts=&#8221;yes&#8221; css=&#8221;.vc_custom_1741952959971{margin-bottom: 20px !important;border-bottom-width: 20px !important;padding-bottom: 20px !important;}&#8221;][vc_column_text css=&#8221;.vc_custom_1741952980602{margin-top: 20px !important;}&#8221;]<\/p>\n<p style=\"text-align: center;\">Com uma estrat\u00e9gia focada na experi\u00eancia do cidad\u00e3o, buscamos otimizar as intera\u00e7\u00f5es, dar respostas r\u00e1pidas e oferecer solu\u00e7\u00f5es eficazes por meio de relacionamentos pr\u00f3ximos e positivos.<\/p>\n<p>[\/vc_column_text][\/vc_column][\/vc_row][vc_row][vc_column width=&#8221;1\/3&#8243;][vc_gallery interval=&#8221;3&#8243; images=&#8221;20326&#8243; img_size=&#8221;800&#215;1200&#8243;][\/vc_column][vc_column width=&#8221;1\/3&#8243;][vc_gallery interval=&#8221;3&#8243; images=&#8221;20329&#8243; img_size=&#8221;1200&#215;800&#8243; css=&#8221;.vc_custom_1736826372874{margin-top: 0px !important;margin-bottom: 0px !important;border-top-width: 0px !important;border-bottom-width: 0px !important;padding-top: 0px !important;padding-bottom: 0px !important;background-position: center !important;background-repeat: no-repeat !important;background-size: contain !important;}&#8221;][vc_gallery interval=&#8221;3&#8243; images=&#8221;20327&#8243; img_size=&#8221;1200&#215;700&#8243; css=&#8221;.vc_custom_1737563695075{margin-top: 0px !important;margin-bottom: 0px !important;border-top-width: 0px !important;border-bottom-width: 0px !important;padding-top: 0px !important;padding-bottom: 0px !important;}&#8221;][\/vc_column][vc_column width=&#8221;1\/3&#8243;][vc_gallery interval=&#8221;3&#8243; images=&#8221;20328&#8243; img_size=&#8221;800&#215;1200&#8243;][\/vc_column][\/vc_row][\/vc_section][vc_section][vc_row type=&#8221;full_width_content&#8221; bg_color=&#8221;#f3f4f7&#8243; top_padding=&#8221;30&#8243; bottom_padding=&#8221;30&#8243;][vc_column width=&#8221;1\/3&#8243; centered_cont=&#8221;true&#8221; centered_cont_vertical=&#8221;true&#8221;][block_title inner_style_title=&#8221;only_text&#8221; title=&#8221;Clientes&#8221;][\/block_title][\/vc_column][vc_column width=&#8221;2\/3&#8243; css=&#8221;.vc_custom_1664235627909{padding-right: 6% !important;}&#8221;]\t\n\t\t<div id=\"gs_logo_area_22\" data-sort=\"name\" data-shortcode-id=\"22\" class=\"gs_logo_area gs_logo_area_22 slider1 \" data-options='{\"logo_per_page\":\"6\"}' style=\"opacity: 0; visibility: hidden;\">\n\t\t\t<div class=\"gs_logo_area--inner\">\n\n\t\t\t\t<!-- Category Filters - New (Global) -->\n\t\t\t\t\t\n\t\t\t\t\n<div class=\"gs_logo_container gs_carousel_swiper gs_logo_fix_height_and_center\" data-carousel-config='{\"direction\":\"horizontal\",\"speed\":700,\"isAutoplay\":true,\"autoplayDelay\":2000,\"loop\":true,\"pauseOnHover\":true,\"ticker\":false,\"navs\":true,\"navs_pos\":\"left-right\",\"dots\":false,\"dynamic_dots\":true,\"slideSpace\":10,\"slidesPerGroup\":1,\"desktopLogos\":4,\"tabletLogos\":3,\"mobileLogos\":2,\"reverseDirection\":false}'>\n\n\t\n\t\t\n\t\t\t<div class=\"gs_logo_single--wrapper\">\n\t\t\t\t<div class=\"gs_logo_single\">\n\n\t\t\t\t\t<!-- Logo Img -->\n\t\t\t\t\t<img loading=\"lazy\" decoding=\"async\" width=\"300\" height=\"240\" src=\"https:\/\/www.quipux.com\/web\/wp-content\/uploads\/2024\/01\/Pereira-300x240.png\" class=\"tt-placement-top tt-bgcolor-one-%23ff5f6d tt-bgcolor-two-%23ffc371 tt-textcolor-%23fff gs-logo--img wp-post-image\" alt=\"\" title=\"Pereira\" srcset=\"https:\/\/www.quipux.com\/web\/wp-content\/uploads\/2024\/01\/Pereira-300x240.png 300w, https:\/\/www.quipux.com\/web\/wp-content\/uploads\/2024\/01\/Pereira.png 500w\" sizes=\"auto, (max-width: 300px) 100vw, 300px\" \/>\n\t\t\t\t\t<!-- Logo Title -->\n\t\t\t\t\t\t\t\t\t\t\n\t\t\t\t\t<!-- Logo Category -->\n\t\t\t\t\t\t\t\t\t\t\n\t\t\t\t<\/div>\n\t\t\t<\/div>\n\n\t\t\n\t\t\t<div class=\"gs_logo_single--wrapper\">\n\t\t\t\t<div class=\"gs_logo_single\">\n\n\t\t\t\t\t<!-- Logo Img -->\n\t\t\t\t\t<img loading=\"lazy\" decoding=\"async\" width=\"300\" height=\"240\" src=\"https:\/\/www.quipux.com\/web\/wp-content\/uploads\/2024\/01\/Atlantico-300x240.png\" class=\"tt-placement-top tt-bgcolor-one-%23ff5f6d tt-bgcolor-two-%23ffc371 tt-textcolor-%23fff gs-logo--img wp-post-image\" alt=\"\" title=\"Atl\u00e1ntico\" srcset=\"https:\/\/www.quipux.com\/web\/wp-content\/uploads\/2024\/01\/Atlantico-300x240.png 300w, https:\/\/www.quipux.com\/web\/wp-content\/uploads\/2024\/01\/Atlantico.png 500w\" sizes=\"auto, (max-width: 300px) 100vw, 300px\" \/>\n\t\t\t\t\t<!-- Logo Title -->\n\t\t\t\t\t\t\t\t\t\t\n\t\t\t\t\t<!-- Logo Category -->\n\t\t\t\t\t\t\t\t\t\t\n\t\t\t\t<\/div>\n\t\t\t<\/div>\n\n\t\t\n\t\t\t<div class=\"gs_logo_single--wrapper\">\n\t\t\t\t<div class=\"gs_logo_single\">\n\n\t\t\t\t\t<!-- Logo Img -->\n\t\t\t\t\t<img loading=\"lazy\" decoding=\"async\" width=\"300\" height=\"240\" src=\"https:\/\/www.quipux.com\/web\/wp-content\/uploads\/2024\/01\/Envigado-300x240.png\" class=\"tt-placement-top tt-bgcolor-one-%23ff5f6d tt-bgcolor-two-%23ffc371 tt-textcolor-%23fff gs-logo--img wp-post-image\" alt=\"\" title=\"Envigado\" srcset=\"https:\/\/www.quipux.com\/web\/wp-content\/uploads\/2024\/01\/Envigado-300x240.png 300w, https:\/\/www.quipux.com\/web\/wp-content\/uploads\/2024\/01\/Envigado.png 500w\" sizes=\"auto, (max-width: 300px) 100vw, 300px\" \/>\n\t\t\t\t\t<!-- Logo Title -->\n\t\t\t\t\t\t\t\t\t\t\n\t\t\t\t\t<!-- Logo Category -->\n\t\t\t\t\t\t\t\t\t\t\n\t\t\t\t<\/div>\n\t\t\t<\/div>\n\n\t\t\n\t\t\t<div class=\"gs_logo_single--wrapper\">\n\t\t\t\t<div class=\"gs_logo_single\">\n\n\t\t\t\t\t<!-- Logo Img -->\n\t\t\t\t\t<img loading=\"lazy\" decoding=\"async\" width=\"300\" height=\"240\" src=\"https:\/\/www.quipux.com\/web\/wp-content\/uploads\/2024\/01\/Medellin-300x240.png\" class=\"tt-placement-top tt-bgcolor-one-%23ff5f6d tt-bgcolor-two-%23ffc371 tt-textcolor-%23fff gs-logo--img wp-post-image\" alt=\"\" title=\"Medell\u00edn\" srcset=\"https:\/\/www.quipux.com\/web\/wp-content\/uploads\/2024\/01\/Medellin-300x240.png 300w, https:\/\/www.quipux.com\/web\/wp-content\/uploads\/2024\/01\/Medellin.png 500w\" sizes=\"auto, (max-width: 300px) 100vw, 300px\" \/>\n\t\t\t\t\t<!-- Logo Title -->\n\t\t\t\t\t\t\t\t\t\t\n\t\t\t\t\t<!-- Logo Category -->\n\t\t\t\t\t\t\t\t\t\t\n\t\t\t\t<\/div>\n\t\t\t<\/div>\n\n\t\t\n\t\t\t<div class=\"gs_logo_single--wrapper\">\n\t\t\t\t<div class=\"gs_logo_single\">\n\n\t\t\t\t\t<!-- Logo Img -->\n\t\t\t\t\t<img loading=\"lazy\" decoding=\"async\" width=\"300\" height=\"240\" src=\"https:\/\/www.quipux.com\/web\/wp-content\/uploads\/2024\/01\/Manizales-300x240.png\" class=\"tt-placement-top tt-bgcolor-one-%23ff5f6d tt-bgcolor-two-%23ffc371 tt-textcolor-%23fff gs-logo--img wp-post-image\" alt=\"\" title=\"Manizales\" srcset=\"https:\/\/www.quipux.com\/web\/wp-content\/uploads\/2024\/01\/Manizales-300x240.png 300w, https:\/\/www.quipux.com\/web\/wp-content\/uploads\/2024\/01\/Manizales.png 500w\" sizes=\"auto, (max-width: 300px) 100vw, 300px\" \/>\n\t\t\t\t\t<!-- Logo Title -->\n\t\t\t\t\t\t\t\t\t\t\n\t\t\t\t\t<!-- Logo Category -->\n\t\t\t\t\t\t\t\t\t\t\n\t\t\t\t<\/div>\n\t\t\t<\/div>\n\n\t\t\n\t\t\t<div class=\"gs_logo_single--wrapper\">\n\t\t\t\t<div class=\"gs_logo_single\">\n\n\t\t\t\t\t<!-- Logo Img -->\n\t\t\t\t\t<img loading=\"lazy\" decoding=\"async\" width=\"300\" height=\"240\" src=\"https:\/\/www.quipux.com\/web\/wp-content\/uploads\/2024\/01\/Cali-300x240.png\" class=\"tt-placement-top tt-bgcolor-one-%23ff5f6d tt-bgcolor-two-%23ffc371 tt-textcolor-%23fff gs-logo--img wp-post-image\" alt=\"\" title=\"Cali\" srcset=\"https:\/\/www.quipux.com\/web\/wp-content\/uploads\/2024\/01\/Cali-300x240.png 300w, https:\/\/www.quipux.com\/web\/wp-content\/uploads\/2024\/01\/Cali.png 500w\" sizes=\"auto, (max-width: 300px) 100vw, 300px\" \/>\n\t\t\t\t\t<!-- Logo Title -->\n\t\t\t\t\t\t\t\t\t\t\n\t\t\t\t\t<!-- Logo Category -->\n\t\t\t\t\t\t\t\t\t\t\n\t\t\t\t<\/div>\n\t\t\t<\/div>\n\n\t\t\t\t\n\t\n<\/div>\n\t\t\t\t<!-- Pagination -->\n\t\t\t\t\n\t\t\t<\/div>\n\t\t<\/div>\n\t\n\t\t<style>#gs_logo_area_22:not(.verticaltickerdown):not(.verticalticker) .gs_logo_container{margin-left:-5px}#gs_logo_area_22:not(.verticaltickerdown):not(.verticalticker) .gs_logo_container{margin-right:-5px}#gs_logo_area_22:not(.verticaltickerdown):not(.verticalticker) .gs_logo_single--wrapper{padding:5px}#gs_logo_area_22 ul.gs-logo-filter-cats{text-align:center!important}#gs_logo_area_22 .gs_logo_single--wrapper{width:25%}@media (max-width:1023px){#gs_logo_area_22 .gs_logo_single--wrapper{width:33.333333333333%}}@media (max-width:767px){#gs_logo_area_22 .gs_logo_single--wrapper{width:50%}}<\/style>[\/vc_column][\/vc_row][\/vc_section][vc_row][vc_column width=&#8221;1\/4&#8243; css=&#8221;.vc_custom_1663356676248{padding-top: 80px !important;}&#8221;][vc_custom_heading text=&#8221;Conhe\u00e7a nosso&#8221; font_container=&#8221;tag:h1|text_align:left&#8221; use_theme_fonts=&#8221;yes&#8221; css=&#8221;.vc_custom_1741953009122{padding-top: 30px !important;}&#8221;][vc_custom_heading text=&#8221;outras solu\u00e7\u00f5es&#8221; font_container=&#8221;tag:h1|text_align:left|color:%234e0da9&#8243; use_theme_fonts=&#8221;yes&#8221;][\/vc_column][vc_column width=&#8221;3\/4&#8243; column_padding=&#8221;5%&#8221;][recent_portfolio style=&#8221;basic_effect&#8221; columns=&#8221;3&#8243; carousel=&#8221;no&#8221; from_where=&#8221;cat&#8221; category=&#8221;83&#8243;][\/vc_column][\/vc_row]<\/p>\n<\/section>","protected":false},"excerpt":{"rendered":"<p>[vc_row full_width=&#8221;stretch_row_content_no_spaces&#8221; bg_image=&#8221;19406&#8243; bg_color=&#8221;#262236&#8243; text_color=&#8221;light&#8221; top_padding=&#8221;150&#8243; bottom_padding=&#8221;150&#8243;][vc_column][vc_custom_heading text=&#8221;Conex\u00e3o&#8221; font_container=&#8221;tag:h1|font_size:50px|text_align:left|line_height:70px&#8221; use_theme_fonts=&#8221;yes&#8221; css=&#8221;.vc_custom_1741952245201{padding-top: 80px !important;padding-right: 20px !important;padding-left: 20px !important;}&#8221;][\/vc_column][\/vc_row][vc_row top_padding=&#8221;40&#8243;][vc_column][vc_row_inner][vc_column_inner width=&#8221;5\/6&#8243;][block_title style=&#8221;column_title&#8221; inner_style=&#8221;inline_border_circle&#8221; title=&#8221;Somos pioneiros na integra\u00e7\u00e3o de canais f\u00edsicos e virtuais dos governos\u2026&#8221;][\/block_title][\/vc_column_inner][vc_column_inner width=&#8221;1\/6&#8243;][\/vc_column_inner][\/vc_row_inner][vc_row_inner css=&#8221;.vc_custom_1665161964085{padding-top: 20px !important;}&#8221;][vc_column_inner width=&#8221;1\/6&#8243;][\/vc_column_inner][vc_column_inner width=&#8221;2\/4&#8243;][vc_custom_heading text=&#8221;Oferecemos aten\u00e7\u00e3o integral as pessoas, mantendo informados e atualizados sobre suas responsabilidades perante as entidades governamentais. Al\u00e9m [&hellip;]<\/p>\n","protected":false},"author":1,"featured_media":0,"parent":0,"menu_order":0,"comment_status":"closed","ping_status":"closed","template":"","meta":{"footnotes":""},"class_list":["post-20406","page","type-page","status-publish","hentry"],"yoast_head":"<!-- This site is optimized with the Yoast SEO Premium plugin v15.6.2 - https:\/\/yoast.com\/wordpress\/plugins\/seo\/ -->\n<title>Qonnection | Quipux<\/title>\n<meta name=\"robots\" content=\"index, follow, max-snippet:-1, max-image-preview:large, max-video-preview:-1\" \/>\n<link rel=\"canonical\" href=\"https:\/\/www.quipux.com\/web\/qonnection\/?lang=pt-br\" \/>\n<meta property=\"og:locale\" content=\"es_ES\" \/>\n<meta property=\"og:type\" content=\"article\" \/>\n<meta property=\"og:title\" content=\"Qonnection | Quipux\" \/>\n<meta property=\"og:description\" content=\"[vc_row full_width=&#8221;stretch_row_content_no_spaces&#8221; bg_image=&#8221;19406&#8243; bg_color=&#8221;#262236&#8243; text_color=&#8221;light&#8221; top_padding=&#8221;150&#8243; bottom_padding=&#8221;150&#8243;][vc_column][vc_custom_heading text=&#8221;Conex\u00e3o&#8221; font_container=&#8221;tag:h1|font_size:50px|text_align:left|line_height:70px&#8221; use_theme_fonts=&#8221;yes&#8221; css=&#8221;.vc_custom_1741952245201{padding-top: 80px !important;padding-right: 20px !important;padding-left: 20px !important;}&#8221;][\/vc_column][\/vc_row][vc_row top_padding=&#8221;40&#8243;][vc_column][vc_row_inner][vc_column_inner width=&#8221;5\/6&#8243;][block_title style=&#8221;column_title&#8221; inner_style=&#8221;inline_border_circle&#8221; title=&#8221;Somos pioneiros na integra\u00e7\u00e3o de canais f\u00edsicos e virtuais dos governos\u2026&#8221;][\/block_title][\/vc_column_inner][vc_column_inner width=&#8221;1\/6&#8243;][\/vc_column_inner][\/vc_row_inner][vc_row_inner css=&#8221;.vc_custom_1665161964085{padding-top: 20px !important;}&#8221;][vc_column_inner width=&#8221;1\/6&#8243;][\/vc_column_inner][vc_column_inner width=&#8221;2\/4&#8243;][vc_custom_heading text=&#8221;Oferecemos aten\u00e7\u00e3o integral as pessoas, mantendo informados e atualizados sobre suas responsabilidades perante as entidades governamentais. Al\u00e9m [&hellip;]\" \/>\n<meta property=\"og:url\" content=\"https:\/\/www.quipux.com\/web\/qonnection\/?lang=pt-br\" \/>\n<meta property=\"og:site_name\" content=\"Quipux\" \/>\n<meta property=\"article:modified_time\" content=\"2025-03-14T11:51:14+00:00\" \/>\n<meta name=\"twitter:card\" content=\"summary_large_image\" \/>\n<meta name=\"twitter:label1\" content=\"Tiempo de lectura\">\n\t<meta name=\"twitter:data1\" content=\"4 minutos\">\n<script type=\"application\/ld+json\" class=\"yoast-schema-graph\">{\"@context\":\"https:\/\/schema.org\",\"@graph\":[{\"@type\":\"Organization\",\"@id\":\"https:\/\/www.quipux.com\/web\/#organization\",\"name\":\"Quipux\",\"url\":\"https:\/\/www.quipux.com\/web\/\",\"sameAs\":[],\"logo\":{\"@type\":\"ImageObject\",\"@id\":\"https:\/\/www.quipux.com\/web\/#logo\",\"inLanguage\":\"es\",\"url\":\"https:\/\/www.quipux.com\/web\/wp-content\/uploads\/2022\/10\/Logo-quipux-1.png\",\"width\":195,\"height\":41,\"caption\":\"Quipux\"},\"image\":{\"@id\":\"https:\/\/www.quipux.com\/web\/#logo\"}},{\"@type\":\"WebSite\",\"@id\":\"https:\/\/www.quipux.com\/web\/#website\",\"url\":\"https:\/\/www.quipux.com\/web\/\",\"name\":\"Quipux\",\"description\":\"\",\"publisher\":{\"@id\":\"https:\/\/www.quipux.com\/web\/#organization\"},\"potentialAction\":[{\"@type\":\"SearchAction\",\"target\":\"https:\/\/www.quipux.com\/web\/?s={search_term_string}\",\"query-input\":\"required name=search_term_string\"}],\"inLanguage\":\"es\"},{\"@type\":\"WebPage\",\"@id\":\"https:\/\/www.quipux.com\/web\/qonnection\/?lang=pt-br#webpage\",\"url\":\"https:\/\/www.quipux.com\/web\/qonnection\/?lang=pt-br\",\"name\":\"Qonnection | Quipux\",\"isPartOf\":{\"@id\":\"https:\/\/www.quipux.com\/web\/#website\"},\"datePublished\":\"2024-12-30T20:11:12+00:00\",\"dateModified\":\"2025-03-14T11:51:14+00:00\",\"inLanguage\":\"es\",\"potentialAction\":[{\"@type\":\"ReadAction\",\"target\":[\"https:\/\/www.quipux.com\/web\/qonnection\/?lang=pt-br\"]}]}]}<\/script>\n<!-- \/ Yoast SEO Premium plugin. -->","_links":{"self":[{"href":"https:\/\/www.quipux.com\/web\/wp-json\/wp\/v2\/pages\/20406","targetHints":{"allow":["GET"]}}],"collection":[{"href":"https:\/\/www.quipux.com\/web\/wp-json\/wp\/v2\/pages"}],"about":[{"href":"https:\/\/www.quipux.com\/web\/wp-json\/wp\/v2\/types\/page"}],"author":[{"embeddable":true,"href":"https:\/\/www.quipux.com\/web\/wp-json\/wp\/v2\/users\/1"}],"replies":[{"embeddable":true,"href":"https:\/\/www.quipux.com\/web\/wp-json\/wp\/v2\/comments?post=20406"}],"version-history":[{"count":5,"href":"https:\/\/www.quipux.com\/web\/wp-json\/wp\/v2\/pages\/20406\/revisions"}],"predecessor-version":[{"id":20459,"href":"https:\/\/www.quipux.com\/web\/wp-json\/wp\/v2\/pages\/20406\/revisions\/20459"}],"wp:attachment":[{"href":"https:\/\/www.quipux.com\/web\/wp-json\/wp\/v2\/media?parent=20406"}],"curies":[{"name":"wp","href":"https:\/\/api.w.org\/{rel}","templated":true}]}}