{"id":20470,"date":"2022-10-11T14:51:42","date_gmt":"2022-10-11T19:51:42","guid":{"rendered":"https:\/\/www.quipux.com\/web\/our-origin\/"},"modified":"2025-03-27T15:20:40","modified_gmt":"2025-03-27T20:20:40","slug":"our-origin","status":"publish","type":"page","link":"https:\/\/www.quipux.com\/web\/our-origin\/?lang=pt-br","title":{"rendered":"Nossa Origem"},"content":{"rendered":"<section class=\"wpb-content-wrapper\"><p>[vc_row full_width=&#8221;stretch_row_content_no_spaces&#8221; type=&#8221;full_width_background&#8221; bg_image=&#8221;15316&#8243; parallax_bg=&#8221;true&#8221; bg_color=&#8221;rgba(0,0,0,0.58)&#8221; text_color=&#8221;light&#8221; top_padding=&#8221;250&#8243; bottom_padding=&#8221;250&#8243;][vc_column][\/vc_column][\/vc_row][vc_row top_padding=&#8221;70&#8243;][vc_column width=&#8221;2\/3&#8243;][vc_custom_heading text=&#8221;A Quipu&#8230;&#8221; font_container=&#8221;tag:div|font_size:60px|text_align:left|color:%23262236|line_height:60px&#8221; use_theme_fonts=&#8221;yes&#8221; el_class=&#8221;bold-custom-headings&#8221;][vc_empty_space height=&#8221;20px&#8221;][vc_column_text css=&#8221;.vc_custom_1742234489555{padding-top: 20px !important;}&#8221;]<\/p>\n<h1 style=\"font-weight: normal; text-align: left;\">\u00c9 um instrumento usado pelos Incas.<\/h1>\n<p>[\/vc_column_text][vc_custom_heading text=&#8221;Se formos mais al\u00e9m, descobriremos que a Quipux pode ser considerado um sistema de nota\u00e7\u00e3o tridimensional, em que um conjunto de marcas ou tra\u00e7os ordenados permite preservar e transferir um conhecimento ou fato ao longo de v\u00e1rias gera\u00e7\u00f5es; Dessa forma, cada n\u00f3, cor e tor\u00e7\u00e3o serviram paralelamente para enriquecer a cultura de mais de 12 milh\u00f5es de habitantes.&#8221; font_container=&#8221;tag:p|text_align:left&#8221; use_theme_fonts=&#8221;yes&#8221;][\/vc_column][vc_column width=&#8221;1\/3&#8243;][\/vc_column][\/vc_row][vc_row type=&#8221;full_width_content&#8221; text_color=&#8221;light&#8221; top_padding=&#8221;60&#8243; bottom_padding=&#8221;0&#8243;][vc_column width=&#8221;1\/2&#8243; css=&#8221;.vc_custom_1667503244388{padding-top: 70px !important;padding-bottom: 70px !important;}&#8221;][media image=&#8221;15317&#8243;][\/vc_column][vc_column width=&#8221;1\/2&#8243; column_padding=&#8221;15%&#8221; css=&#8221;.vc_custom_1665614793405{background-color: #262236 !important;}&#8221;][block_title style=&#8221;column_title&#8221; title=&#8221;Elemento da matriz da cultura andina&#8221; second_title=&#8221;OUR ORIGIN&#8221;][\/block_title][vc_column_text]Como uma empresa cuja opera\u00e7\u00e3o \u00e9 baseada na coleta de informa\u00e7\u00f5es e dados, a Quipux incorpora em seu DNA o prop\u00f3sito dos antigos Quipus \u2013 armazenar e transferir por meio de elaborados instrumentos \u2013 para dar seu nome \u00e0 organiza\u00e7\u00e3o.[\/vc_column_text][vc_column_text]Vale destacar que os Quipux estavam presentes em todo o imp\u00e9rio inca e em cada cidade havia uma pessoa encarregada, o quipucamayoc, de fabric\u00e1-los com uma mensagem espec\u00edfica para que na cidade de destino outra pessoa pudesse interpret\u00e1-la e disseminar a informa\u00e7\u00e3o.[\/vc_column_text][vc_empty_space height=&#8221;30px&#8221;][\/vc_column][\/vc_row][vc_row class=&#8221;display-none-cel&#8221;][vc_column][\/vc_column][\/vc_row][vc_row top_padding=&#8221;70&#8243;][vc_column][vc_custom_heading text=&#8221;Trajet\u00f3ria&#8221; font_container=&#8221;tag:div|font_size:60px|text_align:left|color:%23262236|line_height:60px&#8221; use_theme_fonts=&#8221;yes&#8221; el_class=&#8221;bold-custom-headings&#8221;][vc_empty_space height=&#8221;20px&#8221;][vc_column_text]<\/p>\n<h1 style=\"font-weight: normal;\">Nossa hist\u00f3ria redefine a simplicidade e a sustentabilidade nas cidades<\/h1>\n<p>[\/vc_column_text][vc_row_inner css=&#8221;.vc_custom_1665161964085{padding-top: 20px !important;}&#8221;][vc_column_inner width=&#8221;1\/6&#8243;][\/vc_column_inner][vc_column_inner width=&#8221;5\/6&#8243;][vc_custom_heading text=&#8221;Em mais de 20 anos, conseguimos ser protagonistas da mudan\u00e7a nas cidades por meio de solu\u00e7\u00f5es inteligentes que melhoram a qualidade de vida das pessoas e permitem uma mobilidade mais sustent\u00e1vel e prazerosa. O norte para a transforma\u00e7\u00e3o digital continua vis\u00edvel ao longo dos anos, devido ao nosso senso de adaptabilidade, uma equipe comprometida e ao fato de acreditarmos em nos desafiar todos os dias para continuar fazendo o que amamos.&#8221; font_container=&#8221;tag:p|text_align:left&#8221; use_theme_fonts=&#8221;yes&#8221;][\/vc_column_inner][\/vc_row_inner][\/vc_column][\/vc_row][vc_row][vc_column]<!-- ========= Cool Timeline PRO 3.5 ========= --><div class=\"clt_preloader\"><img decoding=\"async\" alt=\"Preloader\" src=\"https:\/\/www.quipux.com\/web\/wp-content\/plugins\/cool-timeline-pro\/assets\/images\/preloader.gif\"><\/div><div  style=\"opacity:0\"\r\nclass=\"cool-timeline-horizontal white-timeline trajetoria ht-design-3\"  \r\nid=\"ctl-horizontal-slider-69f1f923f32ae\" \r\ndata-rtl=\"false\"\r\ndate-slider=\"ctl-h-slider-69f1f923f32ae\" \r\ndata-nav=\"nav-slider-69f1f923f32ae\" \r\ndata-items=\"4\" \r\ndata-start-on=\"0\" \r\ndata-autoplay=\"false\"\r\ndata-autoplay-speed=\"3000\">\r\n\r\n<div   class=\"timeline-wrapper white-timeline-wrapper hori-items-4\" ><div class=\"clt_carousel_slider\"  dir=\"\"><ul class=\"ctl_h_nav\" id=\"nav-slider-69f1f923f32ae\"> <li class=\"ht-dates-design-3\" id=\"story-id-20796\" data-date=\"story-id-20796\"><span class=\"ctl-story-time selected\"  data-date=\"story-id-20796\" ><div class=\"ctl-tooltips\"><span>1995<\/span><\/div><\/span><\/li> <li class=\"ht-dates-design-3\" id=\"story-id-20795\" data-date=\"story-id-20795\"><span class=\"ctl-story-time \"  data-date=\"story-id-20795\" ><div class=\"ctl-tooltips\"><span>1998<\/span><\/div><\/span><\/li> <li class=\"ht-dates-design-3\" id=\"story-id-20794\" data-date=\"story-id-20794\"><span class=\"ctl-story-time \"  data-date=\"story-id-20794\" ><div class=\"ctl-tooltips\"><span>1999<\/span><\/div><\/span><\/li> <li class=\"ht-dates-design-3\" id=\"story-id-20793\" data-date=\"story-id-20793\"><span class=\"ctl-story-time \"  data-date=\"story-id-20793\" ><div class=\"ctl-tooltips\"><span>2003<\/span><\/div><\/span><\/li> <li class=\"ht-dates-design-3\" id=\"story-id-20792\" data-date=\"story-id-20792\"><span class=\"ctl-story-time \"  data-date=\"story-id-20792\" ><div class=\"ctl-tooltips\"><span>2004<\/span><\/div><\/span><\/li> <li class=\"ht-dates-design-3\" id=\"story-id-20791\" data-date=\"story-id-20791\"><span class=\"ctl-story-time \"  data-date=\"story-id-20791\" ><div class=\"ctl-tooltips\"><span>2008<\/span><\/div><\/span><\/li> <li class=\"ht-dates-design-3\" id=\"story-id-20790\" data-date=\"story-id-20790\"><span class=\"ctl-story-time \"  data-date=\"story-id-20790\" ><div class=\"ctl-tooltips\"><span>2010<\/span><\/div><\/span><\/li> <li class=\"ht-dates-design-3\" id=\"story-id-20789\" data-date=\"story-id-20789\"><span class=\"ctl-story-time \"  data-date=\"story-id-20789\" ><div class=\"ctl-tooltips\"><span>2012<\/span><\/div><\/span><\/li> <li class=\"ht-dates-design-3\" id=\"story-id-20788\" data-date=\"story-id-20788\"><span class=\"ctl-story-time \"  data-date=\"story-id-20788\" ><div class=\"ctl-tooltips\"><span>2016<\/span><\/div><\/span><\/li> <li class=\"ht-dates-design-3\" id=\"story-id-20787\" data-date=\"story-id-20787\"><span class=\"ctl-story-time \"  data-date=\"story-id-20787\" ><div class=\"ctl-tooltips\"><span>2018<\/span><\/div><\/span><\/li><\/ul><\/div><div  class=\"clt_caru_slider\"  dir=\"\"><ul class=\"ctl_h_slides\"  id=\"ctl-h-slider-69f1f923f32ae\"><li id=\"story-id-20796-content\"  class=\"ht-design-3\"><div class=\"timeline-post light-grey-post ht-content-design-3\"><div class=\"ctl_info event-description full\"><div class=\"full-width\"><a title=\"Nossos primeiros clientes\"  href=\"https:\/\/www.quipux.com\/web\/wp-content\/uploads\/2021\/12\/timeline-xb-3.jpg\" class=\"ctl_prettyPhoto\"><img loading=\"lazy\" decoding=\"async\" width=\"500\" height=\"300\" src=\"https:\/\/www.quipux.com\/web\/wp-content\/uploads\/2021\/12\/timeline-xb-3.jpg\" class=\"story-img wp-post-image\" alt=\"man paying online\" srcset=\"https:\/\/www.quipux.com\/web\/wp-content\/uploads\/2021\/12\/timeline-xb-3.jpg 500w, https:\/\/www.quipux.com\/web\/wp-content\/uploads\/2021\/12\/timeline-xb-3-300x180.jpg 300w\" sizes=\"auto, (max-width: 500px) 100vw, 500px\" \/><\/a><\/div><h2 class=\"content-title-simple\"><a title=\"Nossos primeiros clientes\" href=\"https:\/\/www.quipux.com\/web\/timeline\/nuestros-primeros-clientes\/\">Nossos primeiros clientes<\/a><\/h2><div class=\"content-details\"><p>Nascemos como uma empresa de desenvolvimento de software especializada <strong>na \u00e1rea de tr\u00e2nsito<\/strong>. Nossos primeiros clientes foram os munic\u00edpios de Rionegro, Ciudad Bol\u00edvar e Itag\u00fc\u00ed. E, mais tarde, a Envigado.<\/p>\n<\/div><\/div><\/div><\/li><li id=\"story-id-20795-content\"  class=\"ht-design-3\"><div class=\"timeline-post light-grey-post ht-content-design-3\"><div class=\"ctl_info event-description full\"><div class=\"full-width\"><a title=\"Bogot\u00e1\"  href=\"https:\/\/www.quipux.com\/web\/wp-content\/uploads\/2021\/12\/timeline-BGTA-1.jpg\" class=\"ctl_prettyPhoto\"><img loading=\"lazy\" decoding=\"async\" width=\"500\" height=\"300\" src=\"https:\/\/www.quipux.com\/web\/wp-content\/uploads\/2021\/12\/timeline-BGTA-1.jpg\" class=\"story-img wp-post-image\" alt=\"Ciudad de Bogot\u00e1\" srcset=\"https:\/\/www.quipux.com\/web\/wp-content\/uploads\/2021\/12\/timeline-BGTA-1.jpg 500w, https:\/\/www.quipux.com\/web\/wp-content\/uploads\/2021\/12\/timeline-BGTA-1-300x180.jpg 300w\" sizes=\"auto, (max-width: 500px) 100vw, 500px\" \/><\/a><\/div><h2 class=\"content-title-simple\"><a title=\"Bogot\u00e1\" href=\"https:\/\/www.quipux.com\/web\/timeline\/bogota-2\/\">Bogot\u00e1<\/a><\/h2><div class=\"content-details\"><p>Assumimos o desafio de responder \u00e0 sistematiza\u00e7\u00e3o de processos em Bogot\u00e1, o maior \u00f3rg\u00e3o de tr\u00e2nsito da Col\u00f4mbia.<\/p>\n<\/div><\/div><\/div><\/li><li id=\"story-id-20794-content\"  class=\"ht-design-3\"><div class=\"timeline-post light-grey-post ht-content-design-3\"><div class=\"ctl_info event-description full\"><div class=\"full-width\"><a title=\"Cali\"  href=\"https:\/\/www.quipux.com\/web\/wp-content\/uploads\/2021\/12\/timeline-Cali-1.jpg\" class=\"ctl_prettyPhoto\"><img loading=\"lazy\" decoding=\"async\" width=\"500\" height=\"300\" src=\"https:\/\/www.quipux.com\/web\/wp-content\/uploads\/2021\/12\/timeline-Cali-1.jpg\" class=\"story-img wp-post-image\" alt=\"Ciudad de Cali\" srcset=\"https:\/\/www.quipux.com\/web\/wp-content\/uploads\/2021\/12\/timeline-Cali-1.jpg 500w, https:\/\/www.quipux.com\/web\/wp-content\/uploads\/2021\/12\/timeline-Cali-1-300x180.jpg 300w\" sizes=\"auto, (max-width: 500px) 100vw, 500px\" \/><\/a><\/div><h2 class=\"content-title-simple\"><a title=\"Cali\" href=\"https:\/\/www.quipux.com\/web\/timeline\/cali-2\/\">Cali<\/a><\/h2><div class=\"content-details\"><p>Continuamos a criar solu\u00e7\u00f5es que afetam o atendimento as pessoas e melhoram a efici\u00eancia na presta\u00e7\u00e3o de servi\u00e7os de tr\u00e2nsito e transporte. Iniciamos nossa opera\u00e7\u00e3o na ag\u00eancia de tr\u00e2nsito de Cali.<\/p>\n<\/div><\/div><\/div><\/li><li id=\"story-id-20793-content\"  class=\"ht-design-3\"><div class=\"timeline-post light-grey-post ht-content-design-3\"><div class=\"ctl_info event-description full\"><div class=\"full-width\"><a title=\"Moderniza\u00e7\u00e3o\"  href=\"https:\/\/www.quipux.com\/web\/wp-content\/uploads\/2021\/12\/timeline-ImpA-1.jpg\" class=\"ctl_prettyPhoto\"><img loading=\"lazy\" decoding=\"async\" width=\"500\" height=\"300\" src=\"https:\/\/www.quipux.com\/web\/wp-content\/uploads\/2021\/12\/timeline-ImpA-1.jpg\" class=\"story-img wp-post-image\" alt=\"plataforma de impuestos antioquia\" srcset=\"https:\/\/www.quipux.com\/web\/wp-content\/uploads\/2021\/12\/timeline-ImpA-1.jpg 500w, https:\/\/www.quipux.com\/web\/wp-content\/uploads\/2021\/12\/timeline-ImpA-1-300x180.jpg 300w\" sizes=\"auto, (max-width: 500px) 100vw, 500px\" \/><\/a><\/div><h2 class=\"content-title-simple\"><a title=\"Moderniza\u00e7\u00e3o\" href=\"https:\/\/www.quipux.com\/web\/timeline\/modernizacion\/\">Moderniza\u00e7\u00e3o<\/a><\/h2><div class=\"content-details\"><p>Alian\u00e7a com a Emtelco (agora UNE) que levou a projetos ambiciosos, como a moderniza\u00e7\u00e3o dos servi\u00e7os da Secretaria de Mobilidade de Medell\u00edn e impostos sobre ve\u00edculos com o governo de Antioquia.<\/p>\n<\/div><\/div><\/div><\/li><li id=\"story-id-20792-content\"  class=\"ht-design-3\"><div class=\"timeline-post light-grey-post ht-content-design-3\"><div class=\"ctl_info event-description full\"><div class=\"full-width\"><a title=\"SIMIT\"  href=\"https:\/\/www.quipux.com\/web\/wp-content\/uploads\/2008\/02\/simit-platform.png\" class=\"ctl_prettyPhoto\"><img loading=\"lazy\" decoding=\"async\" width=\"500\" height=\"300\" src=\"https:\/\/www.quipux.com\/web\/wp-content\/uploads\/2008\/02\/simit-platform.png\" class=\"story-img wp-post-image\" alt=\"simit-platform\" srcset=\"https:\/\/www.quipux.com\/web\/wp-content\/uploads\/2008\/02\/simit-platform.png 500w, https:\/\/www.quipux.com\/web\/wp-content\/uploads\/2008\/02\/simit-platform-300x180.png 300w\" sizes=\"auto, (max-width: 500px) 100vw, 500px\" \/><\/a><\/div><h2 class=\"content-title-simple\"><a title=\"SIMIT\" href=\"https:\/\/www.quipux.com\/web\/timeline\/simit-2\/\">SIMIT<\/a><\/h2><div class=\"content-details\"><p>Iniciamos a implementa\u00e7\u00e3o da solu\u00e7\u00e3o de software para registros de tr\u00e1fego na Secretaria de Mobilidade de Medell\u00edn e o desenvolvimento e a implementa\u00e7\u00e3o do Sistema Integrado de Multas por Infra\u00e7\u00e3o de Tr\u00e2nsito (SIMIT).<\/p>\n<\/div><\/div><\/div><\/li><li id=\"story-id-20791-content\"  class=\"ht-design-3\"><div class=\"timeline-post light-grey-post ht-content-design-3\"><div class=\"ctl_info event-description full\"><div class=\"full-width\"><a title=\"RUNT\"  href=\"https:\/\/www.quipux.com\/web\/wp-content\/uploads\/2021\/12\/timeline-runt.png\" class=\"ctl_prettyPhoto\"><img loading=\"lazy\" decoding=\"async\" width=\"500\" height=\"300\" src=\"https:\/\/www.quipux.com\/web\/wp-content\/uploads\/2021\/12\/timeline-runt.png\" class=\"story-img wp-post-image\" alt=\"RUNT\" srcset=\"https:\/\/www.quipux.com\/web\/wp-content\/uploads\/2021\/12\/timeline-runt.png 500w, https:\/\/www.quipux.com\/web\/wp-content\/uploads\/2021\/12\/timeline-runt-300x180.png 300w\" sizes=\"auto, (max-width: 500px) 100vw, 500px\" \/><\/a><\/div><h2 class=\"content-title-simple\"><a title=\"RUNT\" href=\"https:\/\/www.quipux.com\/web\/timeline\/runt-3\/\">RUNT<\/a><\/h2><div class=\"content-details\"><p>Participamos da arquitetura de software do RUNT, o primeiro projeto na Am\u00e9rica Latina a ter um \u00fanico banco de dados com 11 registros de tr\u00e1fego.<\/p>\n<\/div><\/div><\/div><\/li><li id=\"story-id-20790-content\"  class=\"ht-design-3\"><div class=\"timeline-post light-grey-post ht-content-design-3\"><div class=\"ctl_info event-description full\"><div class=\"full-width\"><a title=\"Medell\u00edn\"  href=\"https:\/\/www.quipux.com\/web\/wp-content\/uploads\/2021\/12\/timeline-Mvl-1.jpg\" class=\"ctl_prettyPhoto\"><img loading=\"lazy\" decoding=\"async\" width=\"500\" height=\"300\" src=\"https:\/\/www.quipux.com\/web\/wp-content\/uploads\/2021\/12\/timeline-Mvl-1.jpg\" class=\"story-img wp-post-image\" alt=\"Movilidad en linea\" srcset=\"https:\/\/www.quipux.com\/web\/wp-content\/uploads\/2021\/12\/timeline-Mvl-1.jpg 500w, https:\/\/www.quipux.com\/web\/wp-content\/uploads\/2021\/12\/timeline-Mvl-1-300x180.jpg 300w\" sizes=\"auto, (max-width: 500px) 100vw, 500px\" \/><\/a><\/div><h2 class=\"content-title-simple\"><a title=\"Medell\u00edn\" href=\"https:\/\/www.quipux.com\/web\/timeline\/medellin-2\/\">Medell\u00edn<\/a><\/h2><div class=\"content-details\"><p>Em parceria com a UNE, desenvolvemos o Sistema de Mobilidade Inteligente de Medell\u00edn. Esse projeto abriu um precedente na hist\u00f3ria do tr\u00e2nsito e do transporte na Col\u00f4mbia: inclus\u00e3o de tecnologias para o controle da mobilidade, descentraliza\u00e7\u00e3o de escrit\u00f3rios e unidades m\u00f3veis de atendimento.<\/p>\n<\/div><\/div><\/div><\/li><li id=\"story-id-20789-content\"  class=\"ht-design-3\"><div class=\"timeline-post light-grey-post ht-content-design-3\"><div class=\"ctl_info event-description full\"><div class=\"full-width\"><a title=\"Brasil\"  href=\"https:\/\/www.quipux.com\/web\/wp-content\/uploads\/2021\/12\/Timeline-brazil-1.jpg\" class=\"ctl_prettyPhoto\"><img loading=\"lazy\" decoding=\"async\" width=\"500\" height=\"300\" src=\"https:\/\/www.quipux.com\/web\/wp-content\/uploads\/2021\/12\/Timeline-brazil-1.jpg\" class=\"story-img wp-post-image\" alt=\"auto part\" srcset=\"https:\/\/www.quipux.com\/web\/wp-content\/uploads\/2021\/12\/Timeline-brazil-1.jpg 500w, https:\/\/www.quipux.com\/web\/wp-content\/uploads\/2021\/12\/Timeline-brazil-1-300x180.jpg 300w\" sizes=\"auto, (max-width: 500px) 100vw, 500px\" \/><\/a><\/div><h2 class=\"content-title-simple\"><a title=\"Brasil\" href=\"https:\/\/www.quipux.com\/web\/timeline\/brasil\/\">Brasil<\/a><\/h2><div class=\"content-details\"><p>Abrimos escrit\u00f3rios em S\u00e3o Paulo para centralizar os servi\u00e7os de tr\u00e2nsito oferecidos no Brasil e para come\u00e7ar a desenvolver nosso projeto CODEV.<\/p>\n<\/div><\/div><\/div><\/li><li id=\"story-id-20788-content\"  class=\"ht-design-3\"><div class=\"timeline-post light-grey-post ht-content-design-3\"><div class=\"ctl_info event-description full\"><div class=\"full-width\"><a title=\"Canad\u00e1\"  href=\"https:\/\/www.quipux.com\/web\/wp-content\/uploads\/2021\/12\/timeline-canada-1.jpg\" class=\"ctl_prettyPhoto\"><img loading=\"lazy\" decoding=\"async\" width=\"500\" height=\"300\" src=\"https:\/\/www.quipux.com\/web\/wp-content\/uploads\/2021\/12\/timeline-canada-1.jpg\" class=\"story-img wp-post-image\" alt=\"woman pointing at screen\" srcset=\"https:\/\/www.quipux.com\/web\/wp-content\/uploads\/2021\/12\/timeline-canada-1.jpg 500w, https:\/\/www.quipux.com\/web\/wp-content\/uploads\/2021\/12\/timeline-canada-1-300x180.jpg 300w\" sizes=\"auto, (max-width: 500px) 100vw, 500px\" \/><\/a><\/div><h2 class=\"content-title-simple\"><a title=\"Canad\u00e1\" href=\"https:\/\/www.quipux.com\/web\/timeline\/canada-2\/\">Canad\u00e1<\/a><\/h2><div class=\"content-details\"><p>A Quipux inicia projetos em Quebec, Canad\u00e1, em parceria com a ag\u00eancia de tr\u00e2nsito AQTr.<\/p>\n<\/div><\/div><\/div><\/li><li id=\"story-id-20787-content\"  class=\"ht-design-3\"><div class=\"timeline-post light-grey-post ht-content-design-3\"><div class=\"ctl_info event-description full\"><div class=\"full-width\"><a title=\"Movilidad\"  href=\"https:\/\/www.quipux.com\/web\/wp-content\/uploads\/2021\/12\/timeline-x-2.jpg\" class=\"ctl_prettyPhoto\"><img loading=\"lazy\" decoding=\"async\" width=\"500\" height=\"300\" src=\"https:\/\/www.quipux.com\/web\/wp-content\/uploads\/2021\/12\/timeline-x-2.jpg\" class=\"story-img wp-post-image\" alt=\"Movilidad\" srcset=\"https:\/\/www.quipux.com\/web\/wp-content\/uploads\/2021\/12\/timeline-x-2.jpg 500w, https:\/\/www.quipux.com\/web\/wp-content\/uploads\/2021\/12\/timeline-x-2-300x180.jpg 300w\" sizes=\"auto, (max-width: 500px) 100vw, 500px\" \/><\/a><\/div><h2 class=\"content-title-simple\"><a title=\"Movilidad\" href=\"https:\/\/www.quipux.com\/web\/timeline\/movilidad\/\">Movilidad<\/a><\/h2><div class=\"content-details\"><p>Lan\u00e7amos nosso projeto de servi\u00e7os digitais ao cidad\u00e3o em Medell\u00edn, uma plataforma chamada Movilidad en L\u00ednea da Secretaria de Mobilidade de Medell\u00edn, para realizar procedimentos de tr\u00e2nsito virtualmente, um marco na cidade!<\/p>\n<\/div><\/div><\/div><\/li><\/ul><\/div><\/div><\/div><style type=\"text\/css\"><\/style><!-- end  ================================================== -->[\/vc_column][\/vc_row][vc_row full_width=&#8221;stretch_row_content_no_spaces&#8221; content_placement=&#8221;middle&#8221; type=&#8221;full_width_background&#8221; bg_color=&#8221;#f3f4f7&#8243; top_padding=&#8221;70&#8243; bottom_padding=&#8221;70&#8243;][vc_column width=&#8221;1\/4&#8243;][\/vc_column][vc_column width=&#8221;1\/3&#8243; column_padding=&#8221;0%&#8221; css=&#8221;.vc_custom_1663277858321{margin-top: 0px !important;margin-bottom: 0px !important;padding-top: 0px !important;padding-bottom: 0px !important;}&#8221;][vc_custom_heading text=&#8221;Quer saber mais?&#8221; font_container=&#8221;tag:h2|text_align:center&#8221; use_theme_fonts=&#8221;yes&#8221;][\/vc_column][vc_column width=&#8221;1\/6&#8243;][button title=&#8221;Entre em contato&#8221; link=&#8221;https:\/\/www.quipux.com\/web\/contact-us\/&#8221; align=&#8221;center&#8221;][\/vc_column][vc_column width=&#8221;1\/4&#8243;][\/vc_column][\/vc_row]<\/p>\n<\/section>","protected":false},"excerpt":{"rendered":"<p>[vc_row full_width=&#8221;stretch_row_content_no_spaces&#8221; type=&#8221;full_width_background&#8221; bg_image=&#8221;15316&#8243; parallax_bg=&#8221;true&#8221; bg_color=&#8221;rgba(0,0,0,0.58)&#8221; text_color=&#8221;light&#8221; top_padding=&#8221;250&#8243; bottom_padding=&#8221;250&#8243;][vc_column][\/vc_column][\/vc_row][vc_row top_padding=&#8221;70&#8243;][vc_column width=&#8221;2\/3&#8243;][vc_custom_heading text=&#8221;A Quipu&#8230;&#8221; font_container=&#8221;tag:div|font_size:60px|text_align:left|color:%23262236|line_height:60px&#8221; use_theme_fonts=&#8221;yes&#8221; el_class=&#8221;bold-custom-headings&#8221;][vc_empty_space height=&#8221;20px&#8221;][vc_column_text css=&#8221;.vc_custom_1742234489555{padding-top: 20px !important;}&#8221;] \u00c9 um instrumento usado pelos Incas. [\/vc_column_text][vc_custom_heading text=&#8221;Se formos mais al\u00e9m, descobriremos que a Quipux pode ser considerado um sistema de nota\u00e7\u00e3o tridimensional, em que um conjunto de marcas ou..<a class=\"read_more ctl_read_more\" href=\"https:\/\/www.quipux.com\/web\/timeline\/movilidad\/\">Lee mas<\/a><\/p>\n","protected":false},"author":1,"featured_media":0,"parent":0,"menu_order":0,"comment_status":"closed","ping_status":"closed","template":"","meta":{"footnotes":""},"class_list":["post-20470","page","type-page","status-publish","hentry"],"yoast_head":"<!-- This site is optimized with the Yoast SEO Premium plugin v15.6.2 - https:\/\/yoast.com\/wordpress\/plugins\/seo\/ -->\n<title>Nossa Origem | Quipux<\/title>\n<meta name=\"robots\" content=\"index, follow, max-snippet:-1, max-image-preview:large, max-video-preview:-1\" \/>\n<link rel=\"canonical\" href=\"https:\/\/www.quipux.com\/web\/our-origin\/?lang=pt-br\" \/>\n<meta property=\"og:locale\" content=\"es_ES\" \/>\n<meta property=\"og:type\" content=\"article\" \/>\n<meta property=\"og:title\" content=\"Nossa Origem | Quipux\" \/>\n<meta property=\"og:description\" content=\"[vc_row full_width=&#8221;stretch_row_content_no_spaces&#8221; type=&#8221;full_width_background&#8221; bg_image=&#8221;15316&#8243; parallax_bg=&#8221;true&#8221; bg_color=&#8221;rgba(0,0,0,0.58)&#8221; text_color=&#8221;light&#8221; top_padding=&#8221;250&#8243; bottom_padding=&#8221;250&#8243;][vc_column][\/vc_column][\/vc_row][vc_row top_padding=&#8221;70&#8243;][vc_column width=&#8221;2\/3&#8243;][vc_custom_heading text=&#8221;A Quipu&#8230;&#8221; font_container=&#8221;tag:div|font_size:60px|text_align:left|color:%23262236|line_height:60px&#8221; use_theme_fonts=&#8221;yes&#8221; el_class=&#8221;bold-custom-headings&#8221;][vc_empty_space height=&#8221;20px&#8221;][vc_column_text css=&#8221;.vc_custom_1742234489555{padding-top: 20px !important;}&#8221;] \u00c9 um instrumento usado pelos Incas. [\/vc_column_text][vc_custom_heading text=&#8221;Se formos mais al\u00e9m, descobriremos que a Quipux pode ser considerado um sistema de nota\u00e7\u00e3o tridimensional, em que um conjunto de marcas ou..Lee mas\" \/>\n<meta property=\"og:url\" content=\"https:\/\/www.quipux.com\/web\/our-origin\/?lang=pt-br\" \/>\n<meta property=\"og:site_name\" content=\"Quipux\" \/>\n<meta property=\"article:modified_time\" content=\"2025-03-27T20:20:40+00:00\" \/>\n<meta name=\"twitter:card\" content=\"summary_large_image\" \/>\n<meta name=\"twitter:label1\" content=\"Tiempo de lectura\">\n\t<meta name=\"twitter:data1\" content=\"2 minutos\">\n<script type=\"application\/ld+json\" class=\"yoast-schema-graph\">{\"@context\":\"https:\/\/schema.org\",\"@graph\":[{\"@type\":\"Organization\",\"@id\":\"https:\/\/www.quipux.com\/web\/#organization\",\"name\":\"Quipux\",\"url\":\"https:\/\/www.quipux.com\/web\/\",\"sameAs\":[],\"logo\":{\"@type\":\"ImageObject\",\"@id\":\"https:\/\/www.quipux.com\/web\/#logo\",\"inLanguage\":\"es\",\"url\":\"https:\/\/www.quipux.com\/web\/wp-content\/uploads\/2022\/10\/Logo-quipux-1.png\",\"width\":195,\"height\":41,\"caption\":\"Quipux\"},\"image\":{\"@id\":\"https:\/\/www.quipux.com\/web\/#logo\"}},{\"@type\":\"WebSite\",\"@id\":\"https:\/\/www.quipux.com\/web\/#website\",\"url\":\"https:\/\/www.quipux.com\/web\/\",\"name\":\"Quipux\",\"description\":\"\",\"publisher\":{\"@id\":\"https:\/\/www.quipux.com\/web\/#organization\"},\"potentialAction\":[{\"@type\":\"SearchAction\",\"target\":\"https:\/\/www.quipux.com\/web\/?s={search_term_string}\",\"query-input\":\"required name=search_term_string\"}],\"inLanguage\":\"es\"},{\"@type\":\"WebPage\",\"@id\":\"https:\/\/www.quipux.com\/web\/our-origin\/?lang=pt-br#webpage\",\"url\":\"https:\/\/www.quipux.com\/web\/our-origin\/?lang=pt-br\",\"name\":\"Nossa Origem | Quipux\",\"isPartOf\":{\"@id\":\"https:\/\/www.quipux.com\/web\/#website\"},\"datePublished\":\"2022-10-11T19:51:42+00:00\",\"dateModified\":\"2025-03-27T20:20:40+00:00\",\"inLanguage\":\"es\",\"potentialAction\":[{\"@type\":\"ReadAction\",\"target\":[\"https:\/\/www.quipux.com\/web\/our-origin\/?lang=pt-br\"]}]}]}<\/script>\n<!-- \/ Yoast SEO Premium plugin. -->","_links":{"self":[{"href":"https:\/\/www.quipux.com\/web\/wp-json\/wp\/v2\/pages\/20470","targetHints":{"allow":["GET"]}}],"collection":[{"href":"https:\/\/www.quipux.com\/web\/wp-json\/wp\/v2\/pages"}],"about":[{"href":"https:\/\/www.quipux.com\/web\/wp-json\/wp\/v2\/types\/page"}],"author":[{"embeddable":true,"href":"https:\/\/www.quipux.com\/web\/wp-json\/wp\/v2\/users\/1"}],"replies":[{"embeddable":true,"href":"https:\/\/www.quipux.com\/web\/wp-json\/wp\/v2\/comments?post=20470"}],"version-history":[{"count":4,"href":"https:\/\/www.quipux.com\/web\/wp-json\/wp\/v2\/pages\/20470\/revisions"}],"predecessor-version":[{"id":20825,"href":"https:\/\/www.quipux.com\/web\/wp-json\/wp\/v2\/pages\/20470\/revisions\/20825"}],"wp:attachment":[{"href":"https:\/\/www.quipux.com\/web\/wp-json\/wp\/v2\/media?parent=20470"}],"curies":[{"name":"wp","href":"https:\/\/api.w.org\/{rel}","templated":true}]}}