{"id":20472,"date":"2022-10-13T02:43:48","date_gmt":"2022-10-13T07:43:48","guid":{"rendered":"https:\/\/www.quipux.com\/web\/compliance-policies\/"},"modified":"2025-04-09T11:39:06","modified_gmt":"2025-04-09T16:39:06","slug":"compliance-policies","status":"publish","type":"page","link":"https:\/\/www.quipux.com\/web\/compliance-policies\/?lang=pt-br","title":{"rendered":"Pol\u00edticas de conformidade"},"content":{"rendered":"<section class=\"wpb-content-wrapper\"><p>[vc_row bg_color=&#8221;#262236&#8243; top_padding=&#8221;150&#8243; bottom_padding=&#8221;150&#8243;][vc_column][vc_custom_heading text=&#8221;Pol\u00edticas de conformidade&#8221; font_container=&#8221;tag:div|font_size:50px|text_align:left|color:%23ffffff|line_height:54px&#8221; use_theme_fonts=&#8221;yes&#8221; el_class=&#8221;bold-custom-headings&#8221;][vc_empty_space height=&#8221;20&#8243;][\/vc_column][\/vc_row][vc_row full_width=&#8221;stretch_row_content_no_spaces&#8221; type=&#8221;full_width_content&#8221; bottom_padding=&#8221;50&#8243;][vc_column css=&#8221;.vc_custom_1667501304756{padding-right: 20px !important;padding-left: 20px !important;}&#8221;][vc_tta_tabs shape=&#8221;square&#8221; color=&#8221;white&#8221; spacing=&#8221;5&#8243; alignment=&#8221;center&#8221; active_section=&#8221;1&#8243; css_animation=&#8221;none&#8221; css=&#8221;.vc_custom_1667501897993{padding-right: 10px !important;padding-left: 10px !important;}&#8221;][vc_tta_section title=&#8221;Pol\u00edtica de tratamento de dados pessoais&#8221; tab_id=&#8221;politica&#8221;][vc_empty_space height=&#8221;80&#8243; el_class=&#8221;display-none-cel&#8221;][vc_row_inner css=&#8221;.vc_custom_1667500804868{padding-right: 0px !important;padding-left: 0px !important;}&#8221;][vc_column_inner width=&#8221;2\/5&#8243;][block_title style=&#8221;column_title&#8221; inner_style=&#8221;inline_border_circle&#8221; title=&#8221;Transpar\u00eancia e responsabilidade&#8221;][\/block_title][\/vc_column_inner][vc_column_inner width=&#8221;3\/5&#8243;][vc_custom_heading text=&#8221;Ter uma Pol\u00edtica de Processamento de Dados e um C\u00f3digo de \u00c9tica tem para n\u00f3s o objetivo de descrever comportamentos ou condutas que nos ajudem a fortalecer a confian\u00e7a com nossos stakeholders, buscando assim manter uma cultura de transpar\u00eancia e responsabilidade, sob diretrizes de conduta que nos permitam desenvolver nosso trabalho a partir de crit\u00e9rios de prud\u00eancia, boa \u00e9tica e profissionalismo.&#8221; font_container=&#8221;tag:p|text_align:left&#8221; use_theme_fonts=&#8221;yes&#8221;][\/vc_column_inner][\/vc_row_inner][vc_empty_space height=&#8221;80&#8243; el_class=&#8221;display-none-cel&#8221;][vc_row_inner css=&#8221;.vc_custom_1667500925082{padding-bottom: 80px !important;}&#8221;][vc_column_inner width=&#8221;3\/5&#8243;][vc_single_image image=&#8221;19842&#8243; img_size=&#8221;full&#8221;][\/vc_column_inner][vc_column_inner width=&#8221;2\/5&#8243;][vc_custom_heading text=&#8221;Esta pol\u00edtica \u00e9 emitida em conformidade com a Lei 1.581 de 2012 e seu Decreto Regulamentador 1.377 de 2013, com o objetivo de assegurar o cumprimento de tais regulamentos e proporcionar o tratamento adequado dos dados pessoais, garantindo os direitos dos Titulares.&#8221; font_container=&#8221;tag:p|text_align:left&#8221; use_theme_fonts=&#8221;yes&#8221;][vc_empty_space height=&#8221;15&#8243;][vc_raw_html]PGRpdiBjbGFzcz0id3BiX3dyYXBwZXIiPjxkaXYgY2xhc3M9IndwYl9jb250ZW50X2VsZW1lbnQgYnV0dG9uICI+PGEgY2xhc3M9ImJ0bi1idCBhbGlnbi1sZWZ0IGRlZmF1bHQiIGhyZWY9Imh0dHBzOi8vd3d3LnF1aXB1eC5jb20vd2ViL3dwLWNvbnRlbnQvdXBsb2Fkcy8yMDIyLzExL1BPTElUSUNBLVRSQVRBTUlFTlRPLURBVE9TLTEzLTEwLTIwLS5wZGYiIHRhcmdldD0iX2JsYW5rIj48c3Bhbj5Eb3dubG9hZCBpdCBoZXJlPC9zcGFuPjxzcGFuIGNsYXNzPSJvdmVybGF5Ij48L3NwYW4+PC9hPjwvZGl2PjwvZGl2Pg==[\/vc_raw_html][\/vc_column_inner][\/vc_row_inner][\/vc_tta_section][vc_tta_section title=&#8221;C\u00f3digo de \u00e9tica e boa governan\u00e7a&#8221; tab_id=&#8221;1665622443084-37a55aac-5e38&#8243;][vc_empty_space height=&#8221;80&#8243; el_class=&#8221;display-none-cel&#8221;][vc_row_inner][vc_column_inner width=&#8221;2\/5&#8243;][block_title style=&#8221;column_title&#8221; inner_style=&#8221;inline_border_circle&#8221; title=&#8221;Um guia essencial para os neg\u00f3cios cotidianos&#8221;][\/block_title][\/vc_column_inner][vc_column_inner width=&#8221;3\/5&#8243;][vc_custom_heading text=&#8221;Este \u00e9 o regulamento que legaliza o comportamento profissional de todos os funcion\u00e1rios da empresa e os orienta para que possam agir de acordo com os valores da Quipux durante o exerc\u00edcio de suas fun\u00e7\u00f5es. Deve-se observar que sua viola\u00e7\u00e3o ser\u00e1 sancionada por meio do procedimento estabelecido.&#8221; font_container=&#8221;tag:p|text_align:left&#8221; use_theme_fonts=&#8221;yes&#8221;][\/vc_column_inner][\/vc_row_inner][vc_empty_space height=&#8221;80&#8243; el_class=&#8221;display-none-cel&#8221;][vc_row_inner css=&#8221;.vc_custom_1667501450847{padding-bottom: 80px !important;}&#8221;][vc_column_inner width=&#8221;3\/5&#8243;][vc_single_image image=&#8221;19843&#8243; img_size=&#8221;full&#8221;][\/vc_column_inner][vc_column_inner width=&#8221;2\/5&#8243;][vc_custom_heading text=&#8221;A \u00e9tica \u00e9 a ess\u00eancia de uma organiza\u00e7\u00e3o, o que define sua presen\u00e7a no mercado e o que est\u00e1 na base das decis\u00f5es de cada membro de nossa fam\u00edlia. Sua import\u00e2ncia reside no fato de que ela \u00e9, ao mesmo tempo, um guia e uma espinha dorsal na constru\u00e7\u00e3o da credibilidade do nosso trabalho, mas, acima de tudo, do nosso DNA.&#8221; font_container=&#8221;tag:p|text_align:left&#8221; use_theme_fonts=&#8221;yes&#8221;][vc_empty_space height=&#8221;15&#8243;][vc_raw_html]PGRpdiBjbGFzcz0id3BiX3dyYXBwZXIiPjxkaXYgY2xhc3M9IndwYl9jb250ZW50X2VsZW1lbnQgYnV0dG9uICI+PGEgY2xhc3M9ImJ0bi1idCBhbGlnbi1sZWZ0IGRlZmF1bHQiIGhyZWY9Imh0dHBzOi8vd3d3LnF1aXB1eC5jb20vd2ViL3dwLWNvbnRlbnQvdXBsb2Fkcy8yMDIyLzExL0NvZGlnb19kZV9FdGljYV95X0J1ZW5fR29iaWVybm9fRklOQUwucGRmIiB0YXJnZXQ9Il9ibGFuayI+PHNwYW4+RG93bmxvYWQgaXQgaGVyZTwvc3Bhbj48c3BhbiBjbGFzcz0ib3ZlcmxheSI+PC9zcGFuPjwvYT48L2Rpdj48L2Rpdj4=[\/vc_raw_html][\/vc_column_inner][\/vc_row_inner][\/vc_tta_section][vc_tta_section title=&#8221;SAGRILAFT&#8221; tab_id=&#8221;1665623005471-e6383b06-2ccb&#8221;][vc_empty_space height=&#8221;80&#8243; el_class=&#8221;display-none-cel&#8221;][vc_row_inner][vc_column_inner][block_title style=&#8221;column_title&#8221; inner_style=&#8221;inline_border_circle&#8221; title=&#8221;O SAGRILAFT tem os seguintes objetivos&#8221;][\/block_title][\/vc_column_inner][\/vc_row_inner][vc_empty_space height=&#8221;40&#8243; el_class=&#8221;display-none-cel&#8221;][vc_row_inner css=&#8221;.vc_custom_1667501675593{padding-bottom: 80px !important;}&#8221;][vc_column_inner width=&#8221;2\/5&#8243;][vc_single_image image=&#8221;19844&#8243; img_size=&#8221;full&#8221;][\/vc_column_inner][vc_column_inner width=&#8221;3\/5&#8243;][vc_custom_heading text=&#8221;Estabelecer diretrizes e controles para gerenciar o risco LAFT\/FPADM, evitando que a Quipux seja utilizada como instrumento de lavagem de ativos, financiamento do terrorismo ou financiamento da prolifera\u00e7\u00e3o de armas de destrui\u00e7\u00e3o em massa.Promover, dentro da empresa, a cultura do Autocontrole e da Gest\u00e3o de Riscos A\/FT\/FPADM, definindo os pap\u00e9is e responsabilidades de cada um dos acionistas, funcion\u00e1rios, parceiros e fornecedores em rela\u00e7\u00e3o \u00e0 SAGRILAFT. Estabelecer pol\u00edticas e procedimentos internos que permitam a todos os funcion\u00e1rios, executivos, gerentes e diretores da empresa ter crit\u00e9rios objetivos e t\u00e9cnicos sobre a preven\u00e7\u00e3o de lavagem de dinheiro, financiamento do terrorismo e financiamento da prolifera\u00e7\u00e3o de armas de destrui\u00e7\u00e3o em massa.&#8221; font_container=&#8221;tag:p|text_align:left&#8221; use_theme_fonts=&#8221;yes&#8221;][vc_empty_space height=&#8221;15&#8243;][vc_raw_html]PGRpdiBjbGFzcz0id3BiX3dyYXBwZXIiPjxkaXYgY2xhc3M9IndwYl9jb250ZW50X2VsZW1lbnQgYnV0dG9uICI+PGEgY2xhc3M9ImJ0bi1idCBhbGlnbi1sZWZ0IGRlZmF1bHQiIGhyZWY9Imh0dHBzOi8vd3d3LnF1aXB1eC5jb20vd2ViL3dwLWNvbnRlbnQvdXBsb2Fkcy8yMDIyLzExL01BTlVBTC1TQUdSSUxBRlQtUVVJUFVYLVZGMy5wZGYiIHRhcmdldD0iX2JsYW5rIj48c3Bhbj5Eb3dubG9hZCBpdCBoZXJlPC9zcGFuPjxzcGFuIGNsYXNzPSJvdmVybGF5Ij48L3NwYW4+PC9hPjwvZGl2PjwvZGl2Pg==[\/vc_raw_html][\/vc_column_inner][\/vc_row_inner][\/vc_tta_section][vc_tta_section title=&#8221;PTEE&#8221; tab_id=&#8221;1665623004495-57f9da4f-4b93&#8243;][vc_empty_space height=&#8221;80&#8243; el_class=&#8221;display-none-cel&#8221;][vc_row_inner][vc_column_inner width=&#8221;2\/5&#8243;][block_title style=&#8221;column_title&#8221; inner_style=&#8221;inline_border_circle&#8221; title=&#8221;Programas de transpar\u00eancia e \u00e9tica nos neg\u00f3cios&#8221;]PTEE[\/block_title][\/vc_column_inner][vc_column_inner width=&#8221;3\/5&#8243;][vc_custom_heading text=&#8221;A Quipux se compromete a cumprir as normas nacionais e internacionais aplic\u00e1veis para o combate e preven\u00e7\u00e3o ao suborno e \u00e0 corrup\u00e7\u00e3o transnacional, assumindo um comportamento de toler\u00e2ncia zero a essas pr\u00e1ticas criminosas e buscando garantir integridade, transpar\u00eancia e \u00e9tica no desenvolvimento de seu objeto social e na atua\u00e7\u00e3o de suas contrapartes.&#8221; font_container=&#8221;tag:p|text_align:left&#8221; use_theme_fonts=&#8221;yes&#8221;][\/vc_column_inner][\/vc_row_inner][vc_empty_space height=&#8221;80&#8243; el_class=&#8221;display-none-cel&#8221;][vc_row_inner css=&#8221;.vc_custom_1667501700272{padding-bottom: 80px !important;}&#8221;][vc_column_inner width=&#8221;3\/5&#8243;][vc_single_image image=&#8221;19845&#8243; img_size=&#8221;full&#8221;][\/vc_column_inner][vc_column_inner width=&#8221;2\/5&#8243;][vc_custom_heading text=&#8221;Por isso, foi implementado o Manual de Conformidade dos Programas de Transpar\u00eancia e \u00c9tica nos Neg\u00f3cios, por meio do qual s\u00e3o estabelecidas e divulgadas as pol\u00edticas e os procedimentos obrigat\u00f3rios que todos os acionistas, gerentes, funcion\u00e1rios, parceiros, clientes e fornecedores devem observar durante o per\u00edodo em que estiverem vinculados \u00e0 empresa.&#8221; font_container=&#8221;tag:p|text_align:left&#8221; use_theme_fonts=&#8221;yes&#8221;][vc_empty_space height=&#8221;15&#8243;][vc_raw_html]PGRpdiBjbGFzcz0id3BiX3dyYXBwZXIiPjxkaXYgY2xhc3M9IndwYl9jb250ZW50X2VsZW1lbnQgYnV0dG9uICI+PGEgY2xhc3M9ImJ0bi1idCBhbGlnbi1sZWZ0IGRlZmF1bHQiIGhyZWY9Imh0dHBzOi8vd3d3LnF1aXB1eC5jb20vd2ViL3dwLWNvbnRlbnQvdXBsb2Fkcy8yMDIyLzExL01BTlVBTC1ERS1DVU1QTElNSUVOVE8tUFRFRVZGLTEucGRmIiB0YXJnZXQ9Il9ibGFuayI+PHNwYW4+RG93bmxvYWQgaXQgaGVyZTwvc3Bhbj48c3BhbiBjbGFzcz0ib3ZlcmxheSI+PC9zcGFuPjwvYT48L2Rpdj48L2Rpdj4=[\/vc_raw_html][\/vc_column_inner][\/vc_row_inner][\/vc_tta_section][\/vc_tta_tabs][\/vc_column][\/vc_row]<\/p>\n<\/section>","protected":false},"excerpt":{"rendered":"<p>[vc_row bg_color=&#8221;#262236&#8243; top_padding=&#8221;150&#8243; bottom_padding=&#8221;150&#8243;][vc_column][vc_custom_heading text=&#8221;Pol\u00edticas de conformidade&#8221; font_container=&#8221;tag:div|font_size:50px|text_align:left|color:%23ffffff|line_height:54px&#8221; use_theme_fonts=&#8221;yes&#8221; el_class=&#8221;bold-custom-headings&#8221;][vc_empty_space height=&#8221;20&#8243;][\/vc_column][\/vc_row][vc_row full_width=&#8221;stretch_row_content_no_spaces&#8221; type=&#8221;full_width_content&#8221; bottom_padding=&#8221;50&#8243;][vc_column css=&#8221;.vc_custom_1667501304756{padding-right: 20px !important;padding-left: 20px !important;}&#8221;][vc_tta_tabs shape=&#8221;square&#8221; color=&#8221;white&#8221; spacing=&#8221;5&#8243; alignment=&#8221;center&#8221; active_section=&#8221;1&#8243; css_animation=&#8221;none&#8221; css=&#8221;.vc_custom_1667501897993{padding-right: 10px !important;padding-left: 10px !important;}&#8221;][vc_tta_section title=&#8221;Pol\u00edtica de tratamento de dados pessoais&#8221; tab_id=&#8221;politica&#8221;][vc_empty_space height=&#8221;80&#8243; el_class=&#8221;display-none-cel&#8221;][vc_row_inner css=&#8221;.vc_custom_1667500804868{padding-right: 0px !important;padding-left: 0px !important;}&#8221;][vc_column_inner width=&#8221;2\/5&#8243;][block_title style=&#8221;column_title&#8221; inner_style=&#8221;inline_border_circle&#8221; title=&#8221;Transpar\u00eancia e responsabilidade&#8221;][\/block_title][\/vc_column_inner][vc_column_inner width=&#8221;3\/5&#8243;][vc_custom_heading text=&#8221;Ter uma Pol\u00edtica de [&hellip;]<\/p>\n","protected":false},"author":1,"featured_media":0,"parent":0,"menu_order":0,"comment_status":"closed","ping_status":"closed","template":"","meta":{"footnotes":""},"class_list":["post-20472","page","type-page","status-publish","hentry"],"yoast_head":"<!-- This site is optimized with the Yoast SEO Premium plugin v15.6.2 - https:\/\/yoast.com\/wordpress\/plugins\/seo\/ -->\n<title>Pol\u00edticas de conformidade | Quipux<\/title>\n<meta name=\"robots\" content=\"index, follow, max-snippet:-1, max-image-preview:large, max-video-preview:-1\" \/>\n<link rel=\"canonical\" href=\"https:\/\/www.quipux.com\/web\/compliance-policies\/?lang=pt-br\" \/>\n<meta property=\"og:locale\" content=\"es_ES\" \/>\n<meta property=\"og:type\" content=\"article\" \/>\n<meta property=\"og:title\" content=\"Pol\u00edticas de conformidade | Quipux\" \/>\n<meta property=\"og:description\" content=\"[vc_row bg_color=&#8221;#262236&#8243; top_padding=&#8221;150&#8243; bottom_padding=&#8221;150&#8243;][vc_column][vc_custom_heading text=&#8221;Pol\u00edticas de conformidade&#8221; font_container=&#8221;tag:div|font_size:50px|text_align:left|color:%23ffffff|line_height:54px&#8221; use_theme_fonts=&#8221;yes&#8221; el_class=&#8221;bold-custom-headings&#8221;][vc_empty_space height=&#8221;20&#8243;][\/vc_column][\/vc_row][vc_row full_width=&#8221;stretch_row_content_no_spaces&#8221; type=&#8221;full_width_content&#8221; bottom_padding=&#8221;50&#8243;][vc_column css=&#8221;.vc_custom_1667501304756{padding-right: 20px !important;padding-left: 20px !important;}&#8221;][vc_tta_tabs shape=&#8221;square&#8221; color=&#8221;white&#8221; spacing=&#8221;5&#8243; alignment=&#8221;center&#8221; active_section=&#8221;1&#8243; css_animation=&#8221;none&#8221; css=&#8221;.vc_custom_1667501897993{padding-right: 10px !important;padding-left: 10px !important;}&#8221;][vc_tta_section title=&#8221;Pol\u00edtica de tratamento de dados pessoais&#8221; tab_id=&#8221;politica&#8221;][vc_empty_space height=&#8221;80&#8243; el_class=&#8221;display-none-cel&#8221;][vc_row_inner css=&#8221;.vc_custom_1667500804868{padding-right: 0px !important;padding-left: 0px !important;}&#8221;][vc_column_inner width=&#8221;2\/5&#8243;][block_title style=&#8221;column_title&#8221; inner_style=&#8221;inline_border_circle&#8221; title=&#8221;Transpar\u00eancia e responsabilidade&#8221;][\/block_title][\/vc_column_inner][vc_column_inner width=&#8221;3\/5&#8243;][vc_custom_heading text=&#8221;Ter uma Pol\u00edtica de [&hellip;]\" \/>\n<meta property=\"og:url\" content=\"https:\/\/www.quipux.com\/web\/compliance-policies\/?lang=pt-br\" \/>\n<meta property=\"og:site_name\" content=\"Quipux\" \/>\n<meta property=\"article:modified_time\" content=\"2025-04-09T16:39:06+00:00\" \/>\n<meta name=\"twitter:card\" content=\"summary_large_image\" \/>\n<meta name=\"twitter:label1\" content=\"Tiempo de lectura\">\n\t<meta name=\"twitter:data1\" content=\"3 minutos\">\n<script type=\"application\/ld+json\" class=\"yoast-schema-graph\">{\"@context\":\"https:\/\/schema.org\",\"@graph\":[{\"@type\":\"Organization\",\"@id\":\"https:\/\/www.quipux.com\/web\/#organization\",\"name\":\"Quipux\",\"url\":\"https:\/\/www.quipux.com\/web\/\",\"sameAs\":[],\"logo\":{\"@type\":\"ImageObject\",\"@id\":\"https:\/\/www.quipux.com\/web\/#logo\",\"inLanguage\":\"es\",\"url\":\"https:\/\/www.quipux.com\/web\/wp-content\/uploads\/2022\/10\/Logo-quipux-1.png\",\"width\":195,\"height\":41,\"caption\":\"Quipux\"},\"image\":{\"@id\":\"https:\/\/www.quipux.com\/web\/#logo\"}},{\"@type\":\"WebSite\",\"@id\":\"https:\/\/www.quipux.com\/web\/#website\",\"url\":\"https:\/\/www.quipux.com\/web\/\",\"name\":\"Quipux\",\"description\":\"\",\"publisher\":{\"@id\":\"https:\/\/www.quipux.com\/web\/#organization\"},\"potentialAction\":[{\"@type\":\"SearchAction\",\"target\":\"https:\/\/www.quipux.com\/web\/?s={search_term_string}\",\"query-input\":\"required name=search_term_string\"}],\"inLanguage\":\"es\"},{\"@type\":\"WebPage\",\"@id\":\"https:\/\/www.quipux.com\/web\/compliance-policies\/?lang=pt-br#webpage\",\"url\":\"https:\/\/www.quipux.com\/web\/compliance-policies\/?lang=pt-br\",\"name\":\"Pol\\u00edticas de conformidade | Quipux\",\"isPartOf\":{\"@id\":\"https:\/\/www.quipux.com\/web\/#website\"},\"datePublished\":\"2022-10-13T07:43:48+00:00\",\"dateModified\":\"2025-04-09T16:39:06+00:00\",\"inLanguage\":\"es\",\"potentialAction\":[{\"@type\":\"ReadAction\",\"target\":[\"https:\/\/www.quipux.com\/web\/compliance-policies\/?lang=pt-br\"]}]}]}<\/script>\n<!-- \/ Yoast SEO Premium plugin. -->","_links":{"self":[{"href":"https:\/\/www.quipux.com\/web\/wp-json\/wp\/v2\/pages\/20472","targetHints":{"allow":["GET"]}}],"collection":[{"href":"https:\/\/www.quipux.com\/web\/wp-json\/wp\/v2\/pages"}],"about":[{"href":"https:\/\/www.quipux.com\/web\/wp-json\/wp\/v2\/types\/page"}],"author":[{"embeddable":true,"href":"https:\/\/www.quipux.com\/web\/wp-json\/wp\/v2\/users\/1"}],"replies":[{"embeddable":true,"href":"https:\/\/www.quipux.com\/web\/wp-json\/wp\/v2\/comments?post=20472"}],"version-history":[{"count":4,"href":"https:\/\/www.quipux.com\/web\/wp-json\/wp\/v2\/pages\/20472\/revisions"}],"predecessor-version":[{"id":20898,"href":"https:\/\/www.quipux.com\/web\/wp-json\/wp\/v2\/pages\/20472\/revisions\/20898"}],"wp:attachment":[{"href":"https:\/\/www.quipux.com\/web\/wp-json\/wp\/v2\/media?parent=20472"}],"curies":[{"name":"wp","href":"https:\/\/api.w.org\/{rel}","templated":true}]}}